{"id":152909,"date":"2020-09-07T14:29:14","date_gmt":"2020-09-07T12:29:14","guid":{"rendered":"https:\/\/realdutchfood.com\/niederlaendische-suessigkeiten\/"},"modified":"2023-05-16T12:18:15","modified_gmt":"2023-05-16T10:18:15","slug":"niederlaendische-suessigkeiten","status":"publish","type":"page","link":"https:\/\/realdutchfood.com\/de\/niederlaendische-suessigkeiten\/","title":{"rendered":"Niederl\u00e4ndische S\u00fc\u00dfigkeiten"},"content":{"rendered":"<h1>Niederl\u00e4ndische S\u00fc\u00dfigkeiten<img decoding=\"async\" class=\" wp-image-106452 alignright\" src=\"https:\/\/realdutchfood.com\/wp-content\/uploads\/2021\/09\/oudhollandse-snoep-592x400.webp\" alt=\"Niederl\u00e4ndische S\u00fc\u00dfigkeiten\" width=\"303\" height=\"205\" srcset=\"https:\/\/realdutchfood.com\/wp-content\/uploads\/2021\/09\/oudhollandse-snoep-592x400.webp 592w, https:\/\/realdutchfood.com\/wp-content\/uploads\/2021\/09\/oudhollandse-snoep-510x345.webp 510w, https:\/\/realdutchfood.com\/wp-content\/uploads\/2021\/09\/oudhollandse-snoep-64x43.webp 64w, https:\/\/realdutchfood.com\/wp-content\/uploads\/2021\/09\/oudhollandse-snoep-500x338.webp 500w, https:\/\/realdutchfood.com\/wp-content\/uploads\/2021\/09\/oudhollandse-snoep.webp 700w\" sizes=\"(max-width: 303px) 100vw, 303px\" \/><\/h1>\n<p>Wenn Sie im Ausland leben oder arbeiten und wirklich nicht auf niederl\u00e4ndische S\u00fc\u00dfigkeiten verzichten k\u00f6nnen, ist Real Dutch Food die L\u00f6sung. Sie k\u00f6nnen alle Ihre Lieblingss\u00fc\u00dfigkeiten online in unserem Online-Supermarkt bestellen. Das Sortiment an niederl\u00e4ndischen S\u00fc\u00dfigkeiten ist sehr umfangreich und tief, wir haben mehr als 250 Arten von S\u00fc\u00dfigkeiten. Sie k\u00f6nnen es nicht erfinden oder Sie k\u00f6nnen es bequem von zu Hause aus bestellen, \u00fcberall auf der Welt. Wie w\u00e4re es mit Jumbo-Weingummis, Verkade-Schokoriegeln, Venco-Lakritz und Katja-Apekoppen? All diese niederl\u00e4ndischen S\u00fc\u00dfigkeiten sind in ausl\u00e4ndischen Superm\u00e4rkten kaum erh\u00e4ltlich. Wenn Sie also wirklich nicht darauf verzichten k\u00f6nnen, bestellen Sie Ihre niederl\u00e4ndischen Lieblingss\u00fc\u00dfigkeiten und andere typisch niederl\u00e4ndische Produkte bei Real Dutch Food.<\/p>\n<h3>Niederl\u00e4ndische S\u00fc\u00dfigkeiten im Ausland<\/h3>\n<p>Real Dutch Food konzentriert sich haupts\u00e4chlich auf Niederl\u00e4nder, die im Ausland leben und arbeiten. In den Niederlanden werden verschiedene Produkte in Superm\u00e4rkten verkauft, die im Ausland kaum oder gar nicht erh\u00e4ltlich sind. Wie die niederl\u00e4ndischen S\u00fc\u00dfigkeiten sind alle bekannten S\u00fc\u00dfigkeiten in der Regel nicht in ausl\u00e4ndischen Superm\u00e4rkten erh\u00e4ltlich. Bestellen Sie die holl\u00e4ndischen S\u00fc\u00dfigkeiten bei Real Dutch Food, besonders f\u00fcr diejenigen, die die niederl\u00e4ndischen K\u00f6stlichkeiten wirklich nicht verpassen d\u00fcrfen. Was auch immer Sie in unserem Webshop bestellen, wir erledigen den Einkauf f\u00fcr Sie, verpacken sie f\u00fcr Sie und versenden sie an Ihren Wunschort.<\/p>\n<h3>Wie kann man holl\u00e4ndische S\u00fc\u00dfigkeiten bestellen?<\/h3>\n<p>Ganz einfach, in unserem Online-Shop k\u00f6nnen Sie Ihre gew\u00fcnschten S\u00fc\u00dfigkeitent\u00fcten ausw\u00e4hlen und in den Warenkorb legen. Bei Real Dutch Food ist es m\u00f6glich, die Produkte pro St\u00fcck zu bestellen, so dass Sie niemals verpflichtet sind, ein gro\u00dfes Paket zu kaufen. Wenn sich die gew\u00fcnschten Produkte im Warenkorb befinden, k\u00f6nnen Sie die Bestellung aufgeben. Die Zahlung \u00fcber unseren Webshop ist absolut sicher und erfolgt per iDeal und (internationaler) Bank\u00fcberweisung. Wenn die Zahlung erfolgreich ist, beginnen wir mit Ihrer Bestellung. Wir verpacken die Lebensmittel und die niederl\u00e4ndischen S\u00fc\u00dfigkeiten fest f\u00fcr Sie und senden sie an Ihre Adresse im Ausland.<\/p>\n<h3>Weltweiter Versand von niederl\u00e4ndischen S\u00fc\u00dfigkeiten<\/h3>\n<p>Real Dutch Food ist eine der wenigen Parteien, die niederl\u00e4ndische Produkte weltweit versendet. Von Japan bis Deutschland und von China bis in die Vereinigten Staaten k\u00f6nnen Sie \u00fcberall auf der Welt holl\u00e4ndische S\u00fc\u00dfigkeiten in die H\u00e4nde bekommen. Wussten Sie \u00fcbrigens, dass Lakritze am h\u00e4ufigsten in den Niederlanden gegessen wird und dass sogar Ausl\u00e4nder Lakritze aus den Niederlanden als Souvenir mitbringen? So ist es nicht verwunderlich, dass Niederl\u00e4nder im Ausland ihre Lieblingss\u00fc\u00dfigkeiten vermissen.<\/p>\n<h3>Profitieren Sie von zahlreichen Vorteilen bei Real Dutch Food<\/h3>\n<p>Neben der einfachen Handhabung k\u00f6nnen Sie bei Real Dutch Food auch von verschiedenen Vorteilen profitieren. Sie k\u00f6nnen sich die Vorteilsverpackung und die abgestuften Rabatte vorstellen. Aber wir haben auch regelm\u00e4\u00dfig Aktionen und Angebote, von denen Sie profitieren k\u00f6nnen. Wenn Sie einen sofortigen Rabatt auf niederl\u00e4ndische Lebensmittel und S\u00fc\u00dfigkeiten erhalten m\u00f6chten, melden Sie sich f\u00fcr den Newsletter an. Sie erhalten als Erster Informationen zu allen Angeboten und Aktionen. Bei jeder Bestellung erhalten Sie Treuepunkte. Mit diesen Treuepunkten k\u00f6nnen Sie auch f\u00fcr attraktive Rabatte sparen.<\/p>\n<p>Kurz gesagt, wenn Sie niederl\u00e4ndische S\u00fc\u00dfigkeiten zu Hause bekommen m\u00f6chten, sind Sie bei Real Dutch Food genau richtig. Sie k\u00f6nnen von allen Arten von Rabatten und vor allem vom weltweiten Versand profitieren.<\/p>\n","protected":false},"excerpt":{"rendered":"<p>Niederl\u00e4ndische S\u00fc\u00dfigkeiten Wenn Sie im Ausland leben oder arbeiten und wirklich nicht auf niederl\u00e4ndische S\u00fc\u00dfigkeiten verzichten k\u00f6nnen, ist Real Dutch Food die L\u00f6sung. Sie k\u00f6nnen alle Ihre Lieblingss\u00fc\u00dfigkeiten online in unserem Online-Supermarkt bestellen. Das Sortiment an niederl\u00e4ndischen S\u00fc\u00dfigkeiten ist sehr umfangreich und tief, wir haben mehr als 250 Arten von S\u00fc\u00dfigkeiten. Sie k\u00f6nnen es nicht [&#8230;]\n","protected":false},"author":1699,"featured_media":152913,"parent":0,"menu_order":0,"comment_status":"closed","ping_status":"closed","template":"","meta":{"_acf_changed":false,"footnotes":""},"class_list":["post-152909","page","type-page","status-publish","has-post-thumbnail","hentry"],"acf":[],"_links":{"self":[{"href":"https:\/\/realdutchfood.com\/de\/wp-json\/wp\/v2\/pages\/152909","targetHints":{"allow":["GET"]}}],"collection":[{"href":"https:\/\/realdutchfood.com\/de\/wp-json\/wp\/v2\/pages"}],"about":[{"href":"https:\/\/realdutchfood.com\/de\/wp-json\/wp\/v2\/types\/page"}],"author":[{"embeddable":true,"href":"https:\/\/realdutchfood.com\/de\/wp-json\/wp\/v2\/users\/1699"}],"replies":[{"embeddable":true,"href":"https:\/\/realdutchfood.com\/de\/wp-json\/wp\/v2\/comments?post=152909"}],"version-history":[{"count":0,"href":"https:\/\/realdutchfood.com\/de\/wp-json\/wp\/v2\/pages\/152909\/revisions"}],"wp:featuredmedia":[{"embeddable":true,"href":"https:\/\/realdutchfood.com\/de\/wp-json\/wp\/v2\/media\/152913"}],"wp:attachment":[{"href":"https:\/\/realdutchfood.com\/de\/wp-json\/wp\/v2\/media?parent=152909"}],"curies":[{"name":"wp","href":"https:\/\/api.w.org\/{rel}","templated":true}]}}