{"id":149538,"date":"2021-07-16T14:10:35","date_gmt":"2021-07-16T12:10:35","guid":{"rendered":"https:\/\/realdutchfood.com\/d-l-mayonnaise-mit-eiern\/"},"modified":"2026-03-18T16:39:31","modified_gmt":"2026-03-18T15:39:31","slug":"d-l-mayonnaise-mit-eiern","status":"publish","type":"product","link":"https:\/\/realdutchfood.com\/de\/d-l-mayonnaise-mit-eiern\/","title":{"rendered":"D &#038; L Mayonnaise mit Eiern"},"content":{"rendered":"<div class=\"jum-nutritional-info jum-product-info-item col-12\">\n<h3>Produktbeschreibung von: D &amp; L Mayonnaise mit Eiern<\/h3>\n<p>Die einzige belgische <a href=\"https:\/\/realdutchfood.com\/de\/mayonnaise-pommes-sauce-ketchup\/\">Mayonnaise,<\/a> die mit Eiern zubereitet wird<\/p>\n<\/div>\n<div class=\"jum-nutritional-info jum-product-info-item col-12\">\n<h3>N\u00e4hrwerte<\/h3>\n<table class=\"stripes\">\n<thead>\n<tr>\n<th><\/th>\n<th class=\"jum-nutiriton-heading\">(%*)<\/th>\n<th class=\"jum-nutiriton-heading\">pro 100 g<\/th>\n<th class=\"jum-nutiriton-heading\">pro Portion (15g)<\/th>\n<\/tr>\n<\/thead>\n<tbody>\n<tr>\n<th class=\"nutrition-title\">Energie<\/th>\n<td><\/td>\n<td>3056 kJ<\/td>\n<td>458 kJ<\/td>\n<\/tr>\n<tr class=\"jum-dark-row\">\n<th class=\"nutrition-title\"><\/th>\n<td>6%<\/td>\n<td>743 kcal<\/td>\n<td>111 kcal<\/td>\n<\/tr>\n<tr>\n<th class=\"nutrition-title\">Fette<\/th>\n<td>17%<\/td>\n<td>ca. 81,1 g<\/td>\n<td>ca. 12,2 g<\/td>\n<\/tr>\n<tr class=\"jum-dark-row\">\n<th class=\"nutrition-title\">davon ges\u00e4ttigte Fetts\u00e4uren<\/th>\n<td>5%<\/td>\n<td>6,3 g<\/td>\n<td>0,9 g<\/td>\n<\/tr>\n<tr>\n<th class=\"nutrition-title\">Kohlenhydrate<\/th>\n<td>0%<\/td>\n<td>ca. 1,6 g<\/td>\n<td>0,2 g<\/td>\n<\/tr>\n<tr class=\"jum-dark-row\">\n<th class=\"nutrition-title\">Davon Zucker<\/th>\n<td>0%<\/td>\n<td>1,4 g<\/td>\n<td>0,2 g<\/td>\n<\/tr>\n<tr>\n<th class=\"nutrition-title\">Proteine<\/th>\n<td>0%<\/td>\n<td>ca. 1,3 g<\/td>\n<td>0,2 g<\/td>\n<\/tr>\n<tr class=\"jum-dark-row\">\n<th class=\"nutrition-title\">Salz<\/th>\n<td>3%<\/td>\n<td>1,23 g<\/td>\n<td>0,18 g<\/td>\n<\/tr>\n<tr>\n<th class=\"nutrition-title\" colspan=\"4\">Reich an Omega-3-Fetts\u00e4uren (A-Linolens\u00e4ure): 7,4 g \/100 g.<\/th>\n<\/tr>\n<tr class=\"jum-dark-row\">\n<th class=\"nutrition-title\" colspan=\"4\">Enth\u00e4lt \u00b1 34 Portionen.<\/th>\n<\/tr>\n<tr>\n<th class=\"nutrition-title\" colspan=\"4\">* Referenzmenge f\u00fcr einen durchschnittlichen Erwachsenen (8400 KJ\/2000 kcal).<\/th>\n<\/tr>\n<\/tbody>\n<\/table>\n<\/div>\n<div class=\"jum-ingredients-info jum-product-info-item col-12\">\n<h3>Zutaten von: D &amp; L Mayonnaise mit Eiern<\/h3>\n<ul>\n<li>Raps\u00f6l<\/li>\n<li><span class=\"jum-highlighted-ingredient\">Eigelb<\/span> aus Freilandeiern 7,5%<\/li>\n<li>Essig<\/li>\n<li>Wasser<\/li>\n<li><span class=\"jum-highlighted-ingredient\">Senf<\/span> (Essig, Senfk\u00f6rner, Wasser, Salz, Gew\u00fcrze)<\/li>\n<li>Zucker<\/li>\n<li>Salz<\/li>\n<li>Antioxidationsmittel: E385<\/li>\n<li>Aroma<\/li>\n<\/ul>\n<\/div>\n<div class=\"jum-product-allergy-info jum-product-info-item col-12\">\n<h3 id=\"jum-allergy-title\" class=\"jum-warning\">Allergiewarnung<\/h3>\n<ul>\n<li>Enth\u00e4lt Eier<\/li>\n<li>Enth\u00e4lt Senf<\/li>\n<\/ul>\n<\/div>\n","protected":false},"excerpt":{"rendered":"<p>Genie\u00dfen Sie den cremigen Geschmack unserer Mayonnaise mit Eiern, perfekt f\u00fcr Sandwiches, Salate und Dips. Die 450 ml Flasche bietet ausreichend Sauce f\u00fcr vielf\u00e4ltige Einsatzm\u00f6glichkeiten in der K\u00fcche. Mit ihrer ausgewogenen Rezeptur verleiht sie Ihren Gerichten eine authentische, milde Note und sorgt f\u00fcr einen unverwechselbaren Genuss bei jedem Bissen.<\/p>\n","protected":false},"featured_media":174924,"template":"","meta":{"_acf_changed":false,"_aipt_faq_data":""},"product_brand":[14950],"product_cat":[14541,14472,14475],"product_tag":[],"class_list":{"0":"post-149538","1":"product","2":"type-product","3":"status-publish","4":"has-post-thumbnail","6":"product_brand-dl-de","7":"product_cat-nasse-sose","8":"product_cat-saucen-gewuerze","9":"product_cat-sosse","10":"pa_artikelnummer-3703-de","12":"first","13":"onbackorder","14":"taxable","15":"shipping-taxable","16":"purchasable","17":"product-type-simple"},"bundled_by":[],"bundle_stock_status":"onbackorder","bundle_stock_quantity":null,"bundle_virtual":false,"bundle_layout":"","bundle_add_to_cart_form_location":"","bundle_editable_in_cart":false,"bundle_sold_individually_context":"","bundle_item_grouping":"","bundle_min_size":"","bundle_max_size":"","bundle_price":[],"bundled_items":[],"bundle_sell_ids":[],"acf":{"content":"450 ml"},"_links":{"self":[{"href":"https:\/\/realdutchfood.com\/de\/wp-json\/wp\/v2\/product\/149538","targetHints":{"allow":["GET"]}}],"collection":[{"href":"https:\/\/realdutchfood.com\/de\/wp-json\/wp\/v2\/product"}],"about":[{"href":"https:\/\/realdutchfood.com\/de\/wp-json\/wp\/v2\/types\/product"}],"wp:featuredmedia":[{"embeddable":true,"href":"https:\/\/realdutchfood.com\/de\/wp-json\/wp\/v2\/media\/174924"}],"wp:attachment":[{"href":"https:\/\/realdutchfood.com\/de\/wp-json\/wp\/v2\/media?parent=149538"}],"wp:term":[{"taxonomy":"product_brand","embeddable":true,"href":"https:\/\/realdutchfood.com\/de\/wp-json\/wp\/v2\/product_brand?post=149538"},{"taxonomy":"product_cat","embeddable":true,"href":"https:\/\/realdutchfood.com\/de\/wp-json\/wp\/v2\/product_cat?post=149538"},{"taxonomy":"product_tag","embeddable":true,"href":"https:\/\/realdutchfood.com\/de\/wp-json\/wp\/v2\/product_tag?post=149538"}],"curies":[{"name":"wp","href":"https:\/\/api.w.org\/{rel}","templated":true}]}}