{"id":150003,"date":"2017-03-04T12:03:05","date_gmt":"2017-03-04T11:03:05","guid":{"rendered":"https:\/\/realdutchfood.com\/doppeltes-getraenk-mango-guanabana\/"},"modified":"2026-03-19T12:21:18","modified_gmt":"2026-03-19T11:21:18","slug":"dubbeldrank-mango-guanabana","status":"publish","type":"product","link":"https:\/\/realdutchfood.com\/de\/dubbeldrank-mango-guanabana\/","title":{"rendered":"DubbelDrank Mango-Guanabana"},"content":{"rendered":"<p>Entdecken Sie mit Dubbel Drank Mango-Guanabana ein einzigartiges Geschmackserlebnis, das die S\u00fc\u00dfe reifer Mango mit der exotischen Frische von Guanabana vereint. Dieses vegane Fruchtgetr\u00e4nk ist eine perfekte Wahl f\u00fcr alle, die auf der Suche nach einem nat\u00fcrlichen und erfrischenden Saft mit tropischem Flair sind.<\/p>\n<p>Viele Fruchts\u00e4fte enthalten Zusatzstoffe oder k\u00fcnstliche Aromen, doch Dubbel Drank setzt auf nat\u00fcrliche Zutaten und verzichtet vollst\u00e4ndig auf Konservierungsstoffe. So genie\u00dfen Sie ein reines Geschmackserlebnis, das ganz ohne k\u00fcnstliche Zus\u00e4tze auskommt.<\/p>\n<ul>\n<li><strong>Inhalt:<\/strong> 1 Liter \u2013 ideal f\u00fcr den t\u00e4glichen Genuss oder gemeinsames Teilen.<\/li>\n<li><strong>Vegan:<\/strong> Dieses Getr\u00e4nk ist frei von tierischen Inhaltsstoffen und somit perfekt f\u00fcr eine pflanzenbasierte Ern\u00e4hrung geeignet.<\/li>\n<li><strong>Zutaten:<\/strong> Wasser, Fruchtsaft aus Saftkonzentrat (Apfel, Orange, Mango 5 %, Guanabana 3,5 %, Zitrone), Zucker und nat\u00fcrliches Aroma \u2013 eine sorgf\u00e4ltig abgestimmte Mischung, die nat\u00fcrliche Fruchts\u00fc\u00dfe mit erfrischender S\u00e4ure kombiniert.<\/li>\n<li><strong>K\u00fcnstliche Zusatzstoffe:<\/strong> Keine Konservierungsstoffe, um die Reinheit und Frische des Getr\u00e4nks zu gew\u00e4hrleisten.<\/li>\n<\/ul>\n<p>Die N\u00e4hrwerte pro 100 ml zeigen, dass Dubbel Drank Mango-Guanabana mit 46 kcal ein leichtes Getr\u00e4nk ist, das Energie spendet ohne zu beschweren. Mit einem Zuckergehalt von ca. 10,7 g pro 100 ml bietet es eine angenehme S\u00fc\u00dfe, die durch die nat\u00fcrliche Fruchtigkeit unterst\u00fctzt wird. Au\u00dferdem liefert das Getr\u00e4nk 6 mg Ascorbins\u00e4ure (Vitamin C) pro 100 ml, was zu einem frischen Geschmack beitr\u00e4gt.<\/p>\n<p>Dieses Produkt ist besonders f\u00fcr niederl\u00e4ndische Expats geeignet, die sich nach authentischen und bekannten Geschmacksrichtungen aus der Heimat sehnen. Ob als Erfrischung zwischendurch, bei der Arbeit oder zum Essen \u2013 der Fruchtsaft bringt tropisches Flair direkt zu Ihnen nach Hause.<\/p>\n<p>Durch den Verzicht auf k\u00fcnstliche Zusatzstoffe und tierische Produkte ist Dubbel Drank Mango-Guanabana nicht nur schmackhaft, sondern auch eine bewusste Wahl f\u00fcr alle, die Wert auf nat\u00fcrliche und vegane Ern\u00e4hrung legen.<\/p>\n<p>Bestellen Sie bequem \u00fcber Real Dutch Food und genie\u00dfen Sie diesen tropischen Fruchtsaft schnell und unkompliziert, egal wo Sie auf der Welt leben. Die praktische 1-Liter Verpackung macht ihn zur perfekten Vorratshaltung f\u00fcr den t\u00e4glichen Genuss oder gesellige Momente.<\/p>\n","protected":false},"excerpt":{"rendered":"<p>Genie\u00dfen Sie den exotischen Geschmack von Mango und Guanabana in einem erfrischenden veganen Fruchtsaft. Die 1-Liter-Packung bietet die perfekte Menge f\u00fcr den t\u00e4glichen Genuss oder zum Teilen mit Familie und Freunden. Ideal f\u00fcr alle, die nat\u00fcrliche, pflanzliche Getr\u00e4nke bevorzugen und dabei auf eine leckere, tropische Abwechslung setzen.<\/p>\n","protected":false},"featured_media":133540,"template":"","meta":{"_acf_changed":false,"_aipt_faq_data":""},"product_brand":[15257],"product_cat":[14468,14613],"product_tag":[],"class_list":{"0":"post-150003","1":"product","2":"type-product","3":"status-publish","4":"has-post-thumbnail","6":"product_brand-dubbeldrank","7":"product_cat-getraenke","8":"product_cat-safte","9":"pa_artikelnummer-2133-de","10":"pa_dieet_allergie_biologisch-vegan-de","12":"first","13":"onbackorder","14":"taxable","15":"shipping-taxable","16":"purchasable","17":"product-type-simple"},"bundled_by":[],"bundle_stock_status":"onbackorder","bundle_stock_quantity":null,"bundle_virtual":false,"bundle_layout":"","bundle_add_to_cart_form_location":"","bundle_editable_in_cart":false,"bundle_sold_individually_context":"","bundle_item_grouping":"","bundle_min_size":"","bundle_max_size":"","bundle_price":[],"bundled_items":[],"bundle_sell_ids":[],"acf":{"content":"1 lt"},"_links":{"self":[{"href":"https:\/\/realdutchfood.com\/de\/wp-json\/wp\/v2\/product\/150003","targetHints":{"allow":["GET"]}}],"collection":[{"href":"https:\/\/realdutchfood.com\/de\/wp-json\/wp\/v2\/product"}],"about":[{"href":"https:\/\/realdutchfood.com\/de\/wp-json\/wp\/v2\/types\/product"}],"wp:featuredmedia":[{"embeddable":true,"href":"https:\/\/realdutchfood.com\/de\/wp-json\/wp\/v2\/media\/133540"}],"wp:attachment":[{"href":"https:\/\/realdutchfood.com\/de\/wp-json\/wp\/v2\/media?parent=150003"}],"wp:term":[{"taxonomy":"product_brand","embeddable":true,"href":"https:\/\/realdutchfood.com\/de\/wp-json\/wp\/v2\/product_brand?post=150003"},{"taxonomy":"product_cat","embeddable":true,"href":"https:\/\/realdutchfood.com\/de\/wp-json\/wp\/v2\/product_cat?post=150003"},{"taxonomy":"product_tag","embeddable":true,"href":"https:\/\/realdutchfood.com\/de\/wp-json\/wp\/v2\/product_tag?post=150003"}],"curies":[{"name":"wp","href":"https:\/\/api.w.org\/{rel}","templated":true}]}}