{"id":150034,"date":"2017-01-04T17:50:10","date_gmt":"2017-01-04T16:50:10","guid":{"rendered":"https:\/\/realdutchfood.com\/fishermans-friend-ohne-zuckerzusatz\/"},"modified":"2023-06-26T17:35:53","modified_gmt":"2023-06-26T15:35:53","slug":"fishermans-friend-ohne-zuckerzusatz","status":"publish","type":"product","link":"https:\/\/realdutchfood.com\/de\/fishermans-friend-ohne-zuckerzusatz\/","title":{"rendered":"Fisherman&#8217;s Friend ohne Zuckerzusatz"},"content":{"rendered":"<div class=\"large-6 columns\">\n<div class=\"jum-nutritional-info jum-product-info-item\">\n<h3>Produktbeschreibung von: Fisherman&#8217;s Friend ohne Zuckerzusatz<\/h3>\n<p><span class=\"VIiyi\" lang=\"nl\"><br \/>\n<span class=\"JLqJ4b ChMk0b\" data-language-for-alternatives=\"nl\" data-language-to-translate-into=\"en\" data-phrase-index=\"0\" data-number-of-phrases=\"1\"><br \/>\n<span class=\"Q4iAWc\">Lutschtabletten<\/span><br \/>\n<\/span><br \/>\n<\/span> mit extra starkem Mentholgeschmack, ges\u00fc\u00dft mit S\u00fc\u00dfungsmitteln<\/p>\n<p>Enth\u00e4lt nat\u00fcrlich vorkommende Zucker.<\/p>\n<\/div>\n<p>Bitte falten Sie die Verpackung fest, um eine Verf\u00e4rbung des Produkts durch Feuchtigkeit zu vermeiden.<br \/>\nAufgrund von Temperaturschwankungen kann es zu einer Kristallisation von Menthol kommen, die die Qualit\u00e4t nicht beeintr\u00e4chtigt. Man sieht nur Kristallwolken.<br \/>\nMindestens haltbar bis: siehe Verpackung.<\/p>\n<div class=\"jum-nutritional-info jum-product-info-item\">\n<h3>N\u00e4hrwerte<\/h3>\n<table class=\"stripes\">\n<thead>\n<tr>\n<th><\/th>\n<th class=\"jum-nutiriton-heading\"><\/th>\n<th class=\"jum-nutiriton-heading\">pro 100 g:<\/th>\n<\/tr>\n<\/thead>\n<tbody>\n<tr>\n<th class=\"nutrition-title\">Energie:<\/th>\n<td>1041 kJ\/249 kcal<\/td>\n<\/tr>\n<tr class=\"jum-dark-row\">\n<th class=\"nutrition-title\">Fett:<\/th>\n<td><\/td>\n<td>0,59 g<\/td>\n<\/tr>\n<tr>\n<th class=\"nutrition-title\">(davon ges\u00e4ttigte Fetts\u00e4uren:<\/th>\n<td><\/td>\n<td>0,58 g)<\/td>\n<\/tr>\n<tr class=\"jum-dark-row\">\n<th class=\"nutrition-title\">Kohlenhydrate:<\/th>\n<td><\/td>\n<td>97,03 g<\/td>\n<\/tr>\n<tr>\n<th class=\"nutrition-title\">(Davon Zucker:<\/th>\n<td><\/td>\n<td>1,91 g<\/td>\n<\/tr>\n<tr class=\"jum-dark-row\">\n<th class=\"nutrition-title\">Davon Polyole:<\/th>\n<td><\/td>\n<td>90,95 g)<\/td>\n<\/tr>\n<tr>\n<th class=\"nutrition-title\">Ballaststoff:<\/th>\n<td><\/td>\n<td>0,21 g<\/td>\n<\/tr>\n<tr class=\"jum-dark-row\">\n<th class=\"nutrition-title\">Protein:<\/th>\n<td><\/td>\n<td>0,28 g<\/td>\n<\/tr>\n<tr>\n<th class=\"nutrition-title\">Salz:<\/th>\n<td><\/td>\n<td>0,001 g<\/td>\n<\/tr>\n<\/tbody>\n<\/table>\n<\/div>\n<div class=\"jum-ingredients-info jum-product-info-item\">\n<h3>Inhaltsstoffe von: Fisherman&#8217;s Friend Ohne Zuckerzusatz<\/h3>\n<ul>\n<li>S\u00fc\u00dfungsmittel: Sorbit<\/li>\n<li>Aromen: S\u00fc\u00dfholzextrakt, Menthol-Eukalyptus\u00f6l, Paprika-Extrakt<\/li>\n<li>Trennmittel: Magnesiumstearat<\/li>\n<li>Enth\u00e4lt Sorbit (91 g\/100 g).<\/li>\n<\/ul>\n<\/div>\n<div class=\"jum-product-additive-info jum-product-info-item\">\n<h3>K\u00fcnstliche Zusatzstoffe<\/h3>\n<p>Mit S\u00fc\u00dfungsmitteln.<\/p>\n<\/div>\n<\/div>\n","protected":false},"excerpt":{"rendered":"<p>Produktbeschreibung von: Fisherman&#8217;s Friend ohne Zuckerzusatz Lutschtabletten mit extra starkem Mentholgeschmack, ges\u00fc\u00dft mit S\u00fc\u00dfungsmitteln Enth\u00e4lt nat\u00fcrlich vorkommende Zucker. Bitte falten Sie die Verpackung fest, um eine Verf\u00e4rbung des Produkts durch Feuchtigkeit zu vermeiden. Aufgrund von Temperaturschwankungen kann es zu einer Kristallisation von Menthol kommen, die die Qualit\u00e4t nicht beeintr\u00e4chtigt. Man sieht nur Kristallwolken. Mindestens haltbar [&#8230;]\n","protected":false},"featured_media":150041,"template":"","meta":{"_acf_changed":false,"_aipt_faq_data":""},"product_brand":[15279],"product_cat":[14741,14527,14525],"product_tag":[],"class_list":{"0":"post-150034","1":"product","2":"type-product","3":"status-publish","4":"has-post-thumbnail","6":"product_brand-fishermans-friend-de","7":"product_cat-pfefferminze-und-halspastillen","8":"product_cat-susigkeiten","9":"product_cat-susigkeiten-kekse-chips-und-brezeln","10":"pa_artikelnummer-853-de","11":"pa_dieet_allergie_biologisch-zuckerbewusst","13":"first","14":"onbackorder","15":"taxable","16":"shipping-taxable","17":"purchasable","18":"product-type-simple"},"bundled_by":[],"bundle_stock_status":"onbackorder","bundle_stock_quantity":null,"bundle_virtual":false,"bundle_layout":"","bundle_add_to_cart_form_location":"","bundle_editable_in_cart":false,"bundle_sold_individually_context":"","bundle_item_grouping":"","bundle_min_size":"","bundle_max_size":"","bundle_price":[],"bundled_items":[],"bundle_sell_ids":[],"acf":{"content":"3 pack"},"_links":{"self":[{"href":"https:\/\/realdutchfood.com\/de\/wp-json\/wp\/v2\/product\/150034","targetHints":{"allow":["GET"]}}],"collection":[{"href":"https:\/\/realdutchfood.com\/de\/wp-json\/wp\/v2\/product"}],"about":[{"href":"https:\/\/realdutchfood.com\/de\/wp-json\/wp\/v2\/types\/product"}],"wp:featuredmedia":[{"embeddable":true,"href":"https:\/\/realdutchfood.com\/de\/wp-json\/wp\/v2\/media\/150041"}],"wp:attachment":[{"href":"https:\/\/realdutchfood.com\/de\/wp-json\/wp\/v2\/media?parent=150034"}],"wp:term":[{"taxonomy":"product_brand","embeddable":true,"href":"https:\/\/realdutchfood.com\/de\/wp-json\/wp\/v2\/product_brand?post=150034"},{"taxonomy":"product_cat","embeddable":true,"href":"https:\/\/realdutchfood.com\/de\/wp-json\/wp\/v2\/product_cat?post=150034"},{"taxonomy":"product_tag","embeddable":true,"href":"https:\/\/realdutchfood.com\/de\/wp-json\/wp\/v2\/product_tag?post=150034"}],"curies":[{"name":"wp","href":"https:\/\/api.w.org\/{rel}","templated":true}]}}