{"id":150048,"date":"2017-01-21T08:28:13","date_gmt":"2017-01-21T07:28:13","guid":{"rendered":"https:\/\/realdutchfood.com\/king-peppermint-extra-strong\/"},"modified":"2023-10-10T17:35:34","modified_gmt":"2023-10-10T15:35:34","slug":"king-pfefferminz-extra-stark","status":"publish","type":"product","link":"https:\/\/realdutchfood.com\/de\/king-pfefferminz-extra-stark\/","title":{"rendered":"King Pfefferminz extra stark"},"content":{"rendered":"<div class=\"row food-labelling\">\n<div class=\"large-6 columns\">\n<h2>Umfangreiche Produktinformationen<\/h2>\n<div class=\"jum-nutritional-info jum-product-info-item\">\n<h3>Produktbeschreibung von: King Pfefferminz extra stark<\/h3>\n<p>KING Pfefferminze mit einem extra frischen <a href=\"https:\/\/realdutchfood.com\/de\/pfefferminze-und-halspastillen\/\">Pfefferminzgeschmack<\/a> .<\/p>\n<p>K\u00f6nigspfefferminze mit einem extra frischen Pfefferminzgeschmack.<\/p>\n<ul>\n<li>Hergestellt aus dem urspr\u00fcnglichen, nat\u00fcrlichen King-Pfefferminz\u00f6l<\/li>\n<li>Ohne Farbstoffe<\/li>\n<li>Seit 1922<\/li>\n<li>Verpackt pro 4 Rollen, leicht zu transportieren<\/li>\n<\/ul>\n<\/div>\n<div class=\"jum-nutritional-info jum-product-info-item\">\n<h3>N\u00e4hrwerte<\/h3>\n<table class=\"stripes\">\n<thead>\n<tr>\n<th><\/th>\n<th class=\"jum-nutiriton-heading\">pro 100 g<\/th>\n<\/tr>\n<\/thead>\n<tbody>\n<tr>\n<th class=\"nutrition-title\">Energie<\/th>\n<td>1676 kJ\/394 kcal<\/td>\n<\/tr>\n<tr class=\"jum-dark-row\">\n<th class=\"nutrition-title\">Fett<\/th>\n<td>0 g<\/td>\n<\/tr>\n<tr>\n<th class=\"nutrition-title\">davon ges\u00e4ttigte Fetts\u00e4uren<\/th>\n<td>0 g<\/td>\n<\/tr>\n<tr class=\"jum-dark-row\">\n<th class=\"nutrition-title\">Kohlenhydrate<\/th>\n<td>98 g<\/td>\n<\/tr>\n<tr>\n<th class=\"nutrition-title\">Davon Zucker<\/th>\n<td>96 g<\/td>\n<\/tr>\n<tr class=\"jum-dark-row\">\n<th class=\"nutrition-title\">Proteine<\/th>\n<td>0 g<\/td>\n<\/tr>\n<tr>\n<th class=\"nutrition-title\">Salz<\/th>\n<td>0 g<\/td>\n<\/tr>\n<\/tbody>\n<\/table>\n<\/div>\n<div class=\"jum-ingredients-info jum-product-info-item\">\n<h3>Inhaltsstoffe von: King Peppermint Extra Strong<\/h3>\n<ul>\n<li>Zucker<\/li>\n<li>Geliermittel (Gummi arabicum)<\/li>\n<li>Gelatine<\/li>\n<li>Pfefferminz\u00f6l<\/li>\n<li>Menthol<\/li>\n<\/ul>\n<div id=\"jum-collapsible-4\" class=\"content\" data-v-4fb8929b=\"\">\n<p><strong>Marke<\/strong><\/p>\n<p>K\u00f6rperliche und geistige Erfrischung auf wohltuende Art und Weise!<\/p>\n<p><strong>Website<\/strong><\/p>\n<p><strong>W<\/strong>ww.kingpepermunt.nl<\/p>\n<p><strong>Adresse<\/strong><\/p>\n<p>K\u00d6NIG \/ CLOETTA HOLLAND B.V.<br \/>\nPostfach 72<br \/>\nNL-4900 AB Oosterhout<br \/>\nNL<\/p>\n<\/div>\n<\/div>\n<\/div>\n<\/div>\n","protected":false},"excerpt":{"rendered":"<p>Umfangreiche Produktinformationen Produktbeschreibung von: King Pfefferminz extra stark KING Pfefferminze mit einem extra frischen Pfefferminzgeschmack . K\u00f6nigspfefferminze mit einem extra frischen Pfefferminzgeschmack. Hergestellt aus dem urspr\u00fcnglichen, nat\u00fcrlichen King-Pfefferminz\u00f6l Ohne Farbstoffe Seit 1922 Verpackt pro 4 Rollen, leicht zu transportieren N\u00e4hrwerte pro 100 g Energie 1676 kJ\/394 kcal Fett 0 g davon ges\u00e4ttigte Fetts\u00e4uren 0 g [&#8230;]\n","protected":false},"featured_media":122433,"template":"","meta":{"_acf_changed":false,"_aipt_faq_data":""},"product_brand":[15292],"product_cat":[14741,14527,14525],"product_tag":[],"class_list":{"0":"post-150048","1":"product","2":"type-product","3":"status-publish","4":"has-post-thumbnail","6":"product_brand-king-de","7":"product_cat-pfefferminze-und-halspastillen","8":"product_cat-susigkeiten","9":"product_cat-susigkeiten-kekse-chips-und-brezeln","10":"pa_artikelnummer-892-de","12":"first","13":"onbackorder","14":"taxable","15":"shipping-taxable","16":"purchasable","17":"product-type-simple"},"bundled_by":[],"bundle_stock_status":"onbackorder","bundle_stock_quantity":null,"bundle_virtual":false,"bundle_layout":"","bundle_add_to_cart_form_location":"","bundle_editable_in_cart":false,"bundle_sold_individually_context":"","bundle_item_grouping":"","bundle_min_size":"","bundle_max_size":"","bundle_price":[],"bundled_items":[],"bundle_sell_ids":[],"acf":{"content":"4 rollen"},"_links":{"self":[{"href":"https:\/\/realdutchfood.com\/de\/wp-json\/wp\/v2\/product\/150048","targetHints":{"allow":["GET"]}}],"collection":[{"href":"https:\/\/realdutchfood.com\/de\/wp-json\/wp\/v2\/product"}],"about":[{"href":"https:\/\/realdutchfood.com\/de\/wp-json\/wp\/v2\/types\/product"}],"wp:featuredmedia":[{"embeddable":true,"href":"https:\/\/realdutchfood.com\/de\/wp-json\/wp\/v2\/media\/122433"}],"wp:attachment":[{"href":"https:\/\/realdutchfood.com\/de\/wp-json\/wp\/v2\/media?parent=150048"}],"wp:term":[{"taxonomy":"product_brand","embeddable":true,"href":"https:\/\/realdutchfood.com\/de\/wp-json\/wp\/v2\/product_brand?post=150048"},{"taxonomy":"product_cat","embeddable":true,"href":"https:\/\/realdutchfood.com\/de\/wp-json\/wp\/v2\/product_cat?post=150048"},{"taxonomy":"product_tag","embeddable":true,"href":"https:\/\/realdutchfood.com\/de\/wp-json\/wp\/v2\/product_tag?post=150048"}],"curies":[{"name":"wp","href":"https:\/\/api.w.org\/{rel}","templated":true}]}}