{"id":150049,"date":"2017-01-03T10:42:42","date_gmt":"2017-01-03T09:42:42","guid":{"rendered":"https:\/\/realdutchfood.com\/john-west-makrelenfilets-in-wasser\/"},"modified":"2023-07-21T13:33:49","modified_gmt":"2023-07-21T11:33:49","slug":"john-west-makrelenfilets-in-wasser","status":"publish","type":"product","link":"https:\/\/realdutchfood.com\/de\/john-west-makrelenfilets-in-wasser\/","title":{"rendered":"John West Makrelenfilets in Wasser"},"content":{"rendered":"<h2>Umfangreiche Produktinformationen<\/h2>\n<div class=\"jum-nutritional-info jum-product-info-item\">\n<h3>Produktbeschreibung von: John West Makrelenfilets in Wasser<\/h3>\n<p>Leckere Makrele mit ihren nat\u00fcrlichen Vitaminen und unges\u00e4ttigten Fetten. K\u00f6stlicher <a href=\"https:\/\/realdutchfood.com\/de\/dosenfisch\/\">Fisch<\/a> f\u00fcr Brot, aber auch perfekt f\u00fcr einen k\u00f6stlichen Salat.<\/p>\n<\/div>\n<div class=\"jum-nutritional-info jum-product-info-item\">\n<h3>N\u00e4hrwerte<\/h3>\n<table class=\"stripes\">\n<thead>\n<tr>\n<th><\/th>\n<th class=\"jum-nutiriton-heading\">Pro 100g<\/th>\n<\/tr>\n<\/thead>\n<tbody>\n<tr>\n<th class=\"nutrition-title\">Energie<\/th>\n<td>948 kJ\/226 kcal<\/td>\n<\/tr>\n<tr class=\"jum-dark-row\">\n<th class=\"nutrition-title\">Fett<\/th>\n<td>16,0 g<\/td>\n<\/tr>\n<tr>\n<th class=\"nutrition-title\">(davon ges\u00e4ttigt)<\/th>\n<td>(3,6 g)<\/td>\n<\/tr>\n<tr class=\"jum-dark-row\">\n<th class=\"nutrition-title\">(davon mehrfach unges\u00e4ttigt)<\/th>\n<td>(4.0g)<\/td>\n<\/tr>\n<tr>\n<th class=\"nutrition-title\">Kohlenhydrate<\/th>\n<td>0,0 g<\/td>\n<\/tr>\n<tr class=\"jum-dark-row\">\n<th class=\"nutrition-title\">(davon Zucker)<\/th>\n<td>(0.0g)<\/td>\n<\/tr>\n<tr>\n<th class=\"nutrition-title\">Protein<\/th>\n<td>ca. 20,4 g<\/td>\n<\/tr>\n<tr class=\"jum-dark-row\">\n<th class=\"nutrition-title\">Salz<\/th>\n<td>1,0 g<\/td>\n<\/tr>\n<\/tbody>\n<\/table>\n<\/div>\n<div class=\"jum-ingredients-info jum-product-info-item\">\n<h3>Zutaten von:John West Makrelenfilets in Wasser<\/h3>\n<ul>\n<li><span class=\"jum-highlighted-ingredient\">Makrelenfilets<\/span>(99%)<\/li>\n<li>Salz<\/li>\n<li>Diese Dose enth\u00e4lt 3,1 g Omega 3.<\/li>\n<\/ul>\n<\/div>\n<div class=\"jum-product-allergy-info jum-product-info-item\">\n<h3 id=\"jum-allergy-title\" class=\"jum-warning\">Allergiewarnung<\/h3>\n<ul>\n<li>Enth\u00e4lt Fisch<\/li>\n<\/ul>\n<\/div>\n<div class=\"jum-product-extra-info jum-product-info-item\">\n<ul>\n<li>Herkunftsland: Portugal<\/li>\n<\/ul>\n<h3>Marke<\/h3>\n<p>John West ist seit 1857 Fisch von seiner besten Seite. Unsere Makrelenfilets sind reich an Geschmack, nur mit den Vitaminen und unges\u00e4ttigten Fetten, die Makrelen von Natur aus haben. Sie k\u00f6nnen die Easy Peel-Verpackung leicht \u00f6ffnen, sodass Sie die Makrelenfilets schnell in Ihrem Lieblingsgericht verarbeiten k\u00f6nnen. Das nennen wir Fisch vom Feinsten.<\/p>\n<\/div>\n","protected":false},"excerpt":{"rendered":"<p>Umfangreiche Produktinformationen Produktbeschreibung von: John West Makrelenfilets in Wasser Leckere Makrele mit ihren nat\u00fcrlichen Vitaminen und unges\u00e4ttigten Fetten. K\u00f6stlicher Fisch f\u00fcr Brot, aber auch perfekt f\u00fcr einen k\u00f6stlichen Salat. N\u00e4hrwerte Pro 100g Energie 948 kJ\/226 kcal Fett 16,0 g (davon ges\u00e4ttigt) (3,6 g) (davon mehrfach unges\u00e4ttigt) (4.0g) Kohlenhydrate 0,0 g (davon Zucker) (0.0g) Protein ca. [&#8230;]\n","protected":false},"featured_media":192312,"template":"","meta":{"_acf_changed":false,"_aipt_faq_data":""},"product_brand":[15276],"product_cat":[15281,14529],"product_tag":[],"class_list":{"0":"post-150049","1":"product","2":"type-product","3":"status-publish","4":"has-post-thumbnail","6":"product_brand-john-west-de","7":"product_cat-dosenfisch","8":"product_cat-fleisch-fisch-huhn","9":"pa_artikelnummer-2015-de","11":"first","12":"onbackorder","13":"taxable","14":"shipping-taxable","15":"purchasable","16":"product-type-simple"},"bundled_by":[],"bundle_stock_status":"onbackorder","bundle_stock_quantity":null,"bundle_virtual":false,"bundle_layout":"","bundle_add_to_cart_form_location":"","bundle_editable_in_cart":false,"bundle_sold_individually_context":"","bundle_item_grouping":"","bundle_min_size":"","bundle_max_size":"","bundle_price":[],"bundled_items":[],"bundle_sell_ids":[],"acf":{"content":"115 gr"},"_links":{"self":[{"href":"https:\/\/realdutchfood.com\/de\/wp-json\/wp\/v2\/product\/150049","targetHints":{"allow":["GET"]}}],"collection":[{"href":"https:\/\/realdutchfood.com\/de\/wp-json\/wp\/v2\/product"}],"about":[{"href":"https:\/\/realdutchfood.com\/de\/wp-json\/wp\/v2\/types\/product"}],"wp:featuredmedia":[{"embeddable":true,"href":"https:\/\/realdutchfood.com\/de\/wp-json\/wp\/v2\/media\/192312"}],"wp:attachment":[{"href":"https:\/\/realdutchfood.com\/de\/wp-json\/wp\/v2\/media?parent=150049"}],"wp:term":[{"taxonomy":"product_brand","embeddable":true,"href":"https:\/\/realdutchfood.com\/de\/wp-json\/wp\/v2\/product_brand?post=150049"},{"taxonomy":"product_cat","embeddable":true,"href":"https:\/\/realdutchfood.com\/de\/wp-json\/wp\/v2\/product_cat?post=150049"},{"taxonomy":"product_tag","embeddable":true,"href":"https:\/\/realdutchfood.com\/de\/wp-json\/wp\/v2\/product_tag?post=150049"}],"curies":[{"name":"wp","href":"https:\/\/api.w.org\/{rel}","templated":true}]}}