{"id":150051,"date":"2017-01-21T13:16:30","date_gmt":"2017-01-21T12:16:30","guid":{"rendered":"https:\/\/realdutchfood.com\/red-band-dropfruit-duos\/"},"modified":"2023-12-14T17:11:46","modified_gmt":"2023-12-14T16:11:46","slug":"red-band-dropfruit-duos","status":"publish","type":"product","link":"https:\/\/realdutchfood.com\/de\/red-band-dropfruit-duos\/","title":{"rendered":"Red Band Dropfruit Duos"},"content":{"rendered":"<h2 class=\"col-12\">Umfangreiche Produktinformationen<\/h2>\n<div class=\"jum-nutritional-info jum-product-info-item col-12\">\n<h3>Produktbeschreibung von: Red Band Dropfruit Duos<\/h3>\n<p>Doppelter Genuss mit diesen Dropfruit Duos! Es ist die einzige echte Originalkombination aus Lakritz und Fruchtweingummi in einer S\u00fc\u00dfigkeit. Ein angenehmer Genuss!<\/p>\n<\/div>\n<div class=\"jum-nutritional-info jum-product-info-item col-12\">\n<h3>N\u00e4hrwerte<\/h3>\n<table class=\"stripes\">\n<thead>\n<tr>\n<th><\/th>\n<th class=\"jum-nutiriton-heading\">\/ 100 g<\/th>\n<\/tr>\n<\/thead>\n<tbody>\n<tr>\n<th class=\"nutrition-title\">Energie<\/th>\n<td>1383 kJ \/ 328 kcal<\/td>\n<\/tr>\n<tr class=\"jum-dark-row\">\n<th class=\"nutrition-title\">Fette<\/th>\n<td>0,2 g<\/td>\n<\/tr>\n<tr>\n<th class=\"nutrition-title\">davon ges\u00e4ttigte Fetts\u00e4uren<\/th>\n<td>0,2 g<\/td>\n<\/tr>\n<tr class=\"jum-dark-row\">\n<th class=\"nutrition-title\">Kohlenhydrate<\/th>\n<td>79 g<\/td>\n<\/tr>\n<tr>\n<th class=\"nutrition-title\">davon Zucker<\/th>\n<td>ca. 54 g<\/td>\n<\/tr>\n<tr class=\"jum-dark-row\">\n<th class=\"nutrition-title\">Proteine<\/th>\n<td>5,0 g<\/td>\n<\/tr>\n<tr>\n<th class=\"nutrition-title\">Salz<\/th>\n<td>0,04 g<\/td>\n<\/tr>\n<\/tbody>\n<\/table>\n<\/div>\n<div class=\"jum-ingredients-info jum-product-info-item col-12\">\n<h3>Inhaltsstoffe von: Red Band Dropfruit Duos<\/h3>\n<ul>\n<li>Glukosesirup<\/li>\n<li>Zucker<\/li>\n<li>St\u00e4rke<\/li>\n<li>Gelatine<\/li>\n<li>S\u00fc\u00dfholzwurzel-Extrakt<\/li>\n<li>Salmiak Salz<\/li>\n<li>Lebensmittels\u00e4ure (Milchs\u00e4ure)<\/li>\n<li>Karamellisierter Zucker<\/li>\n<li>pflanzliche \u00d6le (Kokosnuss, Raps)<\/li>\n<li>Aromen<\/li>\n<li>Konzentrat aus (schwarze Johannisbeere, Wurzel)<\/li>\n<li>\u00dcberzugsmittel (Bienenwachs)<\/li>\n<li>Farbstoffe (Paprikaextrakt, Curcumin)<\/li>\n<\/ul>\n<\/div>\n","protected":false},"excerpt":{"rendered":"<p>Umfangreiche Produktinformationen Produktbeschreibung von: Red Band Dropfruit Duos Doppelter Genuss mit diesen Dropfruit Duos! Es ist die einzige echte Originalkombination aus Lakritz und Fruchtweingummi in einer S\u00fc\u00dfigkeit. Ein angenehmer Genuss! N\u00e4hrwerte \/ 100 g Energie 1383 kJ \/ 328 kcal Fette 0,2 g davon ges\u00e4ttigte Fetts\u00e4uren 0,2 g Kohlenhydrate 79 g davon Zucker ca. 54 [&#8230;]\n","protected":false},"featured_media":178629,"template":"","meta":{"_acf_changed":false,"_aipt_faq_data":""},"product_brand":[15150],"product_cat":[14643,14527,14525],"product_tag":[],"class_list":{"0":"post-150051","1":"product","2":"type-product","3":"status-publish","4":"has-post-thumbnail","6":"product_brand-red-band-de","7":"product_cat-lakritze","8":"product_cat-susigkeiten","9":"product_cat-susigkeiten-kekse-chips-und-brezeln","10":"pa_artikelnummer-3364-de","12":"first","13":"onbackorder","14":"taxable","15":"shipping-taxable","16":"purchasable","17":"product-type-simple"},"bundled_by":[],"bundle_stock_status":"onbackorder","bundle_stock_quantity":null,"bundle_virtual":false,"bundle_layout":"","bundle_add_to_cart_form_location":"","bundle_editable_in_cart":false,"bundle_sold_individually_context":"","bundle_item_grouping":"","bundle_min_size":"","bundle_max_size":"","bundle_price":[],"bundled_items":[],"bundle_sell_ids":[],"acf":{"content":"245 gr"},"_links":{"self":[{"href":"https:\/\/realdutchfood.com\/de\/wp-json\/wp\/v2\/product\/150051","targetHints":{"allow":["GET"]}}],"collection":[{"href":"https:\/\/realdutchfood.com\/de\/wp-json\/wp\/v2\/product"}],"about":[{"href":"https:\/\/realdutchfood.com\/de\/wp-json\/wp\/v2\/types\/product"}],"wp:featuredmedia":[{"embeddable":true,"href":"https:\/\/realdutchfood.com\/de\/wp-json\/wp\/v2\/media\/178629"}],"wp:attachment":[{"href":"https:\/\/realdutchfood.com\/de\/wp-json\/wp\/v2\/media?parent=150051"}],"wp:term":[{"taxonomy":"product_brand","embeddable":true,"href":"https:\/\/realdutchfood.com\/de\/wp-json\/wp\/v2\/product_brand?post=150051"},{"taxonomy":"product_cat","embeddable":true,"href":"https:\/\/realdutchfood.com\/de\/wp-json\/wp\/v2\/product_cat?post=150051"},{"taxonomy":"product_tag","embeddable":true,"href":"https:\/\/realdutchfood.com\/de\/wp-json\/wp\/v2\/product_tag?post=150051"}],"curies":[{"name":"wp","href":"https:\/\/api.w.org\/{rel}","templated":true}]}}