{"id":150070,"date":"2017-01-03T08:46:29","date_gmt":"2017-01-03T07:46:29","guid":{"rendered":"https:\/\/realdutchfood.com\/john-west-thunfischstuecke-in-sonnenblumenoel\/"},"modified":"2023-07-21T14:02:50","modified_gmt":"2023-07-21T12:02:50","slug":"john-west-thunfischstuecke-in-sonnenblumenoel","status":"publish","type":"product","link":"https:\/\/realdutchfood.com\/de\/john-west-thunfischstuecke-in-sonnenblumenoel\/","title":{"rendered":"John West Thunfischst\u00fccke in Sonnenblumen\u00f6l"},"content":{"rendered":"<h2>Umfangreiche Produktinformationen<\/h2>\n<div class=\"jum-nutritional-info jum-product-info-item\">\n<h3>Produktbeschreibung von: John West Thunfischst\u00fccke in Sonnenblumen\u00f6l<\/h3>\n<p>John West ist seit 1857 <a href=\"https:\/\/realdutchfood.com\/de\/dosenfisch\/\">Fisch<\/a> von seiner besten Seite. Das schmeckt man in unseren Thunfischst\u00fccken in Sonnenblumen\u00f6l. Herzhaftes Thunfischfleisch in weichem Sonnenblumen\u00f6l, k\u00f6stlich in Gerichten wie Pizza, Pasta und Ofengerichten.<\/p>\n<\/div>\n<div class=\"jum-nutritional-info jum-product-info-item\">\n<h3>N\u00e4hrwerte von: John West Thunfischst\u00fccke in Sonnenblumen\u00f6l<\/h3>\n<table class=\"stripes\">\n<thead>\n<tr>\n<th><\/th>\n<th class=\"jum-nutiriton-heading\">Pro 100g<\/th>\n<th class=\"jum-nutiriton-heading\">Pro Dose (84g)<\/th>\n<\/tr>\n<\/thead>\n<tbody>\n<tr>\n<th class=\"nutrition-title\">Energie<\/th>\n<td>754 kJ<\/td>\n<td>633 kJ<\/td>\n<\/tr>\n<tr class=\"jum-dark-row\">\n<th class=\"nutrition-title\"><\/th>\n<td>180 kcal<\/td>\n<td>151 kcal<\/td>\n<\/tr>\n<tr>\n<th class=\"nutrition-title\">Fett<\/th>\n<td>8,0 g<\/td>\n<td>6,7 g<\/td>\n<\/tr>\n<tr class=\"jum-dark-row\">\n<th class=\"nutrition-title\">(davon ges\u00e4ttigt)<\/th>\n<td>1,0 g<\/td>\n<td>0,8 g<\/td>\n<\/tr>\n<tr>\n<th class=\"nutrition-title\">Kohlenhydrate<\/th>\n<td>&lt;0,1 g<\/td>\n<td>&lt;0,1 g<\/td>\n<\/tr>\n<tr class=\"jum-dark-row\">\n<th class=\"nutrition-title\">(davon Zucker)<\/th>\n<td>(&lt;0.1g)<\/td>\n<td>(&lt;0.1g)<\/td>\n<\/tr>\n<tr>\n<th class=\"nutrition-title\">Protein<\/th>\n<td>27,0 g<\/td>\n<td>22,7 g<\/td>\n<\/tr>\n<tr class=\"jum-dark-row\">\n<th class=\"nutrition-title\">Salz<\/th>\n<td>1,0 g<\/td>\n<td>0,8 g<\/td>\n<\/tr>\n<\/tbody>\n<\/table>\n<\/div>\n<div class=\"jum-ingredients-info jum-product-info-item\">\n<h3>Zutaten von: John West Thunfischst\u00fccke in Sonnenblumen\u00f6l<\/h3>\n<ul>\n<li><span class=\"jum-highlighted-ingredient\">Thunfisch<\/span><\/li>\n<li>Sonnenblumen\u00f6l<\/li>\n<li>Salz<\/li>\n<\/ul>\n<\/div>\n<div class=\"jum-product-allergy-info jum-product-info-item\">\n<h3 id=\"jum-allergy-title\" class=\"jum-warning\">Allergiewarnung<\/h3>\n<ul>\n<li>Enth\u00e4lt Fisch<\/li>\n<\/ul>\n<\/div>\n<div class=\"jum-product-extra-info jum-product-info-item\">\n<ul>\n<li>Herkunftsland: Ghana<\/li>\n<\/ul>\n<\/div>\n","protected":false},"excerpt":{"rendered":"<p>Umfangreiche Produktinformationen Produktbeschreibung von: John West Thunfischst\u00fccke in Sonnenblumen\u00f6l John West ist seit 1857 Fisch von seiner besten Seite. Das schmeckt man in unseren Thunfischst\u00fccken in Sonnenblumen\u00f6l. Herzhaftes Thunfischfleisch in weichem Sonnenblumen\u00f6l, k\u00f6stlich in Gerichten wie Pizza, Pasta und Ofengerichten. N\u00e4hrwerte von: John West Thunfischst\u00fccke in Sonnenblumen\u00f6l Pro 100g Pro Dose (84g) Energie 754 kJ [&#8230;]\n","protected":false},"featured_media":192592,"template":"","meta":{"_acf_changed":false,"_aipt_faq_data":""},"product_brand":[15276],"product_cat":[15281,14529],"product_tag":[],"class_list":{"0":"post-150070","1":"product","2":"type-product","3":"status-publish","4":"has-post-thumbnail","6":"product_brand-john-west-de","7":"product_cat-dosenfisch","8":"product_cat-fleisch-fisch-huhn","9":"pa_artikelnummer-2015-de","11":"first","12":"onbackorder","13":"taxable","14":"shipping-taxable","15":"purchasable","16":"product-type-simple"},"bundled_by":[],"bundle_stock_status":"onbackorder","bundle_stock_quantity":null,"bundle_virtual":false,"bundle_layout":"","bundle_add_to_cart_form_location":"","bundle_editable_in_cart":false,"bundle_sold_individually_context":"","bundle_item_grouping":"","bundle_min_size":"","bundle_max_size":"","bundle_price":[],"bundled_items":[],"bundle_sell_ids":[],"acf":{"content":"145 gr"},"_links":{"self":[{"href":"https:\/\/realdutchfood.com\/de\/wp-json\/wp\/v2\/product\/150070","targetHints":{"allow":["GET"]}}],"collection":[{"href":"https:\/\/realdutchfood.com\/de\/wp-json\/wp\/v2\/product"}],"about":[{"href":"https:\/\/realdutchfood.com\/de\/wp-json\/wp\/v2\/types\/product"}],"wp:featuredmedia":[{"embeddable":true,"href":"https:\/\/realdutchfood.com\/de\/wp-json\/wp\/v2\/media\/192592"}],"wp:attachment":[{"href":"https:\/\/realdutchfood.com\/de\/wp-json\/wp\/v2\/media?parent=150070"}],"wp:term":[{"taxonomy":"product_brand","embeddable":true,"href":"https:\/\/realdutchfood.com\/de\/wp-json\/wp\/v2\/product_brand?post=150070"},{"taxonomy":"product_cat","embeddable":true,"href":"https:\/\/realdutchfood.com\/de\/wp-json\/wp\/v2\/product_cat?post=150070"},{"taxonomy":"product_tag","embeddable":true,"href":"https:\/\/realdutchfood.com\/de\/wp-json\/wp\/v2\/product_tag?post=150070"}],"curies":[{"name":"wp","href":"https:\/\/api.w.org\/{rel}","templated":true}]}}