{"id":150086,"date":"2017-01-06T17:54:06","date_gmt":"2017-01-06T16:54:06","guid":{"rendered":"https:\/\/realdutchfood.com\/haribo-chamallows-diamanten-speck\/"},"modified":"2023-07-03T19:01:08","modified_gmt":"2023-07-03T17:01:08","slug":"haribo-chamallows-speck","status":"publish","type":"product","link":"https:\/\/realdutchfood.com\/de\/haribo-chamallows-speck\/","title":{"rendered":"Haribo Chamallows Speck"},"content":{"rendered":"<h2>Umfangreiche Produktinformationen zu: Haribo Chamallows Speck<\/h2>\n<div class=\"jum-nutritional-info jum-product-info-item\">\n<h3>Produktbeschreibung von: Haribo Chamallows Speck<\/h3>\n<p>Fruchtgummi mit Lakritz<\/p>\n<\/div>\n<div class=\"jum-nutritional-info jum-product-info-item\">\n<h3>N\u00e4hrwerte von: Haribo Chamallows Speck<\/h3>\n<table class=\"stripes\">\n<thead>\n<tr>\n<th><\/th>\n<th class=\"jum-nutiriton-heading\">pro 100 g<\/th>\n<th class=\"jum-nutiriton-heading\">RI* pro Portion (25 g)<\/th>\n<\/tr>\n<\/thead>\n<tbody>\n<tr>\n<th class=\"nutrition-title\">Energie:<\/th>\n<td>1 439 kJ\/339 kcal<\/td>\n<td>4 %<\/td>\n<\/tr>\n<tr class=\"jum-dark-row\">\n<th class=\"nutrition-title\">Fette:<\/th>\n<td>&lt;0,5 g<\/td>\n<td>&lt;1 %<\/td>\n<\/tr>\n<tr>\n<th class=\"nutrition-title\">davon ges\u00e4ttigte Fetts\u00e4uren:<\/th>\n<td>0,1 g<\/td>\n<td>&lt;1 %<\/td>\n<\/tr>\n<tr class=\"jum-dark-row\">\n<th class=\"nutrition-title\">Kohlenhydrate:<\/th>\n<td>79 g<\/td>\n<td>8 %<\/td>\n<\/tr>\n<tr>\n<th class=\"nutrition-title\">davon Zucker:<\/th>\n<td>49 g<\/td>\n<td>14 %<\/td>\n<\/tr>\n<tr class=\"jum-dark-row\">\n<th class=\"nutrition-title\">Proteine:<\/th>\n<td>4,1 g<\/td>\n<td>2 %<\/td>\n<\/tr>\n<tr>\n<th class=\"nutrition-title\">Salz:<\/th>\n<td>0,65 g<\/td>\n<td>3 %<\/td>\n<\/tr>\n<tr class=\"jum-dark-row\">\n<th class=\"nutrition-title\" colspan=\"3\">RI*= Referenzmenge pro Tag. Referenzmenge f\u00fcr einen durchschnittlichen Erwachsenen (8 400 kJ\/2 000 kcal).<\/th>\n<\/tr>\n<tr>\n<th class=\"nutrition-title\" colspan=\"3\">Die Packung enth\u00e4lt \u2248 9 Portionen.<\/th>\n<\/tr>\n<\/tbody>\n<\/table>\n<\/div>\n<div class=\"jum-ingredients-info jum-product-info-item\">\n<h3>Zutaten von: Haribo Chamallows Speck<\/h3>\n<ul>\n<li>Glukosesirup<\/li>\n<li>Zucker<\/li>\n<li>St\u00e4rke<\/li>\n<li>Gelatine<\/li>\n<li>S\u00fc\u00dfholzextrakt (3 % Lakritzgehalt)<\/li>\n<li>Aroma<\/li>\n<li>S\u00e4uerungsmittel: Zitronens\u00e4ure<\/li>\n<li>Kochsalz<\/li>\n<li>Farbe: Pflanzenkohle<\/li>\n<li>brauner Zuckersirup<\/li>\n<li>Frucht- und Pflanzenkonzentrate: F\u00e4rberdistel, Spirulina, Orange, Holunder, schwarze Johannisbeere, Zitrone, Aronia, Traube<\/li>\n<li>\u00dcberzugsmittel: Bienenwachs wei\u00df und gelb, Carnaubawachs<\/li>\n<li>Holunder-Extrakt<\/li>\n<li>Karamell-Sirup<\/li>\n<\/ul>\n<\/div>\n<div class=\"title-wrapper\" data-v-f2925cea=\"\">\n<h3 class=\"title\">\u00dcber den Hersteller<\/h3>\n<\/div>\n<div id=\"jum-collapsible-4\" class=\"content\" data-v-f2925cea=\"\">\n<p><strong>Marke <\/strong><a href=\"https:\/\/realdutchfood.com\/de\/brand\/haribo-de\/\">Haribo<\/a> macht Kinder gl\u00fccklich, auch \u00e4ltere Menschen geh\u00f6ren dazu!<\/p>\n<p>Webseitewww.haribo.com<\/p>\n<\/div>\n","protected":false},"excerpt":{"rendered":"<p>Umfangreiche Produktinformationen zu: Haribo Chamallows Speck Produktbeschreibung von: Haribo Chamallows Speck Fruchtgummi mit Lakritz N\u00e4hrwerte von: Haribo Chamallows Speck pro 100 g RI* pro Portion (25 g) Energie: 1 439 kJ\/339 kcal 4 % Fette: &lt;0,5 g &lt;1 % davon ges\u00e4ttigte Fetts\u00e4uren: 0,1 g &lt;1 % Kohlenhydrate: 79 g 8 % davon Zucker: 49 g [&#8230;]\n","protected":false},"featured_media":121366,"template":"","meta":{"_acf_changed":false,"_aipt_faq_data":""},"product_brand":[14572],"product_cat":[14527,14525,14574],"product_tag":[],"class_list":{"0":"post-150086","1":"product","2":"type-product","3":"status-publish","4":"has-post-thumbnail","6":"product_brand-haribo-de","7":"product_cat-susigkeiten","8":"product_cat-susigkeiten-kekse-chips-und-brezeln","9":"product_cat-verschiedene-susigkeiten","10":"pa_artikelnummer-873-de","12":"first","13":"onbackorder","14":"taxable","15":"shipping-taxable","16":"purchasable","17":"product-type-simple"},"bundled_by":[],"bundle_stock_status":"onbackorder","bundle_stock_quantity":null,"bundle_virtual":false,"bundle_layout":"","bundle_add_to_cart_form_location":"","bundle_editable_in_cart":false,"bundle_sold_individually_context":"","bundle_item_grouping":"","bundle_min_size":"","bundle_max_size":"","bundle_price":[],"bundled_items":[],"bundle_sell_ids":[],"acf":{"content":"260 gr"},"_links":{"self":[{"href":"https:\/\/realdutchfood.com\/de\/wp-json\/wp\/v2\/product\/150086","targetHints":{"allow":["GET"]}}],"collection":[{"href":"https:\/\/realdutchfood.com\/de\/wp-json\/wp\/v2\/product"}],"about":[{"href":"https:\/\/realdutchfood.com\/de\/wp-json\/wp\/v2\/types\/product"}],"wp:featuredmedia":[{"embeddable":true,"href":"https:\/\/realdutchfood.com\/de\/wp-json\/wp\/v2\/media\/121366"}],"wp:attachment":[{"href":"https:\/\/realdutchfood.com\/de\/wp-json\/wp\/v2\/media?parent=150086"}],"wp:term":[{"taxonomy":"product_brand","embeddable":true,"href":"https:\/\/realdutchfood.com\/de\/wp-json\/wp\/v2\/product_brand?post=150086"},{"taxonomy":"product_cat","embeddable":true,"href":"https:\/\/realdutchfood.com\/de\/wp-json\/wp\/v2\/product_cat?post=150086"},{"taxonomy":"product_tag","embeddable":true,"href":"https:\/\/realdutchfood.com\/de\/wp-json\/wp\/v2\/product_tag?post=150086"}],"curies":[{"name":"wp","href":"https:\/\/api.w.org\/{rel}","templated":true}]}}