{"id":150091,"date":"2016-12-28T19:12:50","date_gmt":"2016-12-28T18:12:50","guid":{"rendered":"https:\/\/realdutchfood.com\/brinta-haferflocken\/"},"modified":"2023-05-18T22:24:31","modified_gmt":"2023-05-18T20:24:31","slug":"brinta-haferflocken","status":"publish","type":"product","link":"https:\/\/realdutchfood.com\/de\/brinta-haferflocken\/","title":{"rendered":"Brinta Haferflocken"},"content":{"rendered":"<div class=\"jum-nutritional-info jum-product-info-item\">\n<h3>Produktbeschreibung von: Brinta Haferflocken<\/h3>\n<p>1944 begann die Produktion und Verarbeitung von holl\u00e4ndischem Weizen zu Brinta. Brinta steht f\u00fcr BReakfast INstant Weizen. Zu dieser Zeit wurde Brinta noch in Groningen in der Fabrik von Willem Albert Scholten hergestellt, es wurde von dem Groninger Frederik An dr\u00e9 M\u00f6ller entwickelt. Diese<a href=\"http:\/\/www.brinta.nl\" target=\"_blank\" rel=\"noopener\"> Brinta<\/a> Haferflocken-Variante sorgt f\u00fcr einen kraftvollen Start in den Tag, eignet sich aber auch hervorragend als Snack. Die Brinta <a href=\"https:\/\/realdutchfood.com\/de\/fruehstuecksflocken\/\">Fr\u00fchst\u00fcckscerealien<\/a> gibt es in verschiedenen Ausf\u00fchrungen.<\/p>\n<\/div>\n<div class=\"jum-nutritional-info jum-product-info-item\">\n<h3>N\u00e4hrwerte<\/h3>\n<table class=\"stripes\">\n<thead>\n<tr>\n<th><\/th>\n<th class=\"jum-nutiriton-heading\">pro 100 g<\/th>\n<th class=\"jum-nutiriton-heading\">pro Portion (40 g mit 250 ml teilentrahmter Milch)<\/th>\n<\/tr>\n<\/thead>\n<tbody>\n<tr>\n<th class=\"nutrition-title\">Energie<\/th>\n<td>1483 kJ<\/td>\n<td>1073 kJ<\/td>\n<\/tr>\n<tr class=\"jum-dark-row\">\n<th class=\"nutrition-title\"><\/th>\n<td>354 kcal<\/td>\n<td>257 kcal<\/td>\n<\/tr>\n<tr>\n<th class=\"nutrition-title\">Fett<\/th>\n<td>6,7 g<\/td>\n<td>ca. 6,4 g<\/td>\n<\/tr>\n<tr class=\"jum-dark-row\">\n<th class=\"nutrition-title\">Davon ges\u00e4ttigte Fetts\u00e4uren<\/th>\n<td>ca. 1,2 g<\/td>\n<td>ca. 3,0 g<\/td>\n<\/tr>\n<tr>\n<th class=\"nutrition-title\">Kohlenhydrate<\/th>\n<td>ca. 60 g<\/td>\n<td>35 g<\/td>\n<\/tr>\n<tr class=\"jum-dark-row\">\n<th class=\"nutrition-title\">Davon Zucker<\/th>\n<td>0,8 g<\/td>\n<td>12 g<\/td>\n<\/tr>\n<tr>\n<th class=\"nutrition-title\">Faser<\/th>\n<td>9,7 g<\/td>\n<td>3,9 g<\/td>\n<\/tr>\n<tr class=\"jum-dark-row\">\n<th class=\"nutrition-title\">Protein<\/th>\n<td>13 g<\/td>\n<td>14 g<\/td>\n<\/tr>\n<tr>\n<th class=\"nutrition-title\">Salz<\/th>\n<td>0,01 g<\/td>\n<td>0,25 g<\/td>\n<\/tr>\n<tr class=\"jum-dark-row\">\n<th class=\"nutrition-title\">Vitamine:<\/th>\n<td>% DRI**<\/td>\n<td>% DRI**<\/td>\n<\/tr>\n<tr>\n<th class=\"nutrition-title\">B1<\/th>\n<td>0,56 mg 51%<\/td>\n<td>0,3 mg 27%<\/td>\n<\/tr>\n<tr class=\"jum-dark-row\">\n<th class=\"nutrition-title\" colspan=\"3\">Mineralstoffe:<\/th>\n<\/tr>\n<tr>\n<th class=\"nutrition-title\">Eisen<\/th>\n<td>4,4 mg 32%<\/td>\n<td>1,8 mg 13%<\/td>\n<\/tr>\n<tr class=\"jum-dark-row\">\n<th class=\"nutrition-title\">Magnesium<\/th>\n<td>121 mg 32%<\/td>\n<td>78 mg 21%<\/td>\n<\/tr>\n<tr>\n<th class=\"nutrition-title\">Zink<\/th>\n<td>3,6 mg 36%<\/td>\n<td>2,5 mg 25%<\/td>\n<\/tr>\n<tr class=\"jum-dark-row\">\n<th class=\"nutrition-title\">Phosphor<\/th>\n<td>325 mg 46%<\/td>\n<td>385 mg 55%<\/td>\n<\/tr>\n<tr>\n<th class=\"nutrition-title\" colspan=\"3\">** % der t\u00e4glichen Referenzmenge.<\/th>\n<\/tr>\n<tr class=\"jum-dark-row\">\n<th class=\"nutrition-title\" colspan=\"3\">Diese Packung enth\u00e4lt 11 Portionen.<\/th>\n<\/tr>\n<tr>\n<th class=\"nutrition-title\" colspan=\"3\">100 g Brinta-Haferflocken enthalten 3,8 g Beta-Glucane.<\/th>\n<\/tr>\n<\/tbody>\n<\/table>\n<\/div>\n<div class=\"jum-gda-info jum-product-info-item\"><\/div>\n<div class=\"jum-ingredients-info jum-product-info-item\">\n<h3>Zutaten<\/h3>\n<ul>\n<li>100% <span class=\"jum-highlighted-ingredient\">Haferflocken<\/span><\/li>\n<\/ul>\n<\/div>\n<div class=\"jum-ingredients-info jum-product-info-item\">\n<ul>\n<li>Kann Spuren von <span class=\"jum-highlighted-ingredient\">Weizen<\/span> und Roggen enthalten.<\/li>\n<\/ul>\n<\/div>\n<div class=\"jum-product-allergy-info jum-product-info-item\">\n<h3 id=\"jum-allergy-title\" class=\"jum-warning\">Allergiewarnung<\/h3>\n<ul>\n<li>Kann Roggen enthalten<\/li>\n<li>Kann Weizen enthalten<\/li>\n<li>Enth\u00e4lt Hafer<\/li>\n<\/ul>\n<\/div>\n<div class=\"jum-product-additive-info jum-product-info-item\">\n<h3>K\u00fcnstliche Zusatzstoffe<\/h3>\n<p>Ohne k\u00fcnstliche Aromen<\/p>\n<p>Brinta Haferflocken enthalten keine zugesetzten Duftstoffe.<\/p>\n<\/div>\n","protected":false},"excerpt":{"rendered":"<p>Produktbeschreibung von: Brinta Haferflocken 1944 begann die Produktion und Verarbeitung von holl\u00e4ndischem Weizen zu Brinta. Brinta steht f\u00fcr BReakfast INstant Weizen. Zu dieser Zeit wurde Brinta noch in Groningen in der Fabrik von Willem Albert Scholten hergestellt, es wurde von dem Groninger Frederik An dr\u00e9 M\u00f6ller entwickelt. Diese Brinta Haferflocken-Variante sorgt f\u00fcr einen kraftvollen Start [&#8230;]\n","protected":false},"featured_media":113872,"template":"","meta":{"_acf_changed":false,"_aipt_faq_data":""},"product_brand":[15302],"product_cat":[14479,14513],"product_tag":[],"class_list":{"0":"post-150091","1":"product","2":"type-product","3":"status-publish","4":"has-post-thumbnail","6":"product_brand-brinta-de","7":"product_cat-fruehstueck","8":"product_cat-fruehstuecksflocken","9":"pa_artikelnummer-1305-de","11":"first","12":"onbackorder","13":"taxable","14":"shipping-taxable","15":"purchasable","16":"product-type-simple"},"bundled_by":[],"bundle_stock_status":"onbackorder","bundle_stock_quantity":null,"bundle_virtual":false,"bundle_layout":"","bundle_add_to_cart_form_location":"","bundle_editable_in_cart":false,"bundle_sold_individually_context":"","bundle_item_grouping":"","bundle_min_size":"","bundle_max_size":"","bundle_price":[],"bundled_items":[],"bundle_sell_ids":[],"acf":{"content":"450 gr"},"_links":{"self":[{"href":"https:\/\/realdutchfood.com\/de\/wp-json\/wp\/v2\/product\/150091","targetHints":{"allow":["GET"]}}],"collection":[{"href":"https:\/\/realdutchfood.com\/de\/wp-json\/wp\/v2\/product"}],"about":[{"href":"https:\/\/realdutchfood.com\/de\/wp-json\/wp\/v2\/types\/product"}],"wp:featuredmedia":[{"embeddable":true,"href":"https:\/\/realdutchfood.com\/de\/wp-json\/wp\/v2\/media\/113872"}],"wp:attachment":[{"href":"https:\/\/realdutchfood.com\/de\/wp-json\/wp\/v2\/media?parent=150091"}],"wp:term":[{"taxonomy":"product_brand","embeddable":true,"href":"https:\/\/realdutchfood.com\/de\/wp-json\/wp\/v2\/product_brand?post=150091"},{"taxonomy":"product_cat","embeddable":true,"href":"https:\/\/realdutchfood.com\/de\/wp-json\/wp\/v2\/product_cat?post=150091"},{"taxonomy":"product_tag","embeddable":true,"href":"https:\/\/realdutchfood.com\/de\/wp-json\/wp\/v2\/product_tag?post=150091"}],"curies":[{"name":"wp","href":"https:\/\/api.w.org\/{rel}","templated":true}]}}