{"id":150098,"date":"2016-12-27T07:40:04","date_gmt":"2016-12-27T06:40:04","guid":{"rendered":"https:\/\/realdutchfood.com\/quaker-cruesli-4-nuesse\/"},"modified":"2023-12-14T16:51:15","modified_gmt":"2023-12-14T15:51:15","slug":"quaker-cruesli-4-nuesse","status":"publish","type":"product","link":"https:\/\/realdutchfood.com\/de\/quaker-cruesli-4-nuesse\/","title":{"rendered":"Quaker Cruesli 4 N\u00fcsse"},"content":{"rendered":"<div class=\"jum-nutritional-info jum-product-info-item\">\n<h3>Produktbeschreibung zu: Quaker Cruesli 4 N\u00fcsse<\/h3>\n<p><a href=\"https:\/\/quaker.nl\/producten\/cruesli\" target=\"_blank\" rel=\"noopener\">Quaker\u00a0<\/a> Cruesli 4 N\u00fcsse ist eine leckere <a href=\"https:\/\/realdutchfood.com\/de\/fruehstuecksflocken\/\">knusprige M\u00fcslimischung<\/a> mit goldbraun ger\u00f6steten Vollkornhaferflocken und leckeren Haseln\u00fcssen, Mandelscheiben, Pekann\u00fcssen und Paran\u00fcssen.<\/p>\n<\/div>\n<div class=\"jum-nutritional-info jum-product-info-item\">\n<h3>N\u00e4hrwerte<\/h3>\n<table class=\"stripes\">\n<thead>\n<tr>\n<th><\/th>\n<th class=\"jum-nutiriton-heading\">pro 100 g<\/th>\n<th class=\"jum-nutiriton-heading\">pro 45 g + 100 ml fettarmer Joghurt<\/th>\n<th class=\"jum-nutiriton-heading\">pro 45 g\u00b9 (%*)<\/th>\n<\/tr>\n<\/thead>\n<tbody>\n<tr>\n<th class=\"nutrition-title\">Energie<\/th>\n<td>1917 kJ<\/td>\n<td>1012 kJ<\/td>\n<td>863 kJ<\/td>\n<\/tr>\n<tr class=\"jum-dark-row\">\n<th class=\"nutrition-title\"><\/th>\n<td>463 kcal<\/td>\n<td>243 kcal<\/td>\n<td>208 kcal (10%)<\/td>\n<\/tr>\n<tr>\n<th class=\"nutrition-title\">Fette<\/th>\n<td>ca. 20 g<\/td>\n<td>ca. 8,9 g<\/td>\n<td>8,8 g (13%)<\/td>\n<\/tr>\n<tr class=\"jum-dark-row\">\n<th class=\"nutrition-title\" colspan=\"4\">Wessen<\/th>\n<\/tr>\n<tr>\n<th class=\"nutrition-title\">&#8211; Ges\u00e4ttigte Fetts\u00e4uren<\/th>\n<td>ca. 2,3 g<\/td>\n<td>1,0 g<\/td>\n<td>1,0 g (5%)<\/td>\n<\/tr>\n<tr class=\"jum-dark-row\">\n<th class=\"nutrition-title\">&#8211; einfach unges\u00e4ttigte Fetts\u00e4uren<\/th>\n<td>14 g<\/td>\n<td>ca. 6,2 g<\/td>\n<td>ca. 6,2 g<\/td>\n<\/tr>\n<tr>\n<th class=\"nutrition-title\">&#8211; Mehrfach unges\u00e4ttigte Fetts\u00e4uren<\/th>\n<td>3,9 g<\/td>\n<td>ca. 1,8 g<\/td>\n<td>ca. 1,8 g<\/td>\n<\/tr>\n<tr class=\"jum-dark-row\">\n<th class=\"nutrition-title\">Kohlenhydrate<\/th>\n<td>ca. 57 g<\/td>\n<td>29 g<\/td>\n<td>26 g<\/td>\n<\/tr>\n<tr>\n<th class=\"nutrition-title\" colspan=\"4\">Wessen<\/th>\n<\/tr>\n<tr class=\"jum-dark-row\">\n<th class=\"nutrition-title\">-Zuckerarten<\/th>\n<td>12 g<\/td>\n<td>9 g<\/td>\n<td>5,4 g (6%)<\/td>\n<\/tr>\n<tr>\n<th class=\"nutrition-title\">Faser<\/th>\n<td>10 Gramm<\/td>\n<td>4,7 g<\/td>\n<td>4,7 g<\/td>\n<\/tr>\n<tr class=\"jum-dark-row\">\n<th class=\"nutrition-title\">Proteine<\/th>\n<td>ca. 8,4 g<\/td>\n<td>7,9 g<\/td>\n<td>ca. 3,8 g<\/td>\n<\/tr>\n<tr>\n<th class=\"nutrition-title\">Salz<\/th>\n<td>&lt;0,01 g<\/td>\n<td>0,15 g<\/td>\n<td>&lt;0,01 g (0%)<\/td>\n<\/tr>\n<tr class=\"jum-dark-row\">\n<th class=\"nutrition-title\" colspan=\"4\">Vitamine\/Mineralstoffe<\/th>\n<\/tr>\n<tr>\n<th class=\"nutrition-title\">Thiamin<\/th>\n<td>0,19 mg (17%)<\/td>\n<td>0,12 mg (11%)<\/td>\n<td>0,09 mg (8%)<\/td>\n<\/tr>\n<tr class=\"jum-dark-row\">\n<th class=\"nutrition-title\">Phosphor<\/th>\n<td>215 mg (31%)<\/td>\n<td>191 mg (27%)<\/td>\n<td>96,8 mg (14%)<\/td>\n<\/tr>\n<tr>\n<th class=\"nutrition-title\">Eisen<\/th>\n<td>2,0 mg (14%)<\/td>\n<td>1,0 mg (7%)<\/td>\n<td>0,90 mg (6%)<\/td>\n<\/tr>\n<tr class=\"jum-dark-row\">\n<th class=\"nutrition-title\" colspan=\"4\">(*) Referenzmenge eines durchschnittlichen Erwachsenen (8400 KJ \/ 2000 kcal). Die individuellen Bed\u00fcrfnisse k\u00f6nnen je nach k\u00f6rperlicher Anstrengung und anderen Faktoren variieren.<\/th>\n<\/tr>\n<tr>\n<th class=\"nutrition-title\" colspan=\"4\">(\u00b9) Durchschnittliche Portion.<\/th>\n<\/tr>\n<tr class=\"jum-dark-row\">\n<th class=\"nutrition-title\" colspan=\"4\">20 Portionen.<\/th>\n<\/tr>\n<\/tbody>\n<\/table>\n<\/div>\n<div class=\"jum-ingredients-info jum-product-info-item\">\n<h3>Zutaten von: Quaker Cruesli 4 N\u00fcsse<\/h3>\n<ul>\n<li><span class=\"jum-highlighted-ingredient\">Vollkorn-Haferflocken<\/span> (32%)<\/li>\n<li><span class=\"jum-highlighted-ingredient\">Vollkorn<\/span> (18%)<\/li>\n<li>glukosesirup<\/li>\n<li>Sonnenblumen\u00f6l (10%)<\/li>\n<li>Zuckerarten<\/li>\n<li>Oligofructose (Zichorienwurzelextrakt)<\/li>\n<li><span class=\"jum-highlighted-ingredient\">Paran\u00fcsse<\/span> (3,3%)<\/li>\n<li><span class=\"jum-highlighted-ingredient\">Haseln\u00fcsse<\/span> (3,3%)<\/li>\n<li><span class=\"jum-highlighted-ingredient\">ger\u00f6stete Mandeln<\/span> (2,8%)<\/li>\n<li><span class=\"jum-highlighted-ingredient\">Pekann\u00fcsse<\/span> (2,0%)<\/li>\n<li>Reismehl (1,3%)<\/li>\n<li><span class=\"jum-highlighted-ingredient\">Weizenmehl<\/span> (1,4%)<\/li>\n<li>Honig (0,5%)<\/li>\n<li>Farbstoff (Karamell)<\/li>\n<li>Aromen<\/li>\n<li>Antioxidans (Tocopherol)<\/li>\n<\/ul>\n<\/div>\n<div class=\"jum-ingredients-info jum-product-info-item\">\n<ul>\n<li>Dieses Produkt wird auf einer Produktionslinie hergestellt, auf der verschiedene Arten von <span class=\"jum-highlighted-ingredient\">N\u00fcssen<\/span> verarbeitet werden.<\/li>\n<\/ul>\n<\/div>\n<div class=\"jum-product-allergy-info jum-product-info-item\">\n<h3 id=\"jum-allergy-title\" class=\"jum-warning\">Allergiewarnung<\/h3>\n<ul>\n<li>Enth\u00e4lt Weizen<\/li>\n<li>Enth\u00e4lt Hafer<\/li>\n<li>Enth\u00e4lt Mandeln<\/li>\n<li>Enth\u00e4lt Paran\u00fcsse<\/li>\n<li>Enth\u00e4lt Haseln\u00fcsse<\/li>\n<li>Enth\u00e4lt Pekann\u00fcsse<\/li>\n<\/ul>\n<\/div>\n<div class=\"jum-product-additive-info jum-product-info-item\">\n<h3>K\u00fcnstliche Zusatzstoffe<\/h3>\n<p>Ohne k\u00fcnstliche S\u00fc\u00dfstoffe<\/p>\n<\/div>\n<div id=\"maincontent\" class=\"jum-page-content clearfix\">\n<div>\n<div id=\"\" class=\"jum-item jum-item-product jum-horizontal jum-qty-picker-active\" data-jum-product-sku=\"527014PAK\" data-jum-product-impression=\"{\" data-jum-product-click=\"{\">\n<dl>\n<dd class=\"jum-item-add\">\n<div class=\"jum-qty-picker jum-qty-add clearfix jum-picker-standard\" style=\"width: 90px;\" data-jum-role=\"quantityPicker\">\n<form action=\"http:\/\/www.jumbo.com\/INTERSHOP\/web\/WFS\/Jumbo-Grocery-Site\/nl_NL\/-\/EUR\/ViewCart-Dispatch\" method=\"post\" name=\"productForm_527014PAK_1\"><\/form>\n<\/div>\n<\/dd>\n<dd class=\"jum-item-promotion\"><\/dd>\n<\/dl>\n<\/div>\n<\/div>\n<\/div>\n","protected":false},"excerpt":{"rendered":"<p>Produktbeschreibung zu: Quaker Cruesli 4 N\u00fcsse Quaker\u00a0 Cruesli 4 N\u00fcsse ist eine leckere knusprige M\u00fcslimischung mit goldbraun ger\u00f6steten Vollkornhaferflocken und leckeren Haseln\u00fcssen, Mandelscheiben, Pekann\u00fcssen und Paran\u00fcssen. N\u00e4hrwerte pro 100 g pro 45 g + 100 ml fettarmer Joghurt pro 45 g\u00b9 (%*) Energie 1917 kJ 1012 kJ 863 kJ 463 kcal 243 kcal 208 kcal [&#8230;]\n","protected":false},"featured_media":129658,"template":"","meta":{"_acf_changed":false,"_aipt_faq_data":""},"product_brand":[14512],"product_cat":[14479,14513],"product_tag":[],"class_list":{"0":"post-150098","1":"product","2":"type-product","3":"status-publish","4":"has-post-thumbnail","6":"product_brand-quaeker","7":"product_cat-fruehstueck","8":"product_cat-fruehstuecksflocken","9":"pa_artikelnummer-1304-de","10":"pa_dieet_allergie_biologisch-vegan-de","12":"first","13":"onbackorder","14":"taxable","15":"shipping-taxable","16":"purchasable","17":"product-type-simple"},"bundled_by":[],"bundle_stock_status":"onbackorder","bundle_stock_quantity":1,"bundle_virtual":false,"bundle_layout":"","bundle_add_to_cart_form_location":"","bundle_editable_in_cart":false,"bundle_sold_individually_context":"","bundle_item_grouping":"","bundle_min_size":"","bundle_max_size":"","bundle_price":[],"bundled_items":[],"bundle_sell_ids":[],"acf":{"content":"850 gr"},"_links":{"self":[{"href":"https:\/\/realdutchfood.com\/de\/wp-json\/wp\/v2\/product\/150098","targetHints":{"allow":["GET"]}}],"collection":[{"href":"https:\/\/realdutchfood.com\/de\/wp-json\/wp\/v2\/product"}],"about":[{"href":"https:\/\/realdutchfood.com\/de\/wp-json\/wp\/v2\/types\/product"}],"wp:featuredmedia":[{"embeddable":true,"href":"https:\/\/realdutchfood.com\/de\/wp-json\/wp\/v2\/media\/129658"}],"wp:attachment":[{"href":"https:\/\/realdutchfood.com\/de\/wp-json\/wp\/v2\/media?parent=150098"}],"wp:term":[{"taxonomy":"product_brand","embeddable":true,"href":"https:\/\/realdutchfood.com\/de\/wp-json\/wp\/v2\/product_brand?post=150098"},{"taxonomy":"product_cat","embeddable":true,"href":"https:\/\/realdutchfood.com\/de\/wp-json\/wp\/v2\/product_cat?post=150098"},{"taxonomy":"product_tag","embeddable":true,"href":"https:\/\/realdutchfood.com\/de\/wp-json\/wp\/v2\/product_tag?post=150098"}],"curies":[{"name":"wp","href":"https:\/\/api.w.org\/{rel}","templated":true}]}}