{"id":150101,"date":"2017-01-02T11:55:29","date_gmt":"2017-01-02T10:55:29","guid":{"rendered":"https:\/\/realdutchfood.com\/john-west-sardinenfilets-ohne-knochen-in-nativem-olivenoel-extra\/"},"modified":"2024-02-25T21:30:02","modified_gmt":"2024-02-25T20:30:02","slug":"john-west-sardinenfilets-ohne-knochen-in-extra-vergine-olivenoel","status":"publish","type":"product","link":"https:\/\/realdutchfood.com\/de\/john-west-sardinenfilets-ohne-knochen-in-extra-vergine-olivenoel\/","title":{"rendered":"John West Sardinen in nativem Oliven\u00f6l extra"},"content":{"rendered":"<div class=\"product-information\" data-v-d6fd914a=\"\" data-v-d6d78002=\"\" data-v-49b0c6f8=\"\">\n<div class=\"jum-collapsible open\" data-v-4fb8929b=\"\" data-v-d6fd914a=\"\">\n<div class=\"title-wrapper\" data-v-4fb8929b=\"\">\n<h2>Produktbeschreibung von: John West Sardinen in nativem Oliven\u00f6l extra<\/h2>\n<h3 class=\"title\">Zutaten f\u00fcr: John West Sardinen in nativem Oliven\u00f6l extra<\/h3>\n<\/div>\n<div id=\"jum-collapsible-0\" class=\"content\" data-v-4fb8929b=\"\">\n<ul class=\"mb\">\n<li><strong>Sardinenfilets<\/strong><\/li>\n<li>Natives Oliven\u00f6l extra<\/li>\n<li>Salz<\/li>\n<li>Dieses Produkt enth\u00e4lt 2,0g Omega 3 pro 100g<\/li>\n<\/ul>\n<\/div>\n<\/div>\n<div class=\"jum-collapsible nutritions open\" data-v-4fb8929b=\"\" data-v-7f154835=\"\" data-v-d6fd914a=\"\">\n<div class=\"title-wrapper\" data-v-4fb8929b=\"\">\n<h3 class=\"title\">N\u00e4hrwerte<\/h3>\n<\/div>\n<div id=\"jum-collapsible-1\" class=\"content\" data-v-4fb8929b=\"\">\n<table class=\"jum-table striped\" data-v-e2cf3b44=\"\" data-v-7f154835=\"\" aria-label=\"Table containing info\">\n<tbody>\n<tr class=\"header-row\" data-v-e2cf3b44=\"\">\n<th class=\"header-column\" data-v-e2cf3b44=\"\">N\u00e4hrwerte<\/th>\n<th class=\"header-column\" data-v-e2cf3b44=\"\">Pro 100 g abgetropftes Produkt<\/th>\n<\/tr>\n<tr class=\"row\" data-v-7f154835=\"\" data-v-e2cf3b44=\"\">\n<td class=\"column\" data-v-7f154835=\"\" data-v-e2cf3b44=\"\">Energie<\/td>\n<td class=\"column\" data-v-7f154835=\"\" data-v-e2cf3b44=\"\">940 kJ\/225 kcal<\/td>\n<\/tr>\n<tr class=\"row\" data-v-7f154835=\"\" data-v-e2cf3b44=\"\">\n<td class=\"column\" data-v-7f154835=\"\" data-v-e2cf3b44=\"\">Fette<\/td>\n<td class=\"column\" data-v-7f154835=\"\" data-v-e2cf3b44=\"\">15,4 g<\/td>\n<\/tr>\n<tr class=\"row\" data-v-7f154835=\"\" data-v-e2cf3b44=\"\">\n<td class=\"column\" data-v-7f154835=\"\" data-v-e2cf3b44=\"\">Davon ges\u00e4ttigte Fetts\u00e4uren<\/td>\n<td class=\"column\" data-v-7f154835=\"\" data-v-e2cf3b44=\"\">(3.4g)<\/td>\n<\/tr>\n<tr class=\"row\" data-v-7f154835=\"\" data-v-e2cf3b44=\"\">\n<td class=\"column sub-label\" data-v-7f154835=\"\" data-v-e2cf3b44=\"\">(davon mehrfach unges\u00e4ttigt)<\/td>\n<td class=\"column\" data-v-7f154835=\"\" data-v-e2cf3b44=\"\">(2.3g)<\/td>\n<\/tr>\n<tr class=\"row\" data-v-7f154835=\"\" data-v-e2cf3b44=\"\">\n<td class=\"column\" data-v-7f154835=\"\" data-v-e2cf3b44=\"\">Kohlenhydrate<\/td>\n<td class=\"column\" data-v-7f154835=\"\" data-v-e2cf3b44=\"\">0,0 g<\/td>\n<\/tr>\n<tr class=\"row\" data-v-7f154835=\"\" data-v-e2cf3b44=\"\">\n<td class=\"column\" data-v-7f154835=\"\" data-v-e2cf3b44=\"\">Davon Zucker<\/td>\n<td class=\"column\" data-v-7f154835=\"\" data-v-e2cf3b44=\"\">(0.0g)<\/td>\n<\/tr>\n<tr class=\"row\" data-v-7f154835=\"\" data-v-e2cf3b44=\"\">\n<td class=\"column\" data-v-7f154835=\"\" data-v-e2cf3b44=\"\">Proteine<\/td>\n<td class=\"column\" data-v-7f154835=\"\" data-v-e2cf3b44=\"\">ca. 21,7 g<\/td>\n<\/tr>\n<tr class=\"row\" data-v-7f154835=\"\" data-v-e2cf3b44=\"\">\n<td class=\"column\" data-v-7f154835=\"\" data-v-e2cf3b44=\"\">Salz<\/td>\n<td class=\"column\" data-v-7f154835=\"\" data-v-e2cf3b44=\"\">1,0 g<\/td>\n<\/tr>\n<\/tbody>\n<\/table>\n<\/div>\n<\/div>\n<div class=\"jum-collapsible open\" data-v-4fb8929b=\"\" data-v-d6fd914a=\"\">\n<div class=\"title-wrapper\" data-v-4fb8929b=\"\">\n<h3 class=\"title\">Produktbeschreibung von: John West Sardinen in nativem Oliven\u00f6l extra<\/h3>\n<\/div>\n<div id=\"jum-collapsible-2\" class=\"content\" data-v-4fb8929b=\"\">\n<div class=\"mb\">\n<p class=\"mb-0\">John West ist seit 1857 <a href=\"https:\/\/realdutchfood.com\/de\/dosenfisch\/\">Fisch<\/a> von seiner besten Seite. Das schmeckt man in unseren Sardinen ohne Knochen in nativem Oliven\u00f6l extra. Mit dem vollen, k\u00f6stlichen Geschmack von Sardinen und dem weichen Oliven\u00f6l verleihen Sie Ihrem Salat, Sandwich und Sushi Charakter.<\/p>\n<\/div>\n<\/div>\n<\/div>\n<div class=\"jum-collapsible open\" data-v-4fb8929b=\"\" data-v-1fa7cae0=\"\" data-v-d6fd914a=\"\">\n<div class=\"title-wrapper\" data-v-4fb8929b=\"\">\n<h3 class=\"title\">Allergen-Warnungen<\/h3>\n<\/div>\n<div id=\"jum-collapsible-3\" class=\"content\" data-v-4fb8929b=\"\">\n<h6 class=\"jum-heading h6\" data-v-6b4430ff=\"\" data-v-1fa7cae0=\"\">Enth\u00e4lt:<\/h6>\n<ul class=\"jum-list contains\" role=\"\" data-v-8e5d626a=\"\" data-v-1fa7cae0=\"\">\n<li data-v-8e5d626a=\"\" data-v-1fa7cae0=\"\">Sardine<\/li>\n<\/ul>\n<\/div>\n<\/div>\n<div class=\"jum-collapsible open\" data-v-4fb8929b=\"\" data-v-d6fd914a=\"\">\n<div class=\"title-wrapper\" data-v-4fb8929b=\"\">\n<div class=\"title\" data-v-4fb8929b=\"\">Lagerung &amp; Nutzung<\/div>\n<\/div>\n<div id=\"jum-collapsible-4\" class=\"content\" data-v-4fb8929b=\"\"><strong>Erhalten<\/strong><\/div>\n<div class=\"content\" data-v-4fb8929b=\"\">Nach dem \u00d6ffnen in einem wiederverschlie\u00dfbaren nichtmetallischen Beh\u00e4lter im K\u00fchlschrank aufbewahren (2-5\u00b0C).<br \/>\nInnerhalb von 2 Tagen verbrauchen.<br \/>\nMindestens haltbar bis: siehe Seite kann<\/div>\n<\/div>\n<div class=\"jum-collapsible open\" data-v-4fb8929b=\"\" data-v-d6fd914a=\"\">\n<div class=\"title-wrapper\" data-v-4fb8929b=\"\">\n<div class=\"title\" data-v-4fb8929b=\"\">Erg\u00e4nzungen<\/div>\n<\/div>\n<div id=\"jum-collapsible-5\" class=\"content\" data-v-4fb8929b=\"\">\n<p>Recycelbar ALUMINIUM &#8211; Alu recycelbar<\/p>\n<\/div>\n<\/div>\n<div class=\"jum-collapsible open\" data-v-4fb8929b=\"\" data-v-d6fd914a=\"\">\n<div class=\"title-wrapper\" data-v-4fb8929b=\"\">\n<div class=\"title\" data-v-4fb8929b=\"\">Ern\u00e4hrung und Gesundheit<\/div>\n<\/div>\n<div id=\"jum-collapsible-6\" class=\"content\" data-v-4fb8929b=\"\">\n<p>Reich an Omega-3-Fetts\u00e4uren<\/p>\n<\/div>\n<\/div>\n<div class=\"jum-collapsible open\" data-v-4fb8929b=\"\" data-v-d6fd914a=\"\">\n<div class=\"title-wrapper\" data-v-4fb8929b=\"\">\n<div class=\"title\" data-v-4fb8929b=\"\">\u00dcber den Hersteller<\/div>\n<\/div>\n<div id=\"jum-collapsible-7\" class=\"content\" data-v-4fb8929b=\"\">\n<p><strong>Marke<\/strong><\/p>\n<p>Gefangen und leicht gegrillt, so haben Sie die zartesten Sardinen mit ihrem vollen Geschmack auf Ihrem Teller. Sardinen sind reich an Omega-3-Fetts\u00e4uren und Eiwei\u00df und kalorienarm. Das nennen wir Fisch vom Feinsten.<\/p>\n<p><strong>Website<\/strong><\/p>\n<p>www.john-west.nl<\/p>\n<p><strong>Adresse<\/strong><\/p>\n<p style=\"text-align: left;\">HERGESTELLT IN PORTUGAL F\u00dcR<br \/>\nJOHN WEST B.V.,<br \/>\nPOSTFACH 85240,<br \/>\n3508 AE, UTRECHT,<br \/>\nHOLLAND<\/p>\n<p><strong>Telefonnummer<\/strong><\/p>\n<p>0800-0234855<\/p>\n<\/div>\n<\/div>\n<\/div>\n","protected":false},"excerpt":{"rendered":"<p>Produktbeschreibung von: John West Sardinen in nativem Oliven\u00f6l extra Zutaten f\u00fcr: John West Sardinen in nativem Oliven\u00f6l extra Sardinenfilets Natives Oliven\u00f6l extra Salz Dieses Produkt enth\u00e4lt 2,0g Omega 3 pro 100g N\u00e4hrwerte N\u00e4hrwerte Pro 100 g abgetropftes Produkt Energie 940 kJ\/225 kcal Fette 15,4 g Davon ges\u00e4ttigte Fetts\u00e4uren (3.4g) (davon mehrfach unges\u00e4ttigt) (2.3g) Kohlenhydrate 0,0 [&#8230;]\n","protected":false},"featured_media":192315,"template":"","meta":{"_acf_changed":false,"_aipt_faq_data":""},"product_brand":[15276],"product_cat":[14529,15281],"product_tag":[],"class_list":{"0":"post-150101","1":"product","2":"type-product","3":"status-publish","4":"has-post-thumbnail","6":"product_brand-john-west-de","7":"product_cat-fleisch-fisch-huhn","8":"product_cat-dosenfisch","9":"pa_artikelnummer-2017-de","11":"first","12":"onbackorder","13":"taxable","14":"shipping-taxable","15":"purchasable","16":"product-type-simple"},"bundled_by":[],"bundle_stock_status":"onbackorder","bundle_stock_quantity":null,"bundle_virtual":false,"bundle_layout":"","bundle_add_to_cart_form_location":"","bundle_editable_in_cart":false,"bundle_sold_individually_context":"","bundle_item_grouping":"","bundle_min_size":"","bundle_max_size":"","bundle_price":[],"bundled_items":[],"bundle_sell_ids":[],"acf":{"content":"120 gr"},"_links":{"self":[{"href":"https:\/\/realdutchfood.com\/de\/wp-json\/wp\/v2\/product\/150101","targetHints":{"allow":["GET"]}}],"collection":[{"href":"https:\/\/realdutchfood.com\/de\/wp-json\/wp\/v2\/product"}],"about":[{"href":"https:\/\/realdutchfood.com\/de\/wp-json\/wp\/v2\/types\/product"}],"wp:featuredmedia":[{"embeddable":true,"href":"https:\/\/realdutchfood.com\/de\/wp-json\/wp\/v2\/media\/192315"}],"wp:attachment":[{"href":"https:\/\/realdutchfood.com\/de\/wp-json\/wp\/v2\/media?parent=150101"}],"wp:term":[{"taxonomy":"product_brand","embeddable":true,"href":"https:\/\/realdutchfood.com\/de\/wp-json\/wp\/v2\/product_brand?post=150101"},{"taxonomy":"product_cat","embeddable":true,"href":"https:\/\/realdutchfood.com\/de\/wp-json\/wp\/v2\/product_cat?post=150101"},{"taxonomy":"product_tag","embeddable":true,"href":"https:\/\/realdutchfood.com\/de\/wp-json\/wp\/v2\/product_tag?post=150101"}],"curies":[{"name":"wp","href":"https:\/\/api.w.org\/{rel}","templated":true}]}}