{"id":150113,"date":"2016-12-30T12:06:42","date_gmt":"2016-12-30T11:06:42","guid":{"rendered":"https:\/\/realdutchfood.com\/patria-cerealien-lebensmittel-kekse\/"},"modified":"2023-11-30T18:19:24","modified_gmt":"2023-11-30T17:19:24","slug":"patria-cerealien-kekse","status":"publish","type":"product","link":"https:\/\/realdutchfood.com\/de\/patria-cerealien-kekse\/","title":{"rendered":"Patria Cerealien Kekse"},"content":{"rendered":"<div class=\"jum-summary-description\">\n<div class=\"jum-nutritional-info jum-product-info-item\">\n<h3>Produktbeschreibung von: Patria Cerealien Kekse<\/h3>\n<p>Diese Patria Cereal Food Biscuits sind die Originalkekse, die von vielen Generationen zum <a href=\"https:\/\/realdutchfood.com\/de\/fruehstueck\/\">Fr\u00fchst\u00fcck<\/a> verwendet wurden. Die Kekse werden auch oft von Menschen gegessen, die <a href=\"https:\/\/www.eenvoudig-afvallen.nl\/voedingsmiddelen\/merk\/patria\/2867\" target=\"_blank\" rel=\"noopener\">abnehmen<\/a> wollen, weil sie leicht verdaulich sind.<\/p>\n<\/div>\n<div class=\"jum-nutritional-info jum-product-info-item\">\n<h3>N\u00e4hrwerte<\/h3>\n<table class=\"stripes\">\n<thead>\n<tr>\n<th><\/th>\n<th class=\"jum-nutiriton-heading\">per: 100 g<\/th>\n<\/tr>\n<\/thead>\n<tbody>\n<tr>\n<th class=\"nutrition-title\">Energiewert<\/th>\n<td>1704KJ<\/td>\n<\/tr>\n<tr class=\"jum-dark-row\">\n<th class=\"nutrition-title\"><\/th>\n<td>406kcal<\/td>\n<\/tr>\n<tr>\n<th class=\"nutrition-title\">Fette<\/th>\n<td>ca. 8,7 g<\/td>\n<\/tr>\n<tr class=\"jum-dark-row\">\n<th class=\"nutrition-title\">davon ges\u00e4ttigte Fetts\u00e4uren<\/th>\n<td>5,3 g<\/td>\n<\/tr>\n<tr>\n<th class=\"nutrition-title\">Kohlenhydrate<\/th>\n<td>69,7 g<\/td>\n<\/tr>\n<tr class=\"jum-dark-row\">\n<th class=\"nutrition-title\">Davon Zucker<\/th>\n<td>ca. 16,7 g<\/td>\n<\/tr>\n<tr>\n<th class=\"nutrition-title\">Ballaststoff<\/th>\n<td>5,8 g<\/td>\n<\/tr>\n<tr class=\"jum-dark-row\">\n<th class=\"nutrition-title\">Proteine<\/th>\n<td>9,1 g<\/td>\n<\/tr>\n<tr>\n<th class=\"nutrition-title\">Salz<\/th>\n<td>0,9 g<\/td>\n<\/tr>\n<\/tbody>\n<\/table>\n<\/div>\n<div class=\"jum-ingredients-info jum-product-info-item\">\n<h3>Zutaten<\/h3>\n<ul>\n<li>Rohrzucker<\/li>\n<li>Pflanzen\u00f6l (Palm) und geh\u00e4rtetes Pflanzenfett (Palm, Palmkern)<\/li>\n<li>Dextrose<\/li>\n<li>Kartoffelst\u00e4rke<\/li>\n<li>Zucker<\/li>\n<li>Backtriebmittel: Ammoniumhydrogencarbonat und Natriumhydrogencarbonat<\/li>\n<li>Salz<\/li>\n<li>Vollmilchpulver<\/li>\n<li>Aroma<\/li>\n<\/ul>\n<\/div>\n<div class=\"jum-ingredients-info jum-product-info-item\">\n<ul>\n<li>Enth\u00e4lt Gluten und Milch. Hergestellt in einem Unternehmen, das auch Eier und Soja verarbeitet.<\/li>\n<\/ul>\n<\/div>\n<div class=\"jum-product-allergy-info jum-product-info-item\">\n<h3 id=\"jum-allergy-title\" class=\"jum-warning\">Allergiewarnung<\/h3>\n<ul>\n<li>Enth\u00e4lt Milch<\/li>\n<li>Enth\u00e4lt Weizen<\/li>\n<li>Enth\u00e4lt Gluten<\/li>\n<\/ul>\n<\/div>\n<\/div>\n","protected":false},"excerpt":{"rendered":"<p>Produktbeschreibung von: Patria Cerealien Kekse Diese Patria Cereal Food Biscuits sind die Originalkekse, die von vielen Generationen zum Fr\u00fchst\u00fcck verwendet wurden. Die Kekse werden auch oft von Menschen gegessen, die abnehmen wollen, weil sie leicht verdaulich sind. N\u00e4hrwerte per: 100 g Energiewert 1704KJ 406kcal Fette ca. 8,7 g davon ges\u00e4ttigte Fetts\u00e4uren 5,3 g Kohlenhydrate 69,7 [&#8230;]\n","protected":false},"featured_media":113200,"template":"","meta":{"_acf_changed":false,"_aipt_faq_data":""},"product_brand":[15315],"product_cat":[14479,15215],"product_tag":[],"class_list":{"0":"post-150113","1":"product","2":"type-product","3":"status-publish","4":"has-post-thumbnail","6":"product_brand-patria-de","7":"product_cat-fruehstueck","8":"product_cat-kekse","9":"pa_artikelnummer-3765-de","11":"first","12":"onbackorder","13":"taxable","14":"shipping-taxable","15":"purchasable","16":"product-type-simple"},"bundled_by":[],"bundle_stock_status":"onbackorder","bundle_stock_quantity":null,"bundle_virtual":false,"bundle_layout":"","bundle_add_to_cart_form_location":"","bundle_editable_in_cart":false,"bundle_sold_individually_context":"","bundle_item_grouping":"","bundle_min_size":"","bundle_max_size":"","bundle_price":[],"bundled_items":[],"bundle_sell_ids":[],"acf":{"content":"300 gr"},"_links":{"self":[{"href":"https:\/\/realdutchfood.com\/de\/wp-json\/wp\/v2\/product\/150113","targetHints":{"allow":["GET"]}}],"collection":[{"href":"https:\/\/realdutchfood.com\/de\/wp-json\/wp\/v2\/product"}],"about":[{"href":"https:\/\/realdutchfood.com\/de\/wp-json\/wp\/v2\/types\/product"}],"wp:featuredmedia":[{"embeddable":true,"href":"https:\/\/realdutchfood.com\/de\/wp-json\/wp\/v2\/media\/113200"}],"wp:attachment":[{"href":"https:\/\/realdutchfood.com\/de\/wp-json\/wp\/v2\/media?parent=150113"}],"wp:term":[{"taxonomy":"product_brand","embeddable":true,"href":"https:\/\/realdutchfood.com\/de\/wp-json\/wp\/v2\/product_brand?post=150113"},{"taxonomy":"product_cat","embeddable":true,"href":"https:\/\/realdutchfood.com\/de\/wp-json\/wp\/v2\/product_cat?post=150113"},{"taxonomy":"product_tag","embeddable":true,"href":"https:\/\/realdutchfood.com\/de\/wp-json\/wp\/v2\/product_tag?post=150113"}],"curies":[{"name":"wp","href":"https:\/\/api.w.org\/{rel}","templated":true}]}}