{"id":150114,"date":"2016-12-17T15:54:51","date_gmt":"2016-12-17T14:54:51","guid":{"rendered":"https:\/\/realdutchfood.com\/hero-less-suesse-erdbeermarmelade\/"},"modified":"2023-07-13T15:20:42","modified_gmt":"2023-07-13T13:20:42","slug":"hero-weniger-zucker-erdbeermarmelade","status":"publish","type":"product","link":"https:\/\/realdutchfood.com\/de\/hero-weniger-zucker-erdbeermarmelade\/","title":{"rendered":"Hero weniger Zucker Erdbeermarmelade"},"content":{"rendered":"<h1>Hero weniger Zucker Erdbeermarmelade<\/h1>\n<h2>Umfangreiche Produktinformationen von: Hero weniger Zucker Erdbeermarmelade<\/h2>\n<div id=\"jum-collapsible-2\" class=\"content\" data-v-0ec7390e=\"\">\n<div class=\"mb\">\n<p class=\"mb-0\">Hero Marmelade als <a href=\"https:\/\/realdutchfood.com\/de\/konfiture\/\">Marmelade<\/a> ist gedacht, mit nur den notwendigen Zutaten. Die richtige Balance sorgt f\u00fcr einen frischen, intensiven Fruchtgeschmack.<\/p>\n<\/div>\n<\/div>\n<div class=\"jum-nutritional-info jum-product-info-item\">\n<h3>N\u00e4hrwerte von: Hero weniger Zucker Erdbeermarmelade<\/h3>\n<table class=\"stripes\">\n<thead>\n<tr>\n<th><\/th>\n<th class=\"jum-nutiriton-heading\">pro 100 g<\/th>\n<\/tr>\n<\/thead>\n<tbody>\n<tr>\n<th class=\"nutrition-title\">Energie<\/th>\n<td>518 kJ\/122 kcal<\/td>\n<\/tr>\n<tr class=\"jum-dark-row\">\n<th class=\"nutrition-title\">Fett<\/th>\n<td>&lt;0,5 g<\/td>\n<\/tr>\n<tr>\n<th class=\"nutrition-title\">Davon ges\u00e4ttigte Fetts\u00e4uren<\/th>\n<td>0 g<\/td>\n<\/tr>\n<tr class=\"jum-dark-row\">\n<th class=\"nutrition-title\">Kohlenhydrate<\/th>\n<td>ca. 28 g<\/td>\n<\/tr>\n<tr>\n<th class=\"nutrition-title\">Davon Zucker<\/th>\n<td>ca. 28 g<\/td>\n<\/tr>\n<tr class=\"jum-dark-row\">\n<th class=\"nutrition-title\">Faser<\/th>\n<td>ca. 1,5 g<\/td>\n<\/tr>\n<tr>\n<th class=\"nutrition-title\">Proteine<\/th>\n<td>&lt;0,5 g<\/td>\n<\/tr>\n<tr class=\"jum-dark-row\">\n<th class=\"nutrition-title\">Salz<\/th>\n<td>0,03 g<\/td>\n<\/tr>\n<tr>\n<th class=\"nutrition-title\" colspan=\"2\">1 Portion Marmelade entspricht ca. 15 g.<\/th>\n<\/tr>\n<\/tbody>\n<\/table>\n<\/div>\n<div class=\"jum-lifestyle-images jum-product-info-item\"><\/div>\n<div class=\"jum-gda-info jum-product-info-item\"><\/div>\n<div class=\"jum-ingredients-info jum-product-info-item\">\n<h3>Zutaten<\/h3>\n<ul>\n<li>Erdbeeren (45%)<\/li>\n<li>Wasser<\/li>\n<li>Zucker<\/li>\n<li>Geliermittel (Pektin)<\/li>\n<li>S\u00e4uerungsmittel (Zitronens\u00e4ure)<\/li>\n<li>Karotten-Konzentrat<\/li>\n<li>Konservierungsmittel (Kaliumsorbat)<\/li>\n<li>Zubereitet mit 45 g Fr\u00fcchten pro 100 g.<\/li>\n<\/ul>\n<\/div>\n<div class=\"jum-product-storage jum-product-info-item\">\n<h3><\/h3>\n<\/div>\n<div class=\"jum-product-additive-info jum-product-info-item\">\n<h3>K\u00fcnstliche Zusatzstoffe<\/h3>\n<p>Ohne k\u00fcnstliche S\u00fc\u00dfstoffe<\/p>\n<\/div>\n<div class=\"title-wrapper\" data-v-0ec7390e=\"\">\n<h4 class=\"title\">\u00dcber den Hersteller<\/h4>\n<\/div>\n<div id=\"jum-collapsible-4\" class=\"content\" data-v-0ec7390e=\"\">\n<p><strong>Marke<\/strong><\/p>\n<p>Hero seit 1886.<\/p>\n<p><strong>Website<\/strong><\/p>\n<p><a href=\"http:\/\/www.hero.nl\" target=\"_blank\" rel=\"noopener\">www.hero.nl<\/a><\/p>\n<\/div>\n","protected":false},"excerpt":{"rendered":"<p>Hero weniger Zucker Erdbeermarmelade Umfangreiche Produktinformationen von: Hero weniger Zucker Erdbeermarmelade Hero Marmelade als Marmelade ist gedacht, mit nur den notwendigen Zutaten. Die richtige Balance sorgt f\u00fcr einen frischen, intensiven Fruchtgeschmack. N\u00e4hrwerte von: Hero weniger Zucker Erdbeermarmelade pro 100 g Energie 518 kJ\/122 kcal Fett &lt;0,5 g Davon ges\u00e4ttigte Fetts\u00e4uren 0 g Kohlenhydrate ca. 28 [&#8230;]\n","protected":false},"featured_media":109748,"template":"","meta":{"_acf_changed":false,"_aipt_faq_data":""},"product_brand":[14567],"product_cat":[14528,14479,14569],"product_tag":[],"class_list":{"0":"post-150114","1":"product","2":"type-product","3":"status-publish","4":"has-post-thumbnail","6":"product_brand-hero-de","7":"product_cat-brotbelag","8":"product_cat-fruehstueck","9":"product_cat-konfiture","10":"pa_artikelnummer-3546-de","12":"first","13":"onbackorder","14":"taxable","15":"shipping-taxable","16":"purchasable","17":"product-type-simple"},"bundled_by":[],"bundle_stock_status":"onbackorder","bundle_stock_quantity":null,"bundle_virtual":false,"bundle_layout":"","bundle_add_to_cart_form_location":"","bundle_editable_in_cart":false,"bundle_sold_individually_context":"","bundle_item_grouping":"","bundle_min_size":"","bundle_max_size":"","bundle_price":[],"bundled_items":[],"bundle_sell_ids":[],"acf":{"content":"325 gr"},"_links":{"self":[{"href":"https:\/\/realdutchfood.com\/de\/wp-json\/wp\/v2\/product\/150114","targetHints":{"allow":["GET"]}}],"collection":[{"href":"https:\/\/realdutchfood.com\/de\/wp-json\/wp\/v2\/product"}],"about":[{"href":"https:\/\/realdutchfood.com\/de\/wp-json\/wp\/v2\/types\/product"}],"wp:featuredmedia":[{"embeddable":true,"href":"https:\/\/realdutchfood.com\/de\/wp-json\/wp\/v2\/media\/109748"}],"wp:attachment":[{"href":"https:\/\/realdutchfood.com\/de\/wp-json\/wp\/v2\/media?parent=150114"}],"wp:term":[{"taxonomy":"product_brand","embeddable":true,"href":"https:\/\/realdutchfood.com\/de\/wp-json\/wp\/v2\/product_brand?post=150114"},{"taxonomy":"product_cat","embeddable":true,"href":"https:\/\/realdutchfood.com\/de\/wp-json\/wp\/v2\/product_cat?post=150114"},{"taxonomy":"product_tag","embeddable":true,"href":"https:\/\/realdutchfood.com\/de\/wp-json\/wp\/v2\/product_tag?post=150114"}],"curies":[{"name":"wp","href":"https:\/\/api.w.org\/{rel}","templated":true}]}}