{"id":150115,"date":"2017-01-02T11:38:35","date_gmt":"2017-01-02T10:38:35","guid":{"rendered":"https:\/\/realdutchfood.com\/compaxo-rotterdammertje-cervelaat\/"},"modified":"2023-05-19T22:23:04","modified_gmt":"2023-05-19T20:23:04","slug":"compaxo-rotterdammertje-cervelaat","status":"publish","type":"product","link":"https:\/\/realdutchfood.com\/de\/compaxo-rotterdammertje-cervelaat\/","title":{"rendered":"Compaxo Rotterdammertje Cervelaat"},"content":{"rendered":"<h2>Umfangreiche Produktinformationen von: Compaxo Rotterdammertje Cervelaat<\/h2>\n<div class=\"jum-nutritional-info jum-product-info-item\"><\/div>\n<div class=\"jum-product-allergy-info jum-product-info-item\">\n<div class=\"product-information\" data-v-d6fd914a=\"\" data-v-662d6c28=\"\" data-v-49b0c6f8=\"\">\n<div class=\"jum-collapsible open\" data-v-4fb8929b=\"\" data-v-d6fd914a=\"\">\n<div class=\"title-wrapper\" data-v-4fb8929b=\"\">\n<h3 class=\"title\">Zutaten<\/h3>\n<\/div>\n<div id=\"jum-collapsible-0\" class=\"content\" data-v-4fb8929b=\"\">\n<ul class=\"mb\">\n<li>Schweinefleisch<\/li>\n<li>Salz<\/li>\n<li>Kollagen f\u00fcr Rinder<\/li>\n<li>Kaliumsalz<\/li>\n<li>Aroma<\/li>\n<li>Kollagen des Schweins<\/li>\n<li>konzentrierter R\u00fcbensaft<\/li>\n<li>Dextrose<\/li>\n<li>Antioxidationsmittel: Natriumascorbat<\/li>\n<li>Schweineprotein<\/li>\n<li>Konservierungsmittel: Natriumnitrit<\/li>\n<li>Gew\u00fcrze<\/li>\n<li>Rauch<\/li>\n<li>F\u00fcr 100 Gramm Rotterdammer wurden 146 Gramm Schweinefleisch verwendet.<\/li>\n<\/ul>\n<\/div>\n<\/div>\n<div class=\"jum-collapsible nutritions open\" data-v-4fb8929b=\"\" data-v-7f154835=\"\" data-v-d6fd914a=\"\">\n<div class=\"title-wrapper\" data-v-4fb8929b=\"\">\n<h3 class=\"title\">N\u00e4hrwerte<\/h3>\n<\/div>\n<div id=\"jum-collapsible-1\" class=\"content\" data-v-4fb8929b=\"\">\n<table class=\"jum-table striped\" data-v-e2cf3b44=\"\" data-v-7f154835=\"\" aria-label=\"Table containing info\">\n<tbody>\n<tr class=\"header-row\" data-v-e2cf3b44=\"\">\n<th class=\"header-column\" data-v-e2cf3b44=\"\">N\u00e4hrwerte<\/th>\n<th class=\"header-column\" data-v-e2cf3b44=\"\">Pro 100 g<\/th>\n<\/tr>\n<tr class=\"row\" data-v-7f154835=\"\" data-v-e2cf3b44=\"\">\n<td class=\"column\" data-v-7f154835=\"\" data-v-e2cf3b44=\"\">Energie<\/td>\n<td class=\"column\" data-v-7f154835=\"\" data-v-e2cf3b44=\"\">2045 kJ \/ 494 kcal<\/td>\n<\/tr>\n<tr class=\"row\" data-v-7f154835=\"\" data-v-e2cf3b44=\"\">\n<td class=\"column\" data-v-7f154835=\"\" data-v-e2cf3b44=\"\">Fette<\/td>\n<td class=\"column\" data-v-7f154835=\"\" data-v-e2cf3b44=\"\">44,0 g<\/td>\n<\/tr>\n<tr class=\"row\" data-v-7f154835=\"\" data-v-e2cf3b44=\"\">\n<td class=\"column sub-label\" data-v-7f154835=\"\" data-v-e2cf3b44=\"\">&#8211; davon ges\u00e4ttigte Fetts\u00e4uren<\/td>\n<td class=\"column\" data-v-7f154835=\"\" data-v-e2cf3b44=\"\">ca. 16,3 g<\/td>\n<\/tr>\n<tr class=\"row\" data-v-7f154835=\"\" data-v-e2cf3b44=\"\">\n<td class=\"column\" data-v-7f154835=\"\" data-v-e2cf3b44=\"\">Kohlenhydrate<\/td>\n<td class=\"column\" data-v-7f154835=\"\" data-v-e2cf3b44=\"\">0,5 g<\/td>\n<\/tr>\n<tr class=\"row\" data-v-7f154835=\"\" data-v-e2cf3b44=\"\">\n<td class=\"column sub-label\" data-v-7f154835=\"\" data-v-e2cf3b44=\"\">&#8211; davon Zucker<\/td>\n<td class=\"column\" data-v-7f154835=\"\" data-v-e2cf3b44=\"\">0,5 g<\/td>\n<\/tr>\n<tr class=\"row\" data-v-7f154835=\"\" data-v-e2cf3b44=\"\">\n<td class=\"column\" data-v-7f154835=\"\" data-v-e2cf3b44=\"\">Faser<\/td>\n<td class=\"column\" data-v-7f154835=\"\" data-v-e2cf3b44=\"\">0 g<\/td>\n<\/tr>\n<tr class=\"row\" data-v-7f154835=\"\" data-v-e2cf3b44=\"\">\n<td class=\"column\" data-v-7f154835=\"\" data-v-e2cf3b44=\"\">Proteine<\/td>\n<td class=\"column\" data-v-7f154835=\"\" data-v-e2cf3b44=\"\">ca. 24,0 g<\/td>\n<\/tr>\n<tr class=\"row\" data-v-7f154835=\"\" data-v-e2cf3b44=\"\">\n<td class=\"column\" data-v-7f154835=\"\" data-v-e2cf3b44=\"\">Salz<\/td>\n<td class=\"column\" data-v-7f154835=\"\" data-v-e2cf3b44=\"\">ca. 3,0 g<\/td>\n<\/tr>\n<\/tbody>\n<\/table>\n<\/div>\n<\/div>\n<div class=\"jum-collapsible open\" data-v-4fb8929b=\"\" data-v-d6fd914a=\"\">\n<div class=\"title-wrapper\" data-v-4fb8929b=\"\">\n<h3 class=\"title\">Produktbeschreibung von: Compaxo Rotterdammertje Cervelaat<\/h3>\n<\/div>\n<div id=\"jum-collapsible-2\" class=\"content\" data-v-4fb8929b=\"\">\n<div class=\"mb\">\n<p class=\"mb-0\">Diese Cervelatwurst erfreute sich zun\u00e4chst gro\u00dfer Beliebtheit bei den Seeleuten aus dem Rotterdamer Hafen, die dieses haltbare Produkt auf ihren langen Seereisen als Lebensmittel f\u00fcr unterwegs mitnahmen.<br \/>\nCompaxo benannte diese Wurst bald nach der Maasstad.<\/p>\n<\/div>\n<\/div>\n<\/div>\n<div class=\"jum-collapsible\" data-v-4fb8929b=\"\" data-v-d6fd914a=\"\">\n<div class=\"title-wrapper\" data-v-4fb8929b=\"\">\n<div class=\"title\" data-v-4fb8929b=\"\"><\/div>\n<\/div>\n<\/div>\n<div class=\"jum-collapsible open\" data-v-4fb8929b=\"\" data-v-d6fd914a=\"\">\n<div class=\"title-wrapper\" data-v-4fb8929b=\"\">\n<h3 class=\"title\">\u00dcber den Hersteller<\/h3>\n<p><strong>Website<\/strong><\/p>\n<p><a href=\"https:\/\/compaxo.nl\/\" target=\"_blank\" rel=\"noopener\">https:\/\/compaxo.nl\/ <\/a><\/p>\n<\/div>\n<div id=\"jum-collapsible-4\" class=\"content\" data-v-4fb8929b=\"\"><strong>Marke<\/strong><\/div>\n<div class=\"content\" data-v-4fb8929b=\"\">\n<p>Gouda Spitzenqualit\u00e4t seit 1921.<\/p>\n<p><strong>Adresse<\/strong><\/p>\n<\/div>\n<div class=\"content\" data-v-4fb8929b=\"\">\n<p>Compaxo Fine Meat Products B.V.<br \/>\nPostfach 100<br \/>\n2800 AC Gouda<\/p>\n<\/div>\n<\/div>\n<\/div>\n<\/div>\n","protected":false},"excerpt":{"rendered":"<p>Umfangreiche Produktinformationen von: Compaxo Rotterdammertje Cervelaat Zutaten Schweinefleisch Salz Kollagen f\u00fcr Rinder Kaliumsalz Aroma Kollagen des Schweins konzentrierter R\u00fcbensaft Dextrose Antioxidationsmittel: Natriumascorbat Schweineprotein Konservierungsmittel: Natriumnitrit Gew\u00fcrze Rauch F\u00fcr 100 Gramm Rotterdammer wurden 146 Gramm Schweinefleisch verwendet. N\u00e4hrwerte N\u00e4hrwerte Pro 100 g Energie 2045 kJ \/ 494 kcal Fette 44,0 g &#8211; davon ges\u00e4ttigte Fetts\u00e4uren ca. [&#8230;]\n","protected":false},"featured_media":190196,"template":"","meta":{"_acf_changed":false,"_aipt_faq_data":""},"product_brand":[15316],"product_cat":[14534,14529,14991],"product_tag":[],"class_list":{"0":"post-150115","1":"product","2":"type-product","3":"status-publish","4":"has-post-thumbnail","6":"product_brand-compaxo-de","7":"product_cat-dosenfleisch","8":"product_cat-fleisch-fisch-huhn","9":"product_cat-trockenwuerste","10":"pa_artikelnummer-1993-de","12":"first","13":"onbackorder","14":"taxable","15":"shipping-taxable","16":"purchasable","17":"product-type-simple"},"bundled_by":[],"bundle_stock_status":"onbackorder","bundle_stock_quantity":null,"bundle_virtual":false,"bundle_layout":"","bundle_add_to_cart_form_location":"","bundle_editable_in_cart":false,"bundle_sold_individually_context":"","bundle_item_grouping":"","bundle_min_size":"","bundle_max_size":"","bundle_price":[],"bundled_items":[],"bundle_sell_ids":[],"acf":{"content":"150 gr"},"_links":{"self":[{"href":"https:\/\/realdutchfood.com\/de\/wp-json\/wp\/v2\/product\/150115","targetHints":{"allow":["GET"]}}],"collection":[{"href":"https:\/\/realdutchfood.com\/de\/wp-json\/wp\/v2\/product"}],"about":[{"href":"https:\/\/realdutchfood.com\/de\/wp-json\/wp\/v2\/types\/product"}],"wp:featuredmedia":[{"embeddable":true,"href":"https:\/\/realdutchfood.com\/de\/wp-json\/wp\/v2\/media\/190196"}],"wp:attachment":[{"href":"https:\/\/realdutchfood.com\/de\/wp-json\/wp\/v2\/media?parent=150115"}],"wp:term":[{"taxonomy":"product_brand","embeddable":true,"href":"https:\/\/realdutchfood.com\/de\/wp-json\/wp\/v2\/product_brand?post=150115"},{"taxonomy":"product_cat","embeddable":true,"href":"https:\/\/realdutchfood.com\/de\/wp-json\/wp\/v2\/product_cat?post=150115"},{"taxonomy":"product_tag","embeddable":true,"href":"https:\/\/realdutchfood.com\/de\/wp-json\/wp\/v2\/product_tag?post=150115"}],"curies":[{"name":"wp","href":"https:\/\/api.w.org\/{rel}","templated":true}]}}