{"id":150118,"date":"2016-12-17T14:30:22","date_gmt":"2016-12-17T13:30:22","guid":{"rendered":"https:\/\/realdutchfood.com\/canisius-echte-birne-apfel-sirup\/"},"modified":"2023-05-19T19:14:59","modified_gmt":"2023-05-19T17:14:59","slug":"canisius-echte-birne-apfel-sirup","status":"publish","type":"product","link":"https:\/\/realdutchfood.com\/de\/canisius-echte-birne-apfel-sirup\/","title":{"rendered":"Canisius Echte Birne Apfel Sirup"},"content":{"rendered":"<h1>Canisius Echte Birne Apfel Sirup<\/h1>\n<h2>Umfangreiche Produktinformationen<\/h2>\n<div class=\"jum-nutritional-info jum-product-info-item\">\n<h3>Produktbeschreibung von: Canisius Echte Birne Apfelsirup<\/h3>\n<p>Dieser k\u00f6stliche <a href=\"https:\/\/realdutchfood.com\/de\/sirup-und-honig\/\" target=\"_blank\" rel=\"noopener\">Sirup<\/a> von <a href=\"http:\/\/www.canisiusstroop.nl\" target=\"_blank\" rel=\"noopener\">Canisius<\/a> mit Birnen und \u00c4pfeln ist ein reines Naturprodukt ohne Zusatz von Zucker, S\u00fc\u00dfungsmitteln, Farb- oder Konservierungsstoffen.<\/p>\n<p>Gesamtzuckergehalt: 50% (dies sind die nat\u00fcrlichen Zucker der Fr\u00fcchte).<br \/>\nZubereitet mit 455g Birnen und 245g \u00c4pfeln pro 100g.<\/p>\n<\/div>\n<div class=\"jum-nutritional-info jum-product-info-item\">\n<h3>N\u00e4hrwerte<\/h3>\n<table class=\"stripes\">\n<thead>\n<tr>\n<th><\/th>\n<th class=\"jum-nutiriton-heading\">%ri<\/th>\n<th class=\"jum-nutiriton-heading\">\u00f8 100g<\/th>\n<th class=\"jum-nutiriton-heading\">\u00d8 Portion 15g<\/th>\n<\/tr>\n<\/thead>\n<tbody>\n<tr>\n<th class=\"nutrition-title\">Energie<\/th>\n<td>0.02<\/td>\n<td>993 kJ\/234 kcal<\/td>\n<td>149kJ\/35 kcal<\/td>\n<\/tr>\n<tr class=\"jum-dark-row\">\n<th class=\"nutrition-title\">Fette<\/th>\n<td>0<\/td>\n<td>0 g<\/td>\n<td>0 g<\/td>\n<\/tr>\n<tr>\n<th class=\"nutrition-title\">davon ges\u00e4ttigte Fetts\u00e4uren<\/th>\n<td>0<\/td>\n<td>0 g<\/td>\n<td>0 g<\/td>\n<\/tr>\n<tr class=\"jum-dark-row\">\n<th class=\"nutrition-title\">Kohlenhydrate<\/th>\n<td>0.03<\/td>\n<td>55 g<\/td>\n<td>ca. 8,3 g<\/td>\n<\/tr>\n<tr>\n<th class=\"nutrition-title\">Davon Zucker<\/th>\n<td>0.08<\/td>\n<td>50 g<\/td>\n<td>ca. 7,5 g<\/td>\n<\/tr>\n<tr class=\"jum-dark-row\">\n<th class=\"nutrition-title\">Faser<\/th>\n<td><\/td>\n<td>4,0 g<\/td>\n<td>0,6 g<\/td>\n<\/tr>\n<tr>\n<th class=\"nutrition-title\">Proteine<\/th>\n<td>&lt;1%<\/td>\n<td>ca. 1,5 g<\/td>\n<td>0,2 g<\/td>\n<\/tr>\n<tr class=\"jum-dark-row\">\n<th class=\"nutrition-title\">Salz<\/th>\n<td>&lt;1%<\/td>\n<td>0,15 g<\/td>\n<td>0,02 g<\/td>\n<\/tr>\n<tr>\n<th class=\"nutrition-title\" colspan=\"4\">RI = Referenzmenge eines durchschnittlichen Erwachsenen (8400 kJ\/2000 kcal).<\/th>\n<\/tr>\n<tr class=\"jum-dark-row\">\n<th class=\"nutrition-title\" colspan=\"4\">Diese Packung enth\u00e4lt 30 Portionen \u00e0 15 g.<\/th>\n<\/tr>\n<\/tbody>\n<\/table>\n<\/div>\n<div class=\"jum-lifestyle-images jum-product-info-item\"><\/div>\n<div class=\"jum-gda-info jum-product-info-item\"><\/div>\n<div class=\"jum-ingredients-info jum-product-info-item\">\n<h3>Zutaten<\/h3>\n<ul>\n<li>Konzentrierter Saft von gekochten Birnen und \u00c4pfeln.<\/li>\n<li>Gesamtzuckergehalt: 50% (dies sind die nat\u00fcrlichen Zucker der Fr\u00fcchte).<\/li>\n<li>Zubereitet mit 455g Birnen und 245 \u00c4pfeln pro 100g.<\/li>\n<\/ul>\n<\/div>\n<div class=\"jum-product-additive-info jum-product-info-item\">\n<h3>K\u00fcnstliche Zusatzstoffe<\/h3>\n<p>Ohne Zusatz von S\u00fc\u00dfungsmitteln, Farb- oder Konservierungsstoffen.<\/p>\n<\/div>\n","protected":false},"excerpt":{"rendered":"<p>Canisius Echte Birne Apfel Sirup Umfangreiche Produktinformationen Produktbeschreibung von: Canisius Echte Birne Apfelsirup Dieser k\u00f6stliche Sirup von Canisius mit Birnen und \u00c4pfeln ist ein reines Naturprodukt ohne Zusatz von Zucker, S\u00fc\u00dfungsmitteln, Farb- oder Konservierungsstoffen. Gesamtzuckergehalt: 50% (dies sind die nat\u00fcrlichen Zucker der Fr\u00fcchte). Zubereitet mit 455g Birnen und 245g \u00c4pfeln pro 100g. N\u00e4hrwerte %ri \u00f8 [&#8230;]\n","protected":false},"featured_media":113930,"template":"","meta":{"_acf_changed":false,"_aipt_faq_data":""},"product_brand":[14817],"product_cat":[14479,14528,14819],"product_tag":[],"class_list":{"0":"post-150118","1":"product","2":"type-product","3":"status-publish","4":"has-post-thumbnail","6":"product_brand-canisius-de","7":"product_cat-fruehstueck","8":"product_cat-brotbelag","9":"product_cat-sirup-und-honig","10":"pa_artikelnummer-3940-de","11":"pa_dieet_allergie_biologisch-glutenfrei","12":"pa_dieet_allergie_biologisch-laktosefrei","13":"pa_dieet_allergie_biologisch-vegan-de","14":"pa_dieet_allergie_biologisch-zuckerbewusst","15":"pa_show-myparcel-options-1-de","17":"first","18":"onbackorder","19":"taxable","20":"shipping-taxable","21":"purchasable","22":"product-type-simple"},"bundled_by":[],"bundle_stock_status":"onbackorder","bundle_stock_quantity":null,"bundle_virtual":false,"bundle_layout":"","bundle_add_to_cart_form_location":"","bundle_editable_in_cart":false,"bundle_sold_individually_context":"","bundle_item_grouping":"","bundle_min_size":"","bundle_max_size":"","bundle_price":[],"bundled_items":[],"bundle_sell_ids":[],"acf":{"content":"450 gr"},"_links":{"self":[{"href":"https:\/\/realdutchfood.com\/de\/wp-json\/wp\/v2\/product\/150118","targetHints":{"allow":["GET"]}}],"collection":[{"href":"https:\/\/realdutchfood.com\/de\/wp-json\/wp\/v2\/product"}],"about":[{"href":"https:\/\/realdutchfood.com\/de\/wp-json\/wp\/v2\/types\/product"}],"wp:featuredmedia":[{"embeddable":true,"href":"https:\/\/realdutchfood.com\/de\/wp-json\/wp\/v2\/media\/113930"}],"wp:attachment":[{"href":"https:\/\/realdutchfood.com\/de\/wp-json\/wp\/v2\/media?parent=150118"}],"wp:term":[{"taxonomy":"product_brand","embeddable":true,"href":"https:\/\/realdutchfood.com\/de\/wp-json\/wp\/v2\/product_brand?post=150118"},{"taxonomy":"product_cat","embeddable":true,"href":"https:\/\/realdutchfood.com\/de\/wp-json\/wp\/v2\/product_cat?post=150118"},{"taxonomy":"product_tag","embeddable":true,"href":"https:\/\/realdutchfood.com\/de\/wp-json\/wp\/v2\/product_tag?post=150118"}],"curies":[{"name":"wp","href":"https:\/\/api.w.org\/{rel}","templated":true}]}}