{"id":150123,"date":"2016-12-31T16:54:26","date_gmt":"2016-12-31T15:54:26","guid":{"rendered":"https:\/\/realdutchfood.com\/unox-knakworst-chicken-knaks\/"},"modified":"2024-01-12T15:15:38","modified_gmt":"2024-01-12T14:15:38","slug":"unox-huhn-knaks","status":"publish","type":"product","link":"https:\/\/realdutchfood.com\/de\/unox-huhn-knaks\/","title":{"rendered":"Unox Huhn Knaks"},"content":{"rendered":"<div class=\"jum-nutritional-info jum-product-info-item\">\n<h2>Umfangreiche Produktinformationen zu: Unox Huhn Knaks<\/h2>\n<\/div>\n<div class=\"jum-collapsible open\" data-v-410e9d19=\"\" data-v-5e0de994=\"\">\n<div class=\"title-wrapper\" data-v-410e9d19=\"\">\n<h3 class=\"title\">Zutaten<\/h3>\n<\/div>\n<div data-v-410e9d19=\"\">\n<div id=\"jum-collapsible-0\" class=\"content\" data-v-410e9d19=\"\">\n<ul class=\"mb\">\n<li>W\u00fcrste: H\u00fchnerfleisch^1 38%, H\u00e4hnchenseparatorfleisch^1 26%, Wasser, Reismehl, Kartoffelst\u00e4rke, Salz, <strong>Weizenfasern<\/strong>, Rinderkollagen, H\u00fchnerkollagen^1, Raucharoma, Stabilisator (E451, E452), Raps\u00f6l, wei\u00dfer Pfeffer, Muskatnussextrakt, Paprika, Antioxidationsmittel (E301, Rosmarinextrakt), Konservierungsmittel E250.<\/li>\n<li>Gie\u00dfen: Wasser, Salz.<\/li>\n<li>E = EWG-zugelassener Hilfsstoff<\/li>\n<li>^1 = Beter Leven G\u00fctesiegel 1 Stern<\/li>\n<\/ul>\n<\/div>\n<\/div>\n<\/div>\n<div class=\"jum-collapsible nutritions open\" data-v-410e9d19=\"\" data-v-038af5f8=\"\" data-v-5e0de994=\"\">\n<div class=\"title-wrapper\" data-v-410e9d19=\"\">\n<h3 class=\"title\">N\u00e4hrwerte von: Unox Huhn Knaks<\/h3>\n<\/div>\n<div data-v-410e9d19=\"\">\n<div id=\"jum-collapsible-1\" class=\"content\" data-v-410e9d19=\"\">\n<table class=\"jum-table striped\" aria-label=\"Table containing info\" data-v-e2cf3b44=\"\" data-v-038af5f8=\"\">\n<thead data-v-e2cf3b44=\"\" data-v-038af5f8=\"\">\n<tr class=\"header-row\" data-v-e2cf3b44=\"\" data-v-038af5f8=\"\">\n<th id=\"Voedingswaarden\" class=\"header-column\" data-v-e2cf3b44=\"\" data-v-038af5f8=\"\">N\u00e4hrwerte<\/th>\n<th id=\"Per 100 g\" class=\"header-column\" data-v-e2cf3b44=\"\" data-v-038af5f8=\"\">Pro 100 g<\/th>\n<th id=\"Per portie**\" class=\"header-column\" data-v-e2cf3b44=\"\" data-v-038af5f8=\"\">Pro Portion**<\/th>\n<th id=\"%* per portie**\" class=\"header-column\" data-v-e2cf3b44=\"\" data-v-038af5f8=\"\">%* pro Portion**<\/th>\n<\/tr>\n<\/thead>\n<tbody data-v-e2cf3b44=\"\" data-v-038af5f8=\"\">\n<tr class=\"row\" data-v-e2cf3b44=\"\" data-v-038af5f8=\"\">\n<td class=\"column\" data-v-e2cf3b44=\"\" data-v-038af5f8=\"\">Energie<\/td>\n<td class=\"column\" data-v-e2cf3b44=\"\" data-v-038af5f8=\"\">613 kJ<\/td>\n<td class=\"column\" data-v-e2cf3b44=\"\" data-v-038af5f8=\"\">123 kJ<\/td>\n<td class=\"column\" data-v-e2cf3b44=\"\" data-v-038af5f8=\"\"><\/td>\n<\/tr>\n<tr class=\"row\" data-v-e2cf3b44=\"\" data-v-038af5f8=\"\">\n<td class=\"column\" data-v-e2cf3b44=\"\" data-v-038af5f8=\"\"><\/td>\n<td class=\"column\" data-v-e2cf3b44=\"\" data-v-038af5f8=\"\">(146 kcal)<\/td>\n<td class=\"column\" data-v-e2cf3b44=\"\" data-v-038af5f8=\"\">(29 kcal)<\/td>\n<td class=\"column\" data-v-e2cf3b44=\"\" data-v-038af5f8=\"\">1%<\/td>\n<\/tr>\n<tr class=\"row\" data-v-e2cf3b44=\"\" data-v-038af5f8=\"\">\n<td class=\"column\" data-v-e2cf3b44=\"\" data-v-038af5f8=\"\">Fette<\/td>\n<td class=\"column\" data-v-e2cf3b44=\"\" data-v-038af5f8=\"\">ca. 8,3 g<\/td>\n<td class=\"column\" data-v-e2cf3b44=\"\" data-v-038af5f8=\"\">ca. 1,7 g<\/td>\n<td class=\"column\" data-v-e2cf3b44=\"\" data-v-038af5f8=\"\">2%<\/td>\n<\/tr>\n<tr class=\"row\" data-v-e2cf3b44=\"\" data-v-038af5f8=\"\">\n<td class=\"column\" data-v-e2cf3b44=\"\" data-v-038af5f8=\"\">Davon ges\u00e4ttigte Fetts\u00e4uren<\/td>\n<td class=\"column\" data-v-e2cf3b44=\"\" data-v-038af5f8=\"\">ca. 2,6 g<\/td>\n<td class=\"column\" data-v-e2cf3b44=\"\" data-v-038af5f8=\"\">0,5 g<\/td>\n<td class=\"column\" data-v-e2cf3b44=\"\" data-v-038af5f8=\"\">3%<\/td>\n<\/tr>\n<tr class=\"row\" data-v-e2cf3b44=\"\" data-v-038af5f8=\"\">\n<td class=\"column\" data-v-e2cf3b44=\"\" data-v-038af5f8=\"\">Kohlenhydrate<\/td>\n<td class=\"column\" data-v-e2cf3b44=\"\" data-v-038af5f8=\"\">ca. 6,4 g<\/td>\n<td class=\"column\" data-v-e2cf3b44=\"\" data-v-038af5f8=\"\">ca. 1,3 g<\/td>\n<td class=\"column\" data-v-e2cf3b44=\"\" data-v-038af5f8=\"\">&lt;1%<\/td>\n<\/tr>\n<tr class=\"row\" data-v-e2cf3b44=\"\" data-v-038af5f8=\"\">\n<td class=\"column\" data-v-e2cf3b44=\"\" data-v-038af5f8=\"\">Davon Zucker<\/td>\n<td class=\"column\" data-v-e2cf3b44=\"\" data-v-038af5f8=\"\">&lt;0,5 g<\/td>\n<td class=\"column\" data-v-e2cf3b44=\"\" data-v-038af5f8=\"\">&lt;0,5 g<\/td>\n<td class=\"column\" data-v-e2cf3b44=\"\" data-v-038af5f8=\"\">&lt;1%<\/td>\n<\/tr>\n<tr class=\"row\" data-v-e2cf3b44=\"\" data-v-038af5f8=\"\">\n<td class=\"column\" data-v-e2cf3b44=\"\" data-v-038af5f8=\"\">Proteine<\/td>\n<td class=\"column\" data-v-e2cf3b44=\"\" data-v-038af5f8=\"\">13 g<\/td>\n<td class=\"column\" data-v-e2cf3b44=\"\" data-v-038af5f8=\"\">ca. 2,6 g<\/td>\n<td class=\"column\" data-v-e2cf3b44=\"\" data-v-038af5f8=\"\">5%<\/td>\n<\/tr>\n<tr class=\"row\" data-v-e2cf3b44=\"\" data-v-038af5f8=\"\">\n<td class=\"column\" data-v-e2cf3b44=\"\" data-v-038af5f8=\"\">Salz<\/td>\n<td class=\"column\" data-v-e2cf3b44=\"\" data-v-038af5f8=\"\">2 g<\/td>\n<td class=\"column\" data-v-e2cf3b44=\"\" data-v-038af5f8=\"\">0,4 g<\/td>\n<td class=\"column\" data-v-e2cf3b44=\"\" data-v-038af5f8=\"\">7%<\/td>\n<\/tr>\n<tr class=\"row\" data-v-e2cf3b44=\"\" data-v-038af5f8=\"\">\n<td class=\"column\" colspan=\"4\" data-v-e2cf3b44=\"\" data-v-038af5f8=\"\">* % der Referenzmenge eines durchschnittlichen Erwachsenen (8400 kJ\/2000 kcal).<\/td>\n<\/tr>\n<tr class=\"row\" data-v-e2cf3b44=\"\" data-v-038af5f8=\"\">\n<td class=\"column\" colspan=\"4\" data-v-e2cf3b44=\"\" data-v-038af5f8=\"\">** 1 Portion = 1 Wurst = 20 g (Packung enth\u00e4lt ca. 10 Portionen).<\/td>\n<\/tr>\n<\/tbody>\n<\/table>\n<\/div>\n<\/div>\n<\/div>\n<div class=\"jum-collapsible open\" data-v-410e9d19=\"\" data-v-5e0de994=\"\">\n<div class=\"title-wrapper\" data-v-410e9d19=\"\">\n<h3 class=\"title\">Produktbeschreibung von: Unox Huhn Knaks<\/h3>\n<\/div>\n<div data-v-410e9d19=\"\">\n<div id=\"jum-collapsible-2\" class=\"content\" data-v-410e9d19=\"\">\n<div class=\"mb\">\n<p class=\"mb-0\">Unox Chicken Knaks sind lecker zum Mittagessen oder als Snack und mit Knaks bringt man immer etwas Gutes auf den Tisch!<\/p>\n<p>&#8211; Unox Chicken Knaks mit dem einzigartigen Unox-Gew\u00fcrz f\u00fcr den vertrauten Geschmack<br \/>\n&#8211; Diese leckere Wurst ist im Handumdrehen auf dem Tisch<br \/>\n&#8211; Machen Sie ein Knaks-Sandwich als Snack oder zum Mittagessen<br \/>\n&#8211; Diese Knaks werden mit Freilandh\u00fchnern des G\u00fctezeichens Beter Leven mit 1 Stern zubereitet<br \/>\n&#8211; Unox ist seit mehr als 80 Jahren untrennbar mit der niederl\u00e4ndischen K\u00fcche verbunden<br \/>\n&#8211; Probieren Sie die Unox Beef Knaks<\/p>\n<p>Da wir glauben, dass k\u00f6stliches niederl\u00e4ndisches Essen mit den besten Zutaten beginnt, werden diese Unox Chicken Knaks mit Fleisch von Freilandh\u00fchnern zubereitet. Und die Knaks haben das einzigartige Unox-Gew\u00fcrz, das aus sorgf\u00e4ltig ausgew\u00e4hlten Gew\u00fcrzen besteht. Diese leckere Wurst ist im Handumdrehen auf dem Tisch. Machen Sie ein Knaks-Sandwich als Snack oder w\u00e4hrend des Mittagessens.<\/p>\n<p>Unsere Freilandh\u00fchner werden im Stall gehalten und k\u00f6nnen sowohl drinnen als auch im \u00fcberdachten Auslauf herumlaufen. Mit diesen leckeren Unox Chicken Knaks kannst du dir sicher sein, dass du etwas Gutes auf den Tisch bringst! Unox legt gro\u00dfen Wert auf das Wohlergehen der Tiere. Deshalb wurden unsere Chicken Knaks mit dem G\u00fctesiegel Beter Leven, einem Stern aus dem Tierschutz, ausgezeichnet. Das bedeutet, dass die H\u00fchner, aus denen dieses Fleisch stammt, ein besseres Leben hatten als H\u00fchner ohne dieses G\u00fctezeichen. Daf\u00fcr gibt es strenge Richtlinien, die vom Tierschutz gemacht werden. M\u00f6chten Sie mehr dar\u00fcber erfahren? Dann werfen Sie einen Blick auf die Website Beterleven des Tierschutzes.<\/p>\n<p>Seit mehr als 80 Jahren ist Unox untrennbar mit der niederl\u00e4ndischen K\u00fcche verbunden. Wir glauben, dass die leckersten Produkte nur aus den besten Zutaten hergestellt werden k\u00f6nnen, und deshalb arbeiten wir st\u00e4ndig daran, unsere Produkte zu verbessern. Viele niederl\u00e4ndische Haushalte sind mittlerweile Fans von Unox-Produkten. Es gibt mehrere Geschichten \u00fcber die Entstehung des Markennamens Unox. Man behauptet, dass jemand einmal daran gedacht hat, Unilever, Oss und Ox (englisch f\u00fcr Ochse) zu Unox zu verschmelzen. Und andere schw\u00f6ren, dass der Name das Ergebnis eines Wettbewerbs unter den Mitarbeitern ist. Wie dem auch sei, ab 1937 werden die schmackhaftesten Fleischprodukte unter dem Markennamen Unox hergestellt.<\/p>\n<p>Wir machen nicht nur Knaks, sondern auch Suppe, ger\u00e4ucherte Wurst, Snacks und neuerdings sogar vegetarische Hackb\u00e4llchen. So gibt es f\u00fcr jeden eine Vorspeise, ein Hauptgericht oder einen Snack.<\/p>\n<\/div>\n<\/div>\n<\/div>\n<\/div>\n<div class=\"jum-collapsible\" data-v-410e9d19=\"\" data-v-5e0de994=\"\">\n<div data-v-410e9d19=\"\"><\/div>\n<\/div>\n<div class=\"jum-collapsible open\" data-v-410e9d19=\"\" data-v-1fa7cae0=\"\" data-v-5e0de994=\"\">\n<div class=\"title-wrapper\" data-v-410e9d19=\"\">\n<h3 class=\"title\">Allergiewarnungen von: Unox Knakworst Chicken Knaks<\/h3>\n<\/div>\n<div data-v-410e9d19=\"\">\n<div id=\"jum-collapsible-4\" class=\"content\" data-v-410e9d19=\"\">\n<p class=\"jum-heading h6\">Enth\u00e4lt:<\/p>\n<ul class=\"jum-list contains\" role=\"\" data-v-8e5d626a=\"\" data-v-1fa7cae0=\"\">\n<li data-v-8e5d626a=\"\" data-v-1fa7cae0=\"\">Weizen<\/li>\n<\/ul>\n<\/div>\n<\/div>\n<\/div>\n<div class=\"jum-collapsible\" data-v-410e9d19=\"\" data-v-5e0de994=\"\">\n<div class=\"title-wrapper\" data-v-410e9d19=\"\">\n<div class=\"title\" data-v-410e9d19=\"\"><\/div>\n<\/div>\n<\/div>\n<div class=\"jum-collapsible open\" data-v-410e9d19=\"\" data-v-5e0de994=\"\">\n<div class=\"title-wrapper\" data-v-410e9d19=\"\">\n<h3 class=\"title\">\u00dcber den Hersteller<\/h3>\n<\/div>\n<div data-v-410e9d19=\"\">\n<div id=\"jum-collapsible-6\" class=\"content\" data-v-410e9d19=\"\"><strong>Marke<\/strong><\/div>\n<div class=\"content\" data-v-410e9d19=\"\">\n<p>Entgiften<\/p>\n<p><strong>Website<\/strong><\/p>\n<\/div>\n<div class=\"content\" data-v-410e9d19=\"\">\n<p><a href=\"http:\/\/www.unox.nl\" target=\"_blank\" rel=\"noopener\">www.unox.nl<\/a><\/p>\n<p><strong>Adresse<\/strong><\/p>\n<\/div>\n<div class=\"content\" data-v-410e9d19=\"\">\n<p>Unilever Niederlande, Unox Postfach 160<br \/>\n3000 AD Rotterdam<\/p>\n<p><strong>Telefonnummer<\/strong><\/p>\n<\/div>\n<div class=\"content\" data-v-410e9d19=\"\">\n<p>0800 &#8211; 2358669<\/p>\n<\/div>\n<\/div>\n<\/div>\n<div class=\"jum-nutritional-info jum-product-info-item\">\n<div class=\"jum-product-allergy-info jum-product-info-item\">\n<p>&nbsp;<\/p>\n<\/div>\n<\/div>\n","protected":false},"excerpt":{"rendered":"<p>Umfangreiche Produktinformationen zu: Unox Huhn Knaks Zutaten W\u00fcrste: H\u00fchnerfleisch^1 38%, H\u00e4hnchenseparatorfleisch^1 26%, Wasser, Reismehl, Kartoffelst\u00e4rke, Salz, Weizenfasern, Rinderkollagen, H\u00fchnerkollagen^1, Raucharoma, Stabilisator (E451, E452), Raps\u00f6l, wei\u00dfer Pfeffer, Muskatnussextrakt, Paprika, Antioxidationsmittel (E301, Rosmarinextrakt), Konservierungsmittel E250. Gie\u00dfen: Wasser, Salz. E = EWG-zugelassener Hilfsstoff ^1 = Beter Leven G\u00fctesiegel 1 Stern N\u00e4hrwerte von: Unox Huhn Knaks N\u00e4hrwerte Pro 100 [&#8230;]\n","protected":false},"featured_media":132950,"template":"","meta":{"_acf_changed":false,"_aipt_faq_data":""},"product_brand":[14526],"product_cat":[14534,14529,14536],"product_tag":[],"class_list":{"0":"post-150123","1":"product","2":"type-product","3":"status-publish","4":"has-post-thumbnail","6":"product_brand-unox-de","7":"product_cat-dosenfleisch","8":"product_cat-fleisch-fisch-huhn","9":"product_cat-knakworsten-de","10":"pa_artikelnummer-1947-de","12":"first","13":"onbackorder","14":"taxable","15":"shipping-taxable","16":"purchasable","17":"product-type-simple"},"bundled_by":[],"bundle_stock_status":"onbackorder","bundle_stock_quantity":null,"bundle_virtual":false,"bundle_layout":"","bundle_add_to_cart_form_location":"","bundle_editable_in_cart":false,"bundle_sold_individually_context":"","bundle_item_grouping":"","bundle_min_size":"","bundle_max_size":"","bundle_price":[],"bundled_items":[],"bundle_sell_ids":[],"acf":{"content":"400 gr"},"_links":{"self":[{"href":"https:\/\/realdutchfood.com\/de\/wp-json\/wp\/v2\/product\/150123","targetHints":{"allow":["GET"]}}],"collection":[{"href":"https:\/\/realdutchfood.com\/de\/wp-json\/wp\/v2\/product"}],"about":[{"href":"https:\/\/realdutchfood.com\/de\/wp-json\/wp\/v2\/types\/product"}],"wp:featuredmedia":[{"embeddable":true,"href":"https:\/\/realdutchfood.com\/de\/wp-json\/wp\/v2\/media\/132950"}],"wp:attachment":[{"href":"https:\/\/realdutchfood.com\/de\/wp-json\/wp\/v2\/media?parent=150123"}],"wp:term":[{"taxonomy":"product_brand","embeddable":true,"href":"https:\/\/realdutchfood.com\/de\/wp-json\/wp\/v2\/product_brand?post=150123"},{"taxonomy":"product_cat","embeddable":true,"href":"https:\/\/realdutchfood.com\/de\/wp-json\/wp\/v2\/product_cat?post=150123"},{"taxonomy":"product_tag","embeddable":true,"href":"https:\/\/realdutchfood.com\/de\/wp-json\/wp\/v2\/product_tag?post=150123"}],"curies":[{"name":"wp","href":"https:\/\/api.w.org\/{rel}","templated":true}]}}