{"id":150126,"date":"2017-01-02T10:09:25","date_gmt":"2017-01-02T09:09:25","guid":{"rendered":"https:\/\/realdutchfood.com\/aermelschnitt-chorizo\/"},"modified":"2023-07-18T17:27:13","modified_gmt":"2023-07-18T15:27:13","slug":"huls-geschnittene-chorizo","status":"publish","type":"product","link":"https:\/\/realdutchfood.com\/de\/huls-geschnittene-chorizo\/","title":{"rendered":"Huls geschnittene Chorizo"},"content":{"rendered":"<h2>Umfangreiche Produktinformationen zu: Huls geschnittene Chorizo<\/h2>\n<div class=\"jum-nutritional-info jum-product-info-item\">\n<h3>Produktbeschreibung von: Huls geschnittene Chorizo<\/h3>\n<p>Huls geschnittene Chorizo ist leicht ger\u00e4uchert und w\u00fcrzig im Geschmack. Wir haben die Chorizo bereits in Scheiben geschnitten, sodass Sie das nicht mehr selbst tun m\u00fcssen. Sch\u00f6n und einfach und schnell. K\u00f6stlich zu Getr\u00e4nken, zu einem Chili con Carne oder einem Risotto!<\/p>\n<\/div>\n<div class=\"jum-nutritional-info jum-product-info-item\">\n<h3>N\u00e4hrwerte von: Huls geschnittene Chorizo<\/h3>\n<table class=\"stripes\">\n<thead>\n<tr>\n<th><\/th>\n<th class=\"jum-nutiriton-heading\">pro 100g<\/th>\n<\/tr>\n<\/thead>\n<tbody>\n<tr>\n<th class=\"nutrition-title\">Energie (kJ)<\/th>\n<td>2010 kJ<\/td>\n<\/tr>\n<tr class=\"jum-dark-row\">\n<th class=\"nutrition-title\">Energie (kcal)<\/th>\n<td>487 kcal<\/td>\n<\/tr>\n<tr>\n<th class=\"nutrition-title\">Fette<\/th>\n<td>46,0 g<\/td>\n<\/tr>\n<tr class=\"jum-dark-row\">\n<th class=\"nutrition-title\">-voll<\/th>\n<td>ca. 17,6 g<\/td>\n<\/tr>\n<tr>\n<th class=\"nutrition-title\">Kohlenhydrate<\/th>\n<td>1,0 g<\/td>\n<\/tr>\n<tr class=\"jum-dark-row\">\n<th class=\"nutrition-title\">-Zuckerarten<\/th>\n<td>1,0 g<\/td>\n<\/tr>\n<tr>\n<th class=\"nutrition-title\">Proteine<\/th>\n<td>ca. 17,0 g<\/td>\n<\/tr>\n<tr class=\"jum-dark-row\">\n<th class=\"nutrition-title\">Salz<\/th>\n<td>4,07 g<\/td>\n<\/tr>\n<\/tbody>\n<\/table>\n<\/div>\n<div class=\"jum-ingredients-info jum-product-info-item\">\n<h3>Zutaten<\/h3>\n<ul>\n<li>Fleisch (Schwein, Rind)<\/li>\n<li>Salz<\/li>\n<li>Schweinespeck<\/li>\n<li>Gew\u00fcrze<\/li>\n<li>Paprikapulver<\/li>\n<li>Dextrose<\/li>\n<li>Aroma<\/li>\n<li>Antioxidationsmittel: Natriumascorbat<\/li>\n<li>Gew\u00fcrz-Extrakte<\/li>\n<li>Jahreszeit<\/li>\n<li>Farbstoff: Karmin<\/li>\n<li>Konservierungsmittel: Natriumnitrit<\/li>\n<li>F\u00fcr 100 Gramm Trockenwurst wurden 134 Gramm Fleisch verwendet.<\/li>\n<\/ul>\n<\/div>\n<div class=\"jum-product-allergy-info jum-product-info-item\">\n<h3 id=\"jum-allergy-title\" class=\"jum-warning\">Allergiewarnung<\/h3>\n<ul>\n<li>Laktosefrei<\/li>\n<li>Glutenfrei<\/li>\n<\/ul>\n<\/div>\n","protected":false},"excerpt":{"rendered":"<p>Umfangreiche Produktinformationen zu: Huls geschnittene Chorizo Produktbeschreibung von: Huls geschnittene Chorizo Huls geschnittene Chorizo ist leicht ger\u00e4uchert und w\u00fcrzig im Geschmack. Wir haben die Chorizo bereits in Scheiben geschnitten, sodass Sie das nicht mehr selbst tun m\u00fcssen. Sch\u00f6n und einfach und schnell. K\u00f6stlich zu Getr\u00e4nken, zu einem Chili con Carne oder einem Risotto! N\u00e4hrwerte von: [&#8230;]\n","protected":false},"featured_media":150130,"template":"","meta":{"_acf_changed":false,"_aipt_faq_data":""},"product_brand":[15156],"product_cat":[14534,14529,14991],"product_tag":[],"class_list":{"0":"post-150126","1":"product","2":"type-product","3":"status-publish","4":"has-post-thumbnail","6":"product_brand-huls-de","7":"product_cat-dosenfleisch","8":"product_cat-fleisch-fisch-huhn","9":"product_cat-trockenwuerste","10":"pa_artikelnummer-1993-de","11":"pa_dieet_allergie_biologisch-glutenfrei","12":"pa_dieet_allergie_biologisch-laktosefrei","13":"pa_show-myparcel-options-1-de","15":"first","16":"onbackorder","17":"taxable","18":"shipping-taxable","19":"purchasable","20":"product-type-simple"},"bundled_by":[],"bundle_stock_status":"onbackorder","bundle_stock_quantity":null,"bundle_virtual":false,"bundle_layout":"","bundle_add_to_cart_form_location":"","bundle_editable_in_cart":false,"bundle_sold_individually_context":"","bundle_item_grouping":"","bundle_min_size":"","bundle_max_size":"","bundle_price":[],"bundled_items":[],"bundle_sell_ids":[],"acf":{"content":"230 gr"},"_links":{"self":[{"href":"https:\/\/realdutchfood.com\/de\/wp-json\/wp\/v2\/product\/150126","targetHints":{"allow":["GET"]}}],"collection":[{"href":"https:\/\/realdutchfood.com\/de\/wp-json\/wp\/v2\/product"}],"about":[{"href":"https:\/\/realdutchfood.com\/de\/wp-json\/wp\/v2\/types\/product"}],"wp:featuredmedia":[{"embeddable":true,"href":"https:\/\/realdutchfood.com\/de\/wp-json\/wp\/v2\/media\/150130"}],"wp:attachment":[{"href":"https:\/\/realdutchfood.com\/de\/wp-json\/wp\/v2\/media?parent=150126"}],"wp:term":[{"taxonomy":"product_brand","embeddable":true,"href":"https:\/\/realdutchfood.com\/de\/wp-json\/wp\/v2\/product_brand?post=150126"},{"taxonomy":"product_cat","embeddable":true,"href":"https:\/\/realdutchfood.com\/de\/wp-json\/wp\/v2\/product_cat?post=150126"},{"taxonomy":"product_tag","embeddable":true,"href":"https:\/\/realdutchfood.com\/de\/wp-json\/wp\/v2\/product_tag?post=150126"}],"curies":[{"name":"wp","href":"https:\/\/api.w.org\/{rel}","templated":true}]}}