{"id":150131,"date":"2016-12-31T16:36:12","date_gmt":"2016-12-31T15:36:12","guid":{"rendered":"https:\/\/realdutchfood.com\/schinken-454g\/"},"modified":"2023-12-21T18:51:58","modified_gmt":"2023-12-21T17:51:58","slug":"schinken-454g","status":"publish","type":"product","link":"https:\/\/realdutchfood.com\/de\/schinken-454g\/","title":{"rendered":"Schinken 454g"},"content":{"rendered":"<div class=\"jum-nutritional-info jum-product-info-item\">\n<div class=\"jum-nutritional-info jum-product-info-item\">\n<h1><\/h1>\n<h2 class=\"col-12\">Umfangreiche Produktinformationen<\/h2>\n<div class=\"jum-nutritional-info jum-product-info-item col-12\">\n<h3>Produktbeschreibung zu: Schinken 454g<\/h3>\n<p>Schinken 454g ist ein k\u00f6stliches <a href=\"https:\/\/realdutchfood.com\/de\/dosenfleisch\/\" target=\"_blank\" rel=\"noopener\">Fleischprodukt<\/a>zum W\u00fcrfeln oder W\u00fcrfeln oder W\u00fcrfeln von gebratenem Reis oder Makkaroni. Aber nat\u00fcrlich auch nur auf deinem Sandwich.<\/p>\n<\/div>\n<div class=\"jum-nutritional-info jum-product-info-item col-12\">\n<h3>N\u00e4hrwerte<\/h3>\n<table class=\"stripes\">\n<thead>\n<tr>\n<th><\/th>\n<th class=\"jum-nutiriton-heading\">Pro 100 g<\/th>\n<\/tr>\n<\/thead>\n<tbody>\n<tr>\n<th class=\"nutrition-title\">Energie<\/th>\n<td>647 kJ\/155 kcal<\/td>\n<\/tr>\n<tr class=\"jum-dark-row\">\n<th class=\"nutrition-title\">Fette<\/th>\n<td>ca. 11,0 g<\/td>\n<\/tr>\n<tr>\n<th class=\"nutrition-title\">-davon ges\u00e4ttigte Fetts\u00e4uren<\/th>\n<td>4,0 g<\/td>\n<\/tr>\n<tr class=\"jum-dark-row\">\n<th class=\"nutrition-title\">Kohlenhydrate<\/th>\n<td>ca. 2,0 g<\/td>\n<\/tr>\n<tr>\n<th class=\"nutrition-title\">-davon Zucker<\/th>\n<td>1,0 g<\/td>\n<\/tr>\n<tr class=\"jum-dark-row\">\n<th class=\"nutrition-title\">Proteine<\/th>\n<td>ca. 12,0 g<\/td>\n<\/tr>\n<tr>\n<th class=\"nutrition-title\">Salz<\/th>\n<td>2,45 g<\/td>\n<\/tr>\n<\/tbody>\n<\/table>\n<\/div>\n<div class=\"col-12\">\n<div class=\"jum-lifestyle-images jum-product-info-item row\"><\/div>\n<\/div>\n<div class=\"jum-gda-info jum-product-info-item col-12\"><\/div>\n<div class=\"jum-ingredients-info jum-product-info-item col-12\">\n<h3>Zutaten<\/h3>\n<ul>\n<li>Schweinefleisch 59%<\/li>\n<li>Wasser<\/li>\n<li>Separatorenfleisch 3%<\/li>\n<li>Salz<\/li>\n<li>Zucker<\/li>\n<li>Stabilisatoren: E451, E450<\/li>\n<li>Verdickungsmittel: E407a<\/li>\n<li>Antioxidationsmittel: E316<\/li>\n<li>Rauch Aroma<\/li>\n<li>Konservierungsstoff: E250<\/li>\n<li>E ist ein von der EU zugelassener Hilfsstoff.<\/li>\n<\/ul>\n<\/div>\n<\/div>\n<\/div>\n","protected":false},"excerpt":{"rendered":"<p>Umfangreiche Produktinformationen Produktbeschreibung zu: Schinken 454g Schinken 454g ist ein k\u00f6stliches Fleischproduktzum W\u00fcrfeln oder W\u00fcrfeln oder W\u00fcrfeln von gebratenem Reis oder Makkaroni. Aber nat\u00fcrlich auch nur auf deinem Sandwich. N\u00e4hrwerte Pro 100 g Energie 647 kJ\/155 kcal Fette ca. 11,0 g -davon ges\u00e4ttigte Fetts\u00e4uren 4,0 g Kohlenhydrate ca. 2,0 g -davon Zucker 1,0 g Proteine [&#8230;]\n","protected":false},"featured_media":150140,"template":"","meta":{"_acf_changed":false,"_aipt_faq_data":""},"product_brand":[15319],"product_cat":[14529,14534,14537],"product_tag":[],"class_list":{"0":"post-150131","1":"product","2":"type-product","3":"status-publish","4":"has-post-thumbnail","6":"product_brand-schinken","7":"product_cat-fleisch-fisch-huhn","8":"product_cat-dosenfleisch","9":"product_cat-verschiedene-fleischprodukte","10":"pa_artikelnummer-1991-de","12":"first","13":"onbackorder","14":"taxable","15":"shipping-taxable","16":"purchasable","17":"product-type-simple"},"bundled_by":[],"bundle_stock_status":"onbackorder","bundle_stock_quantity":null,"bundle_virtual":false,"bundle_layout":"","bundle_add_to_cart_form_location":"","bundle_editable_in_cart":false,"bundle_sold_individually_context":"","bundle_item_grouping":"","bundle_min_size":"","bundle_max_size":"","bundle_price":[],"bundled_items":[],"bundle_sell_ids":[],"acf":{"content":"454 gr"},"_links":{"self":[{"href":"https:\/\/realdutchfood.com\/de\/wp-json\/wp\/v2\/product\/150131","targetHints":{"allow":["GET"]}}],"collection":[{"href":"https:\/\/realdutchfood.com\/de\/wp-json\/wp\/v2\/product"}],"about":[{"href":"https:\/\/realdutchfood.com\/de\/wp-json\/wp\/v2\/types\/product"}],"wp:featuredmedia":[{"embeddable":true,"href":"https:\/\/realdutchfood.com\/de\/wp-json\/wp\/v2\/media\/150140"}],"wp:attachment":[{"href":"https:\/\/realdutchfood.com\/de\/wp-json\/wp\/v2\/media?parent=150131"}],"wp:term":[{"taxonomy":"product_brand","embeddable":true,"href":"https:\/\/realdutchfood.com\/de\/wp-json\/wp\/v2\/product_brand?post=150131"},{"taxonomy":"product_cat","embeddable":true,"href":"https:\/\/realdutchfood.com\/de\/wp-json\/wp\/v2\/product_cat?post=150131"},{"taxonomy":"product_tag","embeddable":true,"href":"https:\/\/realdutchfood.com\/de\/wp-json\/wp\/v2\/product_tag?post=150131"}],"curies":[{"name":"wp","href":"https:\/\/api.w.org\/{rel}","templated":true}]}}