{"id":150133,"date":"2016-12-17T13:45:18","date_gmt":"2016-12-17T12:45:18","guid":{"rendered":"https:\/\/realdutchfood.com\/remia-tosti-quick-original-sauce\/"},"modified":"2023-12-14T17:38:17","modified_gmt":"2023-12-14T16:38:17","slug":"remia-tosti-quick-original-sauce","status":"publish","type":"product","link":"https:\/\/realdutchfood.com\/de\/remia-tosti-quick-original-sauce\/","title":{"rendered":"Remia Tosti Quick Original Sauce"},"content":{"rendered":"<h1>Remia Tosti Quick Original Sauce<\/h1>\n<h2>Umfangreiche Produktinformationen<\/h2>\n<div class=\"jum-nutritional-info jum-product-info-item\">\n<h3>Produktbeschreibung von: Remia Tosti Quick Original Sauce<\/h3>\n<p><a href=\"http:\/\/WWW.REMIA.NL\" target=\"_blank\" rel=\"noopener\">Remi<\/a>a Tosti Quick ist eine reichhaltig gef\u00fcllte Tomatensauce, mit der Sie im Handumdrehen ein leckeres Sandwich zubereiten k\u00f6nnen. Dieser <a href=\"https:\/\/realdutchfood.com\/de\/brotbelag\/\" target=\"_blank\" rel=\"noopener\">Brotaufstrich<\/a> war fr\u00fcher als Pizza-Schnellsauce bekannt.<\/p>\n<\/div>\n<div class=\"jum-nutritional-info jum-product-info-item\">\n<h3>N\u00e4hrwerte<\/h3>\n<table class=\"stripes\">\n<thead>\n<tr>\n<th><\/th>\n<th class=\"jum-nutiriton-heading\">pro 100 ml<\/th>\n<\/tr>\n<\/thead>\n<tbody>\n<tr>\n<th class=\"nutrition-title\">Energie<\/th>\n<td>540 kJ (130 kcal)<\/td>\n<\/tr>\n<tr class=\"jum-dark-row\">\n<th class=\"nutrition-title\">Fette<\/th>\n<td>ca. 3,2 g<\/td>\n<\/tr>\n<tr>\n<th class=\"nutrition-title\">Davon ges\u00e4ttigte Fetts\u00e4uren<\/th>\n<td>0 g<\/td>\n<\/tr>\n<tr class=\"jum-dark-row\">\n<th class=\"nutrition-title\">Kohlenhydrate<\/th>\n<td>ca. 23 g<\/td>\n<\/tr>\n<tr>\n<th class=\"nutrition-title\">Davon Zucker<\/th>\n<td>16 g<\/td>\n<\/tr>\n<tr class=\"jum-dark-row\">\n<th class=\"nutrition-title\">Proteine<\/th>\n<td>ca. 1,2 g<\/td>\n<\/tr>\n<tr>\n<th class=\"nutrition-title\">Salz<\/th>\n<td>2,5 g<\/td>\n<\/tr>\n<\/tbody>\n<\/table>\n<\/div>\n<div class=\"jum-lifestyle-images jum-product-info-item\"><\/div>\n<div class=\"jum-gda-info jum-product-info-item\"><\/div>\n<div class=\"jum-ingredients-info jum-product-info-item\">\n<h3>Zutaten<\/h3>\n<ul>\n<li>Tomatenmark (112 g frische Tomaten pro 100 g Sauce)<\/li>\n<li>Maissirup mit hohem Fructosegehalt<\/li>\n<li>Gem\u00fcse: Lauch, Zwiebel und Paprika<\/li>\n<li>Raps\u00f6l<\/li>\n<li>modifizierte St\u00e4rke<\/li>\n<li>Essig<\/li>\n<li>Salz<\/li>\n<li>Jahreszeit<\/li>\n<li>S\u00e4uerungsmittel: Milchs\u00e4ure<\/li>\n<li>Verdickungsmittel: Guarkernmehl<\/li>\n<li>Konservierungsmittel: Kaliumsorbat<\/li>\n<li>Gew\u00fcrze<\/li>\n<\/ul>\n<\/div>\n","protected":false},"excerpt":{"rendered":"<p>Remia Tosti Quick Original Sauce Umfangreiche Produktinformationen Produktbeschreibung von: Remia Tosti Quick Original Sauce Remia Tosti Quick ist eine reichhaltig gef\u00fcllte Tomatensauce, mit der Sie im Handumdrehen ein leckeres Sandwich zubereiten k\u00f6nnen. Dieser Brotaufstrich war fr\u00fcher als Pizza-Schnellsauce bekannt. N\u00e4hrwerte pro 100 ml Energie 540 kJ (130 kcal) Fette ca. 3,2 g Davon ges\u00e4ttigte Fetts\u00e4uren [&#8230;]\n","protected":false},"featured_media":150136,"template":"","meta":{"_acf_changed":false,"_aipt_faq_data":""},"product_brand":[14499],"product_cat":[14479,15109,14528],"product_tag":[],"class_list":{"0":"post-150133","1":"product","2":"type-product","3":"status-publish","4":"has-post-thumbnail","6":"product_brand-remia-de","7":"product_cat-fruehstueck","8":"product_cat-andere-sandwichfuellungen","9":"product_cat-brotbelag","10":"pa_artikelnummer-2863-de","12":"first","13":"onbackorder","14":"taxable","15":"shipping-taxable","16":"purchasable","17":"product-type-simple"},"bundled_by":[],"bundle_stock_status":"onbackorder","bundle_stock_quantity":null,"bundle_virtual":false,"bundle_layout":"","bundle_add_to_cart_form_location":"","bundle_editable_in_cart":false,"bundle_sold_individually_context":"","bundle_item_grouping":"","bundle_min_size":"","bundle_max_size":"","bundle_price":[],"bundled_items":[],"bundle_sell_ids":[],"acf":{"content":"350 ml"},"_links":{"self":[{"href":"https:\/\/realdutchfood.com\/de\/wp-json\/wp\/v2\/product\/150133","targetHints":{"allow":["GET"]}}],"collection":[{"href":"https:\/\/realdutchfood.com\/de\/wp-json\/wp\/v2\/product"}],"about":[{"href":"https:\/\/realdutchfood.com\/de\/wp-json\/wp\/v2\/types\/product"}],"wp:featuredmedia":[{"embeddable":true,"href":"https:\/\/realdutchfood.com\/de\/wp-json\/wp\/v2\/media\/150136"}],"wp:attachment":[{"href":"https:\/\/realdutchfood.com\/de\/wp-json\/wp\/v2\/media?parent=150133"}],"wp:term":[{"taxonomy":"product_brand","embeddable":true,"href":"https:\/\/realdutchfood.com\/de\/wp-json\/wp\/v2\/product_brand?post=150133"},{"taxonomy":"product_cat","embeddable":true,"href":"https:\/\/realdutchfood.com\/de\/wp-json\/wp\/v2\/product_cat?post=150133"},{"taxonomy":"product_tag","embeddable":true,"href":"https:\/\/realdutchfood.com\/de\/wp-json\/wp\/v2\/product_tag?post=150133"}],"curies":[{"name":"wp","href":"https:\/\/api.w.org\/{rel}","templated":true}]}}