{"id":150134,"date":"2016-12-27T08:16:51","date_gmt":"2016-12-27T07:16:51","guid":{"rendered":"https:\/\/realdutchfood.com\/quaker-cruesli-airy-natural\/"},"modified":"2023-12-14T16:53:46","modified_gmt":"2023-12-14T15:53:46","slug":"quaker-cruesli-luftig-natural","status":"publish","type":"product","link":"https:\/\/realdutchfood.com\/de\/quaker-cruesli-luftig-natural\/","title":{"rendered":"Quaker Cruesli luftig Natural"},"content":{"rendered":"<div class=\"jum-nutritional-info jum-product-info-item\">\n<h3>Produktbeschreibung zu: Quaker Cruesli luftig Natural<\/h3>\n<p>76%** Vollkornprodukte<br \/>\n**Quaker Cruesli<a href=\"https:\/\/realdutchfood.com\/de\/fruehstuecksflocken\/\"> Fr\u00fchst\u00fcckscerealien<\/a> sind sorgf\u00e4ltig ausgew\u00e4hlt und 76% Vollkorn.<\/p>\n<p>Quaker Cruesli Luftig, nur ein bisschen unbeschwerter<br \/>\nQuaker Cruesli Luftig nat\u00fcrlich, die ganze G\u00fcte von<a href=\"https:\/\/quaker.nl\/producten\/cruesli\" target=\"_blank\" rel=\"noopener\"> Quaker Cruesli<\/a>, aber nur ein bisschen fluffiger durch die Kombination von Getreide und knusprigen Cornflakes.<\/p>\n<\/div>\n<div class=\"jum-nutritional-info jum-product-info-item\">\n<h3>N\u00e4hrwerte<\/h3>\n<table class=\"stripes\">\n<thead>\n<tr>\n<th><\/th>\n<th class=\"jum-nutiriton-heading\">pro 100 g<\/th>\n<th class=\"jum-nutiriton-heading\">pro 45 g + 100 ml fettarmer Joghurt<\/th>\n<th class=\"jum-nutiriton-heading\">pro 45g\u00b9 (%*)<\/th>\n<\/tr>\n<\/thead>\n<tbody>\n<tr>\n<th class=\"nutrition-title\">Energie<\/th>\n<td>1938 kJ<\/td>\n<td>1021 kJ<\/td>\n<td>872 kJ<\/td>\n<\/tr>\n<tr class=\"jum-dark-row\">\n<th class=\"nutrition-title\"><\/th>\n<td>462 kcal<\/td>\n<td>243 kcal<\/td>\n<td>208 kcal (10%)<\/td>\n<\/tr>\n<tr>\n<th class=\"nutrition-title\">Fette<\/th>\n<td>17 Gramm<\/td>\n<td>7,7 g<\/td>\n<td>7,6 g (11%)<\/td>\n<\/tr>\n<tr class=\"jum-dark-row\">\n<th class=\"nutrition-title\" colspan=\"4\">Wessen:<\/th>\n<\/tr>\n<tr>\n<th class=\"nutrition-title\">&#8211; Ges\u00e4ttigte Fetts\u00e4uren<\/th>\n<td>ca. 1,8 g<\/td>\n<td>0,8 g<\/td>\n<td>0,8 g (4%)<\/td>\n<\/tr>\n<tr class=\"jum-dark-row\">\n<th class=\"nutrition-title\">&#8211; einfach unges\u00e4ttigte Fetts\u00e4uren<\/th>\n<td>12 g<\/td>\n<td>ca. 5,4 g<\/td>\n<td>ca. 5,4 g<\/td>\n<\/tr>\n<tr>\n<th class=\"nutrition-title\">&#8211; Mehrfach unges\u00e4ttigte Fetts\u00e4uren<\/th>\n<td>ca. 2,8 g<\/td>\n<td>ca. 1,3 g<\/td>\n<td>ca. 1,3 g<\/td>\n<\/tr>\n<tr class=\"jum-dark-row\">\n<th class=\"nutrition-title\">Kohlenhydrate<\/th>\n<td>68 Gramm<\/td>\n<td>34 g<\/td>\n<td>31 g<\/td>\n<\/tr>\n<tr>\n<th class=\"nutrition-title\" colspan=\"4\">Wessen:<\/th>\n<\/tr>\n<tr class=\"jum-dark-row\">\n<th class=\"nutrition-title\">-Zuckerarten<\/th>\n<td>21 g<\/td>\n<td>13 g<\/td>\n<td>9,4 g (10%)<\/td>\n<\/tr>\n<tr>\n<th class=\"nutrition-title\">Faser<\/th>\n<td>ca. 4,9 g<\/td>\n<td>ca. 2,2 g<\/td>\n<td>ca. 2,2 g<\/td>\n<\/tr>\n<tr class=\"jum-dark-row\">\n<th class=\"nutrition-title\">Proteine<\/th>\n<td>ca. 6,9 g<\/td>\n<td>7,2 g<\/td>\n<td>ca. 3,1 g<\/td>\n<\/tr>\n<tr>\n<th class=\"nutrition-title\">Salz<\/th>\n<td>0,65 g<\/td>\n<td>0,44 g<\/td>\n<td>0,29 g (5%)<\/td>\n<\/tr>\n<tr class=\"jum-dark-row\">\n<th class=\"nutrition-title\" colspan=\"4\">Vitamine und Mineralstoffe<\/th>\n<\/tr>\n<tr>\n<th class=\"nutrition-title\">Thiamin<\/th>\n<td>0,23 mg (20%)<\/td>\n<td>0,13 mg (12%)<\/td>\n<td>0,10 mg (9%)<\/td>\n<\/tr>\n<tr class=\"jum-dark-row\">\n<th class=\"nutrition-title\">Phosphor<\/th>\n<td>189 mg (27%)<\/td>\n<td>179 mg (26%)<\/td>\n<td>85,1 mg (12%)<\/td>\n<\/tr>\n<tr>\n<th class=\"nutrition-title\">Eisen<\/th>\n<td>1,9 mg (14%)<\/td>\n<td>1,0 mg (7%)<\/td>\n<td>0,9 mg (6%)<\/td>\n<\/tr>\n<tr class=\"jum-dark-row\">\n<th class=\"nutrition-title\" colspan=\"4\">(*) Referenzmenge f\u00fcr einen durchschnittlichen Erwachsenen (8400 KJ\/ 2000 kcal).<\/th>\n<\/tr>\n<tr>\n<th class=\"nutrition-title\" colspan=\"4\">Die individuellen Bed\u00fcrfnisse k\u00f6nnen je nach k\u00f6rperlicher Anstrengung und anderen Faktoren variieren.<\/th>\n<\/tr>\n<tr class=\"jum-dark-row\">\n<th class=\"nutrition-title\" colspan=\"4\">(\u00b9) Durchschnittliche Portion.<\/th>\n<\/tr>\n<tr>\n<th class=\"nutrition-title\" colspan=\"4\">Diese Packung enth\u00e4lt ca. 8-9 Portionen.<\/th>\n<\/tr>\n<\/tbody>\n<\/table>\n<\/div>\n<div class=\"jum-lifestyle-images jum-product-info-item\"><\/div>\n<div class=\"jum-ingredients-info jum-product-info-item\">\n<h3>Inhaltsstoffe von: Quaker Cruesli luftig Natural<\/h3>\n<ul>\n<li><span class=\"jum-highlighted-ingredient\">Haferflocken<\/span> (47%)<\/li>\n<li>Zucker<\/li>\n<li>Sonnenblumen\u00f6l (12%)<\/li>\n<li>glukosesirup<\/li>\n<li>Mais (5,7%)<\/li>\n<li>Reismehl (4,9%)<\/li>\n<li><span class=\"jum-highlighted-ingredient\">Weizenmehl<\/span><\/li>\n<li>Salz<\/li>\n<li>Melasse<\/li>\n<li>Honig (0,5%)<\/li>\n<li>Malzextrakt (aus <span class=\"jum-highlighted-ingredient\">Gerste<\/span>)<\/li>\n<li>Vanille-Aroma<\/li>\n<li>Antioxidans (Tocopherol)<\/li>\n<\/ul>\n<\/div>\n<div class=\"jum-ingredients-info jum-product-info-item\">\n<ul>\n<li>Dieses Produkt wird auf einer Produktionslinie hergestellt, auf der verschiedene Arten von <span class=\"jum-highlighted-ingredient\">N\u00fcssen<\/span> verarbeitet werden.<\/li>\n<\/ul>\n<\/div>\n<div class=\"jum-product-allergy-info jum-product-info-item\">\n<h3 id=\"jum-allergy-title\" class=\"jum-warning\">Allergiewarnung<\/h3>\n<ul>\n<li>Enth\u00e4lt Weizen<\/li>\n<li>Enth\u00e4lt Gerste<\/li>\n<li>Enth\u00e4lt Hafer<\/li>\n<\/ul>\n<\/div>\n<div id=\"maincontent\" class=\"jum-page-content clearfix\">\n<div>\n<div id=\"\" class=\"jum-item jum-item-product jum-horizontal jum-qty-picker-active\" data-jum-product-sku=\"527014PAK\" data-jum-product-impression=\"{\" data-jum-product-click=\"{\">\n<dl>\n<dd class=\"jum-item-add\">\n<div class=\"jum-qty-picker jum-qty-add clearfix jum-picker-standard\" style=\"width: 90px;\" data-jum-role=\"quantityPicker\">\n<form action=\"http:\/\/www.jumbo.com\/INTERSHOP\/web\/WFS\/Jumbo-Grocery-Site\/nl_NL\/-\/EUR\/ViewCart-Dispatch\" method=\"post\" name=\"productForm_527014PAK_1\"><\/form>\n<\/div>\n<\/dd>\n<dd class=\"jum-item-promotion\"><\/dd>\n<\/dl>\n<\/div>\n<\/div>\n<\/div>\n","protected":false},"excerpt":{"rendered":"<p>Produktbeschreibung zu: Quaker Cruesli luftig Natural 76%** Vollkornprodukte **Quaker Cruesli Fr\u00fchst\u00fcckscerealien sind sorgf\u00e4ltig ausgew\u00e4hlt und 76% Vollkorn. Quaker Cruesli Luftig, nur ein bisschen unbeschwerter Quaker Cruesli Luftig nat\u00fcrlich, die ganze G\u00fcte von Quaker Cruesli, aber nur ein bisschen fluffiger durch die Kombination von Getreide und knusprigen Cornflakes. N\u00e4hrwerte pro 100 g pro 45 g + [&#8230;]\n","protected":false},"featured_media":113213,"template":"","meta":{"_acf_changed":false,"_aipt_faq_data":""},"product_brand":[14512],"product_cat":[14479,14513],"product_tag":[],"class_list":{"0":"post-150134","1":"product","2":"type-product","3":"status-publish","4":"has-post-thumbnail","6":"product_brand-quaeker","7":"product_cat-fruehstueck","8":"product_cat-fruehstuecksflocken","9":"pa_artikelnummer-1304-de","10":"pa_dieet_allergie_biologisch-vegan-de","12":"first","13":"instock","14":"sale","15":"taxable","16":"shipping-taxable","17":"purchasable","18":"product-type-simple"},"bundled_by":[],"bundle_stock_status":"instock","bundle_stock_quantity":1,"bundle_virtual":false,"bundle_layout":"","bundle_add_to_cart_form_location":"","bundle_editable_in_cart":false,"bundle_sold_individually_context":"","bundle_item_grouping":"","bundle_min_size":"","bundle_max_size":"","bundle_price":[],"bundled_items":[],"bundle_sell_ids":[],"acf":{"content":"375 gr"},"_links":{"self":[{"href":"https:\/\/realdutchfood.com\/de\/wp-json\/wp\/v2\/product\/150134","targetHints":{"allow":["GET"]}}],"collection":[{"href":"https:\/\/realdutchfood.com\/de\/wp-json\/wp\/v2\/product"}],"about":[{"href":"https:\/\/realdutchfood.com\/de\/wp-json\/wp\/v2\/types\/product"}],"wp:featuredmedia":[{"embeddable":true,"href":"https:\/\/realdutchfood.com\/de\/wp-json\/wp\/v2\/media\/113213"}],"wp:attachment":[{"href":"https:\/\/realdutchfood.com\/de\/wp-json\/wp\/v2\/media?parent=150134"}],"wp:term":[{"taxonomy":"product_brand","embeddable":true,"href":"https:\/\/realdutchfood.com\/de\/wp-json\/wp\/v2\/product_brand?post=150134"},{"taxonomy":"product_cat","embeddable":true,"href":"https:\/\/realdutchfood.com\/de\/wp-json\/wp\/v2\/product_cat?post=150134"},{"taxonomy":"product_tag","embeddable":true,"href":"https:\/\/realdutchfood.com\/de\/wp-json\/wp\/v2\/product_tag?post=150134"}],"curies":[{"name":"wp","href":"https:\/\/api.w.org\/{rel}","templated":true}]}}