{"id":150150,"date":"2016-12-17T12:47:28","date_gmt":"2016-12-17T11:47:28","guid":{"rendered":"https:\/\/realdutchfood.com\/bonne-maman-fourfruits\/"},"modified":"2023-05-18T22:11:04","modified_gmt":"2023-05-18T20:11:04","slug":"bonne-maman-vier-fruechte","status":"publish","type":"product","link":"https:\/\/realdutchfood.com\/de\/bonne-maman-vier-fruechte\/","title":{"rendered":"Bonne Maman Vier Fr\u00fcchte"},"content":{"rendered":"<h2>Umfangreiche Produktinformationen zu: Bonne Maman Vier Fr\u00fcchte<\/h2>\n<div class=\"jum-nutritional-info jum-product-info-item\">\n<p>Zubereitet mit 50 Gramm Fr\u00fcchten pro 100 Gramm. Gesamtzuckergehalt 60 Gramm pro 100 Gramm. Glutenfrei. Extra <a href=\"https:\/\/realdutchfood.com\/de\/konfiture\/\">Marmelade<\/a> mit vier Fr\u00fcchten.<\/p>\n<p>Also mit viel Obst in der Marmelade auf eine gro\u00dfe Nuss gemacht.<\/p>\n<\/div>\n<div class=\"jum-nutritional-info jum-product-info-item\">\n<h3>N\u00e4hrwerte<\/h3>\n<\/div>\n<div class=\"jum-ingredients-info jum-product-info-item\">\n<h3>Zutaten<\/h3>\n<ul>\n<li>Fr\u00fcchte (Kirschen, Erdbeeren, Johannisbeeren, Himbeeren)<\/li>\n<li>Zucker<\/li>\n<li>Rohrzucker<\/li>\n<li>konzentrierter Zitronensaft<\/li>\n<li>Geliermittel: Fruchtpektin<\/li>\n<li>Zubereitet mit 50 Gramm Fr\u00fcchten pro 100 Gramm.<\/li>\n<li>Gesamtzuckergehalt 60 Gramm pro 100 Gramm.<\/li>\n<\/ul>\n<\/div>\n<p>&nbsp;<\/p>\n<div class=\"title-wrapper\" data-v-0ec7390e=\"\">\n<h3 class=\"title\">\u00dcber den Hersteller<\/h3>\n<\/div>\n<div id=\"jum-collapsible-4\" class=\"content\" data-v-0ec7390e=\"\">\n<p><strong>Marke<\/strong><\/p>\n<p>Bonne Maman<\/p>\n<p><strong>Website<\/strong><\/p>\n<p><a href=\"https:\/\/www.bonnemaman.nl\/\" target=\"_blank\" rel=\"noopener\">https:\/\/www.bonnemaman.nl\/<\/a><\/p>\n<\/div>\n","protected":false},"excerpt":{"rendered":"<p>Umfangreiche Produktinformationen zu: Bonne Maman Vier Fr\u00fcchte Zubereitet mit 50 Gramm Fr\u00fcchten pro 100 Gramm. Gesamtzuckergehalt 60 Gramm pro 100 Gramm. Glutenfrei. Extra Marmelade mit vier Fr\u00fcchten. Also mit viel Obst in der Marmelade auf eine gro\u00dfe Nuss gemacht. N\u00e4hrwerte Zutaten Fr\u00fcchte (Kirschen, Erdbeeren, Johannisbeeren, Himbeeren) Zucker Rohrzucker konzentrierter Zitronensaft Geliermittel: Fruchtpektin Zubereitet mit 50 [&#8230;]\n","protected":false},"featured_media":189411,"template":"","meta":{"_acf_changed":false,"_aipt_faq_data":""},"product_brand":[15323],"product_cat":[14528,14479,14569],"product_tag":[],"class_list":{"0":"post-150150","1":"product","2":"type-product","3":"status-publish","4":"has-post-thumbnail","6":"product_brand-bonne-maman-de","7":"product_cat-brotbelag","8":"product_cat-fruehstueck","9":"product_cat-konfiture","10":"pa_artikelnummer-3546-de","11":"pa_dieet_allergie_biologisch-vegan-de","13":"first","14":"onbackorder","15":"taxable","16":"shipping-taxable","17":"purchasable","18":"product-type-simple"},"bundled_by":[],"bundle_stock_status":"onbackorder","bundle_stock_quantity":null,"bundle_virtual":false,"bundle_layout":"","bundle_add_to_cart_form_location":"","bundle_editable_in_cart":false,"bundle_sold_individually_context":"","bundle_item_grouping":"","bundle_min_size":"","bundle_max_size":"","bundle_price":[],"bundled_items":[],"bundle_sell_ids":[],"acf":{"content":"370 gr"},"_links":{"self":[{"href":"https:\/\/realdutchfood.com\/de\/wp-json\/wp\/v2\/product\/150150","targetHints":{"allow":["GET"]}}],"collection":[{"href":"https:\/\/realdutchfood.com\/de\/wp-json\/wp\/v2\/product"}],"about":[{"href":"https:\/\/realdutchfood.com\/de\/wp-json\/wp\/v2\/types\/product"}],"wp:featuredmedia":[{"embeddable":true,"href":"https:\/\/realdutchfood.com\/de\/wp-json\/wp\/v2\/media\/189411"}],"wp:attachment":[{"href":"https:\/\/realdutchfood.com\/de\/wp-json\/wp\/v2\/media?parent=150150"}],"wp:term":[{"taxonomy":"product_brand","embeddable":true,"href":"https:\/\/realdutchfood.com\/de\/wp-json\/wp\/v2\/product_brand?post=150150"},{"taxonomy":"product_cat","embeddable":true,"href":"https:\/\/realdutchfood.com\/de\/wp-json\/wp\/v2\/product_cat?post=150150"},{"taxonomy":"product_tag","embeddable":true,"href":"https:\/\/realdutchfood.com\/de\/wp-json\/wp\/v2\/product_tag?post=150150"}],"curies":[{"name":"wp","href":"https:\/\/api.w.org\/{rel}","templated":true}]}}