{"id":150152,"date":"2016-11-26T10:14:29","date_gmt":"2016-11-26T09:14:29","guid":{"rendered":"https:\/\/realdutchfood.com\/dr-oetker-topping-pink-cupcake-cake-verzierung\/"},"modified":"2023-06-11T14:57:44","modified_gmt":"2023-06-11T12:57:44","slug":"dr-oetker-topping-rosa-cupcake-dekoration","status":"publish","type":"product","link":"https:\/\/realdutchfood.com\/de\/dr-oetker-topping-rosa-cupcake-dekoration\/","title":{"rendered":"Dr. Oetker Topping rosa Cupcake-Dekoration"},"content":{"rendered":"<h2>Umfangreiche Produktinformationen zu: Dr. Oetker Topping rosa Cupcake-Dekoration<\/h2>\n<div class=\"jum-nutritional-info jum-product-info-item\"><\/div>\n<div class=\"jum-product-allergy-info jum-product-info-item\">\n<div class=\"jum-collapsible open\" data-v-410e9d19=\"\" data-v-57bd1f04=\"\">\n<div class=\"title-wrapper\" data-v-410e9d19=\"\">\n<h3 class=\"title\">Zutaten<\/h3>\n<\/div>\n<div data-v-410e9d19=\"\">\n<div id=\"jum-collapsible-0\" class=\"content\" data-v-410e9d19=\"\">\n<ul class=\"mb\">\n<li>Zucker<\/li>\n<li>Wasser<\/li>\n<li>Pflanzen\u00f6l (Palm, Raps)<\/li>\n<li>glukosesirup<\/li>\n<li>modifizierte St\u00e4rke<\/li>\n<li>nat\u00fcrliche Aromen (enth\u00e4lt Milch)<\/li>\n<li>Emulgator (E435)<\/li>\n<li>Konservierungsmittel (E202)<\/li>\n<li>Farbstoff (E120)<\/li>\n<li>S\u00e4ureregulator (E330)<\/li>\n<\/ul>\n<\/div>\n<\/div>\n<\/div>\n<div class=\"jum-collapsible nutritions open\" data-v-410e9d19=\"\" data-v-038af5f8=\"\" data-v-57bd1f04=\"\">\n<div class=\"title-wrapper\" data-v-410e9d19=\"\">\n<h3 class=\"title\">N\u00e4hrwerte von: Dr. Oetker Topping rosa Cupcake-Dekoration<\/h3>\n<\/div>\n<div data-v-410e9d19=\"\">\n<div id=\"jum-collapsible-1\" class=\"content\" data-v-410e9d19=\"\">\n<table class=\"jum-table striped\" aria-label=\"Table containing info\" data-v-e2cf3b44=\"\" data-v-038af5f8=\"\">\n<thead data-v-e2cf3b44=\"\" data-v-038af5f8=\"\">\n<tr class=\"header-row\" data-v-e2cf3b44=\"\" data-v-038af5f8=\"\">\n<th id=\"Voedingswaarden\" class=\"header-column\" data-v-e2cf3b44=\"\" data-v-038af5f8=\"\">N\u00e4hrwerte<\/th>\n<th id=\"Per 100g\" class=\"header-column\" data-v-e2cf3b44=\"\" data-v-038af5f8=\"\">Pro 100g<\/th>\n<\/tr>\n<\/thead>\n<tbody data-v-e2cf3b44=\"\" data-v-038af5f8=\"\">\n<tr class=\"row\" data-v-e2cf3b44=\"\" data-v-038af5f8=\"\">\n<td class=\"column\" data-v-e2cf3b44=\"\" data-v-038af5f8=\"\">Energie<\/td>\n<td class=\"column\" data-v-e2cf3b44=\"\" data-v-038af5f8=\"\">1640 kJ \/ 388 kcal<\/td>\n<\/tr>\n<tr class=\"row\" data-v-e2cf3b44=\"\" data-v-038af5f8=\"\">\n<td class=\"column\" data-v-e2cf3b44=\"\" data-v-038af5f8=\"\">Fette<\/td>\n<td class=\"column\" data-v-e2cf3b44=\"\" data-v-038af5f8=\"\">ca. 6,2 g<\/td>\n<\/tr>\n<tr class=\"row\" data-v-e2cf3b44=\"\" data-v-038af5f8=\"\">\n<td class=\"column\" data-v-e2cf3b44=\"\" data-v-038af5f8=\"\">Davon ges\u00e4ttigte Fetts\u00e4uren<\/td>\n<td class=\"column\" data-v-e2cf3b44=\"\" data-v-038af5f8=\"\">ca. 2,3 g<\/td>\n<\/tr>\n<tr class=\"row\" data-v-e2cf3b44=\"\" data-v-038af5f8=\"\">\n<td class=\"column\" data-v-e2cf3b44=\"\" data-v-038af5f8=\"\">Kohlenhydrate<\/td>\n<td class=\"column\" data-v-e2cf3b44=\"\" data-v-038af5f8=\"\">ca. 83 g<\/td>\n<\/tr>\n<tr class=\"row\" data-v-e2cf3b44=\"\" data-v-038af5f8=\"\">\n<td class=\"column\" data-v-e2cf3b44=\"\" data-v-038af5f8=\"\">Davon Zucker<\/td>\n<td class=\"column\" data-v-e2cf3b44=\"\" data-v-038af5f8=\"\">81 g<\/td>\n<\/tr>\n<tr class=\"row\" data-v-e2cf3b44=\"\" data-v-038af5f8=\"\">\n<td class=\"column\" data-v-e2cf3b44=\"\" data-v-038af5f8=\"\">Proteine<\/td>\n<td class=\"column\" data-v-e2cf3b44=\"\" data-v-038af5f8=\"\">0 g<\/td>\n<\/tr>\n<tr class=\"row\" data-v-e2cf3b44=\"\" data-v-038af5f8=\"\">\n<td class=\"column\" data-v-e2cf3b44=\"\" data-v-038af5f8=\"\">Salz<\/td>\n<td class=\"column\" data-v-e2cf3b44=\"\" data-v-038af5f8=\"\">0,01 g<\/td>\n<\/tr>\n<\/tbody>\n<\/table>\n<\/div>\n<\/div>\n<\/div>\n<div class=\"jum-collapsible open\" data-v-410e9d19=\"\" data-v-57bd1f04=\"\">\n<div class=\"title-wrapper\" data-v-410e9d19=\"\">\n<h3 class=\"title\">Produktbeschreibung von: Dr. Oetker Topping rosa Cupcake-Dekoration<\/h3>\n<\/div>\n<div data-v-410e9d19=\"\">\n<div id=\"jum-collapsible-2\" class=\"content\" data-v-410e9d19=\"\">\n<div class=\"mb\">\n<p class=\"block\">Topping Pink &#8211; Zuckerdekoration<\/p>\n<p class=\"block\">Mit Dr. Oetker Topping Roze kannst du die sch\u00f6nsten rosa B\u00fcschel auf deine Cupcakes zaubern. Einfach, schnell und nat\u00fcrlich lecker, das ist Dr. Oetker Topping Pink. Mit diesem Produkt erhalten Sie vier verschiedene D\u00fcsen. So k\u00f6nnen Sie die Cupcakes ganz einfach mit rosa Streifen, Karos, Linien oder B\u00fcscheln dekorieren. Die ideale Basis, um Ihre Cupcakes und andere Backwaren zu dekorieren.<\/p>\n<p>&#8211; Festliche rosa Dekoration zum Backen<br \/>\n&#8211; Sofort einsatzbereit<br \/>\n&#8211; 4 Arten von D\u00fcsen f\u00fcr 4 Dekorationsvarianten<br \/>\n&#8211; 140 Gramm rosa Topping zum Schlemmen<br \/>\n&#8211; Perfekt f\u00fcr eine Babyparty, einen Geburtstag oder einen Backmoment mit den Kindern<\/p>\n<p>Tipp: M\u00f6chten Sie Cupcakes mit Marzipan dekorieren? Dann zuerst eine Schicht Topping auf den Cupcake geben. Dadurch bleibt das Marzipan cremig und die Verzierungen haften besser am Cupcake. Au\u00dferdem ist es auch besonders lecker!<\/p>\n<\/div>\n<\/div>\n<\/div>\n<\/div>\n<div class=\"jum-collapsible open\" data-v-410e9d19=\"\" data-v-1fa7cae0=\"\" data-v-57bd1f04=\"\">\n<div class=\"title-wrapper\" data-v-410e9d19=\"\">\n<h3 class=\"title\">Allergiewarnungen<\/h3>\n<\/div>\n<div data-v-410e9d19=\"\">\n<div id=\"jum-collapsible-3\" class=\"content\" data-v-410e9d19=\"\">\n<p class=\"jum-heading h6\">Enth\u00e4lt:<\/p>\n<ul class=\"jum-list contains\" role=\"\" data-v-8e5d626a=\"\" data-v-1fa7cae0=\"\">\n<li data-v-8e5d626a=\"\" data-v-1fa7cae0=\"\">Milch<\/li>\n<\/ul>\n<\/div>\n<\/div>\n<\/div>\n<div class=\"jum-collapsible open\" data-v-410e9d19=\"\" data-v-57bd1f04=\"\">\n<div class=\"title-wrapper\" data-v-410e9d19=\"\">\n<h3 class=\"title\">Lagerung &amp; Nutzung<\/h3>\n<\/div>\n<div data-v-410e9d19=\"\">\n<div id=\"jum-collapsible-4\" class=\"content\" data-v-410e9d19=\"\"><strong>Erhalten<\/strong><\/div>\n<div class=\"content\" data-v-410e9d19=\"\">\n<p>K\u00fchl und trocken lagern.<br \/>\nHaltbarkeit 30 Tage nach dem \u00d6ffnen.<br \/>\nMindestens haltbar bis: siehe top<\/p>\n<\/div>\n<\/div>\n<\/div>\n<div class=\"jum-collapsible open\" data-v-410e9d19=\"\" data-v-57bd1f04=\"\">\n<div class=\"title-wrapper\" data-v-410e9d19=\"\">\n<h3 class=\"title\">\u00dcber den Hersteller von: Dr. Oetker Topping rosa Cupcake-Dekoration<\/h3>\n<\/div>\n<div data-v-410e9d19=\"\">\n<div id=\"jum-collapsible-5\" class=\"content\" data-v-410e9d19=\"\"><strong>Marke<\/strong><\/div>\n<div class=\"content\" data-v-410e9d19=\"\">\n<p>Mit den Toppings von Dr. Oetker machst du deinen Backmoment noch lustiger, die Leckereien sehen noch sch\u00f6ner aus und schmecken noch besser. Mit Dr. Oetker k\u00f6nnen Sie fr\u00f6hlich dekorieren! Auf der Suche nach weiteren Tipps und Inspirationen finden Sie www.oetker.nl Backvideos und Variationsrezepte, um sich die Finger zu lecken.<\/p>\n<p><strong>Website<\/strong><\/p>\n<\/div>\n<div class=\"content\" data-v-410e9d19=\"\">\n<p><a href=\"http:\/\/www.oetker.nl\" target=\"_blank\" rel=\"noopener\">www.oetker.nl<\/a><\/p>\n<p><strong>Adresse<\/strong><\/p>\n<\/div>\n<div class=\"content\" data-v-410e9d19=\"\">\n<p>Dr. Oetker<br \/>\nAntwortnummer 7204,<br \/>\n3800 TE Amersfoort<\/p>\n<p><strong>Telefonnummer<\/strong><\/p>\n<\/div>\n<div class=\"content\" data-v-410e9d19=\"\">\n<p>0800-0220770<\/p>\n<\/div>\n<\/div>\n<\/div>\n<div class=\"jum-collapsible open\" data-v-410e9d19=\"\" data-v-57bd1f04=\"\">\n<div class=\"title-wrapper\" data-v-410e9d19=\"\">\n<h3 class=\"title\">Ursprung<\/h3>\n<\/div>\n<div data-v-410e9d19=\"\">\n<div id=\"jum-collapsible-6\" class=\"content\" data-v-410e9d19=\"\"><strong>Herkunftsland<\/strong><\/div>\n<div class=\"content\" data-v-410e9d19=\"\">\n<p>Niederlande<\/p>\n<\/div>\n<\/div>\n<\/div>\n<\/div>\n","protected":false},"excerpt":{"rendered":"<p>Umfangreiche Produktinformationen zu: Dr. Oetker Topping rosa Cupcake-Dekoration Zutaten Zucker Wasser Pflanzen\u00f6l (Palm, Raps) glukosesirup modifizierte St\u00e4rke nat\u00fcrliche Aromen (enth\u00e4lt Milch) Emulgator (E435) Konservierungsmittel (E202) Farbstoff (E120) S\u00e4ureregulator (E330) N\u00e4hrwerte von: Dr. Oetker Topping rosa Cupcake-Dekoration N\u00e4hrwerte Pro 100g Energie 1640 kJ \/ 388 kcal Fette ca. 6,2 g Davon ges\u00e4ttigte Fetts\u00e4uren ca. 2,3 g [&#8230;]\n","protected":false},"featured_media":111614,"template":"","meta":{"_acf_changed":false,"_aipt_faq_data":""},"product_brand":[14760],"product_cat":[14535,14538],"product_tag":[],"class_list":{"0":"post-150152","1":"product","2":"type-product","3":"status-publish","4":"has-post-thumbnail","6":"product_brand-dr-oetker-de","7":"product_cat-backwaren-und-backmischungen","8":"product_cat-backzutaten","9":"pa_artikelnummer-3166-de","11":"first","12":"onbackorder","13":"taxable","14":"shipping-taxable","15":"purchasable","16":"product-type-simple"},"bundled_by":[],"bundle_stock_status":"onbackorder","bundle_stock_quantity":null,"bundle_virtual":false,"bundle_layout":"","bundle_add_to_cart_form_location":"","bundle_editable_in_cart":false,"bundle_sold_individually_context":"","bundle_item_grouping":"","bundle_min_size":"","bundle_max_size":"","bundle_price":[],"bundled_items":[],"bundle_sell_ids":[],"acf":{"content":"140 gr"},"_links":{"self":[{"href":"https:\/\/realdutchfood.com\/de\/wp-json\/wp\/v2\/product\/150152","targetHints":{"allow":["GET"]}}],"collection":[{"href":"https:\/\/realdutchfood.com\/de\/wp-json\/wp\/v2\/product"}],"about":[{"href":"https:\/\/realdutchfood.com\/de\/wp-json\/wp\/v2\/types\/product"}],"wp:featuredmedia":[{"embeddable":true,"href":"https:\/\/realdutchfood.com\/de\/wp-json\/wp\/v2\/media\/111614"}],"wp:attachment":[{"href":"https:\/\/realdutchfood.com\/de\/wp-json\/wp\/v2\/media?parent=150152"}],"wp:term":[{"taxonomy":"product_brand","embeddable":true,"href":"https:\/\/realdutchfood.com\/de\/wp-json\/wp\/v2\/product_brand?post=150152"},{"taxonomy":"product_cat","embeddable":true,"href":"https:\/\/realdutchfood.com\/de\/wp-json\/wp\/v2\/product_cat?post=150152"},{"taxonomy":"product_tag","embeddable":true,"href":"https:\/\/realdutchfood.com\/de\/wp-json\/wp\/v2\/product_tag?post=150152"}],"curies":[{"name":"wp","href":"https:\/\/api.w.org\/{rel}","templated":true}]}}