{"id":150163,"date":"2016-11-26T14:03:27","date_gmt":"2016-11-26T13:03:27","guid":{"rendered":"https:\/\/realdutchfood.com\/dr-oetker-glasur-rosa-himbeergeschmack\/"},"modified":"2023-05-29T19:27:57","modified_gmt":"2023-05-29T17:27:57","slug":"dr-oetker-glasur-rosa-himbeer-geschmack","status":"publish","type":"product","link":"https:\/\/realdutchfood.com\/de\/dr-oetker-glasur-rosa-himbeer-geschmack\/","title":{"rendered":"Dr. Oetker Glasur Rosa Himbeergeschmack"},"content":{"rendered":"<div class=\"large-6 columns\">\n<div class=\"jum-nutritional-info jum-product-info-item\">\n<div class=\"jum-nutritional-info jum-product-info-item\">\n<h2 class=\"jum-heading h4\">Produktinformationen zu: Dr. Oetker Glasur Rosa Himbeergeschmack<\/h2>\n<div class=\"jum-collapsible open\" data-v-6df6b348=\"\" data-v-203004f3=\"\">\n<div class=\"title-wrapper\" data-v-6df6b348=\"\">\n<h3 class=\"title\">Inhaltsstoffe von: Dr. Oetker Glasur Rosa Himbeergeschmack<\/h3>\n<\/div>\n<div id=\"jum-collapsible-0\" class=\"content\" data-v-6df6b348=\"\">\n<ul class=\"mb\">\n<li>Zucker<\/li>\n<li>glukosesirup<\/li>\n<li>Wasser<\/li>\n<li>Konservierungsmittel (Kaliumsorbat)<\/li>\n<li>Emulgator (Zuckerester aus Fetts\u00e4uren aus Lebensmitteln)<\/li>\n<li>Aroma<\/li>\n<li>Farbstoff (karminrot)<\/li>\n<\/ul>\n<\/div>\n<\/div>\n<div class=\"jum-collapsible open\" data-v-6df6b348=\"\" data-v-01faa7d6=\"\" data-v-203004f3=\"\">\n<h3 class=\"title-wrapper\">N\u00e4hrwerte<\/h3>\n<div id=\"jum-collapsible-1\" class=\"content\" data-v-6df6b348=\"\">\n<table class=\"mb\" width=\"100%\" data-v-01faa7d6=\"\">\n<thead data-v-01faa7d6=\"\">\n<tr class=\"text-left\" data-v-01faa7d6=\"\">\n<th data-v-01faa7d6=\"\">N\u00e4hrwerte<\/th>\n<th data-v-01faa7d6=\"\">Pro 100g<\/th>\n<\/tr>\n<\/thead>\n<tbody data-v-01faa7d6=\"\">\n<tr data-v-01faa7d6=\"\">\n<td data-v-01faa7d6=\"\">Energie<\/td>\n<td data-v-01faa7d6=\"\">1461 kJ \/ 344 kcal<\/td>\n<\/tr>\n<tr data-v-01faa7d6=\"\">\n<td data-v-01faa7d6=\"\">Fette<\/td>\n<td data-v-01faa7d6=\"\">0 g<\/td>\n<\/tr>\n<tr data-v-01faa7d6=\"\">\n<td data-v-01faa7d6=\"\">Davon ges\u00e4ttigte Fetts\u00e4uren<\/td>\n<td data-v-01faa7d6=\"\">0 g<\/td>\n<\/tr>\n<tr data-v-01faa7d6=\"\">\n<td data-v-01faa7d6=\"\">Kohlenhydrate<\/td>\n<td data-v-01faa7d6=\"\">ca. 86 g<\/td>\n<\/tr>\n<tr data-v-01faa7d6=\"\">\n<td data-v-01faa7d6=\"\">Davon Zucker<\/td>\n<td data-v-01faa7d6=\"\">76 g<\/td>\n<\/tr>\n<tr data-v-01faa7d6=\"\">\n<td data-v-01faa7d6=\"\">Proteine<\/td>\n<td data-v-01faa7d6=\"\">0 g<\/td>\n<\/tr>\n<tr data-v-01faa7d6=\"\">\n<td data-v-01faa7d6=\"\">Salz<\/td>\n<td data-v-01faa7d6=\"\">0 g<\/td>\n<\/tr>\n<\/tbody>\n<\/table>\n<\/div>\n<\/div>\n<div class=\"jum-collapsible open\" data-v-6df6b348=\"\" data-v-203004f3=\"\">\n<div class=\"title-wrapper\" data-v-6df6b348=\"\">\n<h3 class=\"title\">Produktbeschreibung<\/h3>\n<\/div>\n<div id=\"jum-collapsible-2\" class=\"content\" data-v-6df6b348=\"\">\n<div class=\"mb\">\n<p class=\"mb-0\"><a href=\"https:\/\/realdutchfood.com\/de\/garnieren\/\">Dr. Oetker Glasur Rosa Himbeergeschmack<\/a> ist k\u00f6stlich s\u00fc\u00df im Geschmack und kann auf Kuchen, Keksen, Muffins und Cupcakes verwendet werden. Auch n\u00fctzlich als Grundlage f\u00fcr die Dekoration! Eine T\u00fcte reicht f\u00fcr ca. 12 Cupcakes oder 1 Kuchen.<\/p>\n<\/div>\n<\/div>\n<\/div>\n<div class=\"jum-collapsible open\" data-v-6df6b348=\"\" data-v-203004f3=\"\">\n<div class=\"title-wrapper\" data-v-6df6b348=\"\">\n<h4 class=\"title\"><strong>Zubereitungsmethode<\/strong><\/h4>\n<\/div>\n<div id=\"jum-collapsible-3\" class=\"content\" data-v-6df6b348=\"\">\n<p>1. Legen Sie den Beutel 5 Minuten lang in eine Pfanne oder Sch\u00fcssel mit viel hei\u00dfem (nicht kochendem) Wasser. Stellen Sie sicher, dass der Beutel unter Wasser bleibt.<br \/>\n2. Nehmen Sie den Beutel aus dem Wasser und kneten Sie den Glasurbeutel gut.<br \/>\n3. Schneiden Sie die obere Ecke des Beutels ab (siehe Schneide) und gie\u00dfen Sie die fl\u00fcssige Glasur \u00fcber das abgek\u00fchlte Backen. Bei Bedarf die Glasur mit einem Flachmesser glatt streichen.<br \/>\n4. Lassen Sie die Glasur ca. 30 Minuten abk\u00fchlen.<br \/>\nTrinkgeld<br \/>\nWenn Sie die Glasur z.B. mit Dr. Oetker Streudeko dekorieren m\u00f6chten, tun Sie dies unmittelbar nach dem Auftragen der Glasur auf den Backvorgang. Viel Spa\u00df beim Backen!<\/p>\n<\/div>\n<\/div>\n<div class=\"jum-collapsible open\" data-v-6df6b348=\"\" data-v-203004f3=\"\">\n<div class=\"title-wrapper\" data-v-6df6b348=\"\">\n<div class=\"title\" data-v-6df6b348=\"\">Lagerung &amp; Nutzung<\/div>\n<div data-v-6df6b348=\"\"><\/div>\n<\/div>\n<div id=\"jum-collapsible-4\" class=\"content\" data-v-6df6b348=\"\"><strong>Erhalten<\/strong> K\u00fchl und trocken lagern.<br \/>\nMindestens haltbar bis: siehe top<\/div>\n<\/div>\n<div class=\"jum-collapsible open\" data-v-6df6b348=\"\" data-v-203004f3=\"\">\n<div class=\"title-wrapper\" data-v-6df6b348=\"\">\n<div class=\"title\" data-v-6df6b348=\"\">\u00dcber den Hersteller<\/div>\n<div data-v-6df6b348=\"\"><\/div>\n<\/div>\n<div id=\"jum-collapsible-5\" class=\"content\" data-v-6df6b348=\"\">\n<p><strong>Marke<\/strong> Inspiration zum Backen &#8211; oetker.nl<\/p>\n<p>Tipps und Inspirationen finden Sie unter www.oetker.nl<\/p>\n<p><strong>Webseite<\/strong>www.oetker.nl<\/p>\n<p><strong>Adresse<\/strong>Dr. Oetker<br \/>\nAntwortnummer 7204,<br \/>\n3800 TE Amersfoort<\/p>\n<p><strong>Telefonnummer<\/strong>: 0800-0220770<\/p>\n<\/div>\n<\/div>\n<\/div>\n<\/div>\n<\/div>\n","protected":false},"excerpt":{"rendered":"<p>Produktinformationen zu: Dr. Oetker Glasur Rosa Himbeergeschmack Inhaltsstoffe von: Dr. Oetker Glasur Rosa Himbeergeschmack Zucker glukosesirup Wasser Konservierungsmittel (Kaliumsorbat) Emulgator (Zuckerester aus Fetts\u00e4uren aus Lebensmitteln) Aroma Farbstoff (karminrot) N\u00e4hrwerte N\u00e4hrwerte Pro 100g Energie 1461 kJ \/ 344 kcal Fette 0 g Davon ges\u00e4ttigte Fetts\u00e4uren 0 g Kohlenhydrate ca. 86 g Davon Zucker 76 g Proteine [&#8230;]\n","protected":false},"featured_media":118593,"template":"","meta":{"_acf_changed":false,"_aipt_faq_data":""},"product_brand":[14760],"product_cat":[14535,15337],"product_tag":[],"class_list":{"0":"post-150163","1":"product","2":"type-product","3":"status-publish","4":"has-post-thumbnail","6":"product_brand-dr-oetker-de","7":"product_cat-backwaren-und-backmischungen","8":"product_cat-garnieren","9":"pa_artikelnummer-988-de","11":"first","12":"onbackorder","13":"taxable","14":"shipping-taxable","15":"purchasable","16":"product-type-simple"},"bundled_by":[],"bundle_stock_status":"onbackorder","bundle_stock_quantity":null,"bundle_virtual":false,"bundle_layout":"","bundle_add_to_cart_form_location":"","bundle_editable_in_cart":false,"bundle_sold_individually_context":"","bundle_item_grouping":"","bundle_min_size":"","bundle_max_size":"","bundle_price":[],"bundled_items":[],"bundle_sell_ids":[],"acf":{"content":"125 gr"},"_links":{"self":[{"href":"https:\/\/realdutchfood.com\/de\/wp-json\/wp\/v2\/product\/150163","targetHints":{"allow":["GET"]}}],"collection":[{"href":"https:\/\/realdutchfood.com\/de\/wp-json\/wp\/v2\/product"}],"about":[{"href":"https:\/\/realdutchfood.com\/de\/wp-json\/wp\/v2\/types\/product"}],"wp:featuredmedia":[{"embeddable":true,"href":"https:\/\/realdutchfood.com\/de\/wp-json\/wp\/v2\/media\/118593"}],"wp:attachment":[{"href":"https:\/\/realdutchfood.com\/de\/wp-json\/wp\/v2\/media?parent=150163"}],"wp:term":[{"taxonomy":"product_brand","embeddable":true,"href":"https:\/\/realdutchfood.com\/de\/wp-json\/wp\/v2\/product_brand?post=150163"},{"taxonomy":"product_cat","embeddable":true,"href":"https:\/\/realdutchfood.com\/de\/wp-json\/wp\/v2\/product_cat?post=150163"},{"taxonomy":"product_tag","embeddable":true,"href":"https:\/\/realdutchfood.com\/de\/wp-json\/wp\/v2\/product_tag?post=150163"}],"curies":[{"name":"wp","href":"https:\/\/api.w.org\/{rel}","templated":true}]}}