{"id":150165,"date":"2016-11-20T19:50:04","date_gmt":"2016-11-20T18:50:04","guid":{"rendered":"https:\/\/realdutchfood.com\/koopmans-weizengriess-natuerlich\/"},"modified":"2024-11-22T19:55:36","modified_gmt":"2024-11-22T18:55:36","slug":"koopmans-weizengriess","status":"publish","type":"product","link":"https:\/\/realdutchfood.com\/de\/koopmans-weizengriess\/","title":{"rendered":"Koopmans Weizengrie\u00df"},"content":{"rendered":"<div class=\"jum-summary-description\"><span style=\"font-size: 23.04px; color: #333333;\">Umfangreiche Produktinformationen zu: Koopmans Weizengrie\u00df <\/span><\/div>\n<div class=\"jum-nutritional-info jum-product-info-item\">\n<h3>Produktbeschreibung zu: Koopmans Weizengrie\u00df<\/h3>\n<p>Weizengrie\u00df nat\u00fcrlich. Mit Koopmans Weizengrie\u00df k\u00f6nnen Sie ganz einfach einen leckeren Grie\u00dfpudding zum <a href=\"https:\/\/realdutchfood.com\/de\/desserts-de\/\">Nachtisch<\/a> zubereiten.<\/p>\n<h3>N\u00e4hrwerte<\/h3>\n<table class=\"mb\" width=\"100%\" data-v-01faa7d6=\"\">\n<thead data-v-01faa7d6=\"\">\n<tr class=\"text-left\" data-v-01faa7d6=\"\">\n<th data-v-01faa7d6=\"\">N\u00e4hrwerte<\/th>\n<th data-v-01faa7d6=\"\">Das zubereitete Produkt* besteht aus ca. 20 Portionen und enth\u00e4lt: pro 100 g<\/th>\n<th data-v-01faa7d6=\"\">Das zubereitete Produkt* besteht aus ca. 20 Portionen und enth\u00e4lt: 150 g pro Portion<\/th>\n<th data-v-01faa7d6=\"\">Das zubereitete Produkt besteht aus ca. 20 Portionen und enth\u00e4lt: %**<\/th>\n<\/tr>\n<\/thead>\n<tbody data-v-01faa7d6=\"\">\n<tr data-v-01faa7d6=\"\">\n<td data-v-01faa7d6=\"\">Energie<\/td>\n<td data-v-01faa7d6=\"\">494 kJ<\/td>\n<td data-v-01faa7d6=\"\">740 kJ<\/td>\n<td data-v-01faa7d6=\"\">9%<\/td>\n<\/tr>\n<tr data-v-01faa7d6=\"\">\n<td data-v-01faa7d6=\"\"><\/td>\n<td data-v-01faa7d6=\"\">117 kcal<\/td>\n<td data-v-01faa7d6=\"\">175 kcal<\/td>\n<td data-v-01faa7d6=\"\"><\/td>\n<\/tr>\n<tr data-v-01faa7d6=\"\">\n<td data-v-01faa7d6=\"\">Fette<\/td>\n<td data-v-01faa7d6=\"\">ca. 1,7 g<\/td>\n<td data-v-01faa7d6=\"\">ca. 2,6 g<\/td>\n<td data-v-01faa7d6=\"\">4%<\/td>\n<\/tr>\n<tr data-v-01faa7d6=\"\">\n<td data-v-01faa7d6=\"\">Davon ges\u00e4ttigte Fetts\u00e4uren<\/td>\n<td data-v-01faa7d6=\"\">ca. 1,1 g<\/td>\n<td data-v-01faa7d6=\"\">ca. 1,6 g<\/td>\n<td data-v-01faa7d6=\"\">8%<\/td>\n<\/tr>\n<tr data-v-01faa7d6=\"\">\n<td data-v-01faa7d6=\"\">Kohlenhydrate<\/td>\n<td data-v-01faa7d6=\"\">ca. 20 g<\/td>\n<td data-v-01faa7d6=\"\">31 g<\/td>\n<td data-v-01faa7d6=\"\">12%<\/td>\n<\/tr>\n<tr data-v-01faa7d6=\"\">\n<td data-v-01faa7d6=\"\">Davon Zucker<\/td>\n<td data-v-01faa7d6=\"\">13 g<\/td>\n<td data-v-01faa7d6=\"\">ca. 20 g<\/td>\n<td data-v-01faa7d6=\"\">22%<\/td>\n<\/tr>\n<tr data-v-01faa7d6=\"\">\n<td data-v-01faa7d6=\"\">Proteine<\/td>\n<td data-v-01faa7d6=\"\">4,7 g<\/td>\n<td data-v-01faa7d6=\"\">ca. 7,1 g<\/td>\n<td data-v-01faa7d6=\"\">14%<\/td>\n<\/tr>\n<tr data-v-01faa7d6=\"\">\n<td data-v-01faa7d6=\"\">Salz<\/td>\n<td data-v-01faa7d6=\"\">0,12 g<\/td>\n<td data-v-01faa7d6=\"\">0,17 g<\/td>\n<td data-v-01faa7d6=\"\">3%<\/td>\n<\/tr>\n<tr data-v-01faa7d6=\"\">\n<td colspan=\"4\" data-v-01faa7d6=\"\">* Zubereitet nach Standardzubereitung Grie\u00dfpudding<\/td>\n<\/tr>\n<tr data-v-01faa7d6=\"\">\n<td colspan=\"4\" data-v-01faa7d6=\"\">** Referenzmenge f\u00fcr einen durchschnittlichen Erwachsenen (8400 kJ \/ 2000 kcal)<\/td>\n<\/tr>\n<\/tbody>\n<\/table>\n<\/div>\n<div class=\"jum-ingredients-info jum-product-info-item\">\n<h3>Zutaten<\/h3>\n<ul>\n<li><span class=\"jum-highlighted-ingredient\">Weizengrie\u00df<\/span><\/li>\n<\/ul>\n<\/div>\n<div class=\"jum-ingredients-info jum-product-info-item\"><\/div>\n<div class=\"jum-product-allergy-info jum-product-info-item\">\n<h3 id=\"jum-allergy-title\" class=\"jum-warning\">Allergiewarnung<\/h3>\n<ul>\n<li>Kann folgende Eier enthalten<\/li>\n<li>Kann Milch enthalten<\/li>\n<li>Enth\u00e4lt Weizen<\/li>\n<\/ul>\n<\/div>\n","protected":false},"excerpt":{"rendered":"<p>Umfangreiche Produktinformationen zu: Koopmans Weizengrie\u00df Produktbeschreibung zu: Koopmans Weizengrie\u00df Weizengrie\u00df nat\u00fcrlich. Mit Koopmans Weizengrie\u00df k\u00f6nnen Sie ganz einfach einen leckeren Grie\u00dfpudding zum Nachtisch zubereiten. N\u00e4hrwerte N\u00e4hrwerte Das zubereitete Produkt* besteht aus ca. 20 Portionen und enth\u00e4lt: pro 100 g Das zubereitete Produkt* besteht aus ca. 20 Portionen und enth\u00e4lt: 150 g pro Portion Das zubereitete [&#8230;]\n","protected":false},"featured_media":111603,"template":"","meta":{"_acf_changed":false,"_aipt_faq_data":""},"product_brand":[14599],"product_cat":[15075,14492],"product_tag":[],"class_list":{"0":"post-150165","1":"product","2":"type-product","3":"status-publish","4":"has-post-thumbnail","6":"product_brand-koopmans-de","7":"product_cat-desserts-de","8":"product_cat-milchprodukte","9":"pa_artikelnummer-2035-de","11":"first","12":"onbackorder","13":"taxable","14":"shipping-taxable","15":"purchasable","16":"product-type-simple"},"bundled_by":[],"bundle_stock_status":"onbackorder","bundle_stock_quantity":null,"bundle_virtual":false,"bundle_layout":"","bundle_add_to_cart_form_location":"","bundle_editable_in_cart":false,"bundle_sold_individually_context":"","bundle_item_grouping":"","bundle_min_size":"","bundle_max_size":"","bundle_price":[],"bundled_items":[],"bundle_sell_ids":[],"acf":{"content":"500 g"},"_links":{"self":[{"href":"https:\/\/realdutchfood.com\/de\/wp-json\/wp\/v2\/product\/150165","targetHints":{"allow":["GET"]}}],"collection":[{"href":"https:\/\/realdutchfood.com\/de\/wp-json\/wp\/v2\/product"}],"about":[{"href":"https:\/\/realdutchfood.com\/de\/wp-json\/wp\/v2\/types\/product"}],"wp:featuredmedia":[{"embeddable":true,"href":"https:\/\/realdutchfood.com\/de\/wp-json\/wp\/v2\/media\/111603"}],"wp:attachment":[{"href":"https:\/\/realdutchfood.com\/de\/wp-json\/wp\/v2\/media?parent=150165"}],"wp:term":[{"taxonomy":"product_brand","embeddable":true,"href":"https:\/\/realdutchfood.com\/de\/wp-json\/wp\/v2\/product_brand?post=150165"},{"taxonomy":"product_cat","embeddable":true,"href":"https:\/\/realdutchfood.com\/de\/wp-json\/wp\/v2\/product_cat?post=150165"},{"taxonomy":"product_tag","embeddable":true,"href":"https:\/\/realdutchfood.com\/de\/wp-json\/wp\/v2\/product_tag?post=150165"}],"curies":[{"name":"wp","href":"https:\/\/api.w.org\/{rel}","templated":true}]}}