{"id":150168,"date":"2016-12-17T11:09:24","date_gmt":"2016-12-17T10:09:24","guid":{"rendered":"https:\/\/realdutchfood.com\/kuchen-hacken-und-kuchen-obst-waldfruechte\/"},"modified":"2023-11-02T16:45:22","modified_gmt":"2023-11-02T15:45:22","slug":"hak-kuchenobst-waldfruechte","status":"publish","type":"product","link":"https:\/\/realdutchfood.com\/de\/hak-kuchenobst-waldfruechte\/","title":{"rendered":"Hak Kuchenobst Waldfr\u00fcchte"},"content":{"rendered":"<div class=\"jum-nutritional-info jum-product-info-item\">\n<h2>Umfangreiche Produktinformationen zu: Hak Kuchenobst Waldfr\u00fcchte<\/h2>\n<div class=\"jum-nutritional-info jum-product-info-item\">\n<div class=\"jum-collapsible open\" data-v-4fb8929b=\"\" data-v-cd6636c6=\"\">\n<div class=\"title-wrapper\" data-v-4fb8929b=\"\">\n<h3 class=\"title\">Zutaten<\/h3>\n<\/div>\n<div id=\"jum-collapsible-0\" class=\"content\" data-v-4fb8929b=\"\">\n<ul class=\"mb\">\n<li>Obst in unterschiedlichen Anteilen 51% (Erdbeere, Brombeere, schwarze Johannisbeere, Kirsche)<\/li>\n<li>Wasser<\/li>\n<li>Zucker<\/li>\n<li>Modifizierte Maisst\u00e4rke<\/li>\n<li>nat\u00fcrliches Aroma<\/li>\n<\/ul>\n<\/div>\n<\/div>\n<div class=\"jum-collapsible nutritions open\" data-v-4fb8929b=\"\" data-v-7f154835=\"\" data-v-cd6636c6=\"\">\n<div class=\"title-wrapper\" data-v-4fb8929b=\"\">\n<h3 class=\"title\">N\u00e4hrwerte von: Hak Kuchenobst Waldfr\u00fcchte<\/h3>\n<\/div>\n<div id=\"jum-collapsible-1\" class=\"content\" data-v-4fb8929b=\"\">\n<table class=\"jum-table striped\" data-v-e2cf3b44=\"\" data-v-7f154835=\"\" aria-label=\"Table containing info\">\n<tbody>\n<tr class=\"header-row\" data-v-e2cf3b44=\"\">\n<th class=\"header-column\" data-v-e2cf3b44=\"\">N\u00e4hrwerte<\/th>\n<th class=\"header-column\" data-v-e2cf3b44=\"\">pro 100g<\/th>\n<\/tr>\n<tr class=\"row\" data-v-7f154835=\"\" data-v-e2cf3b44=\"\">\n<td class=\"column\" data-v-7f154835=\"\" data-v-e2cf3b44=\"\">Energie<\/td>\n<td class=\"column\" data-v-7f154835=\"\" data-v-e2cf3b44=\"\">406 kJ\/95 kcal<\/td>\n<\/tr>\n<tr class=\"row\" data-v-7f154835=\"\" data-v-e2cf3b44=\"\">\n<td class=\"column\" data-v-7f154835=\"\" data-v-e2cf3b44=\"\">Fette<\/td>\n<td class=\"column\" data-v-7f154835=\"\" data-v-e2cf3b44=\"\">0,0 g<\/td>\n<\/tr>\n<tr class=\"row\" data-v-7f154835=\"\" data-v-e2cf3b44=\"\">\n<td class=\"column\" data-v-7f154835=\"\" data-v-e2cf3b44=\"\">Davon ges\u00e4ttigte Fetts\u00e4uren<\/td>\n<td class=\"column\" data-v-7f154835=\"\" data-v-e2cf3b44=\"\">0,0 g<\/td>\n<\/tr>\n<tr class=\"row\" data-v-7f154835=\"\" data-v-e2cf3b44=\"\">\n<td class=\"column\" data-v-7f154835=\"\" data-v-e2cf3b44=\"\">Kohlenhydrate<\/td>\n<td class=\"column\" data-v-7f154835=\"\" data-v-e2cf3b44=\"\">22,3 g<\/td>\n<\/tr>\n<tr class=\"row\" data-v-7f154835=\"\" data-v-e2cf3b44=\"\">\n<td class=\"column\" data-v-7f154835=\"\" data-v-e2cf3b44=\"\">Davon Zucker<\/td>\n<td class=\"column\" data-v-7f154835=\"\" data-v-e2cf3b44=\"\">18,5 g<\/td>\n<\/tr>\n<tr class=\"row\" data-v-7f154835=\"\" data-v-e2cf3b44=\"\">\n<td class=\"column\" data-v-7f154835=\"\" data-v-e2cf3b44=\"\">Ballaststoff<\/td>\n<td class=\"column\" data-v-7f154835=\"\" data-v-e2cf3b44=\"\">1,0 g<\/td>\n<\/tr>\n<tr class=\"row\" data-v-7f154835=\"\" data-v-e2cf3b44=\"\">\n<td class=\"column\" data-v-7f154835=\"\" data-v-e2cf3b44=\"\">Proteine<\/td>\n<td class=\"column\" data-v-7f154835=\"\" data-v-e2cf3b44=\"\">0,4 g<\/td>\n<\/tr>\n<tr class=\"row\" data-v-7f154835=\"\" data-v-e2cf3b44=\"\">\n<td class=\"column\" data-v-7f154835=\"\" data-v-e2cf3b44=\"\">Salz<\/td>\n<td class=\"column\" data-v-7f154835=\"\" data-v-e2cf3b44=\"\">0.02g<\/td>\n<\/tr>\n<\/tbody>\n<\/table>\n<\/div>\n<\/div>\n<div class=\"jum-collapsible open\" data-v-4fb8929b=\"\" data-v-cd6636c6=\"\">\n<div class=\"title-wrapper\" data-v-4fb8929b=\"\">\n<h3 class=\"title\">Produktbeschreibung von: Hak Kuchenobst Waldfr\u00fcchte<\/h3>\n<\/div>\n<div id=\"jum-collapsible-2\" class=\"content\" data-v-4fb8929b=\"\">\n<div class=\"mb\">\n<p class=\"mb-0\">Auch zum Backen ! Mit 1 Dose HAK Cake &amp; Vlaaifruit k\u00f6nnen Sie ca. 8-10 Teigschalen f\u00fcllen, 1 Dose HAK Cake &amp; Vlaaifruit reicht f\u00fcr einen (Monchou-)Kuchen von 20 cm.<\/p>\n<\/div>\n<\/div>\n<\/div>\n<div class=\"jum-collapsible open\" data-v-4fb8929b=\"\" data-v-cd6636c6=\"\">\n<div class=\"title-wrapper\" data-v-4fb8929b=\"\">\n<div class=\"title\" data-v-4fb8929b=\"\">Zubereitungsmethode<\/div>\n<\/div>\n<div id=\"jum-collapsible-3\" class=\"content\" data-v-4fb8929b=\"\">\n<p>Serviertipps: &#8211; F\u00fcllen Sie einen Flansch mit etwas Chop Cake &amp; Pile Fruit und rollen Sie ihn auf. Streuen Sie etwas Puderzucker dar\u00fcber. Sowohl kalt als auch hei\u00df sehr lecker!<br \/>\n&#8211; F\u00fcllen Sie einen fertigen Schalenteig mit einer Schicht Vanillepudding oder Geb\u00e4ckcreme, darauf ein paar gro\u00dfe Kugeln Chop Cake &amp; Pile Fruit. Ein Klecks Schlagsahne rundet das Bild ab!<br \/>\n&#8211; R\u00fchren Sie ein paar L\u00f6ffel Chop Pie &amp; Pie Fruit in fettarmen H\u00fcttenk\u00e4se oder fettarmen Joghurt.<br \/>\n&#8211; Mischen Sie Chop Cake &amp; Vlaaifruit in den (Tassen-) Kuchenteig, um einen k\u00f6stlichen Waldfruchtkuchen \/ k\u00f6stliche Waldfrucht-Cupcakes zu erhalten.<br \/>\nMit 1 Dose Hak Taart &amp; Vlaaifruit k\u00f6nnen Sie ca. 8 &#8211; 10 Teigschalen f\u00fcllen.<br \/>\n1 Dose Hak Taart &amp; Vlaaifruit reicht f\u00fcr einen (Monchou-)Kuchen von 20 cm.<br \/>\nTrotz aller Vorsichtsma\u00dfnahmen kann es vorkommen, dass dieses Naturprodukt eine einzige Grube enth\u00e4lt.<\/p>\n<\/div>\n<\/div>\n<div class=\"jum-collapsible open\" data-v-4fb8929b=\"\" data-v-cd6636c6=\"\">\n<div class=\"title-wrapper\" data-v-4fb8929b=\"\">\n<div class=\"title\" data-v-4fb8929b=\"\"><\/div>\n<\/div>\n<\/div>\n<div class=\"jum-collapsible open\" data-v-4fb8929b=\"\" data-v-cd6636c6=\"\">\n<div class=\"title-wrapper\" data-v-4fb8929b=\"\">\n<h3 class=\"title\">\u00dcber den Hersteller<\/h3>\n<\/div>\n<div id=\"jum-collapsible-5\" class=\"content\" data-v-4fb8929b=\"\"><strong>Website<\/strong><\/div>\n<div class=\"content\" data-v-4fb8929b=\"\">\n<p><a href=\"http:\/\/www.HAK.nl\" target=\"_blank\" rel=\"noopener\">www.HAK.nl<\/a><\/p>\n<p><strong>Adresse<\/strong><\/p>\n<\/div>\n<div class=\"content\" data-v-4fb8929b=\"\">\n<p>HAK B.V.<br \/>\nPostfach 2<br \/>\n4283 ZG Gie\u00dfen<br \/>\nHolland<\/p>\n<p><strong>Telefonnummer<\/strong><\/p>\n<\/div>\n<div class=\"content\" data-v-4fb8929b=\"\">\n<p>0800-0221525<\/p>\n<\/div>\n<\/div>\n<\/div>\n<\/div>\n","protected":false},"excerpt":{"rendered":"<p>Umfangreiche Produktinformationen zu: Hak Kuchenobst Waldfr\u00fcchte Zutaten Obst in unterschiedlichen Anteilen 51% (Erdbeere, Brombeere, schwarze Johannisbeere, Kirsche) Wasser Zucker Modifizierte Maisst\u00e4rke nat\u00fcrliches Aroma N\u00e4hrwerte von: Hak Kuchenobst Waldfr\u00fcchte N\u00e4hrwerte pro 100g Energie 406 kJ\/95 kcal Fette 0,0 g Davon ges\u00e4ttigte Fetts\u00e4uren 0,0 g Kohlenhydrate 22,3 g Davon Zucker 18,5 g Ballaststoff 1,0 g Proteine 0,4 [&#8230;]\n","protected":false},"featured_media":128182,"template":"","meta":{"_acf_changed":false,"_aipt_faq_data":""},"product_brand":[14735],"product_cat":[14535,14538],"product_tag":[],"class_list":{"0":"post-150168","1":"product","2":"type-product","3":"status-publish","4":"has-post-thumbnail","6":"product_brand-hak-de","7":"product_cat-backwaren-und-backmischungen","8":"product_cat-backzutaten","9":"pa_artikelnummer-1272-de","11":"first","12":"onbackorder","13":"taxable","14":"shipping-taxable","15":"purchasable","16":"product-type-simple"},"bundled_by":[],"bundle_stock_status":"onbackorder","bundle_stock_quantity":null,"bundle_virtual":false,"bundle_layout":"","bundle_add_to_cart_form_location":"","bundle_editable_in_cart":false,"bundle_sold_individually_context":"","bundle_item_grouping":"","bundle_min_size":"","bundle_max_size":"","bundle_price":[],"bundled_items":[],"bundle_sell_ids":[],"acf":{"content":"430 gr"},"_links":{"self":[{"href":"https:\/\/realdutchfood.com\/de\/wp-json\/wp\/v2\/product\/150168","targetHints":{"allow":["GET"]}}],"collection":[{"href":"https:\/\/realdutchfood.com\/de\/wp-json\/wp\/v2\/product"}],"about":[{"href":"https:\/\/realdutchfood.com\/de\/wp-json\/wp\/v2\/types\/product"}],"wp:featuredmedia":[{"embeddable":true,"href":"https:\/\/realdutchfood.com\/de\/wp-json\/wp\/v2\/media\/128182"}],"wp:attachment":[{"href":"https:\/\/realdutchfood.com\/de\/wp-json\/wp\/v2\/media?parent=150168"}],"wp:term":[{"taxonomy":"product_brand","embeddable":true,"href":"https:\/\/realdutchfood.com\/de\/wp-json\/wp\/v2\/product_brand?post=150168"},{"taxonomy":"product_cat","embeddable":true,"href":"https:\/\/realdutchfood.com\/de\/wp-json\/wp\/v2\/product_cat?post=150168"},{"taxonomy":"product_tag","embeddable":true,"href":"https:\/\/realdutchfood.com\/de\/wp-json\/wp\/v2\/product_tag?post=150168"}],"curies":[{"name":"wp","href":"https:\/\/api.w.org\/{rel}","templated":true}]}}