{"id":150171,"date":"2016-12-10T11:55:44","date_gmt":"2016-12-10T10:55:44","guid":{"rendered":"https:\/\/realdutchfood.com\/koopmans-pfannkuchen-original\/"},"modified":"2025-10-18T16:25:29","modified_gmt":"2025-10-18T14:25:29","slug":"koopmans-pfannkuchen-original","status":"publish","type":"product","link":"https:\/\/realdutchfood.com\/de\/koopmans-pfannkuchen-original\/","title":{"rendered":"Koopmans Pfannkuchen Original"},"content":{"rendered":"<div class=\"row food-labelling\">\n<h1 class=\"col-12\">Koopmans Pfannkuchen Original<\/h1>\n<h2 class=\"col-12\">Umfangreiche Produktinformationen<\/h2>\n<div class=\"jum-nutritional-info jum-product-info-item col-12\">\n<h3>Produktbeschreibung von: Koopmans Pfannkuchen Original<\/h3>\n<p>Erneuertes Rezept. f\u00fcr die Pfannkuchen Original<\/p>\n<p>F\u00fcgen Sie sich hinzu: 850 ml Milch, 2 Eier. Variationstipps: <a href=\"https:\/\/realdutchfood.com\/de\/pfannkuchen\/\" target=\"_blank\" rel=\"noopener\">Pfannkuchen<\/a> mit<a href=\"https:\/\/realdutchfood.com\/ontbijt\/broodbeleg\/chocoladepasta\/nutella-hazelnootpasta-200gr\/\"> Nutella<\/a>\u00ae, Apfel und Mandel. <a href=\"http:\/\/Koopmans.com%20\/pannenkoekmetappel\" target=\"_blank\" rel=\"noopener\">Koopmans.com \/Pfannkuchenapfel<\/a>. Suchen Sie nach noch mehr Inspiration auf bakken.nl. Wenn Sie Fragen, Anmerkungen oder Anregungen haben, wenden Sie sich bitte an Koopmans: (bitte geben Sie das Verfallsdatum und den Produktionscode an (siehe oben)). Tipps: Sie k\u00f6nnen die gebackenen Pfannkuchen zwischen zwei Tellern warm halten, die sich auf einem Topf mit kochendem Wasser befinden. Sie k\u00f6nnen sie auch im Backofen (ca. 50\u00b0C) oder in der Mikrowelle erhitzen. F\u00fcr K\u00e4sepfannkuchen: Teig in die Pfanne geben. 4 Scheiben K\u00e4se pro Pfannkuchen in den Teig dr\u00fccken. Dann etwas Teig \u00fcber die K\u00e4sescheiben l\u00f6ffeln. F\u00fcr Speckpfannkuchen: Zuerst den Speck in die Pfanne geben und dann den Teig dar\u00fcber gie\u00dfen. Viel Spa\u00df beim Backen!<\/p>\n<\/div>\n<div class=\"jum-nutritional-info jum-product-info-item col-12\">\n<h3>N\u00e4hrwerte<\/h3>\n<table class=\"stripes\">\n<thead>\n<tr>\n<th><\/th>\n<th class=\"jum-nutiriton-heading\">%**<\/th>\n<th class=\"jum-nutiriton-heading\">Das zubereitete Produkt* besteht aus ca. 12 Pfannkuchen und enth\u00e4lt: pro 100 g<\/th>\n<th class=\"jum-nutiriton-heading\">Das zubereitete Produkt* besteht aus ca. 12 Pfannkuchen und enth\u00e4lt: pro Portion (100 g)***<\/th>\n<\/tr>\n<\/thead>\n<tbody>\n<tr>\n<th class=\"nutrition-title\">Energie<\/th>\n<td>9%<\/td>\n<td>734 kJ<\/td>\n<td>734 kJ<\/td>\n<\/tr>\n<tr class=\"jum-dark-row\">\n<th class=\"nutrition-title\"><\/th>\n<td><\/td>\n<td>174 kcal<\/td>\n<td>174 kcal<\/td>\n<\/tr>\n<tr>\n<th class=\"nutrition-title\">Fett<\/th>\n<td>5%<\/td>\n<td>ca. 3,8 g<\/td>\n<td>ca. 3,8 g<\/td>\n<\/tr>\n<tr class=\"jum-dark-row\">\n<th class=\"nutrition-title\">davon ges\u00e4ttigte Fetts\u00e4uren<\/th>\n<td>6%<\/td>\n<td>ca. 1,2 g<\/td>\n<td>ca. 1,2 g<\/td>\n<\/tr>\n<tr>\n<th class=\"nutrition-title\">Kohlenhydrate<\/th>\n<td>11%<\/td>\n<td>ca. 28 g<\/td>\n<td>ca. 28 g<\/td>\n<\/tr>\n<tr class=\"jum-dark-row\">\n<th class=\"nutrition-title\">davon Zucker<\/th>\n<td>4%<\/td>\n<td>3,7 g<\/td>\n<td>3,7 g<\/td>\n<\/tr>\n<tr>\n<th class=\"nutrition-title\">Protein<\/th>\n<td>14%<\/td>\n<td>ca. 6,9 g<\/td>\n<td>ca. 6,9 g<\/td>\n<\/tr>\n<tr class=\"jum-dark-row\">\n<th class=\"nutrition-title\">Salz<\/th>\n<td>6%<\/td>\n<td>0,36 g<\/td>\n<td>0,36 g<\/td>\n<\/tr>\n<tr>\n<th class=\"nutrition-title\">Faser<\/th>\n<td>3%<\/td>\n<td>0,8 g<\/td>\n<td>0,8 g<\/td>\n<\/tr>\n<tr class=\"jum-dark-row\">\n<th class=\"nutrition-title\" colspan=\"4\">* Zubereitet mit Sonnenblumen\u00f6l und teilentrahmter Milch.<\/th>\n<\/tr>\n<tr>\n<th class=\"nutrition-title\" colspan=\"4\">** Referenzmenge f\u00fcr einen durchschnittlichen Erwachsenen pro Tag (8400 kJ\/2000 kcal).<\/th>\n<\/tr>\n<tr class=\"jum-dark-row\">\n<th class=\"nutrition-title\" colspan=\"4\">1 Portion = 1 Pfannkuchen \u00e0 100 g.<\/th>\n<\/tr>\n<\/tbody>\n<\/table>\n<\/div>\n<div class=\"col-12\">\n<div class=\"jum-lifestyle-images jum-product-info-item row\"><\/div>\n<\/div>\n<div class=\"jum-gda-info jum-product-info-item col-12\">\n<h3>T\u00e4gliche Ern\u00e4hrungsrichtlinie (GDA)<\/h3>\n<div class=\"jum-gda-info-item\">\n<p>Das zubereitete Produkt enth\u00e4lt pro Portion (100 g):<\/p>\n<div class=\"jum-gda-pod\">\n<h3 class=\"jum-gda-name\">Energie<\/h3>\n<p class=\"jum-gda-description\">174 kcal<\/p>\n<p class=\"jum-gda-percentage\">9%<\/p>\n<\/div>\n<p>Energie pro 100 g 734 kJ \/ 174 kcal.<\/p>\n<p>Referenzmenge f\u00fcr einen durchschnittlichen Erwachsenen pro Tag (8400 kJ\/2000 kcal).<\/p>\n<\/div>\n<\/div>\n<div class=\"jum-ingredients-info jum-product-info-item col-12\">\n<h3>Zutaten<\/h3>\n<ul>\n<li><span class=\"jum-highlighted-ingredient\">Weizenmehl<\/span><\/li>\n<li>Buchweizenmehl<\/li>\n<li>Maismehl<\/li>\n<li>Backtriebmittel (E341, E501)<\/li>\n<li>Salz<\/li>\n<\/ul>\n<\/div>\n<div class=\"jum-ingredients-info jum-product-info-item col-12\">\n<ul>\n<li>Kann Spuren von Ei und Milch enthalten.<\/li>\n<\/ul>\n<\/div>\n<div class=\"jum-product-allergy-info jum-product-info-item col-12\">\n<h3 id=\"jum-allergy-title\" class=\"jum-warning\">Allergiewarnung<\/h3>\n<ul>\n<li>Kann folgende Eier enthalten<\/li>\n<li>Kann Milch enthalten<\/li>\n<li>Enth\u00e4lt Weizen<\/li>\n<\/ul>\n<\/div>\n<\/div>\n","protected":false},"excerpt":{"rendered":"<p>Koopmans Pfannkuchen Original Umfangreiche Produktinformationen Produktbeschreibung von: Koopmans Pfannkuchen Original Erneuertes Rezept. f\u00fcr die Pfannkuchen Original F\u00fcgen Sie sich hinzu: 850 ml Milch, 2 Eier. Variationstipps: Pfannkuchen mit Nutella\u00ae, Apfel und Mandel. Koopmans.com \/Pfannkuchenapfel. Suchen Sie nach noch mehr Inspiration auf bakken.nl. Wenn Sie Fragen, Anmerkungen oder Anregungen haben, wenden Sie sich bitte an Koopmans: [&#8230;]\n","protected":false},"featured_media":150175,"template":"","meta":{"_acf_changed":false,"_aipt_faq_data":""},"product_brand":[14599],"product_cat":[14535,14729],"product_tag":[],"class_list":{"0":"post-150171","1":"product","2":"type-product","3":"status-publish","4":"has-post-thumbnail","6":"product_brand-koopmans-de","7":"product_cat-backwaren-und-backmischungen","8":"product_cat-pfannkuchen","9":"pa_artikelnummer-913-de","11":"first","12":"onbackorder","13":"taxable","14":"shipping-taxable","15":"purchasable","16":"product-type-simple"},"bundled_by":["149181"],"bundle_stock_status":"onbackorder","bundle_stock_quantity":-6,"bundle_virtual":false,"bundle_layout":"","bundle_add_to_cart_form_location":"","bundle_editable_in_cart":false,"bundle_sold_individually_context":"","bundle_item_grouping":"","bundle_min_size":"","bundle_max_size":"","bundle_price":[],"bundled_items":[],"bundle_sell_ids":[],"acf":{"content":"400 gr"},"_links":{"self":[{"href":"https:\/\/realdutchfood.com\/de\/wp-json\/wp\/v2\/product\/150171","targetHints":{"allow":["GET"]}}],"collection":[{"href":"https:\/\/realdutchfood.com\/de\/wp-json\/wp\/v2\/product"}],"about":[{"href":"https:\/\/realdutchfood.com\/de\/wp-json\/wp\/v2\/types\/product"}],"wp:featuredmedia":[{"embeddable":true,"href":"https:\/\/realdutchfood.com\/de\/wp-json\/wp\/v2\/media\/150175"}],"wp:attachment":[{"href":"https:\/\/realdutchfood.com\/de\/wp-json\/wp\/v2\/media?parent=150171"}],"wp:term":[{"taxonomy":"product_brand","embeddable":true,"href":"https:\/\/realdutchfood.com\/de\/wp-json\/wp\/v2\/product_brand?post=150171"},{"taxonomy":"product_cat","embeddable":true,"href":"https:\/\/realdutchfood.com\/de\/wp-json\/wp\/v2\/product_cat?post=150171"},{"taxonomy":"product_tag","embeddable":true,"href":"https:\/\/realdutchfood.com\/de\/wp-json\/wp\/v2\/product_tag?post=150171"}],"curies":[{"name":"wp","href":"https:\/\/api.w.org\/{rel}","templated":true}]}}