{"id":150186,"date":"2016-12-17T09:36:12","date_gmt":"2016-12-17T08:36:12","guid":{"rendered":"https:\/\/realdutchfood.com\/jos-poell-zuckerschalen\/"},"modified":"2023-07-24T14:09:32","modified_gmt":"2023-07-24T12:09:32","slug":"jos-poell-zuckerschalen","status":"publish","type":"product","link":"https:\/\/realdutchfood.com\/de\/jos-poell-zuckerschalen\/","title":{"rendered":"Jos Poell Zuckerschalen"},"content":{"rendered":"<div class=\"jum-nutritional-info jum-product-info-item\">\n<div class=\"product-information\" data-v-5a9b1845=\"\" data-v-7abb83e9=\"\" data-v-65e1e504=\"\">\n<div class=\"jum-collapsible open\" data-testid=\"jum-collapsible\" data-v-7a67f0b1=\"\" data-v-5a9b1845=\"\">\n<div class=\"title-wrapper\" data-v-7a67f0b1=\"\">\n<h3 class=\"title\">Zutaten Jos Poell Zuckerschalen<\/h3>\n<\/div>\n<div data-v-7a67f0b1=\"\">\n<div id=\"jum-collapsible-0\" class=\"content\" data-v-7a67f0b1=\"\">\n<ul class=\"mb\">\n<li><strong>Weizenmehl<\/strong><\/li>\n<li>Pflanzliche \u00d6le (Palme, R\u00fcbe)<\/li>\n<li>16% Zucker<\/li>\n<li>Salz<\/li>\n<li>Zitronensaft<\/li>\n<\/ul>\n<\/div>\n<\/div>\n<\/div>\n<div class=\"jum-collapsible nutritions open\" data-testid=\"jum-collapsible\" data-v-7a67f0b1=\"\" data-v-038af5f8=\"\" data-v-5a9b1845=\"\">\n<div class=\"title-wrapper\" data-v-7a67f0b1=\"\">\n<h3 class=\"title\">N\u00e4hrwerte<\/h3>\n<\/div>\n<div data-v-7a67f0b1=\"\">\n<div id=\"jum-collapsible-1\" class=\"content\" data-v-7a67f0b1=\"\">\n<table class=\"jum-table striped\" aria-label=\"Table containing info\" data-testid=\"jum-table\" data-v-2f12ce17=\"\" data-v-038af5f8=\"\">\n<thead data-v-2f12ce17=\"\" data-v-038af5f8=\"\">\n<tr class=\"header-row\" data-v-2f12ce17=\"\" data-v-038af5f8=\"\">\n<th id=\"Voedingswaarden\" class=\"header-column\" data-v-2f12ce17=\"\" data-v-038af5f8=\"\">N\u00e4hrwerte<\/th>\n<th id=\"per 100 g\" class=\"header-column\" data-v-2f12ce17=\"\" data-v-038af5f8=\"\">pro 100 g<\/th>\n<\/tr>\n<\/thead>\n<tbody data-v-2f12ce17=\"\" data-v-038af5f8=\"\">\n<tr class=\"row\" data-v-2f12ce17=\"\" data-v-038af5f8=\"\">\n<td class=\"column\" data-v-2f12ce17=\"\" data-v-038af5f8=\"\">Energie<\/td>\n<td class=\"column\" data-v-2f12ce17=\"\" data-v-038af5f8=\"\">2223 kJ \/ 532 kcal<\/td>\n<\/tr>\n<tr class=\"row\" data-v-2f12ce17=\"\" data-v-038af5f8=\"\">\n<td class=\"column\" data-v-2f12ce17=\"\" data-v-038af5f8=\"\">Fette<\/td>\n<td class=\"column\" data-v-2f12ce17=\"\" data-v-038af5f8=\"\">30 g<\/td>\n<\/tr>\n<tr class=\"row\" data-v-2f12ce17=\"\" data-v-038af5f8=\"\">\n<td class=\"column\" data-v-2f12ce17=\"\" data-v-038af5f8=\"\">Davon ges\u00e4ttigte Fetts\u00e4uren<\/td>\n<td class=\"column\" data-v-2f12ce17=\"\" data-v-038af5f8=\"\">13 g<\/td>\n<\/tr>\n<tr class=\"row\" data-v-2f12ce17=\"\" data-v-038af5f8=\"\">\n<td class=\"column\" data-v-2f12ce17=\"\" data-v-038af5f8=\"\">Kohlenhydrate<\/td>\n<td class=\"column\" data-v-2f12ce17=\"\" data-v-038af5f8=\"\">56 g<\/td>\n<\/tr>\n<tr class=\"row\" data-v-2f12ce17=\"\" data-v-038af5f8=\"\">\n<td class=\"column\" data-v-2f12ce17=\"\" data-v-038af5f8=\"\">Davon Zucker<\/td>\n<td class=\"column\" data-v-2f12ce17=\"\" data-v-038af5f8=\"\">17 Gramm<\/td>\n<\/tr>\n<tr class=\"row\" data-v-2f12ce17=\"\" data-v-038af5f8=\"\">\n<td class=\"column\" data-v-2f12ce17=\"\" data-v-038af5f8=\"\">Proteine<\/td>\n<td class=\"column\" data-v-2f12ce17=\"\" data-v-038af5f8=\"\">ca. 8,1 g<\/td>\n<\/tr>\n<tr class=\"row\" data-v-2f12ce17=\"\" data-v-038af5f8=\"\">\n<td class=\"column\" data-v-2f12ce17=\"\" data-v-038af5f8=\"\">Salz<\/td>\n<td class=\"column\" data-v-2f12ce17=\"\" data-v-038af5f8=\"\">0,95 g<\/td>\n<\/tr>\n<\/tbody>\n<\/table>\n<\/div>\n<\/div>\n<\/div>\n<div class=\"jum-collapsible open\" data-testid=\"jum-collapsible\" data-v-7a67f0b1=\"\" data-v-5a9b1845=\"\">\n<div class=\"title-wrapper\" data-v-7a67f0b1=\"\">\n<h3 class=\"title\">Produktinformation Jos Poell Zuckerschalen<\/h3>\n<\/div>\n<div data-v-7a67f0b1=\"\">\n<div id=\"jum-collapsible-2\" class=\"content\" data-v-7a67f0b1=\"\">\n<div class=\"mb\">\n<p class=\"block\">Gezuckerte <a href=\"https:\/\/realdutchfood.com\/de\/backwaren-und-backmischungen\/\">Bl\u00e4tterteigschale<\/a><\/p>\n<p class=\"block\">Jos Poell seit 1840.<br \/>\nWenn jemand wei\u00df, wie man das Leben feiert, dann sind es die Menschen von Jos Poell. Voller Begeisterung arbeiten wir an den leckersten Produkten und den \u00fcberraschendsten Rezepten, damit Sie einen gelungenen und geschmackvollen Partymoment genie\u00dfen k\u00f6nnen. Was auch immer Sie zu feiern haben, es wird Spa\u00df machen, wenn Jos Poell anwesend ist.<\/p>\n<p class=\"block\">Jos Poell, der Schrittmacher auf jeder Party.<br \/>\nProbieren Sie unsere Teigkrusten!<br \/>\ndurch Ernennung zum niederl\u00e4ndischen Gerichtshof.<br \/>\nwww.jos-poell.com<\/p>\n<\/div>\n<\/div>\n<\/div>\n<\/div>\n<div class=\"jum-collapsible open\" data-testid=\"jum-collapsible\" data-v-7a67f0b1=\"\" data-v-1fa7cae0=\"\" data-v-5a9b1845=\"\">\n<div class=\"title-wrapper\" data-v-7a67f0b1=\"\">\n<h3 class=\"title\">Allergenwarnungen Jos Poell Zuckerschalen<\/h3>\n<\/div>\n<div data-v-7a67f0b1=\"\">\n<div id=\"jum-collapsible-3\" class=\"content\" data-v-7a67f0b1=\"\">\n<h6 class=\"jum-heading h6\" data-testid=\"jum-heading\" data-v-2bd04b86=\"\" data-v-1fa7cae0=\"\">Enth\u00e4lt:<\/h6>\n<ul class=\"jum-list contains\" role=\"\" data-testid=\"jum-list\" data-v-2bf7e93c=\"\" data-v-1fa7cae0=\"\">\n<li data-v-2bf7e93c=\"\" data-v-1fa7cae0=\"\">Weizen<\/li>\n<li data-v-2bf7e93c=\"\" data-v-1fa7cae0=\"\">Gluten<\/li>\n<\/ul>\n<h6 class=\"jum-heading h6\" data-testid=\"jum-heading\" data-v-2bd04b86=\"\" data-v-1fa7cae0=\"\">Kann enthalten: Jos Poell Zuckerschalen<\/h6>\n<ul class=\"jum-list\" role=\"\" data-testid=\"jum-list\" data-v-2bf7e93c=\"\" data-v-1fa7cae0=\"\">\n<li data-v-2bf7e93c=\"\" data-v-1fa7cae0=\"\">Eier<\/li>\n<li data-v-2bf7e93c=\"\" data-v-1fa7cae0=\"\">Lupine<\/li>\n<li data-v-2bf7e93c=\"\" data-v-1fa7cae0=\"\">Milch<\/li>\n<li data-v-2bf7e93c=\"\" data-v-1fa7cae0=\"\">Sesam<\/li>\n<\/ul>\n<\/div>\n<\/div>\n<\/div>\n<div class=\"jum-collapsible open\" data-testid=\"jum-collapsible\" data-v-7a67f0b1=\"\" data-v-5a9b1845=\"\">\n<div class=\"title-wrapper\" data-v-7a67f0b1=\"\">\n<div class=\"title\" data-v-7a67f0b1=\"\">Lagerung &amp; Nutzung<\/div>\n<\/div>\n<div data-v-7a67f0b1=\"\">\n<div id=\"jum-collapsible-4\" class=\"content\" data-v-7a67f0b1=\"\"><strong>Erhalten<\/strong> Mindestens haltbar bis: Siehe oben<br \/>\nK\u00fchl, trocken und dunkel lagern.<\/div>\n<\/div>\n<\/div>\n<div class=\"jum-collapsible open\" data-testid=\"jum-collapsible\" data-v-7a67f0b1=\"\" data-v-5a9b1845=\"\">\n<div class=\"title-wrapper\" data-v-7a67f0b1=\"\">\n<div class=\"title\" data-v-7a67f0b1=\"\">Erg\u00e4nzungen<\/div>\n<\/div>\n<div data-v-7a67f0b1=\"\">\n<div id=\"jum-collapsible-5\" class=\"content\" data-v-7a67f0b1=\"\">\n<p>V-Label Vegan (VEBU) &#8211; Vegan &#8211; Europ\u00e4ische Vegetarier-Union &#8211; v-label.eu<\/p>\n<\/div>\n<\/div>\n<\/div>\n<div class=\"jum-collapsible open\" data-testid=\"jum-collapsible\" data-v-7a67f0b1=\"\" data-v-5a9b1845=\"\">\n<div class=\"title-wrapper\" data-v-7a67f0b1=\"\">\n<div class=\"title\" data-v-7a67f0b1=\"\">\u00dcber den Hersteller<\/div>\n<\/div>\n<div data-v-7a67f0b1=\"\">\n<div id=\"jum-collapsible-6\" class=\"content\" data-v-7a67f0b1=\"\"><strong>Marke<\/strong> Wenn jemand wei\u00df, wie man das Leben feiert, dann sind es die Menschen von Jos Poell.<br \/>\nVoller Begeisterung arbeiten wir an den leckersten Produkten und den \u00fcberraschendsten Rezepten, damit Sie einen gelungenen und geschmackvollen Partymoment genie\u00dfen k\u00f6nnen.Probieren Sie unsere Teigkrusten!<strong>Webseite<\/strong>www.jos-poell.com<\/p>\n<p><strong>Adresse<\/strong> Jos Poell<br \/>\nAntwortnummer: 1082<br \/>\n6000 VB Weert, Niederlande<\/p>\n<\/div>\n<\/div>\n<\/div>\n<div class=\"jum-collapsible open\" data-testid=\"jum-collapsible\" data-v-7a67f0b1=\"\" data-v-5a9b1845=\"\">\n<div class=\"title-wrapper\" data-v-7a67f0b1=\"\">\n<div class=\"title\" data-v-7a67f0b1=\"\">Ursprung<\/div>\n<\/div>\n<div data-v-7a67f0b1=\"\">\n<div id=\"jum-collapsible-7\" class=\"content\" data-v-7a67f0b1=\"\">\n<p><strong>Herkunftsland<\/strong> Niederlande<\/p>\n<\/div>\n<\/div>\n<\/div>\n<\/div>\n<\/div>\n","protected":false},"excerpt":{"rendered":"<p>Zutaten Jos Poell Zuckerschalen Weizenmehl Pflanzliche \u00d6le (Palme, R\u00fcbe) 16% Zucker Salz Zitronensaft N\u00e4hrwerte N\u00e4hrwerte pro 100 g Energie 2223 kJ \/ 532 kcal Fette 30 g Davon ges\u00e4ttigte Fetts\u00e4uren 13 g Kohlenhydrate 56 g Davon Zucker 17 Gramm Proteine ca. 8,1 g Salz 0,95 g Produktinformation Jos Poell Zuckerschalen Gezuckerte Bl\u00e4tterteigschale Jos Poell seit [&#8230;]\n","protected":false},"featured_media":150195,"template":"","meta":{"_acf_changed":false,"_aipt_faq_data":""},"product_brand":[15347],"product_cat":[14535,14538],"product_tag":[],"class_list":{"0":"post-150186","1":"product","2":"type-product","3":"status-publish","4":"has-post-thumbnail","6":"product_brand-jos-poell-de","7":"product_cat-backwaren-und-backmischungen","8":"product_cat-backzutaten","9":"pa_artikelnummer-1272-de","11":"first","12":"onbackorder","13":"taxable","14":"shipping-taxable","15":"purchasable","16":"product-type-simple"},"bundled_by":[],"bundle_stock_status":"onbackorder","bundle_stock_quantity":null,"bundle_virtual":false,"bundle_layout":"","bundle_add_to_cart_form_location":"","bundle_editable_in_cart":false,"bundle_sold_individually_context":"","bundle_item_grouping":"","bundle_min_size":"","bundle_max_size":"","bundle_price":[],"bundled_items":[],"bundle_sell_ids":[],"acf":{"content":"100 gr"},"_links":{"self":[{"href":"https:\/\/realdutchfood.com\/de\/wp-json\/wp\/v2\/product\/150186","targetHints":{"allow":["GET"]}}],"collection":[{"href":"https:\/\/realdutchfood.com\/de\/wp-json\/wp\/v2\/product"}],"about":[{"href":"https:\/\/realdutchfood.com\/de\/wp-json\/wp\/v2\/types\/product"}],"wp:featuredmedia":[{"embeddable":true,"href":"https:\/\/realdutchfood.com\/de\/wp-json\/wp\/v2\/media\/150195"}],"wp:attachment":[{"href":"https:\/\/realdutchfood.com\/de\/wp-json\/wp\/v2\/media?parent=150186"}],"wp:term":[{"taxonomy":"product_brand","embeddable":true,"href":"https:\/\/realdutchfood.com\/de\/wp-json\/wp\/v2\/product_brand?post=150186"},{"taxonomy":"product_cat","embeddable":true,"href":"https:\/\/realdutchfood.com\/de\/wp-json\/wp\/v2\/product_cat?post=150186"},{"taxonomy":"product_tag","embeddable":true,"href":"https:\/\/realdutchfood.com\/de\/wp-json\/wp\/v2\/product_tag?post=150186"}],"curies":[{"name":"wp","href":"https:\/\/api.w.org\/{rel}","templated":true}]}}