{"id":150187,"date":"2016-11-26T11:58:08","date_gmt":"2016-11-26T10:58:08","guid":{"rendered":"https:\/\/realdutchfood.com\/dr-oetker-deko-stifte-choco-und-karamell\/"},"modified":"2023-05-29T19:26:54","modified_gmt":"2023-05-29T17:26:54","slug":"dr-oetker-dekostifte-choco-und-caramel","status":"publish","type":"product","link":"https:\/\/realdutchfood.com\/de\/dr-oetker-dekostifte-choco-und-caramel\/","title":{"rendered":"Dr. Oetker Dekostifte Choco und Caramel"},"content":{"rendered":"<div class=\"large-6 columns\">\n<h2 class=\"jum-heading h4\">Produktinformationen zu:<\/h2>\n<h3 class=\"title\">Dr. Oetker Dekostifte Choco und Caramel<\/h3>\n<div class=\"jum-collapsible open\" data-v-6df6b348=\"\" data-v-203004f3=\"\">\n<div class=\"title-wrapper\" data-v-6df6b348=\"\">\n<h3 class=\"title\">Inhaltsstoffe von: Dr. Oetker Dekostifte Choco und Caramel<\/h3>\n<\/div>\n<div id=\"jum-collapsible-0\" class=\"content\" data-v-6df6b348=\"\">\n<ul class=\"mb\">\n<li>Zucker<\/li>\n<li>Wasser<\/li>\n<li>pflanzliche \u00d6le (Palm, Raps)<\/li>\n<li>glukosesirup<\/li>\n<li>fettarmes Kakaopulver<\/li>\n<li>modifizierte St\u00e4rke (Mais, Tapioka)<\/li>\n<li>Farbstoffe (E150a, E161b, E120, E160a)<\/li>\n<li>Emulgatoren (E435, Sonnenblumenlecithine)<\/li>\n<li>Aromen (enth\u00e4lt Milch)<\/li>\n<li>Karamell<\/li>\n<li>Konservierungsmittel (Kaliumsorbat)<\/li>\n<li>S\u00e4ureregulator (Zitronens\u00e4ure)<\/li>\n<li>Maissirup mit hohem Fructosegehalt<\/li>\n<li>Verdickungsmittel (Pektine)<\/li>\n<\/ul>\n<\/div>\n<\/div>\n<div class=\"jum-collapsible open\" data-v-6df6b348=\"\" data-v-01faa7d6=\"\" data-v-203004f3=\"\">\n<div class=\"title-wrapper\" data-v-6df6b348=\"\">\n<h3 class=\"title\">N\u00e4hrwerte<\/h3>\n<\/div>\n<div id=\"jum-collapsible-1\" class=\"content\" data-v-6df6b348=\"\">\n<table class=\"mb\" width=\"100%\" data-v-01faa7d6=\"\">\n<thead data-v-01faa7d6=\"\">\n<tr class=\"text-left\" data-v-01faa7d6=\"\">\n<th data-v-01faa7d6=\"\">N\u00e4hrwerte<\/th>\n<th data-v-01faa7d6=\"\">Pro 100 g<\/th>\n<\/tr>\n<\/thead>\n<tbody data-v-01faa7d6=\"\">\n<tr data-v-01faa7d6=\"\">\n<td data-v-01faa7d6=\"\">Energie<\/td>\n<td data-v-01faa7d6=\"\">1597 kJ \/ 378 kcal<\/td>\n<\/tr>\n<tr data-v-01faa7d6=\"\">\n<td data-v-01faa7d6=\"\">Fette<\/td>\n<td data-v-01faa7d6=\"\">7,6 g<\/td>\n<\/tr>\n<tr data-v-01faa7d6=\"\">\n<td data-v-01faa7d6=\"\">Davon ges\u00e4ttigte Fetts\u00e4uren<\/td>\n<td data-v-01faa7d6=\"\">ca. 3,0 g<\/td>\n<\/tr>\n<tr data-v-01faa7d6=\"\">\n<td data-v-01faa7d6=\"\">Kohlenhydrate<\/td>\n<td data-v-01faa7d6=\"\">76 g<\/td>\n<\/tr>\n<tr data-v-01faa7d6=\"\">\n<td data-v-01faa7d6=\"\">Davon Zucker<\/td>\n<td data-v-01faa7d6=\"\">ca. 72 g<\/td>\n<\/tr>\n<tr data-v-01faa7d6=\"\">\n<td data-v-01faa7d6=\"\">Proteine<\/td>\n<td data-v-01faa7d6=\"\">0,9 g<\/td>\n<\/tr>\n<tr data-v-01faa7d6=\"\">\n<td data-v-01faa7d6=\"\">Salz<\/td>\n<td data-v-01faa7d6=\"\">0,01 g<\/td>\n<\/tr>\n<\/tbody>\n<\/table>\n<\/div>\n<\/div>\n<div class=\"jum-collapsible open\" data-v-6df6b348=\"\" data-v-203004f3=\"\">\n<div class=\"title-wrapper\" data-v-6df6b348=\"\">\n<h3 class=\"title\">Produktbeschreibung<\/h3>\n<\/div>\n<div id=\"jum-collapsible-2\" class=\"content\" data-v-6df6b348=\"\">\n<div class=\"mb\">\n<p class=\"mb-0\">Mit Dr. Oetker Dekostifte Choco und Caramel wird das gemeinsame Backen und Dekorieren zum Fest! Schreiben oder zeichnen Sie etwas Sch\u00f6nes auf Kuchen und Torten: Blumen, einen Namen, Zahlen oder was auch immer Sie wollen.<\/p>\n<p>&#8211; 1 Packung enth\u00e4lt 4 Dekorationsmarker<br \/>\n&#8211; Entdecken Sie die Geschmacksrichtungen: rein, Milch, Wei\u00df und Karamell<br \/>\n&#8211; Die Schokolade bleibt weich und super lecker<br \/>\n&#8211; Dekorieren Sie Cupcakes, Torten, Marzipan, Zuckerguss, Geb\u00e4ck, Dessert oder Eis<\/p>\n<p>Wussten Sie, dass die Marker keine k\u00fcnstlichen Duft-, Farb- oder Geschmacksstoffe enthalten?<\/p>\n<\/div>\n<\/div>\n<\/div>\n<div class=\"jum-collapsible open\" data-v-6df6b348=\"\" data-v-203004f3=\"\">\n<div class=\"title-wrapper\" data-v-6df6b348=\"\">\n<h4 class=\"title\"><strong>Zubereitungsmethode<\/strong><\/h4>\n<\/div>\n<div id=\"jum-collapsible-3\" class=\"content\" data-v-6df6b348=\"\">\n<p>1. Kneten Sie das R\u00f6hrchen vor dem \u00d6ffnen 1 Minute, um die besten Ergebnisse zu erzielen.<br \/>\n2. Entfernen Sie die Kappe und dr\u00fccken Sie den Inhalt gleichm\u00e4\u00dfig aus dem R\u00f6hrchen.<br \/>\n3. Drehen Sie nach Gebrauch die Kappe wieder auf das R\u00f6hrchen.<br \/>\n4. Dekorierte Produkte k\u00f6nnen in den K\u00fchlschrank gestellt werden. Bewahren Sie die Dekorationsmarker au\u00dferhalb des K\u00fchlschranks auf.<\/p>\n<\/div>\n<\/div>\n<div class=\"jum-collapsible open\" data-v-6df6b348=\"\" data-v-203004f3=\"\">\n<div class=\"title-wrapper\" data-v-6df6b348=\"\">\n<h3 class=\"title\">Allergen-Warnungen<\/h3>\n<\/div>\n<div id=\"jum-collapsible-4\" class=\"content\" data-v-6df6b348=\"\">\n<ul class=\"mb\">\n<li>Enth\u00e4lt Milch<\/li>\n<\/ul>\n<\/div>\n<\/div>\n<div class=\"jum-collapsible open\" data-v-6df6b348=\"\" data-v-203004f3=\"\">\n<div class=\"title-wrapper\" data-v-6df6b348=\"\">\n<div class=\"title\" data-v-6df6b348=\"\">Lagerung &amp; Nutzung<\/div>\n<div data-v-6df6b348=\"\"><\/div>\n<\/div>\n<div id=\"jum-collapsible-5\" class=\"content\" data-v-6df6b348=\"\"><strong>Erhalten<\/strong> K\u00fchl und trocken lagern.<br \/>\nNicht f\u00fcr die Aufbewahrung im K\u00fchlschrank geeignet.<br \/>\nMindestens haltbar bis:<\/div>\n<\/div>\n<div class=\"jum-collapsible open\" data-v-6df6b348=\"\" data-v-203004f3=\"\">\n<div class=\"title-wrapper\" data-v-6df6b348=\"\">\n<div class=\"title\" data-v-6df6b348=\"\">\u00dcber den Hersteller<\/div>\n<div data-v-6df6b348=\"\"><\/div>\n<\/div>\n<div id=\"jum-collapsible-6\" class=\"content\" data-v-6df6b348=\"\">\n<p><strong>Marke<\/strong> Wirst du bald backen und suchst du nach einer M\u00f6glichkeit, Dekorationen zu zeichnen oder selbst eine Nachricht zu schreiben? Dann sind die Dr. Oetker Dekomarker genau das, was Sie brauchen, um Ihr Backen pers\u00f6nlicher zu gestalten.<\/p>\n<p>Diese Marker schmecken nach Schokolade und Karamell und sind die perfekte Wahl, um einen Kuchen, Cupcakes oder Kekse zu dekorieren. Finden Sie sch\u00f6ne Beispiele f\u00fcr Tortendekoration online oder lassen Sie Ihrer Fantasie freien Lauf. Schreiben Sie zum Beispiel eine liebevolle Nachricht auf eine Geburtstagstorte oder dekorieren Sie Ihren Cupcake mit sch\u00f6nen Zeichnungen aus dem lockeren Handgelenk.<\/p>\n<p>M\u00f6chten Sie mehr \u00fcber die verschiedenen Anwendungen unserer Dekorationsstifte erfahren? Dann schauen Sie sich www.oetker.nl an, um Backtipps und Inspirationsrezepte zu erhalten, und legen Sie schnell mit diesem praktischen Produkt los.<\/p>\n<p><strong>Webseite<\/strong>www.oetker.nl<\/p>\n<p><strong>Adresse<\/strong>Dr. Oetker<br \/>\nAntwortnummer 7204, 3800 TE Amersfoort<\/p>\n<p><strong>Telefonnummer<\/strong>: 0800-0220770<\/p>\n<\/div>\n<\/div>\n<\/div>\n","protected":false},"excerpt":{"rendered":"<p>Produktinformationen zu: Dr. Oetker Dekostifte Choco und Caramel Inhaltsstoffe von: Dr. Oetker Dekostifte Choco und Caramel Zucker Wasser pflanzliche \u00d6le (Palm, Raps) glukosesirup fettarmes Kakaopulver modifizierte St\u00e4rke (Mais, Tapioka) Farbstoffe (E150a, E161b, E120, E160a) Emulgatoren (E435, Sonnenblumenlecithine) Aromen (enth\u00e4lt Milch) Karamell Konservierungsmittel (Kaliumsorbat) S\u00e4ureregulator (Zitronens\u00e4ure) Maissirup mit hohem Fructosegehalt Verdickungsmittel (Pektine) N\u00e4hrwerte N\u00e4hrwerte Pro 100 [&#8230;]\n","protected":false},"featured_media":118603,"template":"","meta":{"_acf_changed":false,"_aipt_faq_data":""},"product_brand":[14760],"product_cat":[14535,15337],"product_tag":[],"class_list":{"0":"post-150187","1":"product","2":"type-product","3":"status-publish","4":"has-post-thumbnail","6":"product_brand-dr-oetker-de","7":"product_cat-backwaren-und-backmischungen","8":"product_cat-garnieren","9":"pa_artikelnummer-980-de","11":"first","12":"onbackorder","13":"taxable","14":"shipping-taxable","15":"purchasable","16":"product-type-simple"},"bundled_by":[],"bundle_stock_status":"onbackorder","bundle_stock_quantity":null,"bundle_virtual":false,"bundle_layout":"","bundle_add_to_cart_form_location":"","bundle_editable_in_cart":false,"bundle_sold_individually_context":"","bundle_item_grouping":"","bundle_min_size":"","bundle_max_size":"","bundle_price":[],"bundled_items":[],"bundle_sell_ids":[],"acf":{"content":"76 gr"},"_links":{"self":[{"href":"https:\/\/realdutchfood.com\/de\/wp-json\/wp\/v2\/product\/150187","targetHints":{"allow":["GET"]}}],"collection":[{"href":"https:\/\/realdutchfood.com\/de\/wp-json\/wp\/v2\/product"}],"about":[{"href":"https:\/\/realdutchfood.com\/de\/wp-json\/wp\/v2\/types\/product"}],"wp:featuredmedia":[{"embeddable":true,"href":"https:\/\/realdutchfood.com\/de\/wp-json\/wp\/v2\/media\/118603"}],"wp:attachment":[{"href":"https:\/\/realdutchfood.com\/de\/wp-json\/wp\/v2\/media?parent=150187"}],"wp:term":[{"taxonomy":"product_brand","embeddable":true,"href":"https:\/\/realdutchfood.com\/de\/wp-json\/wp\/v2\/product_brand?post=150187"},{"taxonomy":"product_cat","embeddable":true,"href":"https:\/\/realdutchfood.com\/de\/wp-json\/wp\/v2\/product_cat?post=150187"},{"taxonomy":"product_tag","embeddable":true,"href":"https:\/\/realdutchfood.com\/de\/wp-json\/wp\/v2\/product_tag?post=150187"}],"curies":[{"name":"wp","href":"https:\/\/api.w.org\/{rel}","templated":true}]}}