{"id":150188,"date":"2016-12-10T09:22:39","date_gmt":"2016-12-10T08:22:39","guid":{"rendered":"https:\/\/realdutchfood.com\/dr-oetker-tassenkuchen-stracciatella\/"},"modified":"2023-06-11T14:51:15","modified_gmt":"2023-06-11T12:51:15","slug":"dr-oetker-tassenkuchen-stracciatella","status":"publish","type":"product","link":"https:\/\/realdutchfood.com\/de\/dr-oetker-tassenkuchen-stracciatella\/","title":{"rendered":"Dr. Oetker Tassenkuchen Stracciatella"},"content":{"rendered":"<div class=\"product-information\" data-v-6d4f1d38=\"\" data-v-f83e65de=\"\" data-v-97bb2ace=\"\">\n<div class=\"jum-collapsible open\" data-v-410e9d19=\"\" data-v-6d4f1d38=\"\">\n<div class=\"title-wrapper\" data-v-410e9d19=\"\">\n<h3 class=\"title\">Zutaten Dr. Oetker Tassenkuchen Stracciatella<\/h3>\n<\/div>\n<div data-v-410e9d19=\"\">\n<div id=\"jum-collapsible-0\" class=\"content\" data-v-410e9d19=\"\">\n<ul class=\"mb\">\n<li>Zucker<\/li>\n<li><strong>Weizenmehl<\/strong><\/li>\n<li>12% Schokoladenst\u00fcckchen (Zucker, Kakaomasse, Magerkakaopulver)<\/li>\n<li><strong>H\u00fchner-Volleipulver<\/strong><\/li>\n<li><strong>Weizenst\u00e4rke<\/strong><\/li>\n<li><strong>Proteinpulver<\/strong><\/li>\n<li>Reisst\u00e4rke<\/li>\n<li>Emulgatoren (E 475, E 471, E 433)<\/li>\n<li>Backtriebmittel (E 500, E 450)<\/li>\n<li>Verdicker (E 415)<\/li>\n<li>Aroma<\/li>\n<li>S\u00e4ureregulator (E 330)<\/li>\n<li>Schokoladenst\u00fccke enthalten mindestens 35% trockene Kakaofeststoffe.<\/li>\n<\/ul>\n<\/div>\n<\/div>\n<\/div>\n<div class=\"jum-collapsible nutritions open\" data-v-410e9d19=\"\" data-v-038af5f8=\"\" data-v-6d4f1d38=\"\">\n<div class=\"title-wrapper\" data-v-410e9d19=\"\">\n<h3 class=\"title\">N\u00e4hrwerte<\/h3>\n<\/div>\n<div data-v-410e9d19=\"\">\n<div id=\"jum-collapsible-1\" class=\"content\" data-v-410e9d19=\"\">\n<table class=\"jum-table striped\" aria-label=\"Table containing info\" data-v-e2cf3b44=\"\" data-v-038af5f8=\"\">\n<thead data-v-e2cf3b44=\"\" data-v-038af5f8=\"\">\n<tr class=\"header-row\" data-v-e2cf3b44=\"\" data-v-038af5f8=\"\">\n<th id=\"Voedingswaarden\" class=\"header-column\" data-v-e2cf3b44=\"\" data-v-038af5f8=\"\">N\u00e4hrwerte<\/th>\n<th id=\"Bereid product: Per 100 g\" class=\"header-column\" data-v-e2cf3b44=\"\" data-v-038af5f8=\"\">Fertigprodukt: Pro 100 g<\/th>\n<th id=\"Bereid product: Per portie (110 g)\" class=\"header-column\" data-v-e2cf3b44=\"\" data-v-038af5f8=\"\">Fertigprodukt: Pro Portion (110 g)<\/th>\n<th id=\"%*\" class=\"header-column\" data-v-e2cf3b44=\"\" data-v-038af5f8=\"\">%*<\/th>\n<\/tr>\n<\/thead>\n<tbody data-v-e2cf3b44=\"\" data-v-038af5f8=\"\">\n<tr class=\"row\" data-v-e2cf3b44=\"\" data-v-038af5f8=\"\">\n<td class=\"column\" data-v-e2cf3b44=\"\" data-v-038af5f8=\"\">Energie<\/td>\n<td class=\"column\" data-v-e2cf3b44=\"\" data-v-038af5f8=\"\">1027 kJ<\/td>\n<td class=\"column\" data-v-e2cf3b44=\"\" data-v-038af5f8=\"\">1130 kJ<\/td>\n<td class=\"column\" data-v-e2cf3b44=\"\" data-v-038af5f8=\"\">13%<\/td>\n<\/tr>\n<tr class=\"row\" data-v-e2cf3b44=\"\" data-v-038af5f8=\"\">\n<td class=\"column\" data-v-e2cf3b44=\"\" data-v-038af5f8=\"\"><\/td>\n<td class=\"column\" data-v-e2cf3b44=\"\" data-v-038af5f8=\"\">243 kcal<\/td>\n<td class=\"column\" data-v-e2cf3b44=\"\" data-v-038af5f8=\"\">267 kcal<\/td>\n<td class=\"column\" data-v-e2cf3b44=\"\" data-v-038af5f8=\"\"><\/td>\n<\/tr>\n<tr class=\"row\" data-v-e2cf3b44=\"\" data-v-038af5f8=\"\">\n<td class=\"column\" data-v-e2cf3b44=\"\" data-v-038af5f8=\"\">Fette<\/td>\n<td class=\"column\" data-v-e2cf3b44=\"\" data-v-038af5f8=\"\">4,5 g<\/td>\n<td class=\"column\" data-v-e2cf3b44=\"\" data-v-038af5f8=\"\">5,0 g<\/td>\n<td class=\"column\" data-v-e2cf3b44=\"\" data-v-038af5f8=\"\">7%<\/td>\n<\/tr>\n<tr class=\"row\" data-v-e2cf3b44=\"\" data-v-038af5f8=\"\">\n<td class=\"column sub-label\" data-v-e2cf3b44=\"\" data-v-038af5f8=\"\">&#8211; davon ges\u00e4ttigte Fetts\u00e4uren<\/td>\n<td class=\"column\" data-v-e2cf3b44=\"\" data-v-038af5f8=\"\">ca. 2,4 g<\/td>\n<td class=\"column\" data-v-e2cf3b44=\"\" data-v-038af5f8=\"\">ca. 2,6 g<\/td>\n<td class=\"column\" data-v-e2cf3b44=\"\" data-v-038af5f8=\"\">13%<\/td>\n<\/tr>\n<tr class=\"row\" data-v-e2cf3b44=\"\" data-v-038af5f8=\"\">\n<td class=\"column\" data-v-e2cf3b44=\"\" data-v-038af5f8=\"\">Kohlenhydrate<\/td>\n<td class=\"column\" data-v-e2cf3b44=\"\" data-v-038af5f8=\"\">44 g<\/td>\n<td class=\"column\" data-v-e2cf3b44=\"\" data-v-038af5f8=\"\">48 g<\/td>\n<td class=\"column\" data-v-e2cf3b44=\"\" data-v-038af5f8=\"\">18%<\/td>\n<\/tr>\n<tr class=\"row\" data-v-e2cf3b44=\"\" data-v-038af5f8=\"\">\n<td class=\"column sub-label\" data-v-e2cf3b44=\"\" data-v-038af5f8=\"\">&#8211; davon Zucker<\/td>\n<td class=\"column\" data-v-e2cf3b44=\"\" data-v-038af5f8=\"\">32 g<\/td>\n<td class=\"column\" data-v-e2cf3b44=\"\" data-v-038af5f8=\"\">35 g<\/td>\n<td class=\"column\" data-v-e2cf3b44=\"\" data-v-038af5f8=\"\">39%<\/td>\n<\/tr>\n<tr class=\"row\" data-v-e2cf3b44=\"\" data-v-038af5f8=\"\">\n<td class=\"column\" data-v-e2cf3b44=\"\" data-v-038af5f8=\"\">Proteine<\/td>\n<td class=\"column\" data-v-e2cf3b44=\"\" data-v-038af5f8=\"\">6,7 g<\/td>\n<td class=\"column\" data-v-e2cf3b44=\"\" data-v-038af5f8=\"\">ca. 7,4 g<\/td>\n<td class=\"column\" data-v-e2cf3b44=\"\" data-v-038af5f8=\"\">15%<\/td>\n<\/tr>\n<tr class=\"row\" data-v-e2cf3b44=\"\" data-v-038af5f8=\"\">\n<td class=\"column\" data-v-e2cf3b44=\"\" data-v-038af5f8=\"\">Salz<\/td>\n<td class=\"column\" data-v-e2cf3b44=\"\" data-v-038af5f8=\"\">0,48 g<\/td>\n<td class=\"column\" data-v-e2cf3b44=\"\" data-v-038af5f8=\"\">0,53 g<\/td>\n<td class=\"column\" data-v-e2cf3b44=\"\" data-v-038af5f8=\"\">9%<\/td>\n<\/tr>\n<tr class=\"row\" data-v-e2cf3b44=\"\" data-v-038af5f8=\"\">\n<td class=\"column\" colspan=\"4\" data-v-e2cf3b44=\"\" data-v-038af5f8=\"\">*Referenzmenge f\u00fcr einen durchschnittlichen Erwachsenen (8400 kJ\/2000 kcal).<\/td>\n<\/tr>\n<\/tbody>\n<\/table>\n<\/div>\n<\/div>\n<\/div>\n<div class=\"jum-collapsible open\" data-v-410e9d19=\"\" data-v-6d4f1d38=\"\">\n<div class=\"title-wrapper\" data-v-410e9d19=\"\">\n<h3 class=\"title\">Produktinformation Dr. Oetker Tassenkuchen Stracciatella<\/h3>\n<\/div>\n<div data-v-410e9d19=\"\">\n<div id=\"jum-collapsible-2\" class=\"content\" data-v-410e9d19=\"\">\n<div class=\"mb\">\n<p class=\"block\">Mischen Sie f\u00fcr 1 Portion <a href=\"https:\/\/realdutchfood.com\/de\/backwaren-und-backmischungen\/\">Kuchen<\/a> in einer Tasse aus der Mikrowelle.<\/p>\n<p class=\"block\">Dr. Oetker Tassenkuchen Stracciatella ist ein leckerer Kuchen mit Schokoladenst\u00fcckchen f\u00fcr eine Person, den Sie im Handumdrehen in der Mikrowelle zubereiten k\u00f6nnen. Ein k\u00f6stlicher Genuss, der Sie warm macht!<\/p>\n<\/div>\n<\/div>\n<\/div>\n<\/div>\n<div class=\"jum-collapsible open\" data-v-410e9d19=\"\" data-v-6d4f1d38=\"\">\n<div class=\"title-wrapper\" data-v-410e9d19=\"\">\n<h3 class=\"title\">Zubereitungsmethode Dr. Oetker Tassenkuchen Stracciatella<\/h3>\n<\/div>\n<div data-v-410e9d19=\"\">\n<div id=\"jum-collapsible-3\" class=\"content\" data-v-410e9d19=\"\">\n<p>Milch hinzuf\u00fcgen und 1 Minute in die Mikrowelle \u00b1.<br \/>\nVorr\u00e4te:<br \/>\nEin mikrowellengeeigneter Becher (min. 250ml).<\/p>\n<\/div>\n<\/div>\n<\/div>\n<div class=\"jum-collapsible open\" data-v-410e9d19=\"\" data-v-1fa7cae0=\"\" data-v-6d4f1d38=\"\">\n<div class=\"title-wrapper\" data-v-410e9d19=\"\">\n<h3 class=\"title\">Allergen Warnhinweise Dr. Oetker Tassenkuchen Stracciatella<\/h3>\n<\/div>\n<div data-v-410e9d19=\"\">\n<div id=\"jum-collapsible-4\" class=\"content\" data-v-410e9d19=\"\">\n<h6 class=\"jum-heading h6\" data-v-4305a530=\"\" data-v-1fa7cae0=\"\">Enth\u00e4lt:<\/h6>\n<ul class=\"jum-list contains\" role=\"\" data-v-8e5d626a=\"\" data-v-1fa7cae0=\"\">\n<li data-v-8e5d626a=\"\" data-v-1fa7cae0=\"\">Eier<\/li>\n<li data-v-8e5d626a=\"\" data-v-1fa7cae0=\"\">Weizen<\/li>\n<\/ul>\n<h6 class=\"jum-heading h6\" data-v-4305a530=\"\" data-v-1fa7cae0=\"\">Kann umfassen:<\/h6>\n<ul class=\"jum-list\" role=\"\" data-v-8e5d626a=\"\" data-v-1fa7cae0=\"\">\n<li data-v-8e5d626a=\"\" data-v-1fa7cae0=\"\">Milch<\/li>\n<li data-v-8e5d626a=\"\" data-v-1fa7cae0=\"\">N\u00fcsse<\/li>\n<li data-v-8e5d626a=\"\" data-v-1fa7cae0=\"\">Soja<\/li>\n<\/ul>\n<\/div>\n<\/div>\n<\/div>\n<div class=\"jum-collapsible open\" data-v-410e9d19=\"\" data-v-6d4f1d38=\"\">\n<div class=\"title-wrapper\" data-v-410e9d19=\"\">\n<div class=\"title\" data-v-410e9d19=\"\">Lagerung &amp; Nutzung<\/div>\n<\/div>\n<div data-v-410e9d19=\"\">\n<div id=\"jum-collapsible-5\" class=\"content\" data-v-410e9d19=\"\"><strong>Erhalten<\/strong> Mindestens haltbar bis: siehe Seite.<br \/>\nK\u00fchl und trocken lagern.<\/div>\n<\/div>\n<\/div>\n<div class=\"jum-collapsible open\" data-v-410e9d19=\"\" data-v-6d4f1d38=\"\">\n<div class=\"title-wrapper\" data-v-410e9d19=\"\">\n<div class=\"title\" data-v-410e9d19=\"\">\u00dcber den Hersteller<\/div>\n<\/div>\n<div data-v-410e9d19=\"\">\n<div id=\"jum-collapsible-6\" class=\"content\" data-v-410e9d19=\"\">\n<p><strong>Marke<\/strong> Schauen Sie sich www.oetker.nl an, um Tipps und Inspirationen f\u00fcr Mug Cake zu erhalten.<\/p>\n<p><strong>Webseite<\/strong>www.oetker.nl<\/p>\n<p><strong>Adresse<\/strong>Dr. Oetker<br \/>\nAntwortnummer: 7204<br \/>\n3800 TE Amersfoort<\/p>\n<p><strong>Telefonnummer<\/strong>: 0800-0220770<\/p>\n<\/div>\n<\/div>\n<\/div>\n<div class=\"jum-collapsible open\" data-v-410e9d19=\"\" data-v-6d4f1d38=\"\">\n<div class=\"title-wrapper\" data-v-410e9d19=\"\">\n<div class=\"title\" data-v-410e9d19=\"\">Ursprung<\/div>\n<\/div>\n<div data-v-410e9d19=\"\">\n<div id=\"jum-collapsible-7\" class=\"content\" data-v-410e9d19=\"\">\n<p><strong>Herkunftsland<\/strong> Niederlande<\/p>\n<\/div>\n<\/div>\n<\/div>\n<\/div>\n","protected":false},"excerpt":{"rendered":"<p>Zutaten Dr. Oetker Tassenkuchen Stracciatella Zucker Weizenmehl 12% Schokoladenst\u00fcckchen (Zucker, Kakaomasse, Magerkakaopulver) H\u00fchner-Volleipulver Weizenst\u00e4rke Proteinpulver Reisst\u00e4rke Emulgatoren (E 475, E 471, E 433) Backtriebmittel (E 500, E 450) Verdicker (E 415) Aroma S\u00e4ureregulator (E 330) Schokoladenst\u00fccke enthalten mindestens 35% trockene Kakaofeststoffe. N\u00e4hrwerte N\u00e4hrwerte Fertigprodukt: Pro 100 g Fertigprodukt: Pro Portion (110 g) %* Energie 1027 [&#8230;]\n","protected":false},"featured_media":150190,"template":"","meta":{"_acf_changed":false,"_aipt_faq_data":""},"product_brand":[14760],"product_cat":[17242,14535,14603],"product_tag":[],"class_list":{"0":"post-150188","1":"product","2":"type-product","3":"status-publish","4":"has-post-thumbnail","6":"product_brand-dr-oetker-de","7":"product_cat-backmischung","8":"product_cat-backwaren-und-backmischungen","9":"product_cat-kuchen-backwaren-und-backmischungen","10":"pa_artikelnummer-913-de","12":"first","13":"onbackorder","14":"taxable","15":"shipping-taxable","16":"purchasable","17":"product-type-simple"},"bundled_by":[],"bundle_stock_status":"onbackorder","bundle_stock_quantity":null,"bundle_virtual":false,"bundle_layout":"","bundle_add_to_cart_form_location":"","bundle_editable_in_cart":false,"bundle_sold_individually_context":"","bundle_item_grouping":"","bundle_min_size":"","bundle_max_size":"","bundle_price":[],"bundled_items":[],"bundle_sell_ids":[],"acf":{"content":"60 gr"},"_links":{"self":[{"href":"https:\/\/realdutchfood.com\/de\/wp-json\/wp\/v2\/product\/150188","targetHints":{"allow":["GET"]}}],"collection":[{"href":"https:\/\/realdutchfood.com\/de\/wp-json\/wp\/v2\/product"}],"about":[{"href":"https:\/\/realdutchfood.com\/de\/wp-json\/wp\/v2\/types\/product"}],"wp:featuredmedia":[{"embeddable":true,"href":"https:\/\/realdutchfood.com\/de\/wp-json\/wp\/v2\/media\/150190"}],"wp:attachment":[{"href":"https:\/\/realdutchfood.com\/de\/wp-json\/wp\/v2\/media?parent=150188"}],"wp:term":[{"taxonomy":"product_brand","embeddable":true,"href":"https:\/\/realdutchfood.com\/de\/wp-json\/wp\/v2\/product_brand?post=150188"},{"taxonomy":"product_cat","embeddable":true,"href":"https:\/\/realdutchfood.com\/de\/wp-json\/wp\/v2\/product_cat?post=150188"},{"taxonomy":"product_tag","embeddable":true,"href":"https:\/\/realdutchfood.com\/de\/wp-json\/wp\/v2\/product_tag?post=150188"}],"curies":[{"name":"wp","href":"https:\/\/api.w.org\/{rel}","templated":true}]}}