{"id":150192,"date":"2016-11-21T17:04:55","date_gmt":"2016-11-21T16:04:55","guid":{"rendered":"https:\/\/realdutchfood.com\/dr-oetker-kochpudding-sahne-geschmack\/"},"modified":"2023-06-11T12:28:23","modified_gmt":"2023-06-11T10:28:23","slug":"dr-oetker-kochpudding-sahne-geschmack","status":"publish","type":"product","link":"https:\/\/realdutchfood.com\/de\/dr-oetker-kochpudding-sahne-geschmack\/","title":{"rendered":"Dr. Oetker Kochpudding-Sahne-Geschmack"},"content":{"rendered":"<div class=\"jum-summary-description\">\n<div class=\"product-information\" data-v-e49d766c=\"\" data-v-7a2777bc=\"\" data-v-74e247bc=\"\">\n<h2 class=\"jum-heading h4\">Produktinformationen zu: Dr. Oetker Kochpudding-Sahne-Geschmack<\/h2>\n<div class=\"jum-collapsible open\" data-v-4fb8929b=\"\" data-v-e49d766c=\"\">\n<div class=\"title-wrapper\" data-v-4fb8929b=\"\">\n<h3 class=\"title\">Inhaltsstoffe von: Dr. Oetker Kochpudding-Sahne-Geschmack<\/h3>\n<\/div>\n<div id=\"jum-collapsible-0\" class=\"content\" data-v-4fb8929b=\"\">\n<ul class=\"mb\">\n<li>Zucker<\/li>\n<li>Maisst\u00e4rke<\/li>\n<li>Salz<\/li>\n<li>Aroma<\/li>\n<li>Farbstoff (Carotin)<\/li>\n<\/ul>\n<\/div>\n<\/div>\n<div class=\"jum-collapsible nutritions open\" data-v-4fb8929b=\"\" data-v-921da544=\"\" data-v-e49d766c=\"\">\n<div class=\"title-wrapper\" data-v-4fb8929b=\"\">\n<h3 class=\"title\">N\u00e4hrwerte von: Dr. Oetker Kochpudding-Sahne-Geschmack<\/h3>\n<\/div>\n<div id=\"jum-collapsible-1\" class=\"content\" data-v-4fb8929b=\"\">\n<table class=\"mb\" width=\"100%\" data-v-921da544=\"\">\n<thead data-v-921da544=\"\">\n<tr class=\"text-left\" data-v-921da544=\"\">\n<th data-v-921da544=\"\">N\u00e4hrwerte<\/th>\n<th data-v-921da544=\"\">je Fertigerzeugnis (mit teilentrahmter Milch) je 100 g<\/th>\n<th data-v-921da544=\"\">pro Fertigprodukt (mit teilentrahmter Milch) pro Portion = 144 g<\/th>\n<th data-v-921da544=\"\">(%*)<\/th>\n<\/tr>\n<\/thead>\n<tbody data-v-921da544=\"\">\n<tr data-v-921da544=\"\">\n<td data-v-921da544=\"\">Energie<\/td>\n<td data-v-921da544=\"\">388 kJ<\/td>\n<td data-v-921da544=\"\">559 kJ<\/td>\n<td data-v-921da544=\"\">(7%)<\/td>\n<\/tr>\n<tr data-v-921da544=\"\">\n<td data-v-921da544=\"\"><\/td>\n<td data-v-921da544=\"\">92 kcal<\/td>\n<td data-v-921da544=\"\">132 kcal<\/td>\n<td data-v-921da544=\"\">(7%)<\/td>\n<\/tr>\n<tr data-v-921da544=\"\">\n<td data-v-921da544=\"\">Fette<\/td>\n<td data-v-921da544=\"\">1,4 g<\/td>\n<td data-v-921da544=\"\">ca. 2,0 g<\/td>\n<td data-v-921da544=\"\">(3%)<\/td>\n<\/tr>\n<tr data-v-921da544=\"\">\n<td data-v-921da544=\"\">Davon ges\u00e4ttigte Fetts\u00e4uren<\/td>\n<td data-v-921da544=\"\">0,8 g<\/td>\n<td data-v-921da544=\"\">ca. 1,1 g<\/td>\n<td data-v-921da544=\"\">(6%)<\/td>\n<\/tr>\n<tr data-v-921da544=\"\">\n<td data-v-921da544=\"\">Kohlenhydrate<\/td>\n<td data-v-921da544=\"\">17 Gramm<\/td>\n<td data-v-921da544=\"\">24 Gramm<\/td>\n<td data-v-921da544=\"\">(9%)<\/td>\n<\/tr>\n<tr data-v-921da544=\"\">\n<td data-v-921da544=\"\">Davon Zucker<\/td>\n<td data-v-921da544=\"\">11 g<\/td>\n<td data-v-921da544=\"\">16 g<\/td>\n<td data-v-921da544=\"\">(18%)<\/td>\n<\/tr>\n<tr data-v-921da544=\"\">\n<td data-v-921da544=\"\">Proteine<\/td>\n<td data-v-921da544=\"\">ca. 3,1 g<\/td>\n<td data-v-921da544=\"\">4,5 g<\/td>\n<td data-v-921da544=\"\">(9%)<\/td>\n<\/tr>\n<tr data-v-921da544=\"\">\n<td data-v-921da544=\"\">Salz<\/td>\n<td data-v-921da544=\"\">0,15 g<\/td>\n<td data-v-921da544=\"\">0,22 g<\/td>\n<td data-v-921da544=\"\">(4%)<\/td>\n<\/tr>\n<tr data-v-921da544=\"\">\n<td colspan=\"4\" data-v-921da544=\"\">* Referenzmenge f\u00fcr einen durchschnittlichen Erwachsenen (8400 kJ\/2000 kcal).<\/td>\n<\/tr>\n<tr data-v-921da544=\"\">\n<td colspan=\"4\" data-v-921da544=\"\">Das zubereitete Produkt enth\u00e4lt 4 Portionen.<\/td>\n<\/tr>\n<\/tbody>\n<\/table>\n<\/div>\n<\/div>\n<div class=\"jum-collapsible open\" data-v-4fb8929b=\"\" data-v-e49d766c=\"\">\n<div class=\"title-wrapper\" data-v-4fb8929b=\"\">\n<h3 class=\"title\">Produktbeschreibung von: Dr. Oetker Kochpudding-Sahne-Geschmack<\/h3>\n<\/div>\n<div id=\"jum-collapsible-2\" class=\"content\" data-v-4fb8929b=\"\">\n<div class=\"mb\">\n<p class=\"mb-0\">Mit Dr. Oetker Cooking Pudding Room k\u00f6nnen Sie im Handumdrehen ein leckeres <a href=\"https:\/\/realdutchfood.com\/de\/desserts-de\/\">Dessert<\/a> mit dem Geschmack der Vergangenheit auf den Tisch bringen. Dieser authentische Sahnepudding bleibt einfach sehr lecker.<\/p>\n<p>Eine Packung Sahnepudding ist f\u00fcr etwa vier Personen geeignet. Sie k\u00f6nnen den Sahnepudding in eine traditionelle Puddingform oder in lose Sch\u00fcsseln gie\u00dfen. Sie haben die Wahl.<\/p>\n<p>So machen Sie den Sahnepudding:<\/p>\n<p class=\"mb-0\">1. Mischen Sie in einer Tasse den Inhalt der Packung mit 6 Essl\u00f6ffeln der 500 ml kalten Milch. Die Milch unter R\u00fchren zum Kochen bringen.<br \/>\n2. Die Pfanne vom Herd nehmen und das vorbereitete Puddingpulver unter R\u00fchren in die Milch geben. Diese weitere 2 Minuten bei schwacher Hitze unter st\u00e4ndigem R\u00fchren leicht k\u00f6cheln lassen.<br \/>\n3. Gie\u00dfen Sie den Pudding in die Form.<\/p>\n<\/div>\n<\/div>\n<\/div>\n<div class=\"jum-collapsible open\" data-v-4fb8929b=\"\" data-v-e49d766c=\"\">\n<div class=\"title-wrapper\" data-v-4fb8929b=\"\">\n<h3 class=\"title\">Zubereitungsmethode f\u00fcr: Dr. Oetker Kochpudding-Sahne-Geschmack<\/h3>\n<\/div>\n<div id=\"jum-collapsible-3\" class=\"content\" data-v-4fb8929b=\"\">\n<p>F\u00fcgen Sie sich hinzu: 500 ml (0,5 l) Milch<br \/>\n(f\u00fcr 4 Portionen)<br \/>\n1. Mischen Sie in einer Tasse den Inhalt der Packung mit 6 Essl\u00f6ffeln der 500 ml kalten Milch.<br \/>\n2. Die Milch unter R\u00fchren zum Kochen bringen. Die Pfanne vom Herd nehmen und das vorbereitete Puddingpulver unter R\u00fchren in die Milch geben.<br \/>\n3. Diese weitere 2 Minuten bei schwacher Hitze unter st\u00e4ndigem R\u00fchren leicht k\u00f6cheln lassen.<br \/>\n4. Gie\u00dfen Sie den Pudding in die Form. Sie k\u00f6nnen den Pudding auch direkt \u00fcber das Geschirr verteilen.<\/p>\n<p>Tipp: So gie\u00dfen Sie den Pudding einfach ein: Sp\u00fclen Sie eine Puddingform mit kaltem Wasser ab, gie\u00dfen Sie den Pudding hinein und k\u00fchlen Sie ihn 4 Stunden lang.<br \/>\nTipp: Verhindern Sie ein Blatt auf dem Pudding, indem Sie ihn nach dem Kochen mit Frischhaltefolie abdecken. Tun Sie dies nicht, wenn der Pudding gegossen wird, da er sonst zu weich bleibt.<br \/>\nVariationstipp: Den Pudding mit Fruchtkompott dekorieren.<br \/>\nVariationsrezepte finden Sie unter www.oetker.nl<\/p>\n<\/div>\n<\/div>\n<div class=\"jum-collapsible open\" data-v-4fb8929b=\"\" data-v-e49d766c=\"\">\n<div class=\"title-wrapper\" data-v-4fb8929b=\"\">\n<div class=\"title\" data-v-4fb8929b=\"\">Lagerung &amp; Nutzung<\/div>\n<\/div>\n<div id=\"jum-collapsible-4\" class=\"content\" data-v-4fb8929b=\"\"><strong>Erhalten<\/strong> K\u00fchl und trocken lagern.<br \/>\nMindestens haltbar bis: siehe Verpackung.<\/div>\n<\/div>\n<div class=\"jum-collapsible open\" data-v-4fb8929b=\"\" data-v-e49d766c=\"\">\n<div class=\"title-wrapper\" data-v-4fb8929b=\"\">\n<div class=\"title\" data-v-4fb8929b=\"\">\u00dcber den Hersteller<\/div>\n<\/div>\n<div id=\"jum-collapsible-5\" class=\"content\" data-v-4fb8929b=\"\">\n<p><strong>Marke<\/strong> Variationsrezepte finden Sie unter www.oetker.nl<\/p>\n<p><strong>Webseite<\/strong>www.oetker.nl<\/p>\n<p><strong>Adresse<\/strong>Dr. Oetker<br \/>\nAntwortnummer: 7204<br \/>\n3800 TE Amersfoort<\/p>\n<p><strong>Telefonnummer<\/strong>: 0800-0220770<\/p>\n<\/div>\n<\/div>\n<\/div>\n<\/div>\n","protected":false},"excerpt":{"rendered":"<p>Produktinformationen zu: Dr. Oetker Kochpudding-Sahne-Geschmack Inhaltsstoffe von: Dr. Oetker Kochpudding-Sahne-Geschmack Zucker Maisst\u00e4rke Salz Aroma Farbstoff (Carotin) N\u00e4hrwerte von: Dr. Oetker Kochpudding-Sahne-Geschmack N\u00e4hrwerte je Fertigerzeugnis (mit teilentrahmter Milch) je 100 g pro Fertigprodukt (mit teilentrahmter Milch) pro Portion = 144 g (%*) Energie 388 kJ 559 kJ (7%) 92 kcal 132 kcal (7%) Fette 1,4 g [&#8230;]\n","protected":false},"featured_media":124523,"template":"","meta":{"_acf_changed":false,"_aipt_faq_data":""},"product_brand":[14760],"product_cat":[15075,14492],"product_tag":[],"class_list":{"0":"post-150192","1":"product","2":"type-product","3":"status-publish","4":"has-post-thumbnail","6":"product_brand-dr-oetker-de","7":"product_cat-desserts-de","8":"product_cat-milchprodukte","9":"pa_artikelnummer-2029-de","11":"first","12":"onbackorder","13":"taxable","14":"shipping-taxable","15":"purchasable","16":"product-type-simple"},"bundled_by":[],"bundle_stock_status":"onbackorder","bundle_stock_quantity":null,"bundle_virtual":false,"bundle_layout":"","bundle_add_to_cart_form_location":"","bundle_editable_in_cart":false,"bundle_sold_individually_context":"","bundle_item_grouping":"","bundle_min_size":"","bundle_max_size":"","bundle_price":[],"bundled_items":[],"bundle_sell_ids":[],"acf":{"content":"77,5 gr"},"_links":{"self":[{"href":"https:\/\/realdutchfood.com\/de\/wp-json\/wp\/v2\/product\/150192","targetHints":{"allow":["GET"]}}],"collection":[{"href":"https:\/\/realdutchfood.com\/de\/wp-json\/wp\/v2\/product"}],"about":[{"href":"https:\/\/realdutchfood.com\/de\/wp-json\/wp\/v2\/types\/product"}],"wp:featuredmedia":[{"embeddable":true,"href":"https:\/\/realdutchfood.com\/de\/wp-json\/wp\/v2\/media\/124523"}],"wp:attachment":[{"href":"https:\/\/realdutchfood.com\/de\/wp-json\/wp\/v2\/media?parent=150192"}],"wp:term":[{"taxonomy":"product_brand","embeddable":true,"href":"https:\/\/realdutchfood.com\/de\/wp-json\/wp\/v2\/product_brand?post=150192"},{"taxonomy":"product_cat","embeddable":true,"href":"https:\/\/realdutchfood.com\/de\/wp-json\/wp\/v2\/product_cat?post=150192"},{"taxonomy":"product_tag","embeddable":true,"href":"https:\/\/realdutchfood.com\/de\/wp-json\/wp\/v2\/product_tag?post=150192"}],"curies":[{"name":"wp","href":"https:\/\/api.w.org\/{rel}","templated":true}]}}