{"id":150812,"date":"2013-03-01T10:02:25","date_gmt":"2013-03-01T09:02:25","guid":{"rendered":"https:\/\/realdutchfood.com\/philips-senseo-schwarz\/"},"modified":"2026-03-21T17:46:02","modified_gmt":"2026-03-21T16:46:02","slug":"philips-senseo-schwarz","status":"publish","type":"product","link":"https:\/\/realdutchfood.com\/de\/philips-senseo-schwarz\/","title":{"rendered":"Philips SENSEO &#8211; schwarz"},"content":{"rendered":"<p>Das Philips SENSEO in elegantem Schwarz bringt Kaffeegenuss auf Knopfdruck \u2013 ideal f\u00fcr alle, die Wert auf schnellen und aromatischen Kaffee legen. Diese Kaffeemaschine nutzt die innovative SENSEO\u00ae Coffee Boost-Technologie, die den Geschmack jeder Kaffeepadportion optimal zur Geltung bringt.<\/p>\n<p>Das Problem vieler Kaffeepadmaschinen ist eine ungleichm\u00e4\u00dfige Wasserverteilung, die den Geschmack beeintr\u00e4chtigen kann. Die SENSEO\u00ae Technologie l\u00f6st dieses Problem mit 45 fein positionierten Aromad\u00fcsen, die das hei\u00dfe Wasser gleichm\u00e4\u00dfig \u00fcber das gesamte Kaffeepad verteilen. So werden s\u00e4mtliche Aromen aus dem gemahlenen Kaffee extrahiert und entfachen ein intensives und vollmundiges Geschmackserlebnis.<\/p>\n<p><strong>Produktmerkmale und Vorteile:<\/strong><\/p>\n<ul>\n<li>Innovative Aromad\u00fcsen-Technologie: Sorgt f\u00fcr eine gleichm\u00e4\u00dfige Extraktion des Kaffees und maximiert den Geschmack.<\/li>\n<li>Elegantes, schwarzes Design: Passt stilvoll in jede K\u00fcche und unterstreicht modernes Wohnambiente.<\/li>\n<li>Einfaches Handling: Intuitive Bedienung erm\u00f6glicht schnelle und unkomplizierte Kaffeezubereitung pro St\u00fcck.<\/li>\n<li>Optimale Padkompatibilit\u00e4t: Entwickelt f\u00fcr SENSEO Kaffeepads, die weltweit beliebt sind.<\/li>\n<\/ul>\n<p>Diese Kaffeemaschine ist kompakt und robust, perfekt f\u00fcr den t\u00e4glichen Gebrauch und f\u00fcr alle, die schnellen, frischen Kaffee ohne Aufwand sch\u00e4tzen. Sie eignet sich ideal f\u00fcr den Gebrauch zu Hause, im B\u00fcro oder f\u00fcr Kaffeeliebhaber, die Wert auf authentischen niederl\u00e4ndischen Kaffeegenuss legen.<\/p>\n<p><strong>Produktdaten:<\/strong><\/p>\n<ul>\n<li>Inhalt: pro St\u00fcck<\/li>\n<\/ul>\n<p>Ob Sie allein oder mit G\u00e4sten genie\u00dfen, die Philips SENSEO Kaffeemaschine liefert stets ein zuverl\u00e4ssiges Ergebnis und sorgt f\u00fcr Kaffeegenuss, der an niederl\u00e4ndische Kaffeeh\u00e4user erinnert. Bestellen Sie bei Real Dutch Food und erhalten Sie diesen Klassiker mit weltweitem Versand \u2013 perfekt f\u00fcr niederl\u00e4ndische Expats, die zuhause nicht auf ihren Kaffee verzichten m\u00f6chten.<\/p>\n","protected":false},"excerpt":{"rendered":"<p>Genie\u00dfen Sie mit diesem schwarzen Philips SENSEO Ger\u00e4t pro St\u00fcck perfekt zubereiteten Kaffee, der dank der einzigartigen Aromad\u00fcsen-Technologie intensiven Geschmack garantiert. Die einfache Handhabung macht es ideal f\u00fcr den t\u00e4glichen Kaffeegenuss zu Hause oder im B\u00fcro. Entdecken Sie die bequeme Art, Ihren Lieblingskaffee schnell und frisch zuzubereiten.<\/p>\n","protected":false},"featured_media":150825,"template":"","meta":{"_acf_changed":false,"_aipt_faq_data":""},"product_brand":[14568,15730],"product_cat":[14557,15469],"product_tag":[],"class_list":{"0":"post-150812","1":"product","2":"type-product","3":"status-publish","4":"has-post-thumbnail","6":"product_brand-douwe-egberts-de","7":"product_brand-philips-de","8":"product_cat-non-food-de","9":"product_cat-senseo-geraete","10":"pa_artikelnummer-2627-de","12":"first","13":"onbackorder","14":"taxable","15":"shipping-taxable","16":"purchasable","17":"product-type-simple"},"bundled_by":[],"bundle_stock_status":"onbackorder","bundle_stock_quantity":null,"bundle_virtual":false,"bundle_layout":"","bundle_add_to_cart_form_location":"","bundle_editable_in_cart":false,"bundle_sold_individually_context":"","bundle_item_grouping":"","bundle_min_size":"","bundle_max_size":"","bundle_price":[],"bundled_items":[],"bundle_sell_ids":[],"acf":{"content":"per stuk"},"_links":{"self":[{"href":"https:\/\/realdutchfood.com\/de\/wp-json\/wp\/v2\/product\/150812","targetHints":{"allow":["GET"]}}],"collection":[{"href":"https:\/\/realdutchfood.com\/de\/wp-json\/wp\/v2\/product"}],"about":[{"href":"https:\/\/realdutchfood.com\/de\/wp-json\/wp\/v2\/types\/product"}],"wp:featuredmedia":[{"embeddable":true,"href":"https:\/\/realdutchfood.com\/de\/wp-json\/wp\/v2\/media\/150825"}],"wp:attachment":[{"href":"https:\/\/realdutchfood.com\/de\/wp-json\/wp\/v2\/media?parent=150812"}],"wp:term":[{"taxonomy":"product_brand","embeddable":true,"href":"https:\/\/realdutchfood.com\/de\/wp-json\/wp\/v2\/product_brand?post=150812"},{"taxonomy":"product_cat","embeddable":true,"href":"https:\/\/realdutchfood.com\/de\/wp-json\/wp\/v2\/product_cat?post=150812"},{"taxonomy":"product_tag","embeddable":true,"href":"https:\/\/realdutchfood.com\/de\/wp-json\/wp\/v2\/product_tag?post=150812"}],"curies":[{"name":"wp","href":"https:\/\/api.w.org\/{rel}","templated":true}]}}