{"id":151723,"date":"2013-02-28T14:09:31","date_gmt":"2013-02-28T13:09:31","guid":{"rendered":"https:\/\/realdutchfood.com\/honigbasis-fuer-fadennudeln-suppe\/"},"modified":"2026-03-24T15:24:01","modified_gmt":"2026-03-24T14:24:01","slug":"honig-basis-fuer-nudelnsuppe","status":"publish","type":"product","link":"https:\/\/realdutchfood.com\/de\/honig-basis-fuer-nudelnsuppe\/","title":{"rendered":"Honig Basis f\u00fcr Nudelnsuppe"},"content":{"rendered":"<div class=\"product-information\" data-v-d6fd914a=\"\" data-v-662d6c28=\"\" data-v-49b0c6f8=\"\">\n<div class=\"jum-collapsible open\" data-v-4fb8929b=\"\" data-v-d6fd914a=\"\">\n<div class=\"title-wrapper\" data-v-4fb8929b=\"\">\n<h2>Produktbeschreibung von: Honig Basis f\u00fcr Nudelnsuppe<\/h2>\n<h3 class=\"title\">Zutaten aus: Honig Basis f\u00fcr Nudelnsuppe<\/h3>\n<\/div>\n<div id=\"jum-collapsible-0\" class=\"content\" data-v-4fb8929b=\"\">\n<ul class=\"mb\">\n<li>(Nach Zubereitung mit Wasser):<\/li>\n<li>Br\u00fche (<strong>Soja<\/strong>)<\/li>\n<li>Fadennudeln 9,6% (<strong>Weizenmehl<\/strong>, <strong>H\u00fchnereiprotein<\/strong>)<\/li>\n<li>Gem\u00fcse (Tomate, Karotte, Lauch 0,3%)<\/li>\n<li>Salz<\/li>\n<li>Palmfett<\/li>\n<li>glukosesirup<\/li>\n<li>Geschmacksverst\u00e4rker (E621)<\/li>\n<li>Kr\u00e4uter (Petersilie, Liebst\u00f6ckel, <strong>Selleriesamen<\/strong>, Muskatnuss)<\/li>\n<li>Gew\u00fcrze (Kurkuma, Pfeffer, Muskatbl\u00fcte)<\/li>\n<\/ul>\n<\/div>\n<\/div>\n<div class=\"jum-collapsible nutritions open\" data-v-4fb8929b=\"\" data-v-7f154835=\"\" data-v-d6fd914a=\"\">\n<div class=\"title-wrapper\" data-v-4fb8929b=\"\">\n<h3 class=\"title\">N\u00e4hrwerte von: Honig Basis f\u00fcr Nudelnsuppe<\/h3>\n<\/div>\n<div id=\"jum-collapsible-1\" class=\"content\" data-v-4fb8929b=\"\">\n<table class=\"jum-table striped\" data-v-e2cf3b44=\"\" data-v-7f154835=\"\" aria-label=\"Table containing info\">\n<tbody>\n<tr class=\"header-row\" data-v-e2cf3b44=\"\">\n<th class=\"header-column\" data-v-e2cf3b44=\"\">N\u00e4hrwerte<\/th>\n<th class=\"header-column\" data-v-e2cf3b44=\"\">Pro 100 ml*<\/th>\n<th class=\"header-column\" data-v-e2cf3b44=\"\">Pro Portion**<\/th>\n<\/tr>\n<tr class=\"row\" data-v-7f154835=\"\" data-v-e2cf3b44=\"\">\n<td class=\"column\" data-v-7f154835=\"\" data-v-e2cf3b44=\"\">Energie<\/td>\n<td class=\"column\" data-v-7f154835=\"\" data-v-e2cf3b44=\"\">100 kJ<\/td>\n<td class=\"column\" data-v-7f154835=\"\" data-v-e2cf3b44=\"\">529 kJ<\/td>\n<\/tr>\n<tr class=\"row\" data-v-7f154835=\"\" data-v-e2cf3b44=\"\">\n<td class=\"column\" data-v-7f154835=\"\" data-v-e2cf3b44=\"\"><\/td>\n<td class=\"column\" data-v-7f154835=\"\" data-v-e2cf3b44=\"\">24 kcal<\/td>\n<td class=\"column\" data-v-7f154835=\"\" data-v-e2cf3b44=\"\">126 kcal<\/td>\n<\/tr>\n<tr class=\"row\" data-v-7f154835=\"\" data-v-e2cf3b44=\"\">\n<td class=\"column\" data-v-7f154835=\"\" data-v-e2cf3b44=\"\">Fette<\/td>\n<td class=\"column\" data-v-7f154835=\"\" data-v-e2cf3b44=\"\">0,3 g<\/td>\n<td class=\"column\" data-v-7f154835=\"\" data-v-e2cf3b44=\"\">5,0 g<\/td>\n<\/tr>\n<tr class=\"row\" data-v-7f154835=\"\" data-v-e2cf3b44=\"\">\n<td class=\"column\" data-v-7f154835=\"\" data-v-e2cf3b44=\"\">Davon ges\u00e4ttigte Fetts\u00e4uren<\/td>\n<td class=\"column\" data-v-7f154835=\"\" data-v-e2cf3b44=\"\">0,2 g<\/td>\n<td class=\"column\" data-v-7f154835=\"\" data-v-e2cf3b44=\"\">ca. 2,1 g<\/td>\n<\/tr>\n<tr class=\"row\" data-v-7f154835=\"\" data-v-e2cf3b44=\"\">\n<td class=\"column\" data-v-7f154835=\"\" data-v-e2cf3b44=\"\">Kohlenhydrate<\/td>\n<td class=\"column\" data-v-7f154835=\"\" data-v-e2cf3b44=\"\">ca. 4,2 g<\/td>\n<td class=\"column\" data-v-7f154835=\"\" data-v-e2cf3b44=\"\">12 g<\/td>\n<\/tr>\n<tr class=\"row\" data-v-7f154835=\"\" data-v-e2cf3b44=\"\">\n<td class=\"column\" data-v-7f154835=\"\" data-v-e2cf3b44=\"\">Davon Zucker<\/td>\n<td class=\"column\" data-v-7f154835=\"\" data-v-e2cf3b44=\"\">0,3 g<\/td>\n<td class=\"column\" data-v-7f154835=\"\" data-v-e2cf3b44=\"\">ca. 2,1 g<\/td>\n<\/tr>\n<tr class=\"row\" data-v-7f154835=\"\" data-v-e2cf3b44=\"\">\n<td class=\"column\" data-v-7f154835=\"\" data-v-e2cf3b44=\"\">Faser<\/td>\n<td class=\"column\" data-v-7f154835=\"\" data-v-e2cf3b44=\"\">0,2 g<\/td>\n<td class=\"column\" data-v-7f154835=\"\" data-v-e2cf3b44=\"\">ca. 1,3 g<\/td>\n<\/tr>\n<tr class=\"row\" data-v-7f154835=\"\" data-v-e2cf3b44=\"\">\n<td class=\"column\" data-v-7f154835=\"\" data-v-e2cf3b44=\"\">Proteine<\/td>\n<td class=\"column\" data-v-7f154835=\"\" data-v-e2cf3b44=\"\">1,0 g<\/td>\n<td class=\"column\" data-v-7f154835=\"\" data-v-e2cf3b44=\"\">ca. 7,4 g<\/td>\n<\/tr>\n<tr class=\"row\" data-v-7f154835=\"\" data-v-e2cf3b44=\"\">\n<td class=\"column\" data-v-7f154835=\"\" data-v-e2cf3b44=\"\">Salz<\/td>\n<td class=\"column\" data-v-7f154835=\"\" data-v-e2cf3b44=\"\">0,76 g<\/td>\n<td class=\"column\" data-v-7f154835=\"\" data-v-e2cf3b44=\"\">ca. 2,0 g<\/td>\n<\/tr>\n<tr class=\"row\" data-v-7f154835=\"\" data-v-e2cf3b44=\"\">\n<td class=\"column\" colspan=\"3\" data-v-7f154835=\"\" data-v-e2cf3b44=\"\">* mit Wasser zubereitet<\/td>\n<\/tr>\n<tr class=\"row\" data-v-7f154835=\"\" data-v-e2cf3b44=\"\">\n<td class=\"column\" colspan=\"3\" data-v-7f154835=\"\" data-v-e2cf3b44=\"\">** 250 ml (322 g) zubereitet mit frischen Zutaten<\/td>\n<\/tr>\n<tr class=\"row\" data-v-7f154835=\"\" data-v-e2cf3b44=\"\">\n<td class=\"column\" colspan=\"3\" data-v-7f154835=\"\" data-v-e2cf3b44=\"\">Diese Packung ist f\u00fcr 6 Portionen geeignet.<\/td>\n<\/tr>\n<\/tbody>\n<\/table>\n<\/div>\n<\/div>\n<div class=\"jum-collapsible open\" data-v-4fb8929b=\"\" data-v-d6fd914a=\"\">\n<div class=\"title-wrapper\" data-v-4fb8929b=\"\">\n<h3 class=\"title\">Produktbeschreibung von: Honig Basis f\u00fcr Nudelnsuppe<\/h3>\n<\/div>\n<div id=\"jum-collapsible-2\" class=\"content\" data-v-4fb8929b=\"\">\n<div class=\"mb\">\n<p class=\"mb-0\">Honig Nudelnsssuppe ist eine klare Suppe, reich gef\u00fcllt mit <a href=\"https:\/\/realdutchfood.com\/de\/suppen-trocken\/\">Nudeln<\/a> , feinem Gem\u00fcse und Gartenkr\u00e4utern. Durch die Zugabe frischer Zutaten k\u00f6nnen Sie eine k\u00f6stliche, hausgemachte Suppe zubereiten. Schnell und einfach zuzubereiten mit dem vertrauten Geschmack von Honig. Verantwortungsvolle Wahl.<\/p>\n<\/div>\n<\/div>\n<\/div>\n<div class=\"jum-collapsible open\" data-v-4fb8929b=\"\" data-v-1fa7cae0=\"\" data-v-d6fd914a=\"\">\n<div class=\"title-wrapper\" data-v-4fb8929b=\"\">\n<h3 class=\"title\">Allergen-Warnungen<\/h3>\n<\/div>\n<div id=\"jum-collapsible-3\" class=\"content\" data-v-4fb8929b=\"\">\n<h6 class=\"jum-heading h6\" data-v-6b4430ff=\"\" data-v-1fa7cae0=\"\">Enth\u00e4lt:<\/h6>\n<ul class=\"jum-list contains\" role=\"\" data-v-8e5d626a=\"\" data-v-1fa7cae0=\"\">\n<li data-v-8e5d626a=\"\" data-v-1fa7cae0=\"\">Sellerie<\/li>\n<li data-v-8e5d626a=\"\" data-v-1fa7cae0=\"\">Eier<\/li>\n<li data-v-8e5d626a=\"\" data-v-1fa7cae0=\"\">Weizen<\/li>\n<li data-v-8e5d626a=\"\" data-v-1fa7cae0=\"\">Soja<\/li>\n<\/ul>\n<h6 class=\"jum-heading h6\" data-v-6b4430ff=\"\" data-v-1fa7cae0=\"\">Kann umfassen:<\/h6>\n<ul class=\"jum-list\" role=\"\" data-v-8e5d626a=\"\" data-v-1fa7cae0=\"\">\n<li data-v-8e5d626a=\"\" data-v-1fa7cae0=\"\">Milch<\/li>\n<\/ul>\n<\/div>\n<\/div>\n<div class=\"jum-collapsible open\" data-v-4fb8929b=\"\" data-v-d6fd914a=\"\">\n<div class=\"title-wrapper\" data-v-4fb8929b=\"\">\n<div class=\"title\" data-v-4fb8929b=\"\">Lagerung &amp; Nutzung<\/div>\n<\/div>\n<div id=\"jum-collapsible-4\" class=\"content\" data-v-4fb8929b=\"\"><strong>Erhalten<\/strong> Mindestens haltbar bis: (Monat, Jahr)<br \/>\nTrocken lagern<\/div>\n<\/div>\n<div class=\"jum-collapsible open\" data-v-4fb8929b=\"\" data-v-d6fd914a=\"\">\n<div class=\"title-wrapper\" data-v-4fb8929b=\"\">\n<div class=\"title\" data-v-4fb8929b=\"\">Erg\u00e4nzungen<\/div>\n<\/div>\n<div id=\"jum-collapsible-5\" class=\"content\" data-v-4fb8929b=\"\">\n<p>Allgemein recycelt &#8211; Papierkarton-Recycling<\/p>\n<\/div>\n<\/div>\n<div class=\"jum-collapsible open\" data-v-4fb8929b=\"\" data-v-d6fd914a=\"\">\n<div class=\"title-wrapper\" data-v-4fb8929b=\"\">\n<div class=\"title\" data-v-4fb8929b=\"\">\u00dcber den Hersteller<\/div>\n<\/div>\n<div id=\"jum-collapsible-6\" class=\"content\" data-v-4fb8929b=\"\">\n<p><strong>Marke<\/strong> Honig. Jeder verdient es, jeden Tag eine warme Mahlzeit zu genie\u00dfen. Deshalb hilft Honig seit mehr als 150 Jahren, sich f\u00fcr eine leckere, warme Mahlzeit zusammenzusetzen!<\/p>\n<p><strong>Webseite<\/strong>www.honig.nl<\/p>\n<p><strong>Adresse<\/strong> Honig ist Teil von H.J. Heinz B.V., P.O. Box 87118, 1080 JC Amsterdam.<\/p>\n<p><strong>Telefonnummer<\/strong>0800 &#8211; 0229973<\/p>\n<\/div>\n<\/div>\n<\/div>\n","protected":false},"excerpt":{"rendered":"<p>Verleihen Sie Ihrer Nudelnsuppe mit dieser Honig Basis eine einzigartige, nat\u00fcrliche S\u00fc\u00dfe und ein intensives Aroma. Die sorgf\u00e4ltig abgestimmte Mischung enth\u00e4lt 96 g konzentrierte Zutaten, die sich einfach und schnell zubereiten lassen, um Ihren Suppengenuss zu vervollkommnen. Ideal f\u00fcr alle, die eine geschmackvolle und authentische Suppe ohne viel Aufwand zaubern m\u00f6chten.<\/p>\n","protected":false},"featured_media":129538,"template":"","meta":{"_acf_changed":false,"_aipt_faq_data":""},"product_brand":[14457],"product_cat":[14590,14594],"product_tag":[],"class_list":{"0":"post-151723","1":"product","2":"type-product","3":"status-publish","4":"has-post-thumbnail","6":"product_brand-honig","7":"product_cat-suppen","8":"product_cat-suppen-trocken","9":"pa_artikelnummer-1917-de","11":"first","12":"onbackorder","13":"taxable","14":"shipping-taxable","15":"purchasable","16":"product-type-simple"},"bundled_by":[],"bundle_stock_status":"onbackorder","bundle_stock_quantity":0,"bundle_virtual":false,"bundle_layout":"","bundle_add_to_cart_form_location":"","bundle_editable_in_cart":false,"bundle_sold_individually_context":"","bundle_item_grouping":"","bundle_min_size":"","bundle_max_size":"","bundle_price":[],"bundled_items":[],"bundle_sell_ids":[],"acf":{"content":"96g"},"_links":{"self":[{"href":"https:\/\/realdutchfood.com\/de\/wp-json\/wp\/v2\/product\/151723","targetHints":{"allow":["GET"]}}],"collection":[{"href":"https:\/\/realdutchfood.com\/de\/wp-json\/wp\/v2\/product"}],"about":[{"href":"https:\/\/realdutchfood.com\/de\/wp-json\/wp\/v2\/types\/product"}],"wp:featuredmedia":[{"embeddable":true,"href":"https:\/\/realdutchfood.com\/de\/wp-json\/wp\/v2\/media\/129538"}],"wp:attachment":[{"href":"https:\/\/realdutchfood.com\/de\/wp-json\/wp\/v2\/media?parent=151723"}],"wp:term":[{"taxonomy":"product_brand","embeddable":true,"href":"https:\/\/realdutchfood.com\/de\/wp-json\/wp\/v2\/product_brand?post=151723"},{"taxonomy":"product_cat","embeddable":true,"href":"https:\/\/realdutchfood.com\/de\/wp-json\/wp\/v2\/product_cat?post=151723"},{"taxonomy":"product_tag","embeddable":true,"href":"https:\/\/realdutchfood.com\/de\/wp-json\/wp\/v2\/product_tag?post=151723"}],"curies":[{"name":"wp","href":"https:\/\/api.w.org\/{rel}","templated":true}]}}