{"id":151797,"date":"2013-02-28T14:05:27","date_gmt":"2013-02-28T13:05:27","guid":{"rendered":"https:\/\/realdutchfood.com\/tasse-eine-suppenerbse\/"},"modified":"2026-03-24T15:37:05","modified_gmt":"2026-03-24T14:37:05","slug":"cup-a-soup-erbse","status":"publish","type":"product","link":"https:\/\/realdutchfood.com\/de\/cup-a-soup-erbse\/","title":{"rendered":"Cup a Soup Erbse"},"content":{"rendered":"<p>Erleben Sie mit Cup a Soup Erbse eine authentische niederl\u00e4ndische Erbsensuppe, die sich perfekt f\u00fcr eine schnelle und einfache Zubereitung eignet. Gerade f\u00fcr niederl\u00e4ndische Expats weltweit bietet dieses Produkt den vertrauten Geschmack der Heimat, wann immer Sie eine herzhafte Suppe genie\u00dfen m\u00f6chten.<\/p>\n<p>Mit 3 einzelnen Portionsbeuteln ist die Suppe ideal portioniert f\u00fcr den schnellen Genuss. Einfach einen Beutel in eine Tasse geben, mit 175 ml kochendem Wasser \u00fcbergie\u00dfen und nach einer Minute ist die Suppe trinkfertig. So sparen Sie Zeit und Aufwand \u2013 perfekt f\u00fcr B\u00fcro, Zuhause oder unterwegs.<\/p>\n<h3>Produktmerkmale und Vorteile<\/h3>\n<ul>\n<li><strong>Authentischer Geschmack:<\/strong> 39 % Erbsen kombiniert mit nachhaltig angebauten Zutaten wie Kartoffeln, Lauch und Zwiebeln sorgen f\u00fcr ein vollmundiges Aroma.<\/li>\n<li><strong>Nat\u00fcrliche Zutaten:<\/strong> Ohne k\u00fcnstliche Farb- und Konservierungsstoffe sowie Geschmacksverst\u00e4rker \u2013 f\u00fcr einen nat\u00fcrlichen Genuss.<\/li>\n<li><strong>Vegetarisch geeignet:<\/strong> Das Produkt ist mit dem V-Label zertifiziert und somit eine passende Wahl f\u00fcr Vegetarier.<\/li>\n<li><strong>Praktische Portionsgr\u00f6\u00dfe:<\/strong> Jeder Beutel ergibt eine Tasse Suppe mit nur 77 Kalorien, ideal f\u00fcr eine leichte Mahlzeit oder einen kleinen Snack.<\/li>\n<\/ul>\n<h3>Inhaltsstoffe<\/h3>\n<p>Die Suppe besteht aus Erbsen (39 %), Kartoffeln (13 %), Kartoffelst\u00e4rke, Maltodextrin, Palmfett, jodiertem Salz, Lauch (2,8 %), Hefeextrakt, Mineralsalz (Kalium), Salz, Zucker, Zwiebeln, Knollensellerie (1,4 %), Tomatenmark, Maiskeim\u00f6l, Wurzelgem\u00fcse (0,9 %), Tomate, Sellerieblatt (0,9 %), Aroma, Rauch-Aroma, Spinat und karamellisiertem Zuckersirup sowie Petersilienwurzel. Nachhaltig angebaute Zutaten sind gekennzeichnet.<\/p>\n<h3>Allergene<\/h3>\n<p>Enth\u00e4lt Sellerie. Kann Spuren von Eiern, Milch, Senf, Gluten und Soja enthalten.<\/p>\n<h3>Ern\u00e4hrungswerte pro Portion (175 ml)<\/h3>\n<ul>\n<li>Energie: 324 kJ (77 kcal)<\/li>\n<li>Fett: 0,5 g, davon ges\u00e4ttigte Fetts\u00e4uren 0,1 g<\/li>\n<li>Kohlenhydrate: 12 g, davon Zucker 2,2 g<\/li>\n<li>Ballaststoffe: 3,1 g<\/li>\n<li>Eiwei\u00df: 3,3 g<\/li>\n<li>Salz: ca. 1,6 g<\/li>\n<\/ul>\n<h3>Lagerung und Zubereitung<\/h3>\n<p>Die Suppe sollte an einem trockenen Ort gelagert werden. Zur Zubereitung einfach einen Beutel in eine Tasse geben, mit 175 ml kochendem Wasser \u00fcbergie\u00dfen, kurz ziehen lassen und genie\u00dfen. Perfekt f\u00fcr eine schnelle Mahlzeit mit typisch niederl\u00e4ndischem Geschmack.<\/p>\n<p>Cup a Soup Erbse ist damit die ideale Wahl f\u00fcr niederl\u00e4ndische Expats, die sich nach einer unkomplizierten, leckeren Suppe sehnen, die schnell zubereitet ist und vertraute Zutaten enth\u00e4lt.<\/p>\n","protected":false},"excerpt":{"rendered":"<p>Genie\u00dfen Sie jederzeit eine schnelle und schmackhafte Erbsensuppe mit 3 praktischen Portionsbeuteln. Ideal f\u00fcr den kleinen Hunger zwischendurch oder als w\u00e4rmender Snack \u2013 einfach mit hei\u00dfem Wasser zubereitet, f\u00fcr eine unkomplizierte Mahlzeit, die typisch niederl\u00e4ndischen Geschmack bietet.<\/p>\n","protected":false},"featured_media":151807,"template":"","meta":{"_acf_changed":false,"_aipt_faq_data":""},"product_brand":[15346],"product_cat":[15350,14590],"product_tag":[],"class_list":{"0":"post-151797","1":"product","2":"type-product","3":"status-publish","4":"has-post-thumbnail","6":"product_brand-cup-a-soup-de","7":"product_cat-ein-tassen-suppe","8":"product_cat-suppen","9":"pa_artikelnummer-1791-de","11":"first","12":"onbackorder","13":"taxable","14":"shipping-taxable","15":"purchasable","16":"product-type-simple"},"bundled_by":[],"bundle_stock_status":"onbackorder","bundle_stock_quantity":null,"bundle_virtual":false,"bundle_layout":"","bundle_add_to_cart_form_location":"","bundle_editable_in_cart":false,"bundle_sold_individually_context":"","bundle_item_grouping":"","bundle_min_size":"","bundle_max_size":"","bundle_price":[],"bundled_items":[],"bundle_sell_ids":[],"acf":{"content":"3 stuks"},"_links":{"self":[{"href":"https:\/\/realdutchfood.com\/de\/wp-json\/wp\/v2\/product\/151797","targetHints":{"allow":["GET"]}}],"collection":[{"href":"https:\/\/realdutchfood.com\/de\/wp-json\/wp\/v2\/product"}],"about":[{"href":"https:\/\/realdutchfood.com\/de\/wp-json\/wp\/v2\/types\/product"}],"wp:featuredmedia":[{"embeddable":true,"href":"https:\/\/realdutchfood.com\/de\/wp-json\/wp\/v2\/media\/151807"}],"wp:attachment":[{"href":"https:\/\/realdutchfood.com\/de\/wp-json\/wp\/v2\/media?parent=151797"}],"wp:term":[{"taxonomy":"product_brand","embeddable":true,"href":"https:\/\/realdutchfood.com\/de\/wp-json\/wp\/v2\/product_brand?post=151797"},{"taxonomy":"product_cat","embeddable":true,"href":"https:\/\/realdutchfood.com\/de\/wp-json\/wp\/v2\/product_cat?post=151797"},{"taxonomy":"product_tag","embeddable":true,"href":"https:\/\/realdutchfood.com\/de\/wp-json\/wp\/v2\/product_tag?post=151797"}],"curies":[{"name":"wp","href":"https:\/\/api.w.org\/{rel}","templated":true}]}}