{"id":152235,"date":"2013-02-25T13:41:29","date_gmt":"2013-02-25T12:41:29","guid":{"rendered":"https:\/\/realdutchfood.com\/napoleon-drop\/"},"modified":"2026-03-25T13:08:38","modified_gmt":"2026-03-25T12:08:38","slug":"napoleon-lakritz","status":"publish","type":"product","link":"https:\/\/realdutchfood.com\/de\/napoleon-lakritz\/","title":{"rendered":"Napoleon Lakritz"},"content":{"rendered":"<p>Napoleon Lakritz bietet ein intensives Geschmackserlebnis f\u00fcr Lakritzliebhaber, die Wert auf vertr\u00e4gliche Zutaten legen. Die harten Lakritzkugeln sind mit salzigem Lakritzpulver gef\u00fcllt und sorgen f\u00fcr eine einzigartige Kombination aus s\u00fc\u00df und salzig.<\/p>\n<p>Viele Lakritzprodukte enthalten Gluten oder tierische Bestandteile, doch dieses Produkt ist glutenfrei und vegan, wodurch es auch f\u00fcr Menschen mit entsprechenden Ern\u00e4hrungsanforderungen geeignet ist. So k\u00f6nnen Sie ohne Bedenken genie\u00dfen.<\/p>\n<p>Die Lakritzbonbons bestehen aus Zucker, Glukosesirup, Salmiak Salz, S\u00fc\u00dfholzwurzel-Extrakt, Lakritzpulver, nat\u00fcrlichen Aromen und pflanzlicher Kohle als Farbstoff. Dadurch entsteht der charakteristische Geschmack und die ansprechende schwarze Farbe ganz ohne k\u00fcnstliche Farbstoffe.<\/p>\n<p>Die N\u00e4hrwerte pro 100 Gramm sind klar: 1595 kJ Energie, 0 g Fett, davon 0 g ges\u00e4ttigte Fetts\u00e4uren, 94 g Kohlenhydrate, 65 g Zucker, 0 g Protein und nur 0,01 g Salz. So wissen Sie genau, was Sie genie\u00dfen.<\/p>\n<p>Die Verpackung enth\u00e4lt 225 Gramm dieser handwerklich hergestellten Lakritzbonbons in Form harter Kugeln, die etwa 6,6 Gramm pro St\u00fcck wiegen. Sie k\u00f6nnen die S\u00fc\u00dfigkeit in Ruhe genie\u00dfen, denn sie l\u00f6sen sich langsam auf und bieten so ein langanhaltendes Geschmackserlebnis.<\/p>\n<p>Lagern Sie die Napoleon Lakritzbonbons k\u00fchl und trocken, um Frische und Qualit\u00e4t zu erhalten. Die Marke Napoleon steht f\u00fcr traditionelle niederl\u00e4ndische S\u00fc\u00dfigkeiten, die Sie weltweit bei Real Dutch Food bestellen k\u00f6nnen \u2013 ideal f\u00fcr niederl\u00e4ndische Expats und Liebhaber authentischer Spezialit\u00e4ten.<\/p>\n<p>Mit Napoleon Lakritz erhalten Sie ein Produkt, das echtes niederl\u00e4ndisches Handwerk widerspiegelt und durch seine spezielle Rezeptur sowohl Genuss als auch Vertr\u00e4glichkeit verbindet. Perfekt als Snack oder zum Teilen bei besonderen Anl\u00e4ssen.<\/p>\n","protected":false},"excerpt":{"rendered":"<p>Entdecken Sie den einzigartigen Geschmack von Napoleon Lakritz in einer praktischen 225-Gramm-Packung. Diese veganen und glutenfreien Lakritzbonbons bieten intensive S\u00fc\u00dfe mit einer salzigen F\u00fcllung \u2013 perfekt f\u00fcr alle, die salzig-s\u00fc\u00dfe Lakritz lieben. Ideal als Snack f\u00fcr zwischendurch oder zum Teilen mit Freunden. Lassen Sie sich von authentischem niederl\u00e4ndischem Lakritzgenuss verw\u00f6hnen.<\/p>\n","protected":false},"featured_media":148926,"template":"","meta":{"_acf_changed":false,"_aipt_faq_data":""},"product_brand":[16577],"product_cat":[14643,14527,14525],"product_tag":[],"class_list":{"0":"post-152235","1":"product","2":"type-product","3":"status-publish","4":"has-post-thumbnail","6":"product_brand-napoleon-de","7":"product_cat-lakritze","8":"product_cat-susigkeiten","9":"product_cat-susigkeiten-kekse-chips-und-brezeln","10":"pa_artikelnummer-823-de","11":"pa_dieet_allergie_biologisch-glutenfrei","12":"pa_dieet_allergie_biologisch-vegan-de","13":"pa_show-myparcel-options-1-de","15":"first","16":"onbackorder","17":"taxable","18":"shipping-taxable","19":"purchasable","20":"product-type-simple"},"bundled_by":[],"bundle_stock_status":"onbackorder","bundle_stock_quantity":null,"bundle_virtual":false,"bundle_layout":"","bundle_add_to_cart_form_location":"","bundle_editable_in_cart":false,"bundle_sold_individually_context":"","bundle_item_grouping":"","bundle_min_size":"","bundle_max_size":"","bundle_price":[],"bundled_items":[],"bundle_sell_ids":[],"acf":{"content":"225 gr"},"_links":{"self":[{"href":"https:\/\/realdutchfood.com\/de\/wp-json\/wp\/v2\/product\/152235","targetHints":{"allow":["GET"]}}],"collection":[{"href":"https:\/\/realdutchfood.com\/de\/wp-json\/wp\/v2\/product"}],"about":[{"href":"https:\/\/realdutchfood.com\/de\/wp-json\/wp\/v2\/types\/product"}],"wp:featuredmedia":[{"embeddable":true,"href":"https:\/\/realdutchfood.com\/de\/wp-json\/wp\/v2\/media\/148926"}],"wp:attachment":[{"href":"https:\/\/realdutchfood.com\/de\/wp-json\/wp\/v2\/media?parent=152235"}],"wp:term":[{"taxonomy":"product_brand","embeddable":true,"href":"https:\/\/realdutchfood.com\/de\/wp-json\/wp\/v2\/product_brand?post=152235"},{"taxonomy":"product_cat","embeddable":true,"href":"https:\/\/realdutchfood.com\/de\/wp-json\/wp\/v2\/product_cat?post=152235"},{"taxonomy":"product_tag","embeddable":true,"href":"https:\/\/realdutchfood.com\/de\/wp-json\/wp\/v2\/product_tag?post=152235"}],"curies":[{"name":"wp","href":"https:\/\/api.w.org\/{rel}","templated":true}]}}