{"id":169628,"date":"2024-06-03T10:54:26","date_gmt":"2024-06-03T08:54:26","guid":{"rendered":"https:\/\/realdutchfood.com\/?post_type=product&#038;p=169628"},"modified":"2024-06-03T11:15:30","modified_gmt":"2024-06-03T09:15:30","slug":"hak-bohnen-mix","status":"publish","type":"product","link":"https:\/\/realdutchfood.com\/de\/hak-bohnen-mix\/","title":{"rendered":"Hak Bohnen Mix"},"content":{"rendered":"<div class=\"large-6 columns\">\n<h1 class=\"jum-heading strong h3\" data-testid=\"product-title\" data-v-839596a8=\"\" data-v-aceedb8d=\"\">Hak Bohnen Mix<\/h1>\n<h2 class=\"heading--7 pt--20 pb--20 color-blue--2\">Produkt<\/h2>\n<h3 class=\"heading--9 heading--strong\">Beschreibung von: Hak Bohnen Mix<\/h3>\n<p class=\"heading--9 heading--strong\"><a href=\"http:\/\/www.hak.nl\" target=\"_blank\" rel=\"noopener\">Hak<\/a><\/p>\n<p class=\"block\" data-v-24343815=\"\">Mischung aus Kidneybohnen, gro\u00dfen wei\u00dfen Bohnen und Kichererbsen<\/p>\n<p class=\"block\" data-v-24343815=\"\">Diese Verpackung besteht zu mehr als 90% aus pflanzlichen Materialien^1!<br \/>\n^1Nach dem Massenbilanzprinzip.<\/p>\n<h1>Zutaten:<\/h1>\n<p>Rote Kidneybohnen 30%, gro\u00dfe wei\u00dfe Bohnen 18%, Kichererbsen 12%, Wasser, Salz, Antioxidationsmittel (Ascorbins\u00e4ure), Festigungsmittel (Calciumchlorid*), *Ein Salz, das nat\u00fcrlicherweise in verschiedenen Mineralien vorkommt.<\/p>\n<p class=\"paragraph--1 pb--20\"><span style=\"font-size: 23.04px; color: #333333;\">N\u00e4hrwerte<\/span><\/p>\n<table class=\"striped jum-table\" data-testid=\"nutritional-values-table-content\" data-v-b9926f77=\"\" data-v-68fb0216=\"\">\n<tbody>\n<tr class=\"header-row\" data-v-b9926f77=\"\">\n<th class=\"header-column\" data-v-b9926f77=\"\">N\u00e4hrwerte<\/th>\n<th class=\"header-column\" data-v-b9926f77=\"\">pro 100 g (abgetropft):<\/th>\n<\/tr>\n<\/tbody>\n<tbody data-v-68fb0216=\"\">\n<tr class=\"row\" data-v-68fb0216=\"\">\n<td class=\"column\" data-v-68fb0216=\"\">Energie<\/td>\n<td class=\"column\" data-v-68fb0216=\"\">424 kJ\/101 kcal<\/td>\n<\/tr>\n<tr class=\"row\" data-v-68fb0216=\"\">\n<td class=\"column\" data-v-68fb0216=\"\">Fette<\/td>\n<td class=\"column\" data-v-68fb0216=\"\">ca. 1,1 g<\/td>\n<\/tr>\n<tr class=\"row\" data-v-68fb0216=\"\">\n<td class=\"column\" data-v-68fb0216=\"\">Davon ges\u00e4ttigte Fetts\u00e4uren<\/td>\n<td class=\"column\" data-v-68fb0216=\"\">0,2 g<\/td>\n<\/tr>\n<tr class=\"row\" data-v-68fb0216=\"\">\n<td class=\"column\" data-v-68fb0216=\"\">Kohlenhydrate<\/td>\n<td class=\"column\" data-v-68fb0216=\"\">ca. 12,0 g<\/td>\n<\/tr>\n<tr class=\"row\" data-v-68fb0216=\"\">\n<td class=\"column\" data-v-68fb0216=\"\">Davon Zucker<\/td>\n<td class=\"column\" data-v-68fb0216=\"\">0,5 g<\/td>\n<\/tr>\n<tr class=\"row\" data-v-68fb0216=\"\">\n<td class=\"column\" data-v-68fb0216=\"\">Faser<\/td>\n<td class=\"column\" data-v-68fb0216=\"\">ca. 6,9 g<\/td>\n<\/tr>\n<tr class=\"row\" data-v-68fb0216=\"\">\n<td class=\"column\" data-v-68fb0216=\"\">Proteine<\/td>\n<td class=\"column\" data-v-68fb0216=\"\">7,3 g<\/td>\n<\/tr>\n<tr class=\"row\" data-v-68fb0216=\"\">\n<td class=\"column\" data-v-68fb0216=\"\">Salz<\/td>\n<td class=\"column\" data-v-68fb0216=\"\">0,20 g<\/td>\n<\/tr>\n<tr class=\"row\" data-v-68fb0216=\"\">\n<td class=\"column\" colspan=\"2\" data-v-68fb0216=\"\">**Dieses Produkt enth\u00e4lt nat\u00fcrlich vorkommenden Zucker.<\/td>\n<\/tr>\n<\/tbody>\n<\/table>\n<\/div>\n","protected":false},"excerpt":{"rendered":"<p>Hak Bohnen Mix Produkt Beschreibung von: Hak Bohnen Mix Hak Mischung aus Kidneybohnen, gro\u00dfen wei\u00dfen Bohnen und Kichererbsen Diese Verpackung besteht zu mehr als 90% aus pflanzlichen Materialien^1! ^1Nach dem Massenbilanzprinzip. Zutaten: Rote Kidneybohnen 30%, gro\u00dfe wei\u00dfe Bohnen 18%, Kichererbsen 12%, Wasser, Salz, Antioxidationsmittel (Ascorbins\u00e4ure), Festigungsmittel (Calciumchlorid*), *Ein Salz, das nat\u00fcrlicherweise in verschiedenen Mineralien vorkommt. [&#8230;]\n","protected":false},"featured_media":169631,"template":"","meta":{"_acf_changed":false,"_aipt_faq_data":""},"product_brand":[14735],"product_cat":[14489,15240],"product_tag":[],"class_list":{"0":"post-169628","1":"product","2":"type-product","3":"status-publish","4":"has-post-thumbnail","6":"product_brand-hak-de","7":"product_cat-kartoffeln-gemuese-obst","8":"product_cat-gemuse-im-beutel-karton","9":"pa_artikelnummer-1224-de","10":"pa_dieet_allergie_biologisch-glutenfrei","11":"pa_dieet_allergie_biologisch-laktosefrei","12":"pa_dieet_allergie_biologisch-vegan-de","14":"first","15":"onbackorder","16":"taxable","17":"shipping-taxable","18":"purchasable","19":"product-type-simple"},"bundled_by":[],"bundle_stock_status":"onbackorder","bundle_stock_quantity":null,"bundle_virtual":false,"bundle_layout":"","bundle_add_to_cart_form_location":"","bundle_editable_in_cart":false,"bundle_sold_individually_context":"","bundle_item_grouping":"","bundle_min_size":"","bundle_max_size":"","bundle_price":[],"bundled_items":[],"bundle_sell_ids":[],"acf":{"content":"380 gr"},"_links":{"self":[{"href":"https:\/\/realdutchfood.com\/de\/wp-json\/wp\/v2\/product\/169628","targetHints":{"allow":["GET"]}}],"collection":[{"href":"https:\/\/realdutchfood.com\/de\/wp-json\/wp\/v2\/product"}],"about":[{"href":"https:\/\/realdutchfood.com\/de\/wp-json\/wp\/v2\/types\/product"}],"wp:featuredmedia":[{"embeddable":true,"href":"https:\/\/realdutchfood.com\/de\/wp-json\/wp\/v2\/media\/169631"}],"wp:attachment":[{"href":"https:\/\/realdutchfood.com\/de\/wp-json\/wp\/v2\/media?parent=169628"}],"wp:term":[{"taxonomy":"product_brand","embeddable":true,"href":"https:\/\/realdutchfood.com\/de\/wp-json\/wp\/v2\/product_brand?post=169628"},{"taxonomy":"product_cat","embeddable":true,"href":"https:\/\/realdutchfood.com\/de\/wp-json\/wp\/v2\/product_cat?post=169628"},{"taxonomy":"product_tag","embeddable":true,"href":"https:\/\/realdutchfood.com\/de\/wp-json\/wp\/v2\/product_tag?post=169628"}],"curies":[{"name":"wp","href":"https:\/\/api.w.org\/{rel}","templated":true}]}}