{"id":169642,"date":"2024-06-03T11:44:18","date_gmt":"2024-06-03T09:44:18","guid":{"rendered":"https:\/\/realdutchfood.com\/?post_type=product&#038;p=169642"},"modified":"2024-06-03T12:00:22","modified_gmt":"2024-06-03T10:00:22","slug":"hak-kidneybohnen-2","status":"publish","type":"product","link":"https:\/\/realdutchfood.com\/de\/hak-kidneybohnen-2\/","title":{"rendered":"Hak Kidneybohnen"},"content":{"rendered":"<div class=\"large-6 columns\">\n<h2 class=\"heading--7 pt--20 pb--20 color-blue--2\">Produkt<\/h2>\n<h3 class=\"heading--9 heading--strong\">Beschreibung Hak Kidneybohnen<\/h3>\n<p class=\"heading--9 heading--strong\"><a href=\"http:\/\/www.hak.nl\" target=\"_blank\" rel=\"noopener\">Hak<\/a><\/p>\n<p class=\"block\" data-v-24343815=\"\">Rote Kidneybohnen<\/p>\n<p class=\"block\" data-v-24343815=\"\">Diese Verpackung besteht zu mehr als 90% aus pflanzlichen Materialien^1!<br \/>\n^1Nach dem Massenbilanzprinzip.<\/p>\n<h1>Zutaten:<\/h1>\n<p>Rote Kidneybohnen, Wasser, Salz, Antioxidationsmittel (Ascorbins\u00e4ure), Festigungsmittel (Calciumchlorid*), *Ein Salz, das nat\u00fcrlicherweise in verschiedenen Mineralien vorkommt.<\/p>\n<p class=\"paragraph--1 pb--20\"><span style=\"font-size: 23.04px; color: #333333;\">N\u00e4hrwerte<\/span><\/p>\n<table class=\"striped jum-table\" data-testid=\"nutritional-values-table-content\" data-v-b9926f77=\"\" data-v-68fb0216=\"\">\n<tbody>\n<tr class=\"header-row\" data-v-b9926f77=\"\">\n<th class=\"header-column\" data-v-b9926f77=\"\">N\u00e4hrwerte<\/th>\n<th class=\"header-column\" data-v-b9926f77=\"\">pro 100 g (abgetropft):<\/th>\n<\/tr>\n<\/tbody>\n<tbody data-v-68fb0216=\"\">\n<tr class=\"row\" data-v-68fb0216=\"\">\n<td class=\"column\" data-v-68fb0216=\"\">Energie<\/td>\n<td class=\"column\" data-v-68fb0216=\"\">442 kJ\/105 kcal<\/td>\n<\/tr>\n<tr class=\"row\" data-v-68fb0216=\"\">\n<td class=\"column\" data-v-68fb0216=\"\">Fette<\/td>\n<td class=\"column\" data-v-68fb0216=\"\">0,0 g<\/td>\n<\/tr>\n<tr class=\"row\" data-v-68fb0216=\"\">\n<td class=\"column\" data-v-68fb0216=\"\">Davon ges\u00e4ttigte Fetts\u00e4uren<\/td>\n<td class=\"column\" data-v-68fb0216=\"\">0,0 g<\/td>\n<\/tr>\n<tr class=\"row\" data-v-68fb0216=\"\">\n<td class=\"column\" data-v-68fb0216=\"\">Kohlenhydrate<\/td>\n<td class=\"column\" data-v-68fb0216=\"\">ca. 12,0 g<\/td>\n<\/tr>\n<tr class=\"row\" data-v-68fb0216=\"\">\n<td class=\"column\" data-v-68fb0216=\"\">Davon Zucker<\/td>\n<td class=\"column\" data-v-68fb0216=\"\">0,5 g<\/td>\n<\/tr>\n<tr class=\"row\" data-v-68fb0216=\"\">\n<td class=\"column\" data-v-68fb0216=\"\">Faser<\/td>\n<td class=\"column\" data-v-68fb0216=\"\">ca. 6,6 g<\/td>\n<\/tr>\n<tr class=\"row\" data-v-68fb0216=\"\">\n<td class=\"column\" data-v-68fb0216=\"\">Proteine<\/td>\n<td class=\"column\" data-v-68fb0216=\"\">9,0 g<\/td>\n<\/tr>\n<tr class=\"row\" data-v-68fb0216=\"\">\n<td class=\"column\" data-v-68fb0216=\"\">Salz<\/td>\n<td class=\"column\" data-v-68fb0216=\"\">0,20 g<\/td>\n<\/tr>\n<tr class=\"row\" data-v-68fb0216=\"\">\n<td class=\"column\" colspan=\"2\" data-v-68fb0216=\"\">**Dieses Produkt enth\u00e4lt nat\u00fcrlich vorkommenden Zucker.<\/td>\n<\/tr>\n<\/tbody>\n<\/table>\n<\/div>\n<h1>\u00dcber den Hersteller:<\/h1>\n<p><strong data-testid=\"manufacturer-website\">Website<\/strong><\/p>\n<p>www.hak.nl<\/p>\n<p><strong data-testid=\"manufacturer-address\">Adresse<\/strong><\/p>\n<p>HAK B.V.<br \/>\nPostfach 2<br \/>\n4283 ZG Gie\u00dfen<br \/>\nNiederlande<\/p>\n<p><strong>Telefonnummer<\/strong><\/p>\n<p>0800-0221525<\/p>\n","protected":false},"excerpt":{"rendered":"<p>Produkt Beschreibung Hak Kidneybohnen Hak Rote Kidneybohnen Diese Verpackung besteht zu mehr als 90% aus pflanzlichen Materialien^1! ^1Nach dem Massenbilanzprinzip. Zutaten: Rote Kidneybohnen, Wasser, Salz, Antioxidationsmittel (Ascorbins\u00e4ure), Festigungsmittel (Calciumchlorid*), *Ein Salz, das nat\u00fcrlicherweise in verschiedenen Mineralien vorkommt. N\u00e4hrwerte N\u00e4hrwerte pro 100 g (abgetropft): Energie 442 kJ\/105 kcal Fette 0,0 g Davon ges\u00e4ttigte Fetts\u00e4uren 0,0 g [&#8230;]\n","protected":false},"featured_media":169645,"template":"","meta":{"_acf_changed":false,"_aipt_faq_data":""},"product_brand":[14735],"product_cat":[14489,15240],"product_tag":[],"class_list":{"0":"post-169642","1":"product","2":"type-product","3":"status-publish","4":"has-post-thumbnail","6":"product_brand-hak-de","7":"product_cat-kartoffeln-gemuese-obst","8":"product_cat-gemuse-im-beutel-karton","9":"pa_artikelnummer-1224-de","10":"pa_dieet_allergie_biologisch-glutenfrei","11":"pa_dieet_allergie_biologisch-laktosefrei","12":"pa_dieet_allergie_biologisch-vegan-de","14":"first","15":"onbackorder","16":"taxable","17":"shipping-taxable","18":"purchasable","19":"product-type-simple"},"bundled_by":[],"bundle_stock_status":"onbackorder","bundle_stock_quantity":null,"bundle_virtual":false,"bundle_layout":"","bundle_add_to_cart_form_location":"","bundle_editable_in_cart":false,"bundle_sold_individually_context":"","bundle_item_grouping":"","bundle_min_size":"","bundle_max_size":"","bundle_price":[],"bundled_items":[],"bundle_sell_ids":[],"acf":{"content":"380 gr"},"_links":{"self":[{"href":"https:\/\/realdutchfood.com\/de\/wp-json\/wp\/v2\/product\/169642","targetHints":{"allow":["GET"]}}],"collection":[{"href":"https:\/\/realdutchfood.com\/de\/wp-json\/wp\/v2\/product"}],"about":[{"href":"https:\/\/realdutchfood.com\/de\/wp-json\/wp\/v2\/types\/product"}],"wp:featuredmedia":[{"embeddable":true,"href":"https:\/\/realdutchfood.com\/de\/wp-json\/wp\/v2\/media\/169645"}],"wp:attachment":[{"href":"https:\/\/realdutchfood.com\/de\/wp-json\/wp\/v2\/media?parent=169642"}],"wp:term":[{"taxonomy":"product_brand","embeddable":true,"href":"https:\/\/realdutchfood.com\/de\/wp-json\/wp\/v2\/product_brand?post=169642"},{"taxonomy":"product_cat","embeddable":true,"href":"https:\/\/realdutchfood.com\/de\/wp-json\/wp\/v2\/product_cat?post=169642"},{"taxonomy":"product_tag","embeddable":true,"href":"https:\/\/realdutchfood.com\/de\/wp-json\/wp\/v2\/product_tag?post=169642"}],"curies":[{"name":"wp","href":"https:\/\/api.w.org\/{rel}","templated":true}]}}