{"id":169773,"date":"2024-06-06T17:21:50","date_gmt":"2024-06-06T15:21:50","guid":{"rendered":"https:\/\/realdutchfood.com\/?post_type=product&#038;p=169773"},"modified":"2024-06-06T17:48:10","modified_gmt":"2024-06-06T15:48:10","slug":"flower-brand-barbecue-marinade","status":"publish","type":"product","link":"https:\/\/realdutchfood.com\/de\/flower-brand-barbecue-marinade\/","title":{"rendered":"Flower Brand Barbecue Marinade"},"content":{"rendered":"<h1 class=\"jum-heading strong h3\" data-testid=\"product-title\" data-v-839596a8=\"\" data-v-071bf6d2=\"\">Flower Brand Barbecue Marinade<\/h1>\n<h2>Detaillierte Produktinformationen von: Flower Brand Barbecue Marinade<\/h2>\n<div class=\"jum-nutritional-info jum-product-info-item\">\n<p>Marinade vom Grill<\/p>\n<div class=\"jum-collapsible open\" data-v-adb1d7e2=\"\" data-v-a1f06082=\"\">\n<div class=\"title-wrapper\" data-v-adb1d7e2=\"\">\n<h3 class=\"title\">Zutaten<\/h3>\n<\/div>\n<div id=\"jum-collapsible-0\" class=\"content\" data-v-adb1d7e2=\"\">\n<p class=\"ingredients-text\" data-testid=\"ingredients-text-body\">Zuckersirup, nat\u00fcrliche fermentierte <strong>Sojasauce<\/strong>(<strong>Sojasauce<\/strong>, Wasser, Salz, Karamell, Konservierungsstoff E211), Ingwer, Knoblauch, Zucker, Zwiebel, modifizierte St\u00e4rke, Tomatenmark, wei\u00dfer Pfeffer, S\u00e4uerungsmittel E270, E330, Konservierungsmittel E202<\/p>\n<\/div>\n<\/div>\n<div class=\"jum-collapsible nutritions open\" data-v-adb1d7e2=\"\" data-v-571b9804=\"\" data-v-a1f06082=\"\">\n<div class=\"title-wrapper\" data-v-adb1d7e2=\"\">\n<h3 class=\"title\">N\u00e4hrwerte<\/h3>\n<table class=\"striped jum-table\" data-testid=\"nutritional-values-table-content\" data-v-b9926f77=\"\" data-v-68fb0216=\"\">\n<tbody>\n<tr class=\"header-row\" data-v-b9926f77=\"\">\n<th class=\"header-column\" data-v-b9926f77=\"\">N\u00e4hrwerte<\/th>\n<th class=\"header-column\" data-v-b9926f77=\"\">pro 100g<\/th>\n<\/tr>\n<\/tbody>\n<tbody data-v-68fb0216=\"\">\n<tr class=\"row\" data-v-68fb0216=\"\">\n<td class=\"column\" data-v-68fb0216=\"\">Energie<\/td>\n<td class=\"column\" data-v-68fb0216=\"\">166 kJ\/697 kcal<\/td>\n<\/tr>\n<tr class=\"row\" data-v-68fb0216=\"\">\n<td class=\"column\" data-v-68fb0216=\"\">Fette<\/td>\n<td class=\"column\" data-v-68fb0216=\"\">0,1 g<\/td>\n<\/tr>\n<tr class=\"row\" data-v-68fb0216=\"\">\n<td class=\"column\" data-v-68fb0216=\"\">Davon ges\u00e4ttigte Fetts\u00e4uren<\/td>\n<td class=\"column\" data-v-68fb0216=\"\">0 g<\/td>\n<\/tr>\n<tr class=\"row\" data-v-68fb0216=\"\">\n<td class=\"column\" data-v-68fb0216=\"\">Kohlenhydrate<\/td>\n<td class=\"column\" data-v-68fb0216=\"\">ca. 37,6 g<\/td>\n<\/tr>\n<tr class=\"row\" data-v-68fb0216=\"\">\n<td class=\"column\" data-v-68fb0216=\"\">Davon Zucker<\/td>\n<td class=\"column\" data-v-68fb0216=\"\">30,7 g<\/td>\n<\/tr>\n<tr class=\"row\" data-v-68fb0216=\"\">\n<td class=\"column\" data-v-68fb0216=\"\">Proteine<\/td>\n<td class=\"column\" data-v-68fb0216=\"\">ca. 3,3 g<\/td>\n<\/tr>\n<tr class=\"row\" data-v-68fb0216=\"\">\n<td class=\"column\" data-v-68fb0216=\"\">Salz<\/td>\n<td class=\"column\" data-v-68fb0216=\"\">3,9 g<\/td>\n<\/tr>\n<\/tbody>\n<\/table>\n<\/div>\n<div id=\"jum-collapsible-1\" class=\"content\" data-v-adb1d7e2=\"\"><\/div>\n<\/div>\n<div class=\"jum-collapsible open\" data-v-adb1d7e2=\"\" data-v-a1f06082=\"\">\n<div class=\"title-wrapper\" data-v-adb1d7e2=\"\">\n<h3 class=\"title\">Allergen-Warnungen<\/h3>\n<\/div>\n<div id=\"jum-collapsible-2\" class=\"content\" data-v-adb1d7e2=\"\">\n<p><strong data-v-cfe264b1=\"\">Enth\u00e4lt: <\/strong><span data-v-cfe264b1=\"\">Soja<\/span><\/p>\n<h3>\u00dcber den Hersteller<\/h3>\n<p><strong data-testid=\"manufacturer-website\">Website<\/strong><\/p>\n<p>www.vanka-kawat.nl<\/p>\n<p><strong data-testid=\"manufacturer-address\">Adresse<\/strong><\/p>\n<p>Produziert von<br \/>\nVanka-Kawat<br \/>\nElbe 13-19<br \/>\n2491 BT<br \/>\nDen Haag<br \/>\nNiederlande<br \/>\nwww.vanka-kawat.nl<\/p>\n<p>&nbsp;<\/p>\n<\/div>\n<\/div>\n<\/div>\n","protected":false},"excerpt":{"rendered":"<p>Flower Brand Barbecue Marinade Detaillierte Produktinformationen von: Flower Brand Barbecue Marinade Marinade vom Grill Zutaten Zuckersirup, nat\u00fcrliche fermentierte Sojasauce(Sojasauce, Wasser, Salz, Karamell, Konservierungsstoff E211), Ingwer, Knoblauch, Zucker, Zwiebel, modifizierte St\u00e4rke, Tomatenmark, wei\u00dfer Pfeffer, S\u00e4uerungsmittel E270, E330, Konservierungsmittel E202 N\u00e4hrwerte N\u00e4hrwerte pro 100g Energie 166 kJ\/697 kcal Fette 0,1 g Davon ges\u00e4ttigte Fetts\u00e4uren 0 g Kohlenhydrate [&#8230;]\n","protected":false},"featured_media":169776,"template":"","meta":{"_acf_changed":false,"_aipt_faq_data":""},"product_brand":[14710],"product_cat":[14033,15021],"product_tag":[],"class_list":{"0":"post-169773","1":"product","2":"type-product","3":"status-publish","4":"has-post-thumbnail","6":"product_brand-flower-brand-de","7":"product_cat-orientalisch","8":"product_cat-gewuerzmischung","9":"pa_artikelnummer-co09-de","10":"pa_dieet_allergie_biologisch-glutenfrei","11":"pa_show-myparcel-options-1-de","13":"first","14":"onbackorder","15":"taxable","16":"shipping-taxable","17":"purchasable","18":"product-type-simple"},"bundled_by":[],"bundle_stock_status":"onbackorder","bundle_stock_quantity":null,"bundle_virtual":false,"bundle_layout":"","bundle_add_to_cart_form_location":"","bundle_editable_in_cart":false,"bundle_sold_individually_context":"","bundle_item_grouping":"","bundle_min_size":"","bundle_max_size":"","bundle_price":[],"bundled_items":[],"bundle_sell_ids":[],"acf":{"content":"375 gr"},"_links":{"self":[{"href":"https:\/\/realdutchfood.com\/de\/wp-json\/wp\/v2\/product\/169773","targetHints":{"allow":["GET"]}}],"collection":[{"href":"https:\/\/realdutchfood.com\/de\/wp-json\/wp\/v2\/product"}],"about":[{"href":"https:\/\/realdutchfood.com\/de\/wp-json\/wp\/v2\/types\/product"}],"wp:featuredmedia":[{"embeddable":true,"href":"https:\/\/realdutchfood.com\/de\/wp-json\/wp\/v2\/media\/169776"}],"wp:attachment":[{"href":"https:\/\/realdutchfood.com\/de\/wp-json\/wp\/v2\/media?parent=169773"}],"wp:term":[{"taxonomy":"product_brand","embeddable":true,"href":"https:\/\/realdutchfood.com\/de\/wp-json\/wp\/v2\/product_brand?post=169773"},{"taxonomy":"product_cat","embeddable":true,"href":"https:\/\/realdutchfood.com\/de\/wp-json\/wp\/v2\/product_cat?post=169773"},{"taxonomy":"product_tag","embeddable":true,"href":"https:\/\/realdutchfood.com\/de\/wp-json\/wp\/v2\/product_tag?post=169773"}],"curies":[{"name":"wp","href":"https:\/\/api.w.org\/{rel}","templated":true}]}}