{"id":169797,"date":"2024-06-07T12:41:30","date_gmt":"2024-06-07T10:41:30","guid":{"rendered":"https:\/\/realdutchfood.com\/?post_type=product&#038;p=169797"},"modified":"2024-06-07T12:55:29","modified_gmt":"2024-06-07T10:55:29","slug":"coca-cola-cherry","status":"publish","type":"product","link":"https:\/\/realdutchfood.com\/de\/coca-cola-cherry\/","title":{"rendered":"Coca-Cola Cherry"},"content":{"rendered":"<h2 class=\"jum-heading font-weight-black mt-2x h4\">Produkt<\/h2>\n<h3>Produktbeschreibung:<\/h3>\n<p class=\"block\" data-v-24343815=\"\">Erfrischungsgetr\u00e4nk mit Pflanzenextrakten und Kirschgeschmack.<\/p>\n<p class=\"block\" data-v-24343815=\"\">Coca-Cola Cherry hat den k\u00f6stlichen Geschmack von Coca-Cola, aber mit einem Hauch von Kirsche. Die 250-ml-Dose ist ein praktischer Beh\u00e4lter, um unterwegs eine erfrischende Cola zu genie\u00dfen.<\/p>\n<div class=\"jum-collapsible open\" data-v-0ec7390e=\"\" data-v-193922da=\"\">\n<div class=\"title-wrapper\" data-v-0ec7390e=\"\">\n<h3 class=\"title\">Zutaten<\/h3>\n<\/div>\n<div id=\"jum-collapsible-0\" class=\"content\" data-v-0ec7390e=\"\">\n<p>Sprudelwasser, Zucker, Farbstoff: E150d, S\u00e4ure: E338, nat\u00fcrliche Aromen, Aroma Koffein<\/p>\n<\/div>\n<\/div>\n<div class=\"jum-collapsible open\" data-v-0ec7390e=\"\" data-v-01faa7d6=\"\" data-v-193922da=\"\">\n<div class=\"title-wrapper\" data-v-0ec7390e=\"\">\n<h3 class=\"title\">N\u00e4hrwerte<\/h3>\n<\/div>\n<div id=\"jum-collapsible-1\" class=\"content\" data-v-0ec7390e=\"\">\n<table class=\"striped jum-table\" data-testid=\"nutritional-values-table-content\" data-v-b9926f77=\"\" data-v-68fb0216=\"\">\n<tbody>\n<tr class=\"header-row\" data-v-b9926f77=\"\">\n<th class=\"header-column\" data-v-b9926f77=\"\">N\u00e4hrwerte<\/th>\n<th class=\"header-column\" data-v-b9926f77=\"\">Per: 100ml<\/th>\n<\/tr>\n<\/tbody>\n<tbody data-v-68fb0216=\"\">\n<tr class=\"row\" data-v-68fb0216=\"\">\n<td class=\"column\" data-v-68fb0216=\"\">Energie:<\/td>\n<td class=\"column\" data-v-68fb0216=\"\">194kJ\/<\/td>\n<\/tr>\n<tr class=\"row\" data-v-68fb0216=\"\">\n<td class=\"column\" data-v-68fb0216=\"\"><\/td>\n<td class=\"column\" data-v-68fb0216=\"\">46kcal<\/td>\n<\/tr>\n<tr class=\"row\" data-v-68fb0216=\"\">\n<td class=\"column\" data-v-68fb0216=\"\">Fette<\/td>\n<td class=\"column\" data-v-68fb0216=\"\">0g<\/td>\n<\/tr>\n<tr class=\"row\" data-v-68fb0216=\"\">\n<td class=\"column\" data-v-68fb0216=\"\">Davon ges\u00e4ttigte Fetts\u00e4uren<\/td>\n<td class=\"column\" data-v-68fb0216=\"\">0g<\/td>\n<\/tr>\n<tr class=\"row\" data-v-68fb0216=\"\">\n<td class=\"column\" data-v-68fb0216=\"\">Kohlenhydrate<\/td>\n<td class=\"column\" data-v-68fb0216=\"\">ca. 11,4 g<\/td>\n<\/tr>\n<tr class=\"row\" data-v-68fb0216=\"\">\n<td class=\"column\" data-v-68fb0216=\"\">Davon Zucker<\/td>\n<td class=\"column\" data-v-68fb0216=\"\">ca. 11,4 g<\/td>\n<\/tr>\n<tr class=\"row\" data-v-68fb0216=\"\">\n<td class=\"column\" data-v-68fb0216=\"\">Proteine<\/td>\n<td class=\"column\" data-v-68fb0216=\"\">0g<\/td>\n<\/tr>\n<tr class=\"row\" data-v-68fb0216=\"\">\n<td class=\"column\" data-v-68fb0216=\"\">Salz<\/td>\n<td class=\"column\" data-v-68fb0216=\"\">0g<\/td>\n<\/tr>\n<\/tbody>\n<\/table>\n<\/div>\n<\/div>\n","protected":false},"excerpt":{"rendered":"<p>Produkt Produktbeschreibung: Erfrischungsgetr\u00e4nk mit Pflanzenextrakten und Kirschgeschmack. Coca-Cola Cherry hat den k\u00f6stlichen Geschmack von Coca-Cola, aber mit einem Hauch von Kirsche. Die 250-ml-Dose ist ein praktischer Beh\u00e4lter, um unterwegs eine erfrischende Cola zu genie\u00dfen. Zutaten Sprudelwasser, Zucker, Farbstoff: E150d, S\u00e4ure: E338, nat\u00fcrliche Aromen, Aroma Koffein N\u00e4hrwerte N\u00e4hrwerte Per: 100ml Energie: 194kJ\/ 46kcal Fette 0g Davon [&#8230;]\n","protected":false},"featured_media":169800,"template":"","meta":{"_acf_changed":false,"_aipt_faq_data":""},"product_brand":[14840],"product_cat":[14503,14846,14468],"product_tag":[],"class_list":{"0":"post-169797","1":"product","2":"type-product","3":"status-publish","4":"has-post-thumbnail","6":"product_brand-coca-cola-de","7":"product_cat-grossverpackung","8":"product_cat-erfrischungsgetraenke-kleine-verpackungen-de","9":"product_cat-getraenke","10":"pa_artikelnummer-2550-de","12":"first","13":"onbackorder","14":"taxable","15":"shipping-taxable","16":"purchasable","17":"product-type-simple"},"bundled_by":[],"bundle_stock_status":"onbackorder","bundle_stock_quantity":1,"bundle_virtual":false,"bundle_layout":"","bundle_add_to_cart_form_location":"","bundle_editable_in_cart":false,"bundle_sold_individually_context":"","bundle_item_grouping":"","bundle_min_size":"","bundle_max_size":"","bundle_price":[],"bundled_items":[],"bundle_sell_ids":[],"acf":{"content":"4 x 250 ml"},"_links":{"self":[{"href":"https:\/\/realdutchfood.com\/de\/wp-json\/wp\/v2\/product\/169797","targetHints":{"allow":["GET"]}}],"collection":[{"href":"https:\/\/realdutchfood.com\/de\/wp-json\/wp\/v2\/product"}],"about":[{"href":"https:\/\/realdutchfood.com\/de\/wp-json\/wp\/v2\/types\/product"}],"wp:featuredmedia":[{"embeddable":true,"href":"https:\/\/realdutchfood.com\/de\/wp-json\/wp\/v2\/media\/169800"}],"wp:attachment":[{"href":"https:\/\/realdutchfood.com\/de\/wp-json\/wp\/v2\/media?parent=169797"}],"wp:term":[{"taxonomy":"product_brand","embeddable":true,"href":"https:\/\/realdutchfood.com\/de\/wp-json\/wp\/v2\/product_brand?post=169797"},{"taxonomy":"product_cat","embeddable":true,"href":"https:\/\/realdutchfood.com\/de\/wp-json\/wp\/v2\/product_cat?post=169797"},{"taxonomy":"product_tag","embeddable":true,"href":"https:\/\/realdutchfood.com\/de\/wp-json\/wp\/v2\/product_tag?post=169797"}],"curies":[{"name":"wp","href":"https:\/\/api.w.org\/{rel}","templated":true}]}}