{"id":169810,"date":"2024-06-07T13:19:35","date_gmt":"2024-06-07T11:19:35","guid":{"rendered":"https:\/\/realdutchfood.com\/?post_type=product&#038;p=169810"},"modified":"2024-06-07T13:34:05","modified_gmt":"2024-06-07T11:34:05","slug":"coertjens-rindfleischeintopf","status":"publish","type":"product","link":"https:\/\/realdutchfood.com\/de\/coertjens-rindfleischeintopf\/","title":{"rendered":"Coertjens Rindfleischeintopf"},"content":{"rendered":"<h2 class=\"jum-heading h4\">Produktinformationen von: Coertjens Rindfleischeintopf<\/h2>\n<div class=\"jum-collapsible open\" data-v-4fb8929b=\"\" data-v-e49d766c=\"\">\n<div class=\"title-wrapper\" data-v-4fb8929b=\"\">\n<h3 class=\"title\">Zutaten:<\/h3>\n<\/div>\n<div id=\"jum-collapsible-0\" class=\"content\" data-v-4fb8929b=\"\">\n<p>Rindfleisch (35% gekocht), Fleischsaft, Wasser, Zwiebeln, modifizierte Maisst\u00e4rke, raffiniertes Rinderfett, Salz, Zucker, Gew\u00fcrzextrakte (enth\u00e4lt Gluten), Kr\u00e4uter und Gew\u00fcrze (enth\u00e4lt SENF), Farbstoff: E150c. Kann Spuren von GLUTEN, EIERN enthalten<\/p>\n<\/div>\n<\/div>\n<div class=\"jum-collapsible nutritions open\" data-v-4fb8929b=\"\" data-v-921da544=\"\" data-v-e49d766c=\"\">\n<div class=\"title-wrapper\" data-v-4fb8929b=\"\">\n<h3 class=\"title\">N\u00e4hrwerte<\/h3>\n<table class=\"striped jum-table\" data-testid=\"nutritional-values-table-content\" data-v-b9926f77=\"\" data-v-68fb0216=\"\">\n<tbody>\n<tr class=\"header-row\" data-v-b9926f77=\"\">\n<th class=\"header-column\" data-v-b9926f77=\"\">N\u00e4hrwerte<\/th>\n<th class=\"header-column\" data-v-b9926f77=\"\">pro 100 g<\/th>\n<\/tr>\n<\/tbody>\n<tbody data-v-68fb0216=\"\">\n<tr class=\"row\" data-v-68fb0216=\"\">\n<td class=\"column\" data-v-68fb0216=\"\">Energiewert<\/td>\n<td class=\"column\" data-v-68fb0216=\"\">95 kcal \/ 399 kJ<\/td>\n<\/tr>\n<tr class=\"row\" data-v-68fb0216=\"\">\n<td class=\"column\" data-v-68fb0216=\"\">Fette<\/td>\n<td class=\"column\" data-v-68fb0216=\"\">ca. 3,2 g<\/td>\n<\/tr>\n<tr class=\"row\" data-v-68fb0216=\"\">\n<td class=\"sub-label column\" colspan=\"2\" data-v-68fb0216=\"\">wessen<\/td>\n<\/tr>\n<tr class=\"row\" data-v-68fb0216=\"\">\n<td class=\"column\" data-v-68fb0216=\"\">Davon ges\u00e4ttigte Fetts\u00e4uren<\/td>\n<td class=\"column\" data-v-68fb0216=\"\">ca. 1,7 g<\/td>\n<\/tr>\n<tr class=\"row\" data-v-68fb0216=\"\">\n<td class=\"column\" data-v-68fb0216=\"\">Kohlenhydrate<\/td>\n<td class=\"column\" data-v-68fb0216=\"\">ca. 3,1 g<\/td>\n<\/tr>\n<tr class=\"row\" data-v-68fb0216=\"\">\n<td class=\"column\" data-v-68fb0216=\"\">Davon Zucker<\/td>\n<td class=\"column\" data-v-68fb0216=\"\">ca. 1,6 g<\/td>\n<\/tr>\n<tr class=\"row\" data-v-68fb0216=\"\">\n<td class=\"column\" data-v-68fb0216=\"\">Proteine<\/td>\n<td class=\"column\" data-v-68fb0216=\"\">ca. 12,5 g<\/td>\n<\/tr>\n<tr class=\"row\" data-v-68fb0216=\"\">\n<td class=\"column\" data-v-68fb0216=\"\">Salz<\/td>\n<td class=\"column\" data-v-68fb0216=\"\">ca. 1,8 g<\/td>\n<\/tr>\n<\/tbody>\n<\/table>\n<\/div>\n<div id=\"jum-collapsible-1\" class=\"content\" data-v-4fb8929b=\"\"><\/div>\n<\/div>\n<div class=\"jum-collapsible open\" data-v-4fb8929b=\"\" data-v-e49d766c=\"\">\n<div class=\"title-wrapper\" data-v-4fb8929b=\"\">\n<h3 class=\"title\">Allergen-Warnungen<\/h3>\n<\/div>\n<div id=\"jum-collapsible-2\" class=\"content\" data-v-4fb8929b=\"\">\n<p><strong data-v-cfe264b1=\"\">Kann enthalten: <\/strong><span data-v-cfe264b1=\"\">Sellerie, Eier, Milch, N\u00fcsse, Soja<\/span><\/p>\n<p><span style=\"font-size: 20.16px; color: #333333;\">\u00dcber den Hersteller<\/span><\/p>\n<\/div>\n<\/div>\n<div class=\"jum-collapsible open\" data-v-4fb8929b=\"\" data-v-e49d766c=\"\">\n<div id=\"jum-collapsible-3\" class=\"content\" data-v-4fb8929b=\"\"><strong>Adresse<\/strong><\/div>\n<div class=\"content\" data-v-4fb8929b=\"\">\n<p>N.V. Theo Coertjens Int. S.A.<br \/>\nKlein Veerle 101<br \/>\n2960 Brecht<br \/>\nBelgien<\/p>\n<\/div>\n<\/div>\n","protected":false},"excerpt":{"rendered":"<p>Produktinformationen von: Coertjens Rindfleischeintopf Zutaten: Rindfleisch (35% gekocht), Fleischsaft, Wasser, Zwiebeln, modifizierte Maisst\u00e4rke, raffiniertes Rinderfett, Salz, Zucker, Gew\u00fcrzextrakte (enth\u00e4lt Gluten), Kr\u00e4uter und Gew\u00fcrze (enth\u00e4lt SENF), Farbstoff: E150c. Kann Spuren von GLUTEN, EIERN enthalten N\u00e4hrwerte N\u00e4hrwerte pro 100 g Energiewert 95 kcal \/ 399 kJ Fette ca. 3,2 g wessen Davon ges\u00e4ttigte Fetts\u00e4uren ca. 1,7 g [&#8230;]\n","protected":false},"featured_media":190180,"template":"","meta":{"_acf_changed":false,"_aipt_faq_data":""},"product_brand":[15308],"product_cat":[14534,14529,14537],"product_tag":[],"class_list":{"0":"post-169810","1":"product","2":"type-product","3":"status-publish","4":"has-post-thumbnail","6":"product_brand-coertjens-de","7":"product_cat-dosenfleisch","8":"product_cat-fleisch-fisch-huhn","9":"product_cat-verschiedene-fleischprodukte","10":"pa_artikelnummer-1981-de","12":"first","13":"onbackorder","14":"taxable","15":"shipping-taxable","16":"purchasable","17":"product-type-simple"},"bundled_by":[],"bundle_stock_status":"onbackorder","bundle_stock_quantity":null,"bundle_virtual":false,"bundle_layout":"","bundle_add_to_cart_form_location":"","bundle_editable_in_cart":false,"bundle_sold_individually_context":"","bundle_item_grouping":"","bundle_min_size":"","bundle_max_size":"","bundle_price":[],"bundled_items":[],"bundle_sell_ids":[],"acf":{"content":"425 gr"},"_links":{"self":[{"href":"https:\/\/realdutchfood.com\/de\/wp-json\/wp\/v2\/product\/169810","targetHints":{"allow":["GET"]}}],"collection":[{"href":"https:\/\/realdutchfood.com\/de\/wp-json\/wp\/v2\/product"}],"about":[{"href":"https:\/\/realdutchfood.com\/de\/wp-json\/wp\/v2\/types\/product"}],"wp:featuredmedia":[{"embeddable":true,"href":"https:\/\/realdutchfood.com\/de\/wp-json\/wp\/v2\/media\/190180"}],"wp:attachment":[{"href":"https:\/\/realdutchfood.com\/de\/wp-json\/wp\/v2\/media?parent=169810"}],"wp:term":[{"taxonomy":"product_brand","embeddable":true,"href":"https:\/\/realdutchfood.com\/de\/wp-json\/wp\/v2\/product_brand?post=169810"},{"taxonomy":"product_cat","embeddable":true,"href":"https:\/\/realdutchfood.com\/de\/wp-json\/wp\/v2\/product_cat?post=169810"},{"taxonomy":"product_tag","embeddable":true,"href":"https:\/\/realdutchfood.com\/de\/wp-json\/wp\/v2\/product_tag?post=169810"}],"curies":[{"name":"wp","href":"https:\/\/api.w.org\/{rel}","templated":true}]}}