{"id":169816,"date":"2024-06-07T13:35:06","date_gmt":"2024-06-07T11:35:06","guid":{"rendered":"https:\/\/realdutchfood.com\/?post_type=product&#038;p=169816"},"modified":"2024-06-07T13:44:13","modified_gmt":"2024-06-07T11:44:13","slug":"coertjens-fleischballchen-in-tomatensauce","status":"publish","type":"product","link":"https:\/\/realdutchfood.com\/de\/coertjens-fleischballchen-in-tomatensauce\/","title":{"rendered":"Coertjens Fleischb\u00e4llchen in Tomatensauce"},"content":{"rendered":"<h2 class=\"jum-heading h4\">Produktinformationen von: Coertjens Fleischb\u00e4llchen in Tomatensauce<\/h2>\n<div class=\"jum-collapsible open\" data-v-4fb8929b=\"\" data-v-e49d766c=\"\">\n<div class=\"title-wrapper\" data-v-4fb8929b=\"\">\n<h3 class=\"title\">Zutaten:<\/h3>\n<\/div>\n<div id=\"jum-collapsible-0\" class=\"content\" data-v-4fb8929b=\"\">\n<p>Frikadellen 42,4% (Schweinefleisch (62%), Wasser, H\u00fchnerseparatorfleisch (8%), Kartoffelst\u00e4rke, Rumfleisch (5%), Semmelbr\u00f6sel (enth\u00e4lt <strong>g&gt;Gluten<\/strong>), <strong>Milchproteine<\/strong>, Zwiebeln, Salz, Kr\u00e4uter und Gew\u00fcrze, Emulgator: Di-, Tri-, Polyphosphate, S\u00e4uerungsmittel: E330), Tomatensauce 57,6% (Wasser, Tomatenmark, Zwiebeln, Erdnuss\u00f6l, modifizierte Maisst\u00e4rke, Salz, Zucker, <strong>Ong-Milchpulver&gt;<\/strong>, Kr\u00e4uter und Gew\u00fcrze (enth\u00e4lt <strong>&gt;Senf<\/strong>, <strong>Sellerie<\/strong>), Geschmacksverst\u00e4rker: E621, Essig, S\u00e4uerungsmittel: E330)<\/p>\n<\/div>\n<\/div>\n<div class=\"jum-collapsible nutritions open\" data-v-4fb8929b=\"\" data-v-921da544=\"\" data-v-e49d766c=\"\">\n<div class=\"title-wrapper\" data-v-4fb8929b=\"\">\n<h3 class=\"title\">N\u00e4hrwerte<\/h3>\n<table class=\"striped jum-table\" data-testid=\"nutritional-values-table-content\" data-v-b9926f77=\"\" data-v-68fb0216=\"\">\n<tbody>\n<tr class=\"header-row\" data-v-b9926f77=\"\">\n<th class=\"header-column\" data-v-b9926f77=\"\">N\u00e4hrwerte<\/th>\n<th class=\"header-column\" data-v-b9926f77=\"\">pro 100 g<\/th>\n<th class=\"header-column\" data-v-b9926f77=\"\"><\/th>\n<\/tr>\n<\/tbody>\n<tbody data-v-68fb0216=\"\">\n<tr class=\"row\" data-v-68fb0216=\"\">\n<td class=\"column\" data-v-68fb0216=\"\">Energiewert<\/td>\n<td class=\"column\" data-v-68fb0216=\"\">136 kcal<\/td>\n<td class=\"column\" data-v-68fb0216=\"\"><\/td>\n<\/tr>\n<tr class=\"row\" data-v-68fb0216=\"\">\n<td class=\"column\" data-v-68fb0216=\"\"><\/td>\n<td class=\"column\" data-v-68fb0216=\"\">565 kJ<\/td>\n<td class=\"column\" data-v-68fb0216=\"\"><\/td>\n<\/tr>\n<tr class=\"row\" data-v-68fb0216=\"\">\n<td class=\"column\" data-v-68fb0216=\"\">Fette<\/td>\n<td class=\"column\" data-v-68fb0216=\"\">ca. 9,1 g<\/td>\n<td class=\"column\" data-v-68fb0216=\"\"><\/td>\n<\/tr>\n<tr class=\"row\" data-v-68fb0216=\"\">\n<td class=\"sub-label column\" data-v-68fb0216=\"\">davon ges\u00e4ttigte Gef\u00e4\u00dfs\u00e4uren<\/td>\n<td class=\"column\" data-v-68fb0216=\"\">ca. 3,1 g<\/td>\n<td class=\"column\" data-v-68fb0216=\"\"><\/td>\n<\/tr>\n<tr class=\"row\" data-v-68fb0216=\"\">\n<td class=\"column\" data-v-68fb0216=\"\">Kohlenhydrate<\/td>\n<td class=\"column\" data-v-68fb0216=\"\">ca. 5,6 g<\/td>\n<td class=\"column\" data-v-68fb0216=\"\"><\/td>\n<\/tr>\n<tr class=\"row\" data-v-68fb0216=\"\">\n<td class=\"sub-label column\" data-v-68fb0216=\"\">davon Zucker<\/td>\n<td class=\"column\" data-v-68fb0216=\"\">ca. 1,9 g<\/td>\n<td class=\"column\" data-v-68fb0216=\"\"><\/td>\n<\/tr>\n<tr class=\"row\" data-v-68fb0216=\"\">\n<td class=\"column\" data-v-68fb0216=\"\">Proteine<\/td>\n<td class=\"column\" data-v-68fb0216=\"\">ca. 7,4 g<\/td>\n<td class=\"column\" data-v-68fb0216=\"\"><\/td>\n<\/tr>\n<tr class=\"row\" data-v-68fb0216=\"\">\n<td class=\"column\" data-v-68fb0216=\"\">Salz<\/td>\n<td class=\"column\" data-v-68fb0216=\"\">1,4 g<\/td>\n<\/tr>\n<\/tbody>\n<\/table>\n<\/div>\n<div id=\"jum-collapsible-1\" class=\"content\" data-v-4fb8929b=\"\"><\/div>\n<\/div>\n<div class=\"jum-collapsible open\" data-v-4fb8929b=\"\" data-v-e49d766c=\"\">\n<div class=\"title-wrapper\" data-v-4fb8929b=\"\">\n<h3 class=\"title\">Allergen-Warnungen<\/h3>\n<\/div>\n<div id=\"jum-collapsible-2\" class=\"content\" data-v-4fb8929b=\"\">\n<div class=\"item\" data-v-cfe264b1=\"\"><strong data-v-cfe264b1=\"\">Enth\u00e4lt: <\/strong><span data-v-cfe264b1=\"\">Sellerie, Getreide mit Gluten, Milch, Senf, Gluten<\/span><\/div>\n<div class=\"item\" data-v-cfe264b1=\"\"><strong data-v-cfe264b1=\"\">Kann enthalten: <\/strong><span data-v-cfe264b1=\"\">Eier, N\u00fcsse, Soja<\/span><\/div>\n<p><span style=\"font-size: 20.16px; color: #333333;\">\u00dcber den Hersteller<\/span><\/p>\n<\/div>\n<\/div>\n<div class=\"jum-collapsible open\" data-v-4fb8929b=\"\" data-v-e49d766c=\"\">\n<div id=\"jum-collapsible-3\" class=\"content\" data-v-4fb8929b=\"\"><strong>Adresse<\/strong><\/div>\n<div class=\"content\" data-v-4fb8929b=\"\">\n<p>N.V. Theo Coertjens Int. S.A.<br \/>\nKlein Veerle 101<br \/>\n2960 Brecht<br \/>\nBelgien<\/p>\n<\/div>\n<\/div>\n","protected":false},"excerpt":{"rendered":"<p>Produktinformationen von: Coertjens Fleischb\u00e4llchen in Tomatensauce Zutaten: Frikadellen 42,4% (Schweinefleisch (62%), Wasser, H\u00fchnerseparatorfleisch (8%), Kartoffelst\u00e4rke, Rumfleisch (5%), Semmelbr\u00f6sel (enth\u00e4lt g&gt;Gluten), Milchproteine, Zwiebeln, Salz, Kr\u00e4uter und Gew\u00fcrze, Emulgator: Di-, Tri-, Polyphosphate, S\u00e4uerungsmittel: E330), Tomatensauce 57,6% (Wasser, Tomatenmark, Zwiebeln, Erdnuss\u00f6l, modifizierte Maisst\u00e4rke, Salz, Zucker, Ong-Milchpulver&gt;, Kr\u00e4uter und Gew\u00fcrze (enth\u00e4lt &gt;Senf, Sellerie), Geschmacksverst\u00e4rker: E621, Essig, S\u00e4uerungsmittel: E330) N\u00e4hrwerte [&#8230;]\n","protected":false},"featured_media":190176,"template":"","meta":{"_acf_changed":false,"_aipt_faq_data":""},"product_brand":[15308],"product_cat":[14534,14529,14537],"product_tag":[],"class_list":{"0":"post-169816","1":"product","2":"type-product","3":"status-publish","4":"has-post-thumbnail","6":"product_brand-coertjens-de","7":"product_cat-dosenfleisch","8":"product_cat-fleisch-fisch-huhn","9":"product_cat-verschiedene-fleischprodukte","10":"pa_artikelnummer-1981-de","12":"first","13":"onbackorder","14":"taxable","15":"shipping-taxable","16":"purchasable","17":"product-type-simple"},"bundled_by":[],"bundle_stock_status":"onbackorder","bundle_stock_quantity":null,"bundle_virtual":false,"bundle_layout":"","bundle_add_to_cart_form_location":"","bundle_editable_in_cart":false,"bundle_sold_individually_context":"","bundle_item_grouping":"","bundle_min_size":"","bundle_max_size":"","bundle_price":[],"bundled_items":[],"bundle_sell_ids":[],"acf":{"content":"425 gr"},"_links":{"self":[{"href":"https:\/\/realdutchfood.com\/de\/wp-json\/wp\/v2\/product\/169816","targetHints":{"allow":["GET"]}}],"collection":[{"href":"https:\/\/realdutchfood.com\/de\/wp-json\/wp\/v2\/product"}],"about":[{"href":"https:\/\/realdutchfood.com\/de\/wp-json\/wp\/v2\/types\/product"}],"wp:featuredmedia":[{"embeddable":true,"href":"https:\/\/realdutchfood.com\/de\/wp-json\/wp\/v2\/media\/190176"}],"wp:attachment":[{"href":"https:\/\/realdutchfood.com\/de\/wp-json\/wp\/v2\/media?parent=169816"}],"wp:term":[{"taxonomy":"product_brand","embeddable":true,"href":"https:\/\/realdutchfood.com\/de\/wp-json\/wp\/v2\/product_brand?post=169816"},{"taxonomy":"product_cat","embeddable":true,"href":"https:\/\/realdutchfood.com\/de\/wp-json\/wp\/v2\/product_cat?post=169816"},{"taxonomy":"product_tag","embeddable":true,"href":"https:\/\/realdutchfood.com\/de\/wp-json\/wp\/v2\/product_tag?post=169816"}],"curies":[{"name":"wp","href":"https:\/\/api.w.org\/{rel}","templated":true}]}}