{"id":169895,"date":"2024-06-10T13:24:49","date_gmt":"2024-06-10T11:24:49","guid":{"rendered":"https:\/\/realdutchfood.com\/?post_type=product&#038;p=169895"},"modified":"2024-06-10T13:51:18","modified_gmt":"2024-06-10T11:51:18","slug":"unox-ungarisches-gulasch","status":"publish","type":"product","link":"https:\/\/realdutchfood.com\/de\/unox-ungarisches-gulasch\/","title":{"rendered":"Unox Ungarisches Gulasch"},"content":{"rendered":"<h2 class=\"jum-heading h4\">Produktinformationen von: Unox Ungarisches Gulasch<\/h2>\n<div class=\"jum-collapsible open\" data-v-4fb8929b=\"\" data-v-e49d766c=\"\">\n<div class=\"title-wrapper\" data-v-4fb8929b=\"\">\n<h3>Produktbeschreibung:<\/h3>\n<p>Ungarisches Gulasch<\/p>\n<p class=\"block\" data-v-24343815=\"\"><span style=\"font-size: 20.16px; color: #333333;\">Zutaten <\/span><span style=\"font-size: 20.16px; color: #333333;\">Unox Ungarisches Gulasch<\/span><\/p>\n<\/div>\n<div id=\"jum-collapsible-0\" class=\"content\" data-v-4fb8929b=\"\">\n<p>Rindfleisch 27%, Wasser, Zwiebel, roter Pfeffer 8%, gr\u00fcner Pfeffer 8%, Tomatenmark, Raps\u00f6l, <strong>Weizenmehl<\/strong>, modifizierte Maisst\u00e4rke, Salz, Aroma, Zwiebelpulver, Gew\u00fcrze, Geschmacksverst\u00e4rker E621, Koriander, Gew\u00fcrzextrakte<\/p>\n<\/div>\n<\/div>\n<div class=\"jum-collapsible nutritions open\" data-v-4fb8929b=\"\" data-v-921da544=\"\" data-v-e49d766c=\"\">\n<div class=\"title-wrapper\" data-v-4fb8929b=\"\">\n<h3 class=\"title\">N\u00e4hrwerte Unox Ungarisches Gulasch<\/h3>\n<table class=\"striped jum-table\" data-testid=\"nutritional-values-table-content\" data-v-b9926f77=\"\" data-v-68fb0216=\"\">\n<tbody>\n<tr class=\"header-row\" data-v-b9926f77=\"\">\n<th class=\"header-column\" data-v-b9926f77=\"\">N\u00e4hrwerte<\/th>\n<th class=\"header-column\" data-v-b9926f77=\"\">Pro 100 g<\/th>\n<th class=\"header-column\" data-v-b9926f77=\"\">Pro Portion**<\/th>\n<th class=\"header-column\" data-v-b9926f77=\"\">%* Pro Portion**<\/th>\n<\/tr>\n<\/tbody>\n<tbody data-v-68fb0216=\"\">\n<tr class=\"row\" data-v-68fb0216=\"\">\n<td class=\"column\" data-v-68fb0216=\"\">Energie<\/td>\n<td class=\"column\" data-v-68fb0216=\"\">457 kJ<\/td>\n<td class=\"column\" data-v-68fb0216=\"\">640 kJ<\/td>\n<td class=\"column\" data-v-68fb0216=\"\">8%<\/td>\n<\/tr>\n<tr class=\"row\" data-v-68fb0216=\"\">\n<td class=\"column\" data-v-68fb0216=\"\"><\/td>\n<td class=\"column\" data-v-68fb0216=\"\">109 kcal<\/td>\n<td class=\"column\" data-v-68fb0216=\"\">153 kcal<\/td>\n<td class=\"column\" data-v-68fb0216=\"\"><\/td>\n<\/tr>\n<tr class=\"row\" data-v-68fb0216=\"\">\n<td class=\"column\" data-v-68fb0216=\"\">Fette<\/td>\n<td class=\"column\" data-v-68fb0216=\"\">ca. 5,1 g<\/td>\n<td class=\"column\" data-v-68fb0216=\"\">ca. 7,1 g<\/td>\n<td class=\"column\" data-v-68fb0216=\"\">10%<\/td>\n<\/tr>\n<tr class=\"row\" data-v-68fb0216=\"\">\n<td class=\"column\" data-v-68fb0216=\"\">Davon ges\u00e4ttigte Fetts\u00e4uren<\/td>\n<td class=\"column\" data-v-68fb0216=\"\">1,0 g<\/td>\n<td class=\"column\" data-v-68fb0216=\"\">1,4 g<\/td>\n<td class=\"column\" data-v-68fb0216=\"\">7%<\/td>\n<\/tr>\n<tr class=\"row\" data-v-68fb0216=\"\">\n<td class=\"column\" data-v-68fb0216=\"\">Kohlenhydrate<\/td>\n<td class=\"column\" data-v-68fb0216=\"\">ca. 8,4 g<\/td>\n<td class=\"column\" data-v-68fb0216=\"\">12 g<\/td>\n<td class=\"column\" data-v-68fb0216=\"\">5%<\/td>\n<\/tr>\n<tr class=\"row\" data-v-68fb0216=\"\">\n<td class=\"column\" data-v-68fb0216=\"\">Davon Zucker<\/td>\n<td class=\"column\" data-v-68fb0216=\"\">ca. 2,6 g<\/td>\n<td class=\"column\" data-v-68fb0216=\"\">ca. 3,6 g<\/td>\n<td class=\"column\" data-v-68fb0216=\"\">4%<\/td>\n<\/tr>\n<tr class=\"row\" data-v-68fb0216=\"\">\n<td class=\"column\" data-v-68fb0216=\"\">Proteine<\/td>\n<td class=\"column\" data-v-68fb0216=\"\">ca. 6,8 g<\/td>\n<td class=\"column\" data-v-68fb0216=\"\">9,5 g<\/td>\n<td class=\"column\" data-v-68fb0216=\"\">19%<\/td>\n<\/tr>\n<tr class=\"row\" data-v-68fb0216=\"\">\n<td class=\"column\" data-v-68fb0216=\"\">Salz<\/td>\n<td class=\"column\" data-v-68fb0216=\"\">ca. 1,2 g<\/td>\n<td class=\"column\" data-v-68fb0216=\"\">ca. 1,6 g<\/td>\n<td class=\"column\" data-v-68fb0216=\"\">28%<\/td>\n<\/tr>\n<tr class=\"row\" data-v-68fb0216=\"\">\n<td class=\"column\" colspan=\"4\" data-v-68fb0216=\"\">*% der Referenzmenge eines durchschnittlichen Erwachsenen (8400 kJ\/2000 kcal).<\/td>\n<\/tr>\n<tr class=\"row\" data-v-68fb0216=\"\">\n<td class=\"column\" colspan=\"4\" data-v-68fb0216=\"\">**1 Portion = 140 g (Packung enth\u00e4lt ca. 3 Portionen).<\/td>\n<\/tr>\n<\/tbody>\n<\/table>\n<\/div>\n<div id=\"jum-collapsible-1\" class=\"content\" data-v-4fb8929b=\"\"><\/div>\n<\/div>\n<div class=\"jum-collapsible open\" data-v-4fb8929b=\"\" data-v-e49d766c=\"\">\n<div class=\"title-wrapper\" data-v-4fb8929b=\"\">\n<h3 class=\"title\">Allergen-Warnungen<\/h3>\n<\/div>\n<div id=\"jum-collapsible-2\" class=\"content\" data-v-4fb8929b=\"\">\n<div class=\"list\" data-testid=\"allergens-content\" data-v-cfe264b1=\"\">\n<div class=\"item\" data-v-cfe264b1=\"\"><strong data-v-cfe264b1=\"\">Enth\u00e4lt: <\/strong><span data-v-cfe264b1=\"\">Weizen<\/span><\/div>\n<\/div>\n<div class=\"jum-notification note allergy-prompt\" data-testid=\"jum-notification\" aria-live=\"polite\" data-v-bf3e5b07=\"\" data-v-edd32e8c=\"\" data-v-51eb74a5=\"\"><\/div>\n<p><span style=\"font-size: 20.16px; color: #333333;\">\u00dcber den Hersteller<\/span><\/p>\n<\/div>\n<\/div>\n<div class=\"jum-collapsible open\" data-v-4fb8929b=\"\" data-v-e49d766c=\"\">\n<div id=\"jum-collapsible-3\" class=\"content\" data-v-4fb8929b=\"\">\n<div class=\"open jum-collapsible\" data-testid=\"about-the-manufacturer-collapsible\" data-v-bf3e5b07=\"\" data-v-29537c6e=\"\">\n<div data-v-29537c6e=\"\">\n<div id=\"jum-collapsible-8\" class=\"content\" data-v-29537c6e=\"\">\n<p><strong data-testid=\"manufacturer-website\">Website <\/strong>www.Unox.nl<\/p>\n<p><strong data-testid=\"manufacturer-address\">Adresse <\/strong>Unilever Niederlande, Unox<br \/>\nPostfach 160<br \/>\n3000 AD Rotterdam<\/p>\n<p><strong>Telefonnummer <\/strong>0800 &#8211; 2358669<\/p>\n<\/div>\n<\/div>\n<\/div>\n<div class=\"jum-collapsible\" data-testid=\"jum-collapsible\" data-v-bf3e5b07=\"\" data-v-29537c6e=\"\">\n<div class=\"title-wrapper\" data-v-29537c6e=\"\"><\/div>\n<\/div>\n<\/div>\n<\/div>\n","protected":false},"excerpt":{"rendered":"<p>Produktinformationen von: Unox Ungarisches Gulasch Produktbeschreibung: Ungarisches Gulasch Zutaten Unox Ungarisches Gulasch Rindfleisch 27%, Wasser, Zwiebel, roter Pfeffer 8%, gr\u00fcner Pfeffer 8%, Tomatenmark, Raps\u00f6l, Weizenmehl, modifizierte Maisst\u00e4rke, Salz, Aroma, Zwiebelpulver, Gew\u00fcrze, Geschmacksverst\u00e4rker E621, Koriander, Gew\u00fcrzextrakte N\u00e4hrwerte Unox Ungarisches Gulasch N\u00e4hrwerte Pro 100 g Pro Portion** %* Pro Portion** Energie 457 kJ 640 kJ 8% 109 [&#8230;]\n","protected":false},"featured_media":169899,"template":"","meta":{"_acf_changed":false,"_aipt_faq_data":""},"product_brand":[14526],"product_cat":[14534,14529,14537],"product_tag":[],"class_list":{"0":"post-169895","1":"product","2":"type-product","3":"status-publish","4":"has-post-thumbnail","6":"product_brand-unox-de","7":"product_cat-dosenfleisch","8":"product_cat-fleisch-fisch-huhn","9":"product_cat-verschiedene-fleischprodukte","10":"pa_artikelnummer-1981-de","12":"first","13":"onbackorder","14":"taxable","15":"shipping-taxable","16":"purchasable","17":"product-type-simple"},"bundled_by":[],"bundle_stock_status":"onbackorder","bundle_stock_quantity":0,"bundle_virtual":false,"bundle_layout":"","bundle_add_to_cart_form_location":"","bundle_editable_in_cart":false,"bundle_sold_individually_context":"","bundle_item_grouping":"","bundle_min_size":"","bundle_max_size":"","bundle_price":[],"bundled_items":[],"bundle_sell_ids":[],"acf":{"content":"420 gr"},"_links":{"self":[{"href":"https:\/\/realdutchfood.com\/de\/wp-json\/wp\/v2\/product\/169895","targetHints":{"allow":["GET"]}}],"collection":[{"href":"https:\/\/realdutchfood.com\/de\/wp-json\/wp\/v2\/product"}],"about":[{"href":"https:\/\/realdutchfood.com\/de\/wp-json\/wp\/v2\/types\/product"}],"wp:featuredmedia":[{"embeddable":true,"href":"https:\/\/realdutchfood.com\/de\/wp-json\/wp\/v2\/media\/169899"}],"wp:attachment":[{"href":"https:\/\/realdutchfood.com\/de\/wp-json\/wp\/v2\/media?parent=169895"}],"wp:term":[{"taxonomy":"product_brand","embeddable":true,"href":"https:\/\/realdutchfood.com\/de\/wp-json\/wp\/v2\/product_brand?post=169895"},{"taxonomy":"product_cat","embeddable":true,"href":"https:\/\/realdutchfood.com\/de\/wp-json\/wp\/v2\/product_cat?post=169895"},{"taxonomy":"product_tag","embeddable":true,"href":"https:\/\/realdutchfood.com\/de\/wp-json\/wp\/v2\/product_tag?post=169895"}],"curies":[{"name":"wp","href":"https:\/\/api.w.org\/{rel}","templated":true}]}}