{"id":169935,"date":"2024-06-11T15:17:55","date_gmt":"2024-06-11T13:17:55","guid":{"rendered":"https:\/\/realdutchfood.com\/?post_type=product&#038;p=169935"},"modified":"2024-06-11T15:35:53","modified_gmt":"2024-06-11T13:35:53","slug":"hela-spices-ketchup-curry-weniger-zucker","status":"publish","type":"product","link":"https:\/\/realdutchfood.com\/de\/hela-spices-ketchup-curry-weniger-zucker\/","title":{"rendered":"Hela Spices Ketchup Curry Weniger Zucker"},"content":{"rendered":"<h2>Detaillierte Produktinformationen von: Hela Spices Ketchup Curry weniger Zucker<\/h2>\n<p>Der hohe Anteil an Kr\u00e4utern und Gew\u00fcrzen und die besondere Rezeptur sorgen f\u00fcr den einzigartigen Geschmack unseres Hela Kr\u00e4uter <a href=\"https:\/\/realdutchfood.com\/de\/mayonnaise-pommes-sauce-ketchup\/\">Ketchup Curry<\/a> Original.<\/p>\n<p class=\"block\" data-v-24343815=\"\">Diese beliebte, s\u00fc\u00df-scharfe Currysauce mit 30% weniger Zucker* hat einen hohen Anteil an Kr\u00e4utern und Gew\u00fcrzen und ist eine echte W\u00fcrze f\u00fcr viele Gerichte. Enth\u00e4lt keine S\u00fc\u00dfstoffe.<\/p>\n<p>*30% weniger Zucker im Vergleich zum Hela Spice Ketchup Curry Original.<\/p>\n<div class=\"jum-nutritional-info jum-product-info-item\">\n<h3>N\u00e4hrwerte<\/h3>\n<table class=\"striped jum-table\" data-testid=\"nutritional-values-table-content\" data-v-b9926f77=\"\" data-v-68fb0216=\"\">\n<tbody>\n<tr class=\"header-row\" data-v-b9926f77=\"\">\n<th class=\"header-column\" data-v-b9926f77=\"\">N\u00e4hrwerte<\/th>\n<th class=\"header-column\" data-v-b9926f77=\"\">pro 100 g<\/th>\n<\/tr>\n<\/tbody>\n<tbody data-v-68fb0216=\"\">\n<tr class=\"row\" data-v-68fb0216=\"\">\n<td class=\"column\" data-v-68fb0216=\"\">Energie<\/td>\n<td class=\"column\" data-v-68fb0216=\"\">450 kJ\/106 kcal<\/td>\n<\/tr>\n<tr class=\"row\" data-v-68fb0216=\"\">\n<td class=\"column\" data-v-68fb0216=\"\">Fette<\/td>\n<td class=\"column\" data-v-68fb0216=\"\">0,3 g<\/td>\n<\/tr>\n<tr class=\"row\" data-v-68fb0216=\"\">\n<td class=\"column\" data-v-68fb0216=\"\">Davon ges\u00e4ttigte Fetts\u00e4uren<\/td>\n<td class=\"column\" data-v-68fb0216=\"\">0,0 g<\/td>\n<\/tr>\n<tr class=\"row\" data-v-68fb0216=\"\">\n<td class=\"column\" data-v-68fb0216=\"\">Kohlenhydrate<\/td>\n<td class=\"column\" data-v-68fb0216=\"\">ca. 24,1 g<\/td>\n<\/tr>\n<tr class=\"row\" data-v-68fb0216=\"\">\n<td class=\"column\" data-v-68fb0216=\"\">Davon Zucker<\/td>\n<td class=\"column\" data-v-68fb0216=\"\">ca. 21,2 g<\/td>\n<\/tr>\n<tr class=\"row\" data-v-68fb0216=\"\">\n<td class=\"column\" data-v-68fb0216=\"\">Proteine<\/td>\n<td class=\"column\" data-v-68fb0216=\"\">0,8 g<\/td>\n<\/tr>\n<tr class=\"row\" data-v-68fb0216=\"\">\n<td class=\"column\" data-v-68fb0216=\"\">Salz<\/td>\n<td class=\"column\" data-v-68fb0216=\"\">2,20 Gramm<\/td>\n<\/tr>\n<\/tbody>\n<\/table>\n<\/div>\n<div class=\"jum-lifestyle-images jum-product-info-item\"><\/div>\n<div class=\"jum-ingredients-info jum-product-info-item\">\n<h3>Zutaten zu: Hela Spices Ketchup Curry weniger Zucker<\/h3>\n<p>Tomatenzubereitung (Wasser, Tomatenmark, Essig), Zucker, Fruktose, Curry (enth\u00e4lt <strong>Senf<\/strong>), modifizierte St\u00e4rke, Salz, Verdickungsmittel (Guarkernmehl), Karamellsirup, Geschmacksverst\u00e4rker (Mononatriumglutamat), S\u00e4uerungsmittel (Zitronens\u00e4ure)<\/p>\n<\/div>\n<div class=\"jum-product-allergy-info jum-product-info-item\">\n<h3 id=\"jum-allergy-title\" class=\"jum-warning\">Allergiewarnung<\/h3>\n<div class=\"item\" data-v-cfe264b1=\"\"><strong data-v-cfe264b1=\"\">Enth\u00e4lt: <\/strong><span data-v-cfe264b1=\"\">Senf<\/span><\/div>\n<div class=\"item\" data-v-cfe264b1=\"\"><strong data-v-cfe264b1=\"\">Kann enthalten: <\/strong><span data-v-cfe264b1=\"\">Sellerie<\/span><\/div>\n<\/div>\n<div class=\"jum-product-additive-info jum-product-info-item\">\n<h3>Erg\u00e4nzungen<\/h3>\n<div class=\"open jum-collapsible\" data-testid=\"jum-collapsible\" data-v-7d54e47b=\"\" data-v-29537c6e=\"\" data-v-b98d3f9f=\"\">\n<div data-v-29537c6e=\"\">\n<div id=\"jum-collapsible-7\" class=\"content\" data-v-29537c6e=\"\">\n<p data-v-b98d3f9f=\"\">S\u00fc\u00dfstofffrei, h\u00e4ufig recycelt &#8211; Flasche 95% recycelbar<\/p>\n<\/div>\n<\/div>\n<\/div>\n<div class=\"jum-collapsible\" data-testid=\"jum-collapsible\" data-v-7d54e47b=\"\" data-v-29537c6e=\"\">\n<div class=\"title-wrapper\" data-v-29537c6e=\"\"><\/div>\n<\/div>\n<\/div>\n","protected":false},"excerpt":{"rendered":"<p>Detaillierte Produktinformationen von: Hela Spices Ketchup Curry weniger Zucker Der hohe Anteil an Kr\u00e4utern und Gew\u00fcrzen und die besondere Rezeptur sorgen f\u00fcr den einzigartigen Geschmack unseres Hela Kr\u00e4uter Ketchup Curry Original. Diese beliebte, s\u00fc\u00df-scharfe Currysauce mit 30% weniger Zucker* hat einen hohen Anteil an Kr\u00e4utern und Gew\u00fcrzen und ist eine echte W\u00fcrze f\u00fcr viele Gerichte. [&#8230;]\n","protected":false},"featured_media":169938,"template":"","meta":{"_acf_changed":false,"_aipt_faq_data":""},"product_brand":[15144],"product_cat":[14480,14472,14475],"product_tag":[],"class_list":{"0":"post-169935","1":"product","2":"type-product","3":"status-publish","4":"has-post-thumbnail","6":"product_brand-hela-de","7":"product_cat-mayonnaise-pommes-sauce-ketchup","8":"product_cat-saucen-gewuerze","9":"product_cat-sosse","10":"pa_artikelnummer-1624-de","11":"pa_dieet_allergie_biologisch-glutenfrei","12":"pa_dieet_allergie_biologisch-vegan-de","13":"pa_dieet_allergie_biologisch-zuckerbewusst","14":"pa_show-myparcel-options-1-de","16":"first","17":"onbackorder","18":"taxable","19":"shipping-taxable","20":"purchasable","21":"product-type-simple"},"bundled_by":[],"bundle_stock_status":"onbackorder","bundle_stock_quantity":null,"bundle_virtual":false,"bundle_layout":"","bundle_add_to_cart_form_location":"","bundle_editable_in_cart":false,"bundle_sold_individually_context":"","bundle_item_grouping":"","bundle_min_size":"","bundle_max_size":"","bundle_price":[],"bundled_items":[],"bundle_sell_ids":[],"acf":{"content":"300 ml"},"_links":{"self":[{"href":"https:\/\/realdutchfood.com\/de\/wp-json\/wp\/v2\/product\/169935","targetHints":{"allow":["GET"]}}],"collection":[{"href":"https:\/\/realdutchfood.com\/de\/wp-json\/wp\/v2\/product"}],"about":[{"href":"https:\/\/realdutchfood.com\/de\/wp-json\/wp\/v2\/types\/product"}],"wp:featuredmedia":[{"embeddable":true,"href":"https:\/\/realdutchfood.com\/de\/wp-json\/wp\/v2\/media\/169938"}],"wp:attachment":[{"href":"https:\/\/realdutchfood.com\/de\/wp-json\/wp\/v2\/media?parent=169935"}],"wp:term":[{"taxonomy":"product_brand","embeddable":true,"href":"https:\/\/realdutchfood.com\/de\/wp-json\/wp\/v2\/product_brand?post=169935"},{"taxonomy":"product_cat","embeddable":true,"href":"https:\/\/realdutchfood.com\/de\/wp-json\/wp\/v2\/product_cat?post=169935"},{"taxonomy":"product_tag","embeddable":true,"href":"https:\/\/realdutchfood.com\/de\/wp-json\/wp\/v2\/product_tag?post=169935"}],"curies":[{"name":"wp","href":"https:\/\/api.w.org\/{rel}","templated":true}]}}