{"id":170138,"date":"2024-06-17T14:01:23","date_gmt":"2024-06-17T12:01:23","guid":{"rendered":"https:\/\/realdutchfood.com\/?post_type=product&#038;p=170138"},"modified":"2024-06-17T15:29:45","modified_gmt":"2024-06-17T13:29:45","slug":"hela-gewuerz-ketchup-curry-extra-scharf","status":"publish","type":"product","link":"https:\/\/realdutchfood.com\/de\/hela-gewuerz-ketchup-curry-extra-scharf\/","title":{"rendered":"Hela Gew\u00fcrz Ketchup Curry Extra scharf"},"content":{"rendered":"<h2>Detaillierte Produktinformationen von: Hela Gew\u00fcrz Ketchup Curry Extra scharf<\/h2>\n<p><a href=\"https:\/\/realdutchfood.com\/de\/mayonnaise-pommes-sauce-ketchup\/\">Gew\u00fcrzketchup Curry extra scharf<\/a><\/p>\n<p>Hela Herbs Ketchup Curry Extra Hot ist eine extra scharfe Variante des Hela Herbs Ketchup Curry Original. Diese w\u00fcrzige Currysauce mit einem hohen Anteil an Kr\u00e4utern und Gew\u00fcrzen ist eine echte W\u00fcrze f\u00fcr viele Gerichte.<\/p>\n<div class=\"jum-nutritional-info jum-product-info-item\">\n<h3>N\u00e4hrwerte<\/h3>\n<table class=\"striped jum-table\" data-testid=\"nutritional-values-table-content\" data-v-b9926f77=\"\" data-v-68fb0216=\"\">\n<tbody>\n<tr class=\"header-row\" data-v-b9926f77=\"\">\n<th class=\"header-column\" data-v-b9926f77=\"\">N\u00e4hrwerte<\/th>\n<th class=\"header-column\" data-v-b9926f77=\"\">pro 100 g<\/th>\n<\/tr>\n<\/tbody>\n<tbody data-v-68fb0216=\"\">\n<tr class=\"row\" data-v-68fb0216=\"\">\n<td class=\"column\" data-v-68fb0216=\"\">Energie<\/td>\n<td class=\"column\" data-v-68fb0216=\"\">576 kJ\/136 kcal<\/td>\n<\/tr>\n<tr class=\"row\" data-v-68fb0216=\"\">\n<td class=\"column\" data-v-68fb0216=\"\">Fette<\/td>\n<td class=\"column\" data-v-68fb0216=\"\">0,3 g<\/td>\n<\/tr>\n<tr class=\"row\" data-v-68fb0216=\"\">\n<td class=\"column\" data-v-68fb0216=\"\">Davon ges\u00e4ttigte Fetts\u00e4uren<\/td>\n<td class=\"column\" data-v-68fb0216=\"\">0,1 g<\/td>\n<\/tr>\n<tr class=\"row\" data-v-68fb0216=\"\">\n<td class=\"column\" data-v-68fb0216=\"\">Kohlenhydrate<\/td>\n<td class=\"column\" data-v-68fb0216=\"\">ca. 31,5 g<\/td>\n<\/tr>\n<tr class=\"row\" data-v-68fb0216=\"\">\n<td class=\"column\" data-v-68fb0216=\"\">Davon Zucker<\/td>\n<td class=\"column\" data-v-68fb0216=\"\">ca. 29,0 g<\/td>\n<\/tr>\n<tr class=\"row\" data-v-68fb0216=\"\">\n<td class=\"column\" data-v-68fb0216=\"\">Proteine<\/td>\n<td class=\"column\" data-v-68fb0216=\"\">0,8 g<\/td>\n<\/tr>\n<tr class=\"row\" data-v-68fb0216=\"\">\n<td class=\"column\" data-v-68fb0216=\"\">Salz<\/td>\n<td class=\"column\" data-v-68fb0216=\"\">ca. 2,00 g<\/td>\n<\/tr>\n<\/tbody>\n<\/table>\n<\/div>\n<div class=\"jum-ingredients-info jum-product-info-item\">\n<h3>Zutaten zu: Hela Gew\u00fcrz Ketchup Curry Extra scharf<\/h3>\n<p>Tomatenzubereitung (Wasser, Tomatenmark, Essig), Zucker, Dextrose, Curry (enth\u00e4lt <strong>Senf<\/strong>), Salz, modifizierte St\u00e4rke, Verdickungsmittel (Guarkernmehl), Geschmacksverst\u00e4rker (Mononatriumglutamat), Karamellsirup, S\u00e4uerungsmittel (Citronens\u00e4ure), Aromen, Gew\u00fcrze<\/p>\n<\/div>\n<div class=\"jum-product-allergy-info jum-product-info-item\">\n<h3 id=\"jum-allergy-title\" class=\"jum-warning\">Allergiewarnung<\/h3>\n<div class=\"item\" data-v-cfe264b1=\"\">\n<div class=\"item\" data-v-cfe264b1=\"\"><strong data-v-cfe264b1=\"\">Enth\u00e4lt: <\/strong><span data-v-cfe264b1=\"\">Senf<\/span><\/div>\n<div class=\"item\" data-v-cfe264b1=\"\"><strong data-v-cfe264b1=\"\">Kann enthalten: <\/strong><span data-v-cfe264b1=\"\">Sellerie<\/span><\/div>\n<\/div>\n<\/div>\n<div class=\"jum-product-additive-info jum-product-info-item\">\n<h3>\u00dcber den Hersteller:<\/h3>\n<p><strong>Marke<\/strong><\/p>\n<p>Wir sind Hela; Die W\u00fcrze, die Ihr Essen jeden Tag noch schmackhafter macht Mit einem Sortiment voller Saucen und Dressings verleihen wir jedem Gericht Geschmack. Damit Sie \u00fcberall und jederzeit gemeinsam mit den Menschen um Sie herum noch mehr leckeres Essen genie\u00dfen k\u00f6nnen.<\/p>\n<p><strong data-testid=\"manufacturer-website\">Website<\/strong><\/p>\n<p>www.hela.nl<\/p>\n<p><strong data-testid=\"manufacturer-address\">Adresse<\/strong><\/p>\n<p>Hela Thissen B.V.<br \/>\nPostfach 722<br \/>\n5900 AS Venlo NL<br \/>\nwww.hela.nl<\/p>\n<\/div>\n","protected":false},"excerpt":{"rendered":"<p>Detaillierte Produktinformationen von: Hela Gew\u00fcrz Ketchup Curry Extra scharf Gew\u00fcrzketchup Curry extra scharf Hela Herbs Ketchup Curry Extra Hot ist eine extra scharfe Variante des Hela Herbs Ketchup Curry Original. Diese w\u00fcrzige Currysauce mit einem hohen Anteil an Kr\u00e4utern und Gew\u00fcrzen ist eine echte W\u00fcrze f\u00fcr viele Gerichte. N\u00e4hrwerte N\u00e4hrwerte pro 100 g Energie 576 [&#8230;]\n","protected":false},"featured_media":170142,"template":"","meta":{"_acf_changed":false,"_aipt_faq_data":""},"product_brand":[15144],"product_cat":[14480,14472,14475],"product_tag":[],"class_list":{"0":"post-170138","1":"product","2":"type-product","3":"status-publish","4":"has-post-thumbnail","6":"product_brand-hela-de","7":"product_cat-mayonnaise-pommes-sauce-ketchup","8":"product_cat-saucen-gewuerze","9":"product_cat-sosse","10":"pa_artikelnummer-1624-de","11":"pa_dieet_allergie_biologisch-glutenfrei","12":"pa_dieet_allergie_biologisch-laktosefrei","13":"pa_dieet_allergie_biologisch-vegan-de","14":"pa_dieet_allergie_biologisch-vegetarier","15":"pa_show-myparcel-options-1-de","17":"first","18":"onbackorder","19":"taxable","20":"shipping-taxable","21":"purchasable","22":"product-type-simple"},"bundled_by":[],"bundle_stock_status":"onbackorder","bundle_stock_quantity":null,"bundle_virtual":false,"bundle_layout":"","bundle_add_to_cart_form_location":"","bundle_editable_in_cart":false,"bundle_sold_individually_context":"","bundle_item_grouping":"","bundle_min_size":"","bundle_max_size":"","bundle_price":[],"bundled_items":[],"bundle_sell_ids":[],"acf":{"content":"300 ml"},"_links":{"self":[{"href":"https:\/\/realdutchfood.com\/de\/wp-json\/wp\/v2\/product\/170138","targetHints":{"allow":["GET"]}}],"collection":[{"href":"https:\/\/realdutchfood.com\/de\/wp-json\/wp\/v2\/product"}],"about":[{"href":"https:\/\/realdutchfood.com\/de\/wp-json\/wp\/v2\/types\/product"}],"wp:featuredmedia":[{"embeddable":true,"href":"https:\/\/realdutchfood.com\/de\/wp-json\/wp\/v2\/media\/170142"}],"wp:attachment":[{"href":"https:\/\/realdutchfood.com\/de\/wp-json\/wp\/v2\/media?parent=170138"}],"wp:term":[{"taxonomy":"product_brand","embeddable":true,"href":"https:\/\/realdutchfood.com\/de\/wp-json\/wp\/v2\/product_brand?post=170138"},{"taxonomy":"product_cat","embeddable":true,"href":"https:\/\/realdutchfood.com\/de\/wp-json\/wp\/v2\/product_cat?post=170138"},{"taxonomy":"product_tag","embeddable":true,"href":"https:\/\/realdutchfood.com\/de\/wp-json\/wp\/v2\/product_tag?post=170138"}],"curies":[{"name":"wp","href":"https:\/\/api.w.org\/{rel}","templated":true}]}}