{"id":170512,"date":"2024-06-25T13:29:46","date_gmt":"2024-06-25T11:29:46","guid":{"rendered":"https:\/\/realdutchfood.com\/?post_type=product&#038;p=170512"},"modified":"2024-06-25T13:43:06","modified_gmt":"2024-06-25T11:43:06","slug":"lassie-paella-reis","status":"publish","type":"product","link":"https:\/\/realdutchfood.com\/de\/lassie-paella-reis\/","title":{"rendered":"Lassie Paella Reis"},"content":{"rendered":"<section class=\"jum-summary-info row\">\n<div class=\"col-12\">\n<div class=\"jum-summary-description\"><\/div>\n<\/div>\n<\/section>\n<section class=\"jum-additional-info row\">\n<h2 class=\"col-12\">Detaillierte Produktinformationen von:<\/h2>\n<h1 class=\"jum-heading strong h3\" data-testid=\"product-title\" data-v-008e9f0f=\"\" data-v-7fa85c61=\"\">Lassie Paella Reis<\/h1>\n<div class=\"jum-nutritional-info jum-product-info-item col-12\">\n<h2>Produktbeschreibung<\/h2>\n<p><a href=\"https:\/\/realdutchfood.com\/de\/reis\/\"> Paella-Reis<\/a><\/p>\n<p>Paella ist das Prunkst\u00fcck der spanischen K\u00fcche. Mit Lassie Paella Reis k\u00f6nnen Sie diesen mediterranen Klassiker im Handumdrehen auf den Tisch bringen.<\/p>\n<\/div>\n<div class=\"jum-nutritional-info jum-product-info-item col-12\">\n<h2 class=\"jum-heading h4\">Zutaten<\/h2>\n<div class=\"jum-collapsible open\" data-v-6df6b348=\"\" data-v-bfeb3184=\"\">\n<div id=\"jum-collapsible-0\" class=\"content\" data-v-6df6b348=\"\">\n<p>Paella-Reis<\/p>\n<\/div>\n<\/div>\n<div class=\"jum-collapsible open\" data-v-6df6b348=\"\" data-v-01faa7d6=\"\" data-v-bfeb3184=\"\">\n<div class=\"title-wrapper\" data-v-6df6b348=\"\">\n<h2 class=\"title\">N\u00e4hrwerte<\/h2>\n<table class=\"striped jum-table\" data-testid=\"nutritional-values-table-content\" data-v-b9926f77=\"\" data-v-68fb0216=\"\">\n<tbody>\n<tr class=\"header-row\" data-v-b9926f77=\"\">\n<th class=\"header-column\" data-v-b9926f77=\"\">N\u00e4hrwerte<\/th>\n<th class=\"header-column\" data-v-b9926f77=\"\">pro 100g<\/th>\n<\/tr>\n<\/tbody>\n<tbody data-v-68fb0216=\"\">\n<tr class=\"row\" data-v-68fb0216=\"\">\n<td class=\"column\" data-v-68fb0216=\"\">Energie<\/td>\n<td class=\"column\" data-v-68fb0216=\"\">1492 kJ<\/td>\n<\/tr>\n<tr class=\"row\" data-v-68fb0216=\"\">\n<td class=\"column\" data-v-68fb0216=\"\"><\/td>\n<td class=\"column\" data-v-68fb0216=\"\">352 kcal<\/td>\n<\/tr>\n<tr class=\"row\" data-v-68fb0216=\"\">\n<td class=\"column\" data-v-68fb0216=\"\">Fette<\/td>\n<td class=\"column\" data-v-68fb0216=\"\">ca. 1,2 g<\/td>\n<\/tr>\n<tr class=\"row\" data-v-68fb0216=\"\">\n<td class=\"column\" data-v-68fb0216=\"\">Davon ges\u00e4ttigte Fetts\u00e4uren<\/td>\n<td class=\"column\" data-v-68fb0216=\"\">0,5 g<\/td>\n<\/tr>\n<tr class=\"row\" data-v-68fb0216=\"\">\n<td class=\"column\" data-v-68fb0216=\"\">Kohlenhydrate<\/td>\n<td class=\"column\" data-v-68fb0216=\"\">ca. 77,8 g<\/td>\n<\/tr>\n<tr class=\"row\" data-v-68fb0216=\"\">\n<td class=\"column\" data-v-68fb0216=\"\">Davon Zucker<\/td>\n<td class=\"column\" data-v-68fb0216=\"\">0,0 g<\/td>\n<\/tr>\n<tr class=\"row\" data-v-68fb0216=\"\">\n<td class=\"column\" data-v-68fb0216=\"\">Faser<\/td>\n<td class=\"column\" data-v-68fb0216=\"\">ca. 1,6 g<\/td>\n<\/tr>\n<tr class=\"row\" data-v-68fb0216=\"\">\n<td class=\"column\" data-v-68fb0216=\"\">Proteine<\/td>\n<td class=\"column\" data-v-68fb0216=\"\">ca. 6,6 g<\/td>\n<\/tr>\n<tr class=\"row\" data-v-68fb0216=\"\">\n<td class=\"column\" data-v-68fb0216=\"\">Salz<\/td>\n<td class=\"column\" data-v-68fb0216=\"\">&lt;0,01 g<\/td>\n<\/tr>\n<\/tbody>\n<\/table>\n<\/div>\n<div id=\"jum-collapsible-1\" class=\"content\" data-v-6df6b348=\"\"><\/div>\n<\/div>\n<div class=\"title\" data-v-6df6b348=\"\"><\/div>\n<\/div>\n<div class=\"jum-product-usage-safety jum-product-info-item col-12\">\n<div class=\"title-wrapper\" data-v-6df6b348=\"\">\n<h3 class=\"title\">\u00dcber den Hersteller<\/h3>\n<\/div>\n<div id=\"jum-collapsible-5\" class=\"content\" data-v-6df6b348=\"\">\n<p><strong>Marke<\/strong><\/p>\n<p>Als Lassie m\u00f6chten wir Ihnen helfen, lecker und gesund zu kochen. Das machen wir seit Jahrzehnten und werden das auch in den kommenden Jahren tun. Einfach eine einfache und vor allem leckere Mahlzeit auf dem Teller. Ohne gro\u00dfen Aufwand und mit guten Zutaten als Basis.<\/p>\n<p><strong data-testid=\"manufacturer-website\">Website<\/strong><\/p>\n<p>www.lassie.nl<\/p>\n<p><strong data-testid=\"manufacturer-address\">Adresse<\/strong><\/p>\n<p>Lassie B.V.<br \/>\nAntwortnummer: 308<br \/>\n1520 VB Wormerveer<\/p>\n<\/div>\n<\/div>\n<\/section>\n","protected":false},"excerpt":{"rendered":"<p>Detaillierte Produktinformationen von: Lassie Paella Reis Produktbeschreibung Paella-Reis Paella ist das Prunkst\u00fcck der spanischen K\u00fcche. Mit Lassie Paella Reis k\u00f6nnen Sie diesen mediterranen Klassiker im Handumdrehen auf den Tisch bringen. Zutaten Paella-Reis N\u00e4hrwerte N\u00e4hrwerte pro 100g Energie 1492 kJ 352 kcal Fette ca. 1,2 g Davon ges\u00e4ttigte Fetts\u00e4uren 0,5 g Kohlenhydrate ca. 77,8 g Davon [&#8230;]\n","protected":false},"featured_media":170515,"template":"","meta":{"_acf_changed":false,"_aipt_faq_data":""},"product_brand":[14992],"product_cat":[14478,14482],"product_tag":[],"class_list":{"0":"post-170512","1":"product","2":"type-product","3":"status-publish","4":"has-post-thumbnail","6":"product_brand-lassie-de","7":"product_cat-nudeln-reis","8":"product_cat-reis","9":"pa_artikelnummer-1521-de","10":"pa_dieet_allergie_biologisch-glutenfrei","12":"first","13":"onbackorder","14":"sale","15":"taxable","16":"shipping-taxable","17":"purchasable","18":"product-type-simple"},"bundled_by":[],"bundle_stock_status":"onbackorder","bundle_stock_quantity":null,"bundle_virtual":false,"bundle_layout":"","bundle_add_to_cart_form_location":"","bundle_editable_in_cart":false,"bundle_sold_individually_context":"","bundle_item_grouping":"","bundle_min_size":"","bundle_max_size":"","bundle_price":[],"bundled_items":[],"bundle_sell_ids":[],"acf":{"content":"450 gr"},"_links":{"self":[{"href":"https:\/\/realdutchfood.com\/de\/wp-json\/wp\/v2\/product\/170512","targetHints":{"allow":["GET"]}}],"collection":[{"href":"https:\/\/realdutchfood.com\/de\/wp-json\/wp\/v2\/product"}],"about":[{"href":"https:\/\/realdutchfood.com\/de\/wp-json\/wp\/v2\/types\/product"}],"wp:featuredmedia":[{"embeddable":true,"href":"https:\/\/realdutchfood.com\/de\/wp-json\/wp\/v2\/media\/170515"}],"wp:attachment":[{"href":"https:\/\/realdutchfood.com\/de\/wp-json\/wp\/v2\/media?parent=170512"}],"wp:term":[{"taxonomy":"product_brand","embeddable":true,"href":"https:\/\/realdutchfood.com\/de\/wp-json\/wp\/v2\/product_brand?post=170512"},{"taxonomy":"product_cat","embeddable":true,"href":"https:\/\/realdutchfood.com\/de\/wp-json\/wp\/v2\/product_cat?post=170512"},{"taxonomy":"product_tag","embeddable":true,"href":"https:\/\/realdutchfood.com\/de\/wp-json\/wp\/v2\/product_tag?post=170512"}],"curies":[{"name":"wp","href":"https:\/\/api.w.org\/{rel}","templated":true}]}}