{"id":170518,"date":"2024-06-25T13:45:48","date_gmt":"2024-06-25T11:45:48","guid":{"rendered":"https:\/\/realdutchfood.com\/?post_type=product&#038;p=170518"},"modified":"2024-06-25T14:55:27","modified_gmt":"2024-06-25T12:55:27","slug":"lassie-gelber-reis","status":"publish","type":"product","link":"https:\/\/realdutchfood.com\/de\/lassie-gelber-reis\/","title":{"rendered":"Lassie Gelber Reis"},"content":{"rendered":"<h2>Umfangreiche Produktinformationen von: Lassie Gelber Reis<\/h2>\n<p class=\"block\" data-v-24343815=\"\">VORGEKOCHTER GELBER REIS MIT SAFRANGESCHMACK<\/p>\n<p class=\"block\" data-v-24343815=\"\">Gelber Reis ist aufgrund seiner gelben Farbe und seines weichen Safrangeschmacks eine festliche Variante von wei\u00dfem Reis.<\/p>\n<div class=\"jum-nutritional-info jum-product-info-item\">\n<h3>N\u00e4hrwerte<\/h3>\n<table class=\"striped jum-table\" data-testid=\"nutritional-values-table-content\" data-v-b9926f77=\"\" data-v-68fb0216=\"\">\n<tbody>\n<tr class=\"header-row\" data-v-b9926f77=\"\">\n<th class=\"header-column\" data-v-b9926f77=\"\">N\u00e4hrwerte<\/th>\n<th class=\"header-column\" data-v-b9926f77=\"\">pro 100g<\/th>\n<\/tr>\n<\/tbody>\n<tbody data-v-68fb0216=\"\">\n<tr class=\"row\" data-v-68fb0216=\"\">\n<td class=\"column\" data-v-68fb0216=\"\">Energie<\/td>\n<td class=\"column\" data-v-68fb0216=\"\">1518 kJ<\/td>\n<\/tr>\n<tr class=\"row\" data-v-68fb0216=\"\">\n<td class=\"column\" data-v-68fb0216=\"\"><\/td>\n<td class=\"column\" data-v-68fb0216=\"\">358 kcal<\/td>\n<\/tr>\n<tr class=\"row\" data-v-68fb0216=\"\">\n<td class=\"column\" data-v-68fb0216=\"\">Fette<\/td>\n<td class=\"column\" data-v-68fb0216=\"\">ca. 1,6 g<\/td>\n<\/tr>\n<tr class=\"row\" data-v-68fb0216=\"\">\n<td class=\"column\" data-v-68fb0216=\"\">Davon ges\u00e4ttigte Fetts\u00e4uren<\/td>\n<td class=\"column\" data-v-68fb0216=\"\">0,7 g<\/td>\n<\/tr>\n<tr class=\"row\" data-v-68fb0216=\"\">\n<td class=\"column\" data-v-68fb0216=\"\">Kohlenhydrate<\/td>\n<td class=\"column\" data-v-68fb0216=\"\">79,1 g<\/td>\n<\/tr>\n<tr class=\"row\" data-v-68fb0216=\"\">\n<td class=\"column\" data-v-68fb0216=\"\">Davon Zucker<\/td>\n<td class=\"column\" data-v-68fb0216=\"\">0,0 g<\/td>\n<\/tr>\n<tr class=\"row\" data-v-68fb0216=\"\">\n<td class=\"column\" data-v-68fb0216=\"\">Faser<\/td>\n<td class=\"column\" data-v-68fb0216=\"\">0,9 g<\/td>\n<\/tr>\n<tr class=\"row\" data-v-68fb0216=\"\">\n<td class=\"column\" data-v-68fb0216=\"\">Proteine<\/td>\n<td class=\"column\" data-v-68fb0216=\"\">6,3 g<\/td>\n<\/tr>\n<tr class=\"row\" data-v-68fb0216=\"\">\n<td class=\"column\" data-v-68fb0216=\"\">Salz<\/td>\n<td class=\"column\" data-v-68fb0216=\"\">0,3 g<\/td>\n<\/tr>\n<\/tbody>\n<\/table>\n<\/div>\n<div class=\"jum-gda-info jum-product-info-item\">\n<div class=\"jum-gda-info-item\">\n<div class=\"jum-gda-pod\"><\/div>\n<\/div>\n<p>&nbsp;<\/p>\n<\/div>\n<div class=\"jum-ingredients-info jum-product-info-item\">\n<h3>Zutaten zu: Lassie Gelber Reis<\/h3>\n<p>Vorgekochter wei\u00dfer Reis, Salz, Kurkuma-Extrakt, Zwiebelextrakt, Chili-Extrakt, nat\u00fcrliches Safranaroma ((0,05%) enth\u00e4lt <strong>Milch<\/strong>)<\/p>\n<h3>Allergene:<\/h3>\n<p><strong data-v-cfe264b1=\"\">Enth\u00e4lt: <\/strong><span data-v-cfe264b1=\"\">Milch<\/span><\/p>\n<\/div>\n","protected":false},"excerpt":{"rendered":"<p>Umfangreiche Produktinformationen von: Lassie Gelber Reis VORGEKOCHTER GELBER REIS MIT SAFRANGESCHMACK Gelber Reis ist aufgrund seiner gelben Farbe und seines weichen Safrangeschmacks eine festliche Variante von wei\u00dfem Reis. N\u00e4hrwerte N\u00e4hrwerte pro 100g Energie 1518 kJ 358 kcal Fette ca. 1,6 g Davon ges\u00e4ttigte Fetts\u00e4uren 0,7 g Kohlenhydrate 79,1 g Davon Zucker 0,0 g Faser 0,9 [&#8230;]\n","protected":false},"featured_media":170521,"template":"","meta":{"_acf_changed":false,"_aipt_faq_data":""},"product_brand":[14992],"product_cat":[14478,14482],"product_tag":[],"class_list":{"0":"post-170518","1":"product","2":"type-product","3":"status-publish","4":"has-post-thumbnail","6":"product_brand-lassie-de","7":"product_cat-nudeln-reis","8":"product_cat-reis","9":"pa_artikelnummer-1518-de","11":"first","12":"onbackorder","13":"sale","14":"taxable","15":"shipping-taxable","16":"purchasable","17":"product-type-simple"},"bundled_by":[],"bundle_stock_status":"onbackorder","bundle_stock_quantity":null,"bundle_virtual":false,"bundle_layout":"","bundle_add_to_cart_form_location":"","bundle_editable_in_cart":false,"bundle_sold_individually_context":"","bundle_item_grouping":"","bundle_min_size":"","bundle_max_size":"","bundle_price":[],"bundled_items":[],"bundle_sell_ids":[],"acf":{"content":"325 gr"},"_links":{"self":[{"href":"https:\/\/realdutchfood.com\/de\/wp-json\/wp\/v2\/product\/170518","targetHints":{"allow":["GET"]}}],"collection":[{"href":"https:\/\/realdutchfood.com\/de\/wp-json\/wp\/v2\/product"}],"about":[{"href":"https:\/\/realdutchfood.com\/de\/wp-json\/wp\/v2\/types\/product"}],"wp:featuredmedia":[{"embeddable":true,"href":"https:\/\/realdutchfood.com\/de\/wp-json\/wp\/v2\/media\/170521"}],"wp:attachment":[{"href":"https:\/\/realdutchfood.com\/de\/wp-json\/wp\/v2\/media?parent=170518"}],"wp:term":[{"taxonomy":"product_brand","embeddable":true,"href":"https:\/\/realdutchfood.com\/de\/wp-json\/wp\/v2\/product_brand?post=170518"},{"taxonomy":"product_cat","embeddable":true,"href":"https:\/\/realdutchfood.com\/de\/wp-json\/wp\/v2\/product_cat?post=170518"},{"taxonomy":"product_tag","embeddable":true,"href":"https:\/\/realdutchfood.com\/de\/wp-json\/wp\/v2\/product_tag?post=170518"}],"curies":[{"name":"wp","href":"https:\/\/api.w.org\/{rel}","templated":true}]}}