{"id":170558,"date":"2024-06-27T15:54:07","date_gmt":"2024-06-27T13:54:07","guid":{"rendered":"https:\/\/realdutchfood.com\/?post_type=product&#038;p=170558"},"modified":"2024-06-27T16:12:35","modified_gmt":"2024-06-27T14:12:35","slug":"raak-gazeuse-bubblegum","status":"publish","type":"product","link":"https:\/\/realdutchfood.com\/de\/raak-gazeuse-bubblegum\/","title":{"rendered":"Raak Gazeuse Bubblegum"},"content":{"rendered":"<h2 class=\"jum-heading h4\">Produktinformationen von: Raak Gazeuse Bubblegum<\/h2>\n<div class=\"jum-collapsible open\" data-v-4fb8929b=\"\" data-v-e49d766c=\"\">\n<div class=\"title-wrapper\" data-v-4fb8929b=\"\">\n<h3 class=\"title\">Zutaten:<\/h3>\n<\/div>\n<div id=\"jum-collapsible-0\" class=\"content\" data-v-4fb8929b=\"\">\n<p>Kohlens\u00e4urehaltiges Wasser, S\u00e4uerungsmittel: Zitronens\u00e4ure, Aroma, S\u00fc\u00dfungsmittel: Cyclamat, Acesulfam K, Sucralose, Saccharin, Konservierungsmittel: Kaliumsorbat, Farbstoff: E133.<\/p>\n<\/div>\n<\/div>\n<div class=\"jum-collapsible nutritions open\" data-v-4fb8929b=\"\" data-v-921da544=\"\" data-v-e49d766c=\"\">\n<div class=\"title-wrapper\" data-v-4fb8929b=\"\">\n<h3 class=\"title\">N\u00e4hrwerte<\/h3>\n<table class=\"striped jum-table\" data-testid=\"nutritional-values-table-content\" data-v-b9926f77=\"\" data-v-68fb0216=\"\">\n<tbody>\n<tr class=\"header-row\" data-v-b9926f77=\"\">\n<th class=\"header-column\" data-v-b9926f77=\"\">N\u00e4hrwerte<\/th>\n<th class=\"header-column\" data-v-b9926f77=\"\">Pro 100 Milliliter<\/th>\n<\/tr>\n<\/tbody>\n<tbody data-v-68fb0216=\"\">\n<tr class=\"row\" data-v-68fb0216=\"\">\n<td class=\"column\" data-v-68fb0216=\"\">Energie<\/td>\n<td class=\"column\" data-v-68fb0216=\"\">1,0 kcal<\/td>\n<\/tr>\n<tr class=\"row\" data-v-68fb0216=\"\">\n<td class=\"column\" data-v-68fb0216=\"\">Fette<\/td>\n<td class=\"column\" data-v-68fb0216=\"\">0,0 g<\/td>\n<\/tr>\n<tr class=\"row\" data-v-68fb0216=\"\">\n<td class=\"column\" data-v-68fb0216=\"\">Davon ges\u00e4ttigte Fetts\u00e4uren<\/td>\n<td class=\"column\" data-v-68fb0216=\"\">0,0 g<\/td>\n<\/tr>\n<tr class=\"row\" data-v-68fb0216=\"\">\n<td class=\"column\" data-v-68fb0216=\"\">Kohlenhydrate<\/td>\n<td class=\"column\" data-v-68fb0216=\"\">0,0 g<\/td>\n<\/tr>\n<tr class=\"row\" data-v-68fb0216=\"\">\n<td class=\"column\" data-v-68fb0216=\"\">Davon Zucker<\/td>\n<td class=\"column\" data-v-68fb0216=\"\">0,0 g<\/td>\n<\/tr>\n<tr class=\"row\" data-v-68fb0216=\"\">\n<td class=\"column\" data-v-68fb0216=\"\">Proteine<\/td>\n<td class=\"column\" data-v-68fb0216=\"\">0,0 g<\/td>\n<\/tr>\n<tr class=\"row\" data-v-68fb0216=\"\">\n<td class=\"column\" data-v-68fb0216=\"\">Salz<\/td>\n<td class=\"column\" data-v-68fb0216=\"\">0,0 g<\/td>\n<\/tr>\n<\/tbody>\n<\/table>\n<\/div>\n<div id=\"jum-collapsible-1\" class=\"content\" data-v-4fb8929b=\"\"><\/div>\n<\/div>\n<div class=\"jum-collapsible open\" data-v-4fb8929b=\"\" data-v-e49d766c=\"\">\n<div class=\"title-wrapper\" data-v-4fb8929b=\"\">\n<h3 class=\"title\">Produktbeschreibung von: Raak Gazeuse Bubblegum<\/h3>\n<\/div>\n<div id=\"jum-collapsible-2\" class=\"content\" data-v-4fb8929b=\"\">\n<div class=\"mb\">\n<p>Limonade Gazeuse mit Kaugummigeschmack, mit S\u00fc\u00dfungsmitteln.<\/p>\n<p>RAAK Gazeuse ist der farbenfrohe Durstl\u00f6scher! Prickelndes <a href=\"https:\/\/realdutchfood.com\/de\/erfrischungsgetraenke\/\">Erfrischungsgetr\u00e4nk<\/a> mit \u00fcberraschend leckerem Kaugummigeschmack und ohne Zucker. Noch verantwortungsbewusster und doch genauso lecker!<\/p>\n<\/div>\n<h3>\u00dcber den Hersteller:<\/h3>\n<p><strong data-testid=\"manufacturer-address\">Adresse<\/strong><\/p>\n<p>Raak Consumentenservice Antwortnummer 3333<br \/>\n3500 VP Utrecht\/Niederlande<\/p>\n<\/div>\n<\/div>\n","protected":false},"excerpt":{"rendered":"<p>Produktinformationen von: Raak Gazeuse Bubblegum Zutaten: Kohlens\u00e4urehaltiges Wasser, S\u00e4uerungsmittel: Zitronens\u00e4ure, Aroma, S\u00fc\u00dfungsmittel: Cyclamat, Acesulfam K, Sucralose, Saccharin, Konservierungsmittel: Kaliumsorbat, Farbstoff: E133. N\u00e4hrwerte N\u00e4hrwerte Pro 100 Milliliter Energie 1,0 kcal Fette 0,0 g Davon ges\u00e4ttigte Fetts\u00e4uren 0,0 g Kohlenhydrate 0,0 g Davon Zucker 0,0 g Proteine 0,0 g Salz 0,0 g Produktbeschreibung von: Raak Gazeuse Bubblegum [&#8230;]\n","protected":false},"featured_media":170561,"template":"","meta":{"_acf_changed":false,"_aipt_faq_data":""},"product_brand":[15785],"product_cat":[14871,14468],"product_tag":[],"class_list":{"0":"post-170558","1":"product","2":"type-product","3":"status-publish","4":"has-post-thumbnail","6":"product_brand-raak-de","7":"product_cat-erfrischungsgetraenke","8":"product_cat-getraenke","9":"pa_artikelnummer-3842-de","10":"pa_dieet_allergie_biologisch-zuckerbewusst","12":"first","13":"onbackorder","14":"taxable","15":"shipping-taxable","16":"purchasable","17":"product-type-simple"},"bundled_by":[],"bundle_stock_status":"onbackorder","bundle_stock_quantity":null,"bundle_virtual":false,"bundle_layout":"","bundle_add_to_cart_form_location":"","bundle_editable_in_cart":false,"bundle_sold_individually_context":"","bundle_item_grouping":"","bundle_min_size":"","bundle_max_size":"","bundle_price":[],"bundled_items":[],"bundle_sell_ids":[],"acf":{"content":"0,75"},"_links":{"self":[{"href":"https:\/\/realdutchfood.com\/de\/wp-json\/wp\/v2\/product\/170558","targetHints":{"allow":["GET"]}}],"collection":[{"href":"https:\/\/realdutchfood.com\/de\/wp-json\/wp\/v2\/product"}],"about":[{"href":"https:\/\/realdutchfood.com\/de\/wp-json\/wp\/v2\/types\/product"}],"wp:featuredmedia":[{"embeddable":true,"href":"https:\/\/realdutchfood.com\/de\/wp-json\/wp\/v2\/media\/170561"}],"wp:attachment":[{"href":"https:\/\/realdutchfood.com\/de\/wp-json\/wp\/v2\/media?parent=170558"}],"wp:term":[{"taxonomy":"product_brand","embeddable":true,"href":"https:\/\/realdutchfood.com\/de\/wp-json\/wp\/v2\/product_brand?post=170558"},{"taxonomy":"product_cat","embeddable":true,"href":"https:\/\/realdutchfood.com\/de\/wp-json\/wp\/v2\/product_cat?post=170558"},{"taxonomy":"product_tag","embeddable":true,"href":"https:\/\/realdutchfood.com\/de\/wp-json\/wp\/v2\/product_tag?post=170558"}],"curies":[{"name":"wp","href":"https:\/\/api.w.org\/{rel}","templated":true}]}}