{"id":170624,"date":"2024-06-30T16:37:02","date_gmt":"2024-06-30T14:37:02","guid":{"rendered":"https:\/\/realdutchfood.com\/?post_type=product&#038;p=170624"},"modified":"2025-12-30T12:21:46","modified_gmt":"2025-12-30T11:21:46","slug":"haselnusspaste-duo-0-zusatzzucker","status":"publish","type":"product","link":"https:\/\/realdutchfood.com\/de\/haselnusspaste-duo-0-zusatzzucker\/","title":{"rendered":"Haselnuss-Aufstrich Duo 0% Zuckerzusatz"},"content":{"rendered":"<div id=\"\" class=\"jum-product-characteristics jum-product-info-item col-12\" data-jum-product-details=\"{\">\n<div class=\"product-information\" data-v-15d36be0=\"\" data-v-3c439b60=\"\" data-v-9a1c6174=\"\">\n<div class=\"jum-collapsible open\" data-testid=\"ingredients-collapsible\" data-v-12009e85=\"\" data-v-15d36be0=\"\">\n<div class=\"title-wrapper\" data-v-12009e85=\"\"><\/div>\n<div data-v-12009e85=\"\">\n<div id=\"jum-collapsible-0\" class=\"content\" data-v-12009e85=\"\">\n<h2 class=\"list\" data-testid=\"allergens-content\">Produktbeschreibung Haselnussaufstrich Duo 0% Zuckerzusatz<\/h2>\n<\/div>\n<div data-v-35275960=\"\">\n<p class=\"block\" data-v-6ad20fa4=\"\">Zwei Farben von Milch und Schokolade, bestrichen mit Haseln\u00fcssen und S\u00fc\u00dfstoffen.<\/p>\n<p class=\"block\" data-v-6ad20fa4=\"\">PALM\u00d6LFREI. 0% Zuckerzusatz, mit Stevia.<\/p>\n<\/div>\n<\/div>\n<\/div>\n<\/div>\n<\/div>\n<div id=\"\" class=\"jum-product-characteristics jum-product-info-item col-12\" data-jum-product-details=\"{\">\n<div class=\"product-information\" data-v-15d36be0=\"\" data-v-3c439b60=\"\" data-v-9a1c6174=\"\">\n<div class=\"jum-collapsible open\" data-testid=\"jum-collapsible\" data-v-12009e85=\"\" data-v-15d36be0=\"\">\n<div data-v-12009e85=\"\">\n<div id=\"jum-collapsible-7\" class=\"content\" data-v-12009e85=\"\">\n<h2 class=\"jum-heading bold h4 title\" data-v-8c32abe1=\"\" data-v-fc054175=\"\" data-testid=\"jum-heading\">Zutaten<\/h2>\n<p>S\u00fc\u00dfstoffe (Maltitol), Sonnenblumen\u00f6l mit hohem \u00d6l, Polydextrose, Milchfeststoffe, Magermilchpulver (5,5 %), Kakaobutter, abgeschottetes Kakaopulver (4,3 %), HASELN\u00dcSSE (3,7 %), Emulgator (SOY Lecithin, E476), Geschmacksstoffe. Es kann auch andere N\u00fcsse enthalten.<\/p>\n<h2 class=\"jum-heading bold h5 title\" data-testid=\"allergens-title\">Allergene<\/h2>\n<h3 class=\"jum-heading bold h6\" data-v-8c32abe1=\"\" data-v-514df5bc=\"\" data-testid=\"jum-heading\">Enth\u00e4lt:<\/h3>\n<p><span data-v-514df5bc=\"\">Milch, N\u00fcsse, Soja, Haselnuss<\/span><\/p>\n<h2 class=\"jum-heading bold h4 header\" data-v-8c32abe1=\"\" data-v-8e5c051d=\"\" data-testid=\"jum-heading\">N\u00e4hrwerte Haselnusspaste Duo 0% zugesetzter Zucker<\/h2>\n<table class=\"striped jum-table\" data-v-3b4ab732=\"\" data-v-8e5c051d=\"\" data-testid=\"nutritional-values-table-content\">\n<thead data-v-3b4ab732=\"\">\n<tr class=\"header-row\" data-v-3b4ab732=\"\">\n<th class=\"header-column\" data-v-3b4ab732=\"\">N\u00e4hrwerte<\/th>\n<th class=\"header-column\" data-v-3b4ab732=\"\"><\/th>\n<th class=\"header-column\" data-v-3b4ab732=\"\">Pro 100 g<\/th>\n<th class=\"header-column\" data-v-3b4ab732=\"\">Pro 15 g<\/th>\n<th class=\"header-column\" data-v-3b4ab732=\"\">Pro 15 g, %RDA<\/th>\n<\/tr>\n<\/thead>\n<tbody data-v-8e5c051d=\"\">\n<tr class=\"row\" data-v-8e5c051d=\"\">\n<td class=\"column\" data-v-8e5c051d=\"\">Energie<\/td>\n<td class=\"column\" data-v-8e5c051d=\"\"><\/td>\n<td class=\"column\" data-v-8e5c051d=\"\">1837,0 kJ<\/td>\n<td class=\"column\" data-v-8e5c051d=\"\">278,0 kJ<\/td>\n<td class=\"column\" data-v-8e5c051d=\"\">3,0 %<\/td>\n<\/tr>\n<tr class=\"row\" data-v-8e5c051d=\"\">\n<td class=\"column\" data-v-8e5c051d=\"\"><\/td>\n<td class=\"column\" data-v-8e5c051d=\"\"><\/td>\n<td class=\"column\" data-v-8e5c051d=\"\">442,0 kCal<\/td>\n<td class=\"column\" data-v-8e5c051d=\"\">67,0 kCal<\/td>\n<td class=\"column\" data-v-8e5c051d=\"\">3,0 %<\/td>\n<\/tr>\n<tr class=\"row\" data-v-8e5c051d=\"\">\n<td class=\"column\" data-v-8e5c051d=\"\">Fette<\/td>\n<td class=\"column\" data-v-8e5c051d=\"\"><\/td>\n<td class=\"column\" data-v-8e5c051d=\"\">30,0 g<\/td>\n<td class=\"column\" data-v-8e5c051d=\"\"><\/td>\n<td class=\"column\" data-v-8e5c051d=\"\"><\/td>\n<\/tr>\n<tr class=\"row\" data-v-8e5c051d=\"\">\n<td class=\"sub-label column\" data-v-8e5c051d=\"\">davon sind ges\u00e4ttigte Fetts\u00e4uren<\/td>\n<td class=\"column\" data-v-8e5c051d=\"\"><\/td>\n<td class=\"column\" data-v-8e5c051d=\"\">5,5 g<\/td>\n<td class=\"column\" data-v-8e5c051d=\"\"><\/td>\n<td class=\"column\" data-v-8e5c051d=\"\"><\/td>\n<\/tr>\n<tr class=\"row\" data-v-8e5c051d=\"\">\n<td class=\"column\" data-v-8e5c051d=\"\">Fetts\u00e4uren, einfach unges\u00e4ttigt<\/td>\n<td class=\"column\" data-v-8e5c051d=\"\"><\/td>\n<td class=\"column\" data-v-8e5c051d=\"\">22,0 g<\/td>\n<td class=\"column\" data-v-8e5c051d=\"\"><\/td>\n<td class=\"column\" data-v-8e5c051d=\"\"><\/td>\n<\/tr>\n<tr class=\"row\" data-v-8e5c051d=\"\">\n<td class=\"column\" data-v-8e5c051d=\"\">Fetts\u00e4uren, mehrfach unges\u00e4ttigte<\/td>\n<td class=\"column\" data-v-8e5c051d=\"\"><\/td>\n<td class=\"column\" data-v-8e5c051d=\"\">2,7 g<\/td>\n<td class=\"column\" data-v-8e5c051d=\"\"><\/td>\n<td class=\"column\" data-v-8e5c051d=\"\"><\/td>\n<\/tr>\n<tr class=\"row\" data-v-8e5c051d=\"\">\n<td class=\"column\" data-v-8e5c051d=\"\">Kohlenhydrate<\/td>\n<td class=\"column\" data-v-8e5c051d=\"\"><\/td>\n<td class=\"column\" data-v-8e5c051d=\"\">53,0 g<\/td>\n<td class=\"column\" data-v-8e5c051d=\"\"><\/td>\n<td class=\"column\" data-v-8e5c051d=\"\"><\/td>\n<\/tr>\n<tr class=\"row\" data-v-8e5c051d=\"\">\n<td class=\"sub-label column\" data-v-8e5c051d=\"\">von denen Zucker<\/td>\n<td class=\"column\" data-v-8e5c051d=\"\"><\/td>\n<td class=\"column\" data-v-8e5c051d=\"\">7,5 g<\/td>\n<td class=\"column\" data-v-8e5c051d=\"\"><\/td>\n<td class=\"column\" data-v-8e5c051d=\"\"><\/td>\n<\/tr>\n<tr class=\"row\" data-v-8e5c051d=\"\">\n<td class=\"column\" data-v-8e5c051d=\"\">Polyole<\/td>\n<td class=\"column\" data-v-8e5c051d=\"\"><\/td>\n<td class=\"column\" data-v-8e5c051d=\"\">44,0 g<\/td>\n<td class=\"column\" data-v-8e5c051d=\"\"><\/td>\n<td class=\"column\" data-v-8e5c051d=\"\"><\/td>\n<\/tr>\n<tr class=\"row\" data-v-8e5c051d=\"\">\n<td class=\"column\" data-v-8e5c051d=\"\">Fasern<\/td>\n<td class=\"column\" data-v-8e5c051d=\"\"><\/td>\n<td class=\"column\" data-v-8e5c051d=\"\">10.0 g<\/td>\n<td class=\"column\" data-v-8e5c051d=\"\"><\/td>\n<td class=\"column\" data-v-8e5c051d=\"\"><\/td>\n<\/tr>\n<tr class=\"row\" data-v-8e5c051d=\"\">\n<td class=\"column\" data-v-8e5c051d=\"\">Proteine<\/td>\n<td class=\"column\" data-v-8e5c051d=\"\"><\/td>\n<td class=\"column\" data-v-8e5c051d=\"\">4.2 g<\/td>\n<td class=\"column\" data-v-8e5c051d=\"\"><\/td>\n<td class=\"column\" data-v-8e5c051d=\"\"><\/td>\n<\/tr>\n<tr class=\"row\" data-v-8e5c051d=\"\">\n<td class=\"column\" data-v-8e5c051d=\"\">Salz<\/td>\n<td class=\"column\" data-v-8e5c051d=\"\"><\/td>\n<td class=\"column\" data-v-8e5c051d=\"\">0,16 g<\/td>\n<td class=\"column\" data-v-8e5c051d=\"\"><\/td>\n<td class=\"column\" data-v-8e5c051d=\"\"><\/td>\n<\/tr>\n<tr class=\"row\" data-v-8e5c051d=\"\">\n<td class=\"column\" colspan=\"5\" data-v-8e5c051d=\"\">Referenzaufnahme eines durchschnittlichen Erwachsenen (8400kJ\/2000 kcal)<\/td>\n<\/tr>\n<\/tbody>\n<\/table>\n<\/div>\n<\/div>\n<\/div>\n<\/div>\n<\/div>\n","protected":false},"excerpt":{"rendered":"<p>Produktbeschreibung Haselnussaufstrich Duo 0% Zuckerzusatz Zwei Farben von Milch und Schokolade, bestrichen mit Haseln\u00fcssen und S\u00fc\u00dfstoffen. PALM\u00d6LFREI. 0% Zuckerzusatz, mit Stevia. Zutaten S\u00fc\u00dfstoffe (Maltitol), Sonnenblumen\u00f6l mit hohem \u00d6l, Polydextrose, Milchfeststoffe, Magermilchpulver (5,5 %), Kakaobutter, abgeschottetes Kakaopulver (4,3 %), HASELN\u00dcSSE (3,7 %), Emulgator (SOY Lecithin, E476), Geschmacksstoffe. Es kann auch andere N\u00fcsse enthalten. Allergene Enth\u00e4lt: Milch, [&#8230;]\n","protected":false},"featured_media":191310,"template":"","meta":{"_acf_changed":false,"_aipt_faq_data":""},"product_brand":[17210],"product_cat":[14479,14528,14897],"product_tag":[],"class_list":{"0":"post-170624","1":"product","2":"type-product","3":"status-publish","4":"has-post-thumbnail","6":"product_brand-nocilla-de","7":"product_cat-fruehstueck","8":"product_cat-brotbelag","9":"product_cat-schokoladenaufstrich","10":"pa_artikelnummer-bb020-de","11":"pa_dieet_allergie_biologisch-zuckerbewusst","13":"first","14":"onbackorder","15":"taxable","16":"shipping-taxable","17":"purchasable","18":"product-type-simple"},"bundled_by":[],"bundle_stock_status":"onbackorder","bundle_stock_quantity":null,"bundle_virtual":false,"bundle_layout":"","bundle_add_to_cart_form_location":"","bundle_editable_in_cart":false,"bundle_sold_individually_context":"","bundle_item_grouping":"","bundle_min_size":"","bundle_max_size":"","bundle_price":[],"bundled_items":[],"bundle_sell_ids":[],"acf":{"content":"190 g"},"_links":{"self":[{"href":"https:\/\/realdutchfood.com\/de\/wp-json\/wp\/v2\/product\/170624","targetHints":{"allow":["GET"]}}],"collection":[{"href":"https:\/\/realdutchfood.com\/de\/wp-json\/wp\/v2\/product"}],"about":[{"href":"https:\/\/realdutchfood.com\/de\/wp-json\/wp\/v2\/types\/product"}],"wp:featuredmedia":[{"embeddable":true,"href":"https:\/\/realdutchfood.com\/de\/wp-json\/wp\/v2\/media\/191310"}],"wp:attachment":[{"href":"https:\/\/realdutchfood.com\/de\/wp-json\/wp\/v2\/media?parent=170624"}],"wp:term":[{"taxonomy":"product_brand","embeddable":true,"href":"https:\/\/realdutchfood.com\/de\/wp-json\/wp\/v2\/product_brand?post=170624"},{"taxonomy":"product_cat","embeddable":true,"href":"https:\/\/realdutchfood.com\/de\/wp-json\/wp\/v2\/product_cat?post=170624"},{"taxonomy":"product_tag","embeddable":true,"href":"https:\/\/realdutchfood.com\/de\/wp-json\/wp\/v2\/product_tag?post=170624"}],"curies":[{"name":"wp","href":"https:\/\/api.w.org\/{rel}","templated":true}]}}