{"id":170828,"date":"2024-07-05T13:10:08","date_gmt":"2024-07-05T11:10:08","guid":{"rendered":"https:\/\/realdutchfood.com\/?post_type=product&#038;p=170828"},"modified":"2024-07-05T13:24:55","modified_gmt":"2024-07-05T11:24:55","slug":"saitaku-sesam-schwarz-gerostet","status":"publish","type":"product","link":"https:\/\/realdutchfood.com\/de\/saitaku-sesam-schwarz-gerostet\/","title":{"rendered":"Saitaku Sesam schwarz ger\u00f6stet"},"content":{"rendered":"<h2>Detaillierte Produktinformationen von: Saitaku Sesam schwarz ger\u00f6stet<\/h2>\n<p class=\"block\" data-v-24343815=\"\">Ger\u00f6stete Sesamk\u00f6rner<\/p>\n<p class=\"block\" data-v-24343815=\"\">Saitaku einfach japanisch.<\/p>\n<div class=\"jum-nutritional-info jum-product-info-item\">\n<div class=\"jum-collapsible open\" data-testid=\"jum-collapsible\" data-v-6b6f3d61=\"\" data-v-6d4f1d38=\"\">\n<div class=\"title-wrapper\" data-v-6b6f3d61=\"\">\n<h3 class=\"title\">Zutaten<\/h3>\n<\/div>\n<div data-v-6b6f3d61=\"\">\n<div id=\"jum-collapsible-0\" class=\"content\" data-v-6b6f3d61=\"\">\n<p class=\"ingredients-text\" data-testid=\"ingredients-text-body\">100% schwarzer <strong>Sesam,<\/strong> ger\u00f6stet<\/p>\n<h3 class=\"jum-heading bold h5 title\" data-testid=\"allergens-title\">Allergene<\/h3>\n<div class=\"list\" data-testid=\"allergens-content\" data-v-cfe264b1=\"\">\n<div class=\"item\" data-v-cfe264b1=\"\"><strong data-v-cfe264b1=\"\">Enth\u00e4lt: <\/strong><span data-v-cfe264b1=\"\">Sesam<\/span><\/div>\n<\/div>\n<div class=\"list\" data-testid=\"allergens-content\" data-v-cfe264b1=\"\">\n<div class=\"item\" data-v-cfe264b1=\"\">\n<h3><span style=\"font-size: 20.16px;\"><span style=\"font-size: 20.16px;\">N\u00e4hrwerte von: <\/span><\/span>Saitaku Sesam schwarz ger\u00f6stet<\/h3>\n<table class=\"striped jum-table\" data-testid=\"nutritional-values-table-content\" data-v-b9926f77=\"\" data-v-68fb0216=\"\">\n<tbody>\n<tr class=\"header-row\" data-v-b9926f77=\"\">\n<th class=\"header-column\" data-v-b9926f77=\"\">N\u00e4hrwerte<\/th>\n<th class=\"header-column\" data-v-b9926f77=\"\">\u00f8 \/ 100g<\/th>\n<\/tr>\n<\/tbody>\n<tbody data-v-68fb0216=\"\">\n<tr class=\"row\" data-v-68fb0216=\"\">\n<td class=\"column\" data-v-68fb0216=\"\">Energie<\/td>\n<td class=\"column\" data-v-68fb0216=\"\">2436 kJ<\/td>\n<\/tr>\n<tr class=\"row\" data-v-68fb0216=\"\">\n<td class=\"column\" data-v-68fb0216=\"\"><\/td>\n<td class=\"column\" data-v-68fb0216=\"\">581 kcal<\/td>\n<\/tr>\n<tr class=\"row\" data-v-68fb0216=\"\">\n<td class=\"column\" data-v-68fb0216=\"\">Fette<\/td>\n<td class=\"column\" data-v-68fb0216=\"\">ca. 54 g<\/td>\n<\/tr>\n<tr class=\"row\" data-v-68fb0216=\"\">\n<td class=\"column\" data-v-68fb0216=\"\">Davon ges\u00e4ttigte Fetts\u00e4uren<\/td>\n<td class=\"column\" data-v-68fb0216=\"\">8,0 g<\/td>\n<\/tr>\n<tr class=\"row\" data-v-68fb0216=\"\">\n<td class=\"column\" data-v-68fb0216=\"\">Kohlenhydrate<\/td>\n<td class=\"column\" data-v-68fb0216=\"\">ca. 6,0 g<\/td>\n<\/tr>\n<tr class=\"row\" data-v-68fb0216=\"\">\n<td class=\"column\" data-v-68fb0216=\"\">Davon Zucker<\/td>\n<td class=\"column\" data-v-68fb0216=\"\">0 g<\/td>\n<\/tr>\n<tr class=\"row\" data-v-68fb0216=\"\">\n<td class=\"column\" data-v-68fb0216=\"\">Proteine<\/td>\n<td class=\"column\" data-v-68fb0216=\"\">21 g<\/td>\n<\/tr>\n<tr class=\"row\" data-v-68fb0216=\"\">\n<td class=\"column\" data-v-68fb0216=\"\">Salz<\/td>\n<td class=\"column\" data-v-68fb0216=\"\">0 g<\/td>\n<\/tr>\n<\/tbody>\n<\/table>\n<\/div>\n<\/div>\n<\/div>\n<\/div>\n<\/div>\n<div class=\"jum-collapsible nutritions open\" data-testid=\"jum-collapsible\" data-v-6b6f3d61=\"\" data-v-038af5f8=\"\" data-v-6d4f1d38=\"\"><\/div>\n<div class=\"jum-collapsible open\" data-testid=\"jum-collapsible\" data-v-6b6f3d61=\"\" data-v-6d4f1d38=\"\">\n<div class=\"title-wrapper\" data-v-6b6f3d61=\"\"><\/div>\n<div data-v-6b6f3d61=\"\">\n<div id=\"jum-collapsible-2\" class=\"content\" data-v-6b6f3d61=\"\">\n<div class=\"mb\">\n<p class=\"block\"><span style=\"color: #333333; font-size: 20.16px;\">\u00dcber den Hersteller<\/span><\/p>\n<\/div>\n<\/div>\n<\/div>\n<\/div>\n<div class=\"jum-collapsible open\" data-testid=\"jum-collapsible\" data-v-6b6f3d61=\"\" data-v-6d4f1d38=\"\">\n<div data-v-6b6f3d61=\"\">\n<div id=\"jum-collapsible-4\" class=\"content\" data-v-6b6f3d61=\"\">\n<p><strong>Marke<\/strong><\/p>\n<p>www.saitaku.co<\/p>\n<p><strong data-testid=\"manufacturer-website\">Website<\/strong><\/p>\n<p>www.saitaku.co<\/p>\n<p><strong data-testid=\"manufacturer-address\">Adresse<\/strong><\/p>\n<p>Ethno &amp; Company AG, Lindstrasse 39,<br \/>\n8400 Winterthur, Schweiz<\/p>\n<\/div>\n<\/div>\n<\/div>\n<div class=\"jum-collapsible open\" data-testid=\"jum-collapsible\" data-v-6b6f3d61=\"\" data-v-6d4f1d38=\"\">\n<div class=\"title-wrapper\" data-v-6b6f3d61=\"\">\n<h3 class=\"title\">Ursprung<\/h3>\n<\/div>\n<div data-v-6b6f3d61=\"\">\n<div id=\"jum-collapsible-5\" class=\"content\" data-v-6b6f3d61=\"\">\n<p><strong>Herkunftsland<\/strong><\/p>\n<p>Taiwan China<\/p>\n<p><strong>Ursprung<\/strong><\/p>\n<p>Herkunft: CN<\/p>\n<\/div>\n<\/div>\n<\/div>\n<\/div>\n","protected":false},"excerpt":{"rendered":"<p>Detaillierte Produktinformationen von: Saitaku Sesam schwarz ger\u00f6stet Ger\u00f6stete Sesamk\u00f6rner Saitaku einfach japanisch. Zutaten 100% schwarzer Sesam, ger\u00f6stet Allergene Enth\u00e4lt: Sesam N\u00e4hrwerte von: Saitaku Sesam schwarz ger\u00f6stet N\u00e4hrwerte \u00f8 \/ 100g Energie 2436 kJ 581 kcal Fette ca. 54 g Davon ges\u00e4ttigte Fetts\u00e4uren 8,0 g Kohlenhydrate ca. 6,0 g Davon Zucker 0 g Proteine 21 g [&#8230;]\n","protected":false},"featured_media":170831,"template":"","meta":{"_acf_changed":false,"_aipt_faq_data":""},"product_brand":[15551],"product_cat":[16184,14714,14541,14033,14472,14475],"product_tag":[],"class_list":{"0":"post-170828","1":"product","2":"type-product","3":"status-publish","4":"has-post-thumbnail","6":"product_brand-saitaku","7":"product_cat-orientalische-krauter","8":"product_cat-krauter-gewurze","9":"product_cat-nasse-sose","10":"product_cat-orientalisch","11":"product_cat-saucen-gewuerze","12":"product_cat-sosse","13":"pa_artikelnummer-1481-de","15":"first","16":"onbackorder","17":"taxable","18":"shipping-taxable","19":"purchasable","20":"product-type-simple"},"bundled_by":[],"bundle_stock_status":"onbackorder","bundle_stock_quantity":null,"bundle_virtual":false,"bundle_layout":"","bundle_add_to_cart_form_location":"","bundle_editable_in_cart":false,"bundle_sold_individually_context":"","bundle_item_grouping":"","bundle_min_size":"","bundle_max_size":"","bundle_price":[],"bundled_items":[],"bundle_sell_ids":[],"acf":{"content":"95 gr"},"_links":{"self":[{"href":"https:\/\/realdutchfood.com\/de\/wp-json\/wp\/v2\/product\/170828","targetHints":{"allow":["GET"]}}],"collection":[{"href":"https:\/\/realdutchfood.com\/de\/wp-json\/wp\/v2\/product"}],"about":[{"href":"https:\/\/realdutchfood.com\/de\/wp-json\/wp\/v2\/types\/product"}],"wp:featuredmedia":[{"embeddable":true,"href":"https:\/\/realdutchfood.com\/de\/wp-json\/wp\/v2\/media\/170831"}],"wp:attachment":[{"href":"https:\/\/realdutchfood.com\/de\/wp-json\/wp\/v2\/media?parent=170828"}],"wp:term":[{"taxonomy":"product_brand","embeddable":true,"href":"https:\/\/realdutchfood.com\/de\/wp-json\/wp\/v2\/product_brand?post=170828"},{"taxonomy":"product_cat","embeddable":true,"href":"https:\/\/realdutchfood.com\/de\/wp-json\/wp\/v2\/product_cat?post=170828"},{"taxonomy":"product_tag","embeddable":true,"href":"https:\/\/realdutchfood.com\/de\/wp-json\/wp\/v2\/product_tag?post=170828"}],"curies":[{"name":"wp","href":"https:\/\/api.w.org\/{rel}","templated":true}]}}