{"id":170928,"date":"2024-07-09T10:35:41","date_gmt":"2024-07-09T08:35:41","guid":{"rendered":"https:\/\/realdutchfood.com\/?post_type=product&#038;p=170928"},"modified":"2024-07-09T11:00:15","modified_gmt":"2024-07-09T09:00:15","slug":"leffe-blond-belgian-abbey-bierdosen","status":"publish","type":"product","link":"https:\/\/realdutchfood.com\/de\/leffe-blond-belgian-abbey-bierdosen\/","title":{"rendered":"Leffe Blond Belgian Abbey Bierdosen"},"content":{"rendered":"<div class=\"product-information\" data-v-6d4f1d38=\"\" data-v-f83e65de=\"\" data-v-97bb2ace=\"\">\n<div class=\"jum-collapsible open\" data-v-410e9d19=\"\" data-v-6d4f1d38=\"\">\n<div class=\"title-wrapper\" data-v-410e9d19=\"\">\n<h3 class=\"title\">Allergene<\/h3>\n<p><strong data-v-cfe264b1=\"\">Enth\u00e4lt: <\/strong><span data-v-cfe264b1=\"\">Gerste<\/span><\/p>\n<\/div>\n<div data-v-410e9d19=\"\">\n<div id=\"jum-collapsible-0\" class=\"content\" data-v-410e9d19=\"\"><\/div>\n<\/div>\n<\/div>\n<div class=\"jum-collapsible nutritions open\" data-v-410e9d19=\"\" data-v-038af5f8=\"\" data-v-6d4f1d38=\"\">\n<div class=\"title-wrapper\" data-v-410e9d19=\"\">\n<h3 class=\"title\">Produktinformation Leffe Blond Belgian Abbey Bierdosen<\/h3>\n<\/div>\n<\/div>\n<div class=\"jum-collapsible open\" data-v-410e9d19=\"\" data-v-6d4f1d38=\"\">\n<div data-v-410e9d19=\"\">\n<div id=\"jum-collapsible-2\" class=\"content\" data-v-410e9d19=\"\">\n<div class=\"mb\">\n<p class=\"block\"><a href=\"https:\/\/realdutchfood.com\/de\/biere\/\">Bier<\/a><\/p>\n<p class=\"block\">Alkoholgehalt: 6,6%<\/p>\n<\/div>\n<\/div>\n<\/div>\n<\/div>\n<div class=\"jum-collapsible open\" data-v-410e9d19=\"\" data-v-1fa7cae0=\"\" data-v-6d4f1d38=\"\">\n<div class=\"title-wrapper\" data-v-410e9d19=\"\"><\/div>\n<div data-v-410e9d19=\"\">\n<div id=\"jum-collapsible-3\" class=\"content\" data-v-410e9d19=\"\">\n<p><span style=\"font-size: 20.16px; color: #333333;\">Erg\u00e4nzungen<\/span><\/p>\n<\/div>\n<\/div>\n<\/div>\n<div class=\"jum-collapsible open\" data-v-410e9d19=\"\" data-v-6d4f1d38=\"\">\n<div data-v-410e9d19=\"\">\n<div id=\"jum-collapsible-4\" class=\"content\" data-v-410e9d19=\"\"><span style=\"color: #555555;\">Anerkanntes belgisches Abteibier<\/span><\/div>\n<div data-v-410e9d19=\"\"><\/div>\n<\/div>\n<\/div>\n<div class=\"jum-collapsible open\" data-v-410e9d19=\"\" data-v-6d4f1d38=\"\">\n<div class=\"title-wrapper\" data-v-410e9d19=\"\">\n<div class=\"title\" data-v-410e9d19=\"\"><span style=\"font-size: 20.16px; color: #333333;\">\u00dcber den Hersteller<\/span><\/div>\n<div data-v-410e9d19=\"\"><\/div>\n<div data-v-410e9d19=\"\">\n<p><strong data-testid=\"manufacturer-address\">Adresse<\/strong> Gebraut f\u00fcr Br. Abbaye de Leffe n.v.Place de I&#8217;Abbaye 12, B-5500 Dinant, Belgien.<\/p>\n<p><strong>Telefonnummer<\/strong>0800\/0230945<\/p>\n<\/div>\n<\/div>\n<div data-v-410e9d19=\"\">\n<div id=\"jum-collapsible-6\" class=\"content\" data-v-410e9d19=\"\">\n<p><strong>Herkunftsland<\/strong><\/p>\n<p>Belgien<\/p>\n<\/div>\n<\/div>\n<\/div>\n<\/div>\n","protected":false},"excerpt":{"rendered":"<p>Allergene Enth\u00e4lt: Gerste Produktinformation Leffe Blond Belgian Abbey Bierdosen Bier Alkoholgehalt: 6,6% Erg\u00e4nzungen Anerkanntes belgisches Abteibier \u00dcber den Hersteller Adresse Gebraut f\u00fcr Br. Abbaye de Leffe n.v.Place de I&#8217;Abbaye 12, B-5500 Dinant, Belgien. Telefonnummer0800\/0230945 Herkunftsland Belgien<\/p>\n","protected":false},"featured_media":170931,"template":"","meta":{"_acf_changed":false,"_aipt_faq_data":""},"product_brand":[16041],"product_cat":[14471,14468],"product_tag":[],"class_list":{"0":"post-170928","1":"product","2":"type-product","3":"status-publish","4":"has-post-thumbnail","6":"product_brand-leffe-de","7":"product_cat-biere","8":"product_cat-getraenke","9":"pa_artikelnummer-2061-de","11":"first","12":"onbackorder","13":"taxable","14":"shipping-taxable","15":"purchasable","16":"product-type-simple"},"bundled_by":[],"bundle_stock_status":"onbackorder","bundle_stock_quantity":null,"bundle_virtual":false,"bundle_layout":"","bundle_add_to_cart_form_location":"","bundle_editable_in_cart":false,"bundle_sold_individually_context":"","bundle_item_grouping":"","bundle_min_size":"","bundle_max_size":"","bundle_price":[],"bundled_items":[],"bundle_sell_ids":[],"acf":{"content":"6 x 33 cl"},"_links":{"self":[{"href":"https:\/\/realdutchfood.com\/de\/wp-json\/wp\/v2\/product\/170928","targetHints":{"allow":["GET"]}}],"collection":[{"href":"https:\/\/realdutchfood.com\/de\/wp-json\/wp\/v2\/product"}],"about":[{"href":"https:\/\/realdutchfood.com\/de\/wp-json\/wp\/v2\/types\/product"}],"wp:featuredmedia":[{"embeddable":true,"href":"https:\/\/realdutchfood.com\/de\/wp-json\/wp\/v2\/media\/170931"}],"wp:attachment":[{"href":"https:\/\/realdutchfood.com\/de\/wp-json\/wp\/v2\/media?parent=170928"}],"wp:term":[{"taxonomy":"product_brand","embeddable":true,"href":"https:\/\/realdutchfood.com\/de\/wp-json\/wp\/v2\/product_brand?post=170928"},{"taxonomy":"product_cat","embeddable":true,"href":"https:\/\/realdutchfood.com\/de\/wp-json\/wp\/v2\/product_cat?post=170928"},{"taxonomy":"product_tag","embeddable":true,"href":"https:\/\/realdutchfood.com\/de\/wp-json\/wp\/v2\/product_tag?post=170928"}],"curies":[{"name":"wp","href":"https:\/\/api.w.org\/{rel}","templated":true}]}}